{"id":2591,"date":"2017-09-06T15:23:47","date_gmt":"2017-09-06T12:23:47","guid":{"rendered":"https:\/\/wpdepo.com\/?page_id=2591\/"},"modified":"2018-09-03T20:46:57","modified_gmt":"2018-09-03T17:46:57","slug":"thrive-themes-tema-ve-eklentileri","status":"publish","type":"page","link":"https:\/\/wpdepo.com\/tr\/thrive-themes-tema-ve-eklentileri\/","title":{"rendered":"Thrive Themes Tema ve Eklentileri"},"content":{"rendered":"\n\t<section class=\"section\" id=\"section_554737494\">\n\t\t<div class=\"section-bg fill\" >\n\t\t\t\t\t\t\t\t\t\n\t\t\t\n\n\t\t<\/div>\n\n\t\t\n\n\t\t<div class=\"section-content relative\">\n\t\t\t\r\n\r\n<div class=\"row\"  id=\"row-2073690739\">\r\n\r\n\n\t<div id=\"col-272563114\" class=\"col small-12 large-12\"  >\n\t\t\t\t<div class=\"col-inner text-left\"  >\n\t\t\t\n\t\t\t\r\n\r\n<h2 style=\"text-align: center;\">Thrive Themes<\/h2>\r\n<p>Thrive Themes, internet pazarlamac\u0131lar\u0131na y\u00f6nelik tema ve eklenti geli\u015ftirmektedir. Sadece bir pazarlamac\u0131 de\u011filseniz bile, bu eklentiler sizin i\u00e7in kullan\u0131\u015fl\u0131 olabilir.<\/p>\r\n<p>Bu sayfada Thrive Themes taraf\u0131ndan geli\u015ftirilmi\u015f eklenti ve temalar\u0131 indirebilirsiniz. Temalar\u0131n demosuna ve eklentilerin fonksiyonlar\u0131na g\u00f6z atmak i\u00e7in ilgili linkleri t\u0131klayabilirsiniz.<\/p>\r\n\r\n\t\t<\/div>\n\t\t\t\t\t<\/div>\n\n\t\r\n\r\n<\/div>\r\n\r\n\t\t<\/div>\n\n\t\t\n<style>\n#section_554737494 {\n  padding-top: 0px;\n  padding-bottom: 0px;\n  background-color: rgb(245, 245, 245);\n}\n<\/style>\n\t<\/section>\n\t\r\n\n\t<section class=\"section\" id=\"section_1867239957\">\n\t\t<div class=\"section-bg fill\" >\n\t\t\t\t\t\t\t\t\t\n\t\t\t\n\n\t\t<\/div>\n\n\t\t\n\n\t\t<div class=\"section-content relative\">\n\t\t\t\r\n\r\n<div class=\"row\"  id=\"row-1881691238\">\r\n\r\n\n\t<div id=\"col-601440592\" class=\"col small-12 large-12\"  >\n\t\t\t\t<div class=\"col-inner text-left\"  >\n\t\t\t\n\t\t\t\r\n\r\n\n<table id=\"tablepress-32\" class=\"tablepress tablepress-id-32\">\n<thead>\n<tr class=\"row-1 odd\">\n\t<th class=\"column-1\">Tema Ad\u0131<\/th><th class=\"column-2\">Versiyon<\/th><th class=\"column-3\">\u0130ndir<\/th><th class=\"column-4\">G\u00fcncelleme<\/th><th class=\"column-5\">Bilgi<\/th>\n<\/tr>\n<\/thead>\n<tbody class=\"row-hover\">\n<tr class=\"row-2 even\">\n\t<td class=\"column-1\">Thrive Apprentice<\/td><td class=\"column-2\">10.8.9.1<\/td><td class=\"column-3\"><a class=\"download-link\" title=\"\u0130ndir &ldquo;Thrive Apprentice&rdquo;&nbsp;Versiyon 10.8.9.1\" href=\"https:\/\/wpdepo.com\/tr\/\/download\/4076\/\" rel=\"nofollow\">\n\t\u0130ndir<\/a><\/td><td class=\"column-4\">3 Nisan 2026<\/td><td class=\"column-5\"><a href=\"https:\/\/thrivethemes.com\/architect\/\" target=\"_blank\" rel=\"noopener noreferrer\">Eklenti Sayfas\u0131<\/a><\/td>\n<\/tr>\n<tr class=\"row-3 odd\">\n\t<td class=\"column-1\">Thrive Automator<\/td><td class=\"column-2\">10.6.1.1<\/td><td class=\"column-3\"><a class=\"download-link\" title=\"\u0130ndir &ldquo;Thrive Automator&rdquo;&nbsp;Versiyon 10.6.1.1\" href=\"https:\/\/wpdepo.com\/tr\/\/download\/61555\/\" rel=\"nofollow\">\n\t\u0130ndir<\/a><\/td><td class=\"column-4\">9 Nisan 2025<\/td><td class=\"column-5\"><a href=\"https:\/\/thrivethemes.com\/automator\/\" target=\"_blank\" rel=\"noopener noreferrer\">Eklenti Sayfas\u0131<\/a><\/td>\n<\/tr>\n<tr class=\"row-4 even\">\n\t<td class=\"column-1\">Thrive Clever Widgets<\/td><td class=\"column-2\">2.9.1<\/td><td class=\"column-3\"><a class=\"download-link\" title=\"\u0130ndir &ldquo;Thrive Clever Widgets&rdquo;&nbsp;Versiyon 2.9.1\" href=\"https:\/\/wpdepo.com\/tr\/\/download\/2463\/\" rel=\"nofollow\">\n\t\u0130ndir<\/a><\/td><td class=\"column-4\">25 \u015eubat 2022<\/td><td class=\"column-5\"><a href=\"https:\/\/thrivethemes.com\/cleverwidgets\/\" target=\"_blank\" rel=\"noopener noreferrer\">Eklenti Sayfas\u0131<\/a><\/td>\n<\/tr>\n<tr class=\"row-5 odd\">\n\t<td class=\"column-1\">Thrive Comments<\/td><td class=\"column-2\">10.8.9.1<\/td><td class=\"column-3\"><a class=\"download-link\" title=\"\u0130ndir &ldquo;Thrive Comments&rdquo;&nbsp;Versiyon 10.8.9.1\" href=\"https:\/\/wpdepo.com\/tr\/\/download\/4078\/\" rel=\"nofollow\">\n\t\u0130ndir<\/a><\/td><td class=\"column-4\">3 Nisan 2026<\/td><td class=\"column-5\"><a href=\"https:\/\/thrivethemes.com\/comments\/\" target=\"_blank\" rel=\"noopener noreferrer\">Eklenti Sayfas\u0131<\/a><\/td>\n<\/tr>\n<tr class=\"row-6 even\">\n\t<td class=\"column-1\">Thrive Headline Optimizer<\/td><td class=\"column-2\">2.3.1<\/td><td class=\"column-3\"><a class=\"download-link\" title=\"\u0130ndir &ldquo;Thrive Headline Optimizer&rdquo;&nbsp;Versiyon 2.3.1\" href=\"https:\/\/wpdepo.com\/tr\/\/download\/2593\/\" rel=\"nofollow\">\n\t\u0130ndir<\/a><\/td><td class=\"column-4\">25 \u015eubat 2022<\/td><td class=\"column-5\"><a href=\"https:\/\/thrivethemes.com\/headlineoptimizer\/\" target=\"_blank\" rel=\"noopener noreferrer\">Eklenti Sayfas\u0131<\/a><\/td>\n<\/tr>\n<tr class=\"row-7 odd\">\n\t<td class=\"column-1\">Thrive Leads<\/td><td class=\"column-2\">10.8.9.1<\/td><td class=\"column-3\"><a class=\"download-link\" title=\"\u0130ndir &ldquo;Thrive Leads&rdquo;&nbsp;Versiyon 10.8.9.1\" href=\"https:\/\/wpdepo.com\/tr\/\/download\/2595\/\" rel=\"nofollow\">\n\t\u0130ndir<\/a><\/td><td class=\"column-4\">3 Nisan 2026<\/td><td class=\"column-5\"><a href=\"https:\/\/thrivethemes.com\/leads\/\" target=\"_blank\" rel=\"noopener noreferrer\">Eklenti Sayfas\u0131<\/a><\/td>\n<\/tr>\n<tr class=\"row-8 even\">\n\t<td class=\"column-1\">Thrive Optimize<\/td><td class=\"column-2\">10.8.9.1<\/td><td class=\"column-3\"><a class=\"download-link\" title=\"\u0130ndir &ldquo;Thrive Optimize&rdquo;&nbsp;Versiyon 10.8.9.1\" href=\"https:\/\/wpdepo.com\/tr\/\/download\/6807\/\" rel=\"nofollow\">\n\t\u0130ndir<\/a><\/td><td class=\"column-4\">3 Nisan 2026<\/td><td class=\"column-5\"><a href=\"https:\/\/thrivethemes.com\/optimize\/\" target=\"_blank\" rel=\"noopener noreferrer\">Eklenti Sayfas\u0131<\/a><\/td>\n<\/tr>\n<tr class=\"row-9 odd\">\n\t<td class=\"column-1\">Thrive Ovation<\/td><td class=\"column-2\">10.8.9.1<\/td><td class=\"column-3\"><a class=\"download-link\" title=\"\u0130ndir &ldquo;Thrive Ovation&rdquo;&nbsp;Versiyon 10.8.9.1\" href=\"https:\/\/wpdepo.com\/tr\/\/download\/2597\/\" rel=\"nofollow\">\n\t\u0130ndir<\/a><\/td><td class=\"column-4\">3 Nisan 2026<\/td><td class=\"column-5\"><a href=\"https:\/\/thrivethemes.com\/ovation\/\" target=\"_blank\" rel=\"noopener noreferrer\">Eklenti Sayfas\u0131<\/a><\/td>\n<\/tr>\n<tr class=\"row-10 even\">\n\t<td class=\"column-1\">Thrive Quiz Builder<\/td><td class=\"column-2\">10.8.9.1<\/td><td class=\"column-3\"><a class=\"download-link\" title=\"\u0130ndir &ldquo;Thrive Quiz Builder&rdquo;&nbsp;Versiyon 10.8.9.1\" href=\"https:\/\/wpdepo.com\/tr\/\/download\/2599\/\" rel=\"nofollow\">\n\t\u0130ndir<\/a><\/td><td class=\"column-4\">3 Nisan 2026<\/td><td class=\"column-5\"><a href=\"https:\/\/thrivethemes.com\/quizbuilder\/\" target=\"_blank\" rel=\"noopener noreferrer\">Eklenti Sayfas\u0131<\/a><\/td>\n<\/tr>\n<tr class=\"row-11 odd\">\n\t<td class=\"column-1\">Thrive Ultimatum<\/td><td class=\"column-2\">10.8.9.1<\/td><td class=\"column-3\"><a class=\"download-link\" title=\"\u0130ndir &ldquo;Thrive Ultimatum&rdquo;&nbsp;Versiyon 10.8.9.1\" href=\"https:\/\/wpdepo.com\/tr\/\/download\/2601\/\" rel=\"nofollow\">\n\t\u0130ndir<\/a><\/td><td class=\"column-4\">3 Nisan 2026<\/td><td class=\"column-5\"><a href=\"https:\/\/thrivethemes.com\/ultimatum\/\" target=\"_blank\" rel=\"noopener noreferrer\">Eklenti Sayfas\u0131<\/a><\/td>\n<\/tr>\n<tr class=\"row-12 even\">\n\t<td class=\"column-1\">Thrive Theme Builder<\/td><td class=\"column-2\">10.8.9.1<\/td><td class=\"column-3\"><a class=\"download-link\" title=\"\u0130ndir &ldquo;Thrive Theme Builder&rdquo;&nbsp;Versiyon 10.8.9.1\" href=\"https:\/\/wpdepo.com\/tr\/\/download\/15229\/\" rel=\"nofollow\">\n\t\u0130ndir<\/a><\/td><td class=\"column-4\">3 Nisan 2026<\/td><td class=\"column-5\"><a href=\"https:\/\/thrivethemes.com\/themes\/\" target=\"_blank\" rel=\"noopener noreferrer\">Tema Sayfas\u0131<\/a><\/td>\n<\/tr>\n<tr class=\"row-13 odd\">\n\t<td class=\"column-1\">Thrive Themes Focusblog WordPress Theme<\/td><td class=\"column-2\">2.13<\/td><td class=\"column-3\"><a class=\"download-link\" title=\"\u0130ndir &ldquo;Thrive Themes Focusblog WordPress Theme&rdquo;&nbsp;Versiyon 2.13\" href=\"https:\/\/wpdepo.com\/tr\/\/download\/3639\/\" rel=\"nofollow\">\n\t\u0130ndir<\/a><\/td><td class=\"column-4\">19 Kas\u0131m 2025<\/td><td class=\"column-5\"><a href=\"https:\/\/thrivethemes.com\/themes\/focusblog\/\" target=\"_blank\" rel=\"noopener noreferrer\">Tema Sayfas\u0131<\/a><\/td>\n<\/tr>\n<tr class=\"row-14 even\">\n\t<td class=\"column-1\">Thrive Themes Ignition WordPress Theme<\/td><td class=\"column-2\">2.13<\/td><td class=\"column-3\"><a class=\"download-link\" title=\"\u0130ndir &ldquo;Thrive Themes Ignition WordPress Theme&rdquo;&nbsp;Versiyon 2.13\" href=\"https:\/\/wpdepo.com\/tr\/\/download\/3641\/\" rel=\"nofollow\">\n\t\u0130ndir<\/a><\/td><td class=\"column-4\">19 Kas\u0131m 2025<\/td><td class=\"column-5\"><a href=\"https:\/\/thrivethemes.com\/themes\/ignition\/\" target=\"_blank\" rel=\"noopener noreferrer\">Tema Sayfas\u0131<\/a><\/td>\n<\/tr>\n<tr class=\"row-15 odd\">\n\t<td class=\"column-1\">Thrive Themes Luxe WordPress Theme<\/td><td class=\"column-2\">2.13<\/td><td class=\"column-3\"><a class=\"download-link\" title=\"\u0130ndir &ldquo;Thrive Themes Luxe WordPress Theme&rdquo;&nbsp;Versiyon 2.13\" href=\"https:\/\/wpdepo.com\/tr\/\/download\/3643\/\" rel=\"nofollow\">\n\t\u0130ndir<\/a><\/td><td class=\"column-4\">19 Kas\u0131m 2025<\/td><td class=\"column-5\"><a href=\"https:\/\/thrivethemes.com\/themes\/luxe\/\" target=\"_blank\" rel=\"noopener noreferrer\">Tema Sayfas\u0131<\/a><\/td>\n<\/tr>\n<tr class=\"row-16 even\">\n\t<td class=\"column-1\">Thrive Themes Minus WordPress Theme<\/td><td class=\"column-2\">2.13<\/td><td class=\"column-3\"><a class=\"download-link\" title=\"\u0130ndir &ldquo;Thrive Themes Minus WordPress Theme&rdquo;&nbsp;Versiyon 2.13\" href=\"https:\/\/wpdepo.com\/tr\/\/download\/3645\/\" rel=\"nofollow\">\n\t\u0130ndir<\/a><\/td><td class=\"column-4\">19 Kas\u0131m 2025<\/td><td class=\"column-5\"><a href=\"https:\/\/thrivethemes.com\/themes\/minus\/\" target=\"_blank\" rel=\"noopener noreferrer\">Tema Sayfas\u0131<\/a><\/td>\n<\/tr>\n<tr class=\"row-17 odd\">\n\t<td class=\"column-1\">Thrive Themes Performag WordPress Theme<\/td><td class=\"column-2\">2.13<\/td><td class=\"column-3\"><a class=\"download-link\" title=\"\u0130ndir &ldquo;Thrive Themes Performag WordPress Theme&rdquo;&nbsp;Versiyon 2.13\" href=\"https:\/\/wpdepo.com\/tr\/\/download\/3647\/\" rel=\"nofollow\">\n\t\u0130ndir<\/a><\/td><td class=\"column-4\">19 Kas\u0131m 2025<\/td><td class=\"column-5\"><a href=\"https:\/\/thrivethemes.com\/themes\/performag\/\" target=\"_blank\" rel=\"noopener noreferrer\">Tema Sayfas\u0131<\/a><\/td>\n<\/tr>\n<tr class=\"row-18 even\">\n\t<td class=\"column-1\">Thrive Themes Pressive WordPress Theme<\/td><td class=\"column-2\">2.13<\/td><td class=\"column-3\"><a class=\"download-link\" title=\"\u0130ndir &ldquo;Thrive Themes Pressive WordPress Theme&rdquo;&nbsp;Versiyon 2.13\" href=\"https:\/\/wpdepo.com\/tr\/\/download\/3649\/\" rel=\"nofollow\">\n\t\u0130ndir<\/a><\/td><td class=\"column-4\">19 Kas\u0131m 2025<\/td><td class=\"column-5\"><a href=\"https:\/\/thrivethemes.com\/themes\/pressive\/\" target=\"_blank\" rel=\"noopener noreferrer\">Tema Sayfas\u0131<\/a><\/td>\n<\/tr>\n<tr class=\"row-19 odd\">\n\t<td class=\"column-1\">Thrive Themes Rise WordPress Theme<\/td><td class=\"column-2\">2.13<\/td><td class=\"column-3\"><a class=\"download-link\" title=\"\u0130ndir &ldquo;Thrive Themes Rise WordPress Theme&rdquo;&nbsp;Versiyon 2.13\" href=\"https:\/\/wpdepo.com\/tr\/\/download\/3651\/\" rel=\"nofollow\">\n\t\u0130ndir<\/a><\/td><td class=\"column-4\">19 Kas\u0131m 2025<\/td><td class=\"column-5\"><a href=\"https:\/\/thrivethemes.com\/themes\/rise\/\" target=\"_blank\" rel=\"noopener noreferrer\">Tema Sayfas\u0131<\/a><\/td>\n<\/tr>\n<tr class=\"row-20 even\">\n\t<td class=\"column-1\">Thrive Themes Squared WordPress Theme<\/td><td class=\"column-2\">2.13<\/td><td class=\"column-3\"><a class=\"download-link\" title=\"\u0130ndir &ldquo;Thrive Themes Squared WordPress Theme&rdquo;&nbsp;Versiyon 2.13\" href=\"https:\/\/wpdepo.com\/tr\/\/download\/3653\/\" rel=\"nofollow\">\n\t\u0130ndir<\/a><\/td><td class=\"column-4\">19 Kas\u0131m 2025<\/td><td class=\"column-5\"><a href=\"https:\/\/thrivethemes.com\/themes\/squared\/\" target=\"_blank\" rel=\"noopener noreferrer\">Tema Sayfas\u0131<\/a><\/td>\n<\/tr>\n<tr class=\"row-21 odd\">\n\t<td class=\"column-1\">Thrive Themes Storied WordPress Theme<\/td><td class=\"column-2\">2.13<\/td><td class=\"column-3\"><a class=\"download-link\" title=\"\u0130ndir &ldquo;Thrive Themes Storied WordPress Theme&rdquo;&nbsp;Versiyon 2.13\" href=\"https:\/\/wpdepo.com\/tr\/\/download\/3655\/\" rel=\"nofollow\">\n\t\u0130ndir<\/a><\/td><td class=\"column-4\">19 Kas\u0131m 2025<\/td><td class=\"column-5\"><a href=\"https:\/\/thrivethemes.com\/themes\/storied\/\" target=\"_blank\" rel=\"noopener noreferrer\">Tema Sayfas\u0131<\/a><\/td>\n<\/tr>\n<tr class=\"row-22 even\">\n\t<td class=\"column-1\">Thrive Themes Voice WordPress Theme<\/td><td class=\"column-2\">2.13<\/td><td class=\"column-3\"><a class=\"download-link\" title=\"\u0130ndir &ldquo;Thrive Themes Voice WordPress Theme&rdquo;&nbsp;Versiyon 2.13\" href=\"https:\/\/wpdepo.com\/tr\/\/download\/3657\/\" rel=\"nofollow\">\n\t\u0130ndir<\/a><\/td><td class=\"column-4\">19 Kas\u0131m 2025<\/td><td class=\"column-5\"><a href=\"https:\/\/thrivethemes.com\/themes\/voice\/\" target=\"_blank\" rel=\"noopener noreferrer\">Tema Sayfas\u0131<\/a><\/td>\n<\/tr>\n<\/tbody>\n<\/table>\n\r\n\r\n\t\t<\/div>\n\t\t\t\t\t<\/div>\n\n\t\r\n\r\n<\/div>\r\n\r\n\t\t<\/div>\n\n\t\t\n<style>\n#section_1867239957 {\n  padding-top: 30px;\n  padding-bottom: 30px;\n}\n<\/style>\n\t<\/section>\n\t","protected":false},"excerpt":{"rendered":"","protected":false},"author":1,"featured_media":0,"parent":0,"menu_order":0,"comment_status":"closed","ping_status":"closed","template":"page-blank.php","meta":{"footnotes":""},"class_list":["post-2591","page","type-page","status-publish","hentry"],"_links":{"self":[{"href":"https:\/\/wpdepo.com\/tr\/wp-json\/wp\/v2\/pages\/2591","targetHints":{"allow":["GET"]}}],"collection":[{"href":"https:\/\/wpdepo.com\/tr\/wp-json\/wp\/v2\/pages"}],"about":[{"href":"https:\/\/wpdepo.com\/tr\/wp-json\/wp\/v2\/types\/page"}],"author":[{"embeddable":true,"href":"https:\/\/wpdepo.com\/tr\/wp-json\/wp\/v2\/users\/1"}],"replies":[{"embeddable":true,"href":"https:\/\/wpdepo.com\/tr\/wp-json\/wp\/v2\/comments?post=2591"}],"version-history":[{"count":0,"href":"https:\/\/wpdepo.com\/tr\/wp-json\/wp\/v2\/pages\/2591\/revisions"}],"wp:attachment":[{"href":"https:\/\/wpdepo.com\/tr\/wp-json\/wp\/v2\/media?parent=2591"}],"curies":[{"name":"wp","href":"https:\/\/api.w.org\/{rel}","templated":true}]}}