{"id":25732,"date":"2019-06-02T19:55:05","date_gmt":"2019-06-02T19:55:05","guid":{"rendered":"https:\/\/wpdepo.com\/?page_id=25732"},"modified":"2019-06-02T19:55:05","modified_gmt":"2019-06-02T19:55:05","slug":"meta-box-eklentileri","status":"publish","type":"page","link":"https:\/\/wpdepo.com\/tr\/meta-box-eklentileri\/","title":{"rendered":"Meta Box Eklentileri"},"content":{"rendered":"\n\t<section class=\"section\" id=\"section_1276151415\">\n\t\t<div class=\"section-bg fill\" >\n\t\t\t\t\t\t\t\t\t\n\t\t\t\n\n\t\t<\/div>\n\n\t\t\n\n\t\t<div class=\"section-content relative\">\n\t\t\t\r\n\r\n<div class=\"row\"  id=\"row-1786658705\">\r\n\r\n\n\t<div id=\"col-1820420552\" class=\"col small-12 large-12\"  >\n\t\t\t\t<div class=\"col-inner text-left\"  >\n\t\t\t\n\t\t\t\r\n\r\n<h2 style=\"text-align: center;\">Meta Box<\/h2>\r\n<p>Meta Box, WordPress sitenize metin, g\u00f6rsel, dosya y\u00fckleme, onay kutular\u0131 gibi 40&#8217;\u0131n \u00fczerinde farkl\u0131 alan t\u00fcr\u00fc kullanarak istedi\u011finiz herhangi bir yere \u00f6zel alan eklemenize yard\u0131mc\u0131 olur.<\/p>\r\n<p>Meta Box eklentisi \u00fccretsizdir. Meta eklentisinin \u00f6zelliklerini geni\u015fletmek i\u00e7in premium eklentileri depomuzdan indirebilirsiniz. Meta Box eklentisi ve \u00fccretsiz uzant\u0131lar\u0131n\u0131 ise <a href=\"https:\/\/metabox.io\/pricing\/\" rel=\"noopener noreferrer\" target=\"_blank\">\u00fcreticinin sayfas\u0131ndan<\/a> indirebilirsiniz.<\/p>\r\n\r\n\t\t<\/div>\n\t\t\t\t\t<\/div>\n\n\t\r\n\r\n<\/div>\r\n\r\n\t\t<\/div>\n\n\t\t\n<style>\n#section_1276151415 {\n  padding-top: 0px;\n  padding-bottom: 0px;\n  background-color: rgb(245, 245, 245);\n}\n<\/style>\n\t<\/section>\n\t\r\n\n\t<section class=\"section\" id=\"section_1562875889\">\n\t\t<div class=\"section-bg fill\" >\n\t\t\t\t\t\t\t\t\t\n\t\t\t\n\n\t\t<\/div>\n\n\t\t\n\n\t\t<div class=\"section-content relative\">\n\t\t\t\r\n\r\n<div class=\"row\"  id=\"row-299058152\">\r\n\r\n\n\t<div id=\"col-2136294556\" class=\"col small-12 large-12\"  >\n\t\t\t\t<div class=\"col-inner text-left\"  >\n\t\t\t\n\t\t\t\r\n\r\n\n<table id=\"tablepress-85\" class=\"tablepress tablepress-id-85\">\n<thead>\n<tr class=\"row-1 odd\">\n\t<th class=\"column-1\">Eklenti Ad\u0131<\/th><th class=\"column-2\">Versiyon<\/th><th class=\"column-3\">\u0130ndir<\/th><th class=\"column-4\">G\u00fcncelleme<\/th><th class=\"column-5\">Bilgi<\/th>\n<\/tr>\n<\/thead>\n<tbody class=\"row-hover\">\n<tr class=\"row-2 even\">\n\t<td class=\"column-1\">Meta Box All-In-One Plugin<\/td><td class=\"column-2\">3.5.1<\/td><td class=\"column-3\"><a class=\"download-link\" title=\"\u0130ndir &ldquo;Meta Box All-In-One Plugin&rdquo;&nbsp;Versiyon 3.5.1\" href=\"https:\/\/wpdepo.com\/tr\/\/download\/72087\/\" rel=\"nofollow\">\n\t\u0130ndir<\/a><\/td><td class=\"column-4\">9 Mart 2026<\/td><td class=\"column-5\"><a href=\"https:\/\/metabox.io\/\" target=\"_blank\" rel=\"noopener noreferrer\">Eklenti Sayfas\u0131<\/a><\/td>\n<\/tr>\n<tr class=\"row-3 odd\">\n\t<td class=\"column-1\">Meta Box Admin Columns<\/td><td class=\"column-2\">1.8.0<\/td><td class=\"column-3\"><a class=\"download-link\" title=\"\u0130ndir &ldquo;Meta Box Admin Columns&rdquo;&nbsp;Versiyon 1.8.0\" href=\"https:\/\/wpdepo.com\/tr\/\/download\/25694\/\" rel=\"nofollow\">\n\t\u0130ndir<\/a><\/td><td class=\"column-4\">15 Kas\u0131m 2025<\/td><td class=\"column-5\"><a href=\"https:\/\/metabox.io\/plugins\/mb-admin-columns\/\" target=\"_blank\" rel=\"noopener noreferrer\">Eklenti Sayfas\u0131<\/a><\/td>\n<\/tr>\n<tr class=\"row-4 even\">\n\t<td class=\"column-1\">Meta Box Blocks<\/td><td class=\"column-2\">1.7.6<\/td><td class=\"column-3\"><a class=\"download-link\" title=\"\u0130ndir &ldquo;Meta Box Blocks&rdquo;&nbsp;Versiyon 1.7.6\" href=\"https:\/\/wpdepo.com\/tr\/\/download\/32518\/\" rel=\"nofollow\">\n\t\u0130ndir<\/a><\/td><td class=\"column-4\">22 Temmuz 2025<\/td><td class=\"column-5\"><a href=\"https:\/\/metabox.io\/plugins\/mb-blocks\/\" target=\"_blank\" rel=\"noopener noreferrer\">Eklenti Sayfas\u0131<\/a><\/td>\n<\/tr>\n<tr class=\"row-5 odd\">\n\t<td class=\"column-1\">Meta Box Builder<\/td><td class=\"column-2\">5.2.1<\/td><td class=\"column-3\"><a class=\"download-link\" title=\"\u0130ndir &ldquo;Meta Box Builder&rdquo;&nbsp;Versiyon 5.2.1\" href=\"https:\/\/wpdepo.com\/tr\/\/download\/25697\/\" rel=\"nofollow\">\n\t\u0130ndir<\/a><\/td><td class=\"column-4\">11 \u015eubat 2026<\/td><td class=\"column-5\"><a href=\"https:\/\/metabox.io\/plugins\/meta-box-builder\/\" target=\"_blank\" rel=\"noopener noreferrer\">Eklenti Sayfas\u0131<\/a><\/td>\n<\/tr>\n<tr class=\"row-6 even\">\n\t<td class=\"column-1\">Meta Box Columns<\/td><td class=\"column-2\">1.2.15<\/td><td class=\"column-3\"><a class=\"download-link\" title=\"\u0130ndir &ldquo;Meta Box Columns&rdquo;&nbsp;Versiyon 1.2.15\" href=\"https:\/\/wpdepo.com\/tr\/\/download\/25699\/\" rel=\"nofollow\">\n\t\u0130ndir<\/a><\/td><td class=\"column-4\">1 Temmuz 2022<\/td><td class=\"column-5\"><a href=\"https:\/\/metabox.io\/plugins\/meta-box-columns\/\" target=\"_blank\" rel=\"noopener noreferrer\">Eklenti Sayfas\u0131<\/a><\/td>\n<\/tr>\n<tr class=\"row-7 odd\">\n\t<td class=\"column-1\">Meta Box Conditional Logic<\/td><td class=\"column-2\">1.6.28<\/td><td class=\"column-3\"><a class=\"download-link\" title=\"\u0130ndir &ldquo;Meta Box Conditional Logic&rdquo;&nbsp;Versiyon 1.6.28\" href=\"https:\/\/wpdepo.com\/tr\/\/download\/25701\/\" rel=\"nofollow\">\n\t\u0130ndir<\/a><\/td><td class=\"column-4\">22 Temmuz 2025<\/td><td class=\"column-5\"><a href=\"https:\/\/metabox.io\/plugins\/meta-box-conditional-logic\/\" target=\"_blank\" rel=\"noopener noreferrer\">Eklenti Sayfas\u0131<\/a><\/td>\n<\/tr>\n<tr class=\"row-8 even\">\n\t<td class=\"column-1\">Meta Box Custom Table<\/td><td class=\"column-2\">2.3.0<\/td><td class=\"column-3\"><a class=\"download-link\" title=\"\u0130ndir &ldquo;Meta Box Custom Table&rdquo;&nbsp;Versiyon 2.3.0\" href=\"https:\/\/wpdepo.com\/tr\/\/download\/25703\/\" rel=\"nofollow\">\n\t\u0130ndir<\/a><\/td><td class=\"column-4\">22 Kas\u0131m 2025<\/td><td class=\"column-5\"><a href=\"https:\/\/metabox.io\/plugins\/mb-custom-table\/\" target=\"_blank\" rel=\"noopener noreferrer\">Eklenti Sayfas\u0131<\/a><\/td>\n<\/tr>\n<tr class=\"row-9 odd\">\n\t<td class=\"column-1\">Meta Box Favorite Posts<\/td><td class=\"column-2\">2.0.9<\/td><td class=\"column-3\"><a class=\"download-link\" title=\"\u0130ndir &ldquo;Meta Box Favorite Posts&rdquo;&nbsp;Versiyon 2.0.9\" href=\"https:\/\/wpdepo.com\/tr\/\/download\/56295\/\" rel=\"nofollow\">\n\t\u0130ndir<\/a><\/td><td class=\"column-4\">3 Haziran 2025<\/td><td class=\"column-5\"><a href=\"https:\/\/metabox.io\/plugins\/mb-favorite-posts\/\" target=\"_blank\" rel=\"noopener noreferrer\">Eklenti Sayfas\u0131<\/a><\/td>\n<\/tr>\n<tr class=\"row-10 even\">\n\t<td class=\"column-1\">Meta Box Frontend Submission<\/td><td class=\"column-2\">4.5.4<\/td><td class=\"column-3\"><a class=\"download-link\" title=\"\u0130ndir &ldquo;Meta Box Frontend Submission&rdquo;&nbsp;Versiyon 4.5.4\" href=\"https:\/\/wpdepo.com\/tr\/\/download\/25705\/\" rel=\"nofollow\">\n\t\u0130ndir<\/a><\/td><td class=\"column-4\">6 Ekim 2025<\/td><td class=\"column-5\"><a href=\"https:\/\/metabox.io\/plugins\/mb-frontend-submission\/\" target=\"_blank\" rel=\"noopener noreferrer\">Eklenti Sayfas\u0131<\/a><\/td>\n<\/tr>\n<tr class=\"row-11 odd\">\n\t<td class=\"column-1\">Meta Box Geolocation<\/td><td class=\"column-2\">1.3.5<\/td><td class=\"column-3\"><a class=\"download-link\" title=\"\u0130ndir &ldquo;Meta Box Geolocation&rdquo;&nbsp;Versiyon 1.3.5\" href=\"https:\/\/wpdepo.com\/tr\/\/download\/25707\/\" rel=\"nofollow\">\n\t\u0130ndir<\/a><\/td><td class=\"column-4\">27 Haziran 2023<\/td><td class=\"column-5\"><a href=\"https:\/\/metabox.io\/plugins\/meta-box-geolocation\/\" target=\"_blank\" rel=\"noopener noreferrer\">Eklenti Sayfas\u0131<\/a><\/td>\n<\/tr>\n<tr class=\"row-12 even\">\n\t<td class=\"column-1\">Meta Box Group<\/td><td class=\"column-2\">1.4.6<\/td><td class=\"column-3\"><a class=\"download-link\" title=\"\u0130ndir &ldquo;Meta Box Group&rdquo;&nbsp;Versiyon 1.4.6\" href=\"https:\/\/wpdepo.com\/tr\/\/download\/25709\/\" rel=\"nofollow\">\n\t\u0130ndir<\/a><\/td><td class=\"column-4\">17 Temmuz 2025<\/td><td class=\"column-5\"><a href=\"https:\/\/metabox.io\/plugins\/meta-box-group\/\" target=\"_blank\" rel=\"noopener noreferrer\">Eklenti Sayfas\u0131<\/a><\/td>\n<\/tr>\n<tr class=\"row-13 odd\">\n\t<td class=\"column-1\">Meta Box Include Exclude<\/td><td class=\"column-2\">1.1.2<\/td><td class=\"column-3\"><a class=\"download-link\" title=\"\u0130ndir &ldquo;Meta Box Include Exclude&rdquo;&nbsp;Versiyon 1.1.2\" href=\"https:\/\/wpdepo.com\/tr\/\/download\/25711\/\" rel=\"nofollow\">\n\t\u0130ndir<\/a><\/td><td class=\"column-4\">17 Temmuz 2025<\/td><td class=\"column-5\"><a href=\"https:\/\/metabox.io\/plugins\/meta-box-include-exclude\/\" target=\"_blank\" rel=\"noopener noreferrer\">Eklenti Sayfas\u0131<\/a><\/td>\n<\/tr>\n<tr class=\"row-14 even\">\n\t<td class=\"column-1\">Meta Box Revision<\/td><td class=\"column-2\">1.3.10<\/td><td class=\"column-3\"><a class=\"download-link\" title=\"\u0130ndir &ldquo;Meta Box Revision&rdquo;&nbsp;Versiyon 1.3.10\" href=\"https:\/\/wpdepo.com\/tr\/\/download\/25713\/\" rel=\"nofollow\">\n\t\u0130ndir<\/a><\/td><td class=\"column-4\">26 Kas\u0131m 2025<\/td><td class=\"column-5\"><a href=\"https:\/\/metabox.io\/plugins\/mb-revision\/\" target=\"_blank\" rel=\"noopener noreferrer\">Eklenti Sayfas\u0131<\/a><\/td>\n<\/tr>\n<tr class=\"row-15 odd\">\n\t<td class=\"column-1\">Meta Box Settings Page<\/td><td class=\"column-2\">2.2.1<\/td><td class=\"column-3\"><a class=\"download-link\" title=\"\u0130ndir &ldquo;Meta Box Settings Page&rdquo;&nbsp;Versiyon 2.2.1\" href=\"https:\/\/wpdepo.com\/tr\/\/download\/25715\/\" rel=\"nofollow\">\n\t\u0130ndir<\/a><\/td><td class=\"column-4\">21 Kas\u0131m 2025<\/td><td class=\"column-5\"><a href=\"https:\/\/metabox.io\/plugins\/mb-settings-page\/\" target=\"_blank\" rel=\"noopener noreferrer\">Eklenti Sayfas\u0131<\/a><\/td>\n<\/tr>\n<tr class=\"row-16 even\">\n\t<td class=\"column-1\">Meta Box Show Hide<\/td><td class=\"column-2\">1.3.0<\/td><td class=\"column-3\"><a class=\"download-link\" title=\"\u0130ndir &ldquo;Meta Box Show Hide&rdquo;&nbsp;Versiyon 1.3.0\" href=\"https:\/\/wpdepo.com\/tr\/\/download\/25717\/\" rel=\"nofollow\">\n\t\u0130ndir<\/a><\/td><td class=\"column-4\">1 Mart 2019<\/td><td class=\"column-5\"><a href=\"https:\/\/metabox.io\/plugins\/meta-box-show-hide\/\" target=\"_blank\" rel=\"noopener noreferrer\">Eklenti Sayfas\u0131<\/a><\/td>\n<\/tr>\n<tr class=\"row-17 odd\">\n\t<td class=\"column-1\">Meta Box Tabs<\/td><td class=\"column-2\">1.2.1<\/td><td class=\"column-3\"><a class=\"download-link\" title=\"\u0130ndir &ldquo;Meta Box Tabs&rdquo;&nbsp;Versiyon 1.2.1\" href=\"https:\/\/wpdepo.com\/tr\/\/download\/25719\/\" rel=\"nofollow\">\n\t\u0130ndir<\/a><\/td><td class=\"column-4\">6 Ekim 2025<\/td><td class=\"column-5\"><a href=\"https:\/\/metabox.io\/plugins\/meta-box-tabs\/\" target=\"_blank\" rel=\"noopener noreferrer\">Eklenti Sayfas\u0131<\/a><\/td>\n<\/tr>\n<tr class=\"row-18 even\">\n\t<td class=\"column-1\">Meta Box Template<\/td><td class=\"column-2\">1.2.3<\/td><td class=\"column-3\"><a class=\"download-link\" title=\"\u0130ndir &ldquo;Meta Box Template&rdquo;&nbsp;Versiyon 1.2.3\" href=\"https:\/\/wpdepo.com\/tr\/\/download\/25721\/\" rel=\"nofollow\">\n\t\u0130ndir<\/a><\/td><td class=\"column-4\">23 Mart 2023<\/td><td class=\"column-5\"><a href=\"https:\/\/metabox.io\/plugins\/meta-box-template\/\" target=\"_blank\" rel=\"noopener noreferrer\">Eklenti Sayfas\u0131<\/a><\/td>\n<\/tr>\n<tr class=\"row-19 odd\">\n\t<td class=\"column-1\">Meta Box Term Meta<\/td><td class=\"column-2\">1.2.10<\/td><td class=\"column-3\"><a class=\"download-link\" title=\"\u0130ndir &ldquo;Meta Box Term Meta&rdquo;&nbsp;Versiyon 1.2.10\" href=\"https:\/\/wpdepo.com\/tr\/\/download\/25723\/\" rel=\"nofollow\">\n\t\u0130ndir<\/a><\/td><td class=\"column-4\">29 Kas\u0131m 2020<\/td><td class=\"column-5\"><a href=\"https:\/\/metabox.io\/plugins\/mb-term-meta\/\" target=\"_blank\" rel=\"noopener noreferrer\">Eklenti Sayfas\u0131<\/a><\/td>\n<\/tr>\n<tr class=\"row-20 even\">\n\t<td class=\"column-1\">Meta Box Testimonials<\/td><td class=\"column-2\">1.1.0<\/td><td class=\"column-3\"><a class=\"download-link\" title=\"\u0130ndir &ldquo;Meta Box Testimonials&rdquo;&nbsp;Versiyon 1.1.0\" href=\"https:\/\/wpdepo.com\/tr\/\/download\/56297\/\" rel=\"nofollow\">\n\t\u0130ndir<\/a><\/td><td class=\"column-4\">12 May\u0131s 2021<\/td><td class=\"column-5\"><a href=\"https:\/\/metabox.io\/plugins\/mb-testimonials\/\" target=\"_blank\" rel=\"noopener noreferrer\">Eklenti Sayfas\u0131<\/a><\/td>\n<\/tr>\n<tr class=\"row-21 odd\">\n\t<td class=\"column-1\">Meta Box Tooltip<\/td><td class=\"column-2\">1.1.9<\/td><td class=\"column-3\"><a class=\"download-link\" title=\"\u0130ndir &ldquo;Meta Box Tooltip&rdquo;&nbsp;Versiyon 1.1.9\" href=\"https:\/\/wpdepo.com\/tr\/\/download\/25725\/\" rel=\"nofollow\">\n\t\u0130ndir<\/a><\/td><td class=\"column-4\">5 \u015eubat 2025<\/td><td class=\"column-5\"><a href=\"https:\/\/metabox.io\/plugins\/meta-box-tooltip\/\" target=\"_blank\" rel=\"noopener noreferrer\">Eklenti Sayfas\u0131<\/a><\/td>\n<\/tr>\n<tr class=\"row-22 even\">\n\t<td class=\"column-1\">Meta Box User Avatar<\/td><td class=\"column-2\">1.0.1<\/td><td class=\"column-3\"><a class=\"download-link\" title=\"\u0130ndir &ldquo;Meta Box User Avatar&rdquo;&nbsp;Versiyon 1.0.1\" href=\"https:\/\/wpdepo.com\/tr\/\/download\/56299\/\" rel=\"nofollow\">\n\t\u0130ndir<\/a><\/td><td class=\"column-4\">24 May\u0131s 2022<\/td><td class=\"column-5\"><a href=\"https:\/\/metabox.io\/plugins\/mb-user-avatar\/\" target=\"_blank\" rel=\"noopener noreferrer\">Eklenti Sayfas\u0131<\/a><\/td>\n<\/tr>\n<tr class=\"row-23 odd\">\n\t<td class=\"column-1\">Meta Box User Meta<\/td><td class=\"column-2\">1.2.9<\/td><td class=\"column-3\"><a class=\"download-link\" title=\"\u0130ndir &ldquo;Meta Box User Meta&rdquo;&nbsp;Versiyon 1.2.9\" href=\"https:\/\/wpdepo.com\/tr\/\/download\/25727\/\" rel=\"nofollow\">\n\t\u0130ndir<\/a><\/td><td class=\"column-4\">6 Temmuz 2021<\/td><td class=\"column-5\"><a href=\"https:\/\/metabox.io\/plugins\/mb-user-meta\/\" target=\"_blank\" rel=\"noopener noreferrer\">Eklenti Sayfas\u0131<\/a><\/td>\n<\/tr>\n<tr class=\"row-24 even\">\n\t<td class=\"column-1\">Meta Box User Profile<\/td><td class=\"column-2\">2.5.13<\/td><td class=\"column-3\"><a class=\"download-link\" title=\"\u0130ndir &ldquo;Meta Box User Profile&rdquo;&nbsp;Versiyon 2.5.13\" href=\"https:\/\/wpdepo.com\/tr\/\/download\/25729\/\" rel=\"nofollow\">\n\t\u0130ndir<\/a><\/td><td class=\"column-4\">19 Ocak 2026<\/td><td class=\"column-5\"><a href=\"https:\/\/metabox.io\/plugins\/mb-user-profile\/\" target=\"_blank\" rel=\"noopener noreferrer\">Eklenti Sayfas\u0131<\/a><\/td>\n<\/tr>\n<tr class=\"row-25 odd\">\n\t<td class=\"column-1\">Meta Box Views<\/td><td class=\"column-2\">1.15.0<\/td><td class=\"column-3\"><a class=\"download-link\" title=\"\u0130ndir &ldquo;Meta Box Views&rdquo;&nbsp;Versiyon 1.15.0\" href=\"https:\/\/wpdepo.com\/tr\/\/download\/51621\/\" rel=\"nofollow\">\n\t\u0130ndir<\/a><\/td><td class=\"column-4\">11 \u015eubat 2026<\/td><td class=\"column-5\"><a href=\"https:\/\/metabox.io\/plugins\/mb-views\/\" target=\"_blank\" rel=\"noopener noreferrer\">Eklenti Sayfas\u0131<\/a><\/td>\n<\/tr>\n<\/tbody>\n<\/table>\n\r\n\r\n\t\t<\/div>\n\t\t\t\t\t<\/div>\n\n\t\r\n\r\n<\/div>\r\n\r\n\t\t<\/div>\n\n\t\t\n<style>\n#section_1562875889 {\n  padding-top: 30px;\n  padding-bottom: 30px;\n}\n<\/style>\n\t<\/section>\n\t","protected":false},"excerpt":{"rendered":"","protected":false},"author":1,"featured_media":0,"parent":0,"menu_order":0,"comment_status":"closed","ping_status":"closed","template":"page-blank.php","meta":{"footnotes":""},"class_list":["post-25732","page","type-page","status-publish","hentry"],"_links":{"self":[{"href":"https:\/\/wpdepo.com\/tr\/wp-json\/wp\/v2\/pages\/25732","targetHints":{"allow":["GET"]}}],"collection":[{"href":"https:\/\/wpdepo.com\/tr\/wp-json\/wp\/v2\/pages"}],"about":[{"href":"https:\/\/wpdepo.com\/tr\/wp-json\/wp\/v2\/types\/page"}],"author":[{"embeddable":true,"href":"https:\/\/wpdepo.com\/tr\/wp-json\/wp\/v2\/users\/1"}],"replies":[{"embeddable":true,"href":"https:\/\/wpdepo.com\/tr\/wp-json\/wp\/v2\/comments?post=25732"}],"version-history":[{"count":0,"href":"https:\/\/wpdepo.com\/tr\/wp-json\/wp\/v2\/pages\/25732\/revisions"}],"wp:attachment":[{"href":"https:\/\/wpdepo.com\/tr\/wp-json\/wp\/v2\/media?parent=25732"}],"curies":[{"name":"wp","href":"https:\/\/api.w.org\/{rel}","templated":true}]}}