{"id":2506,"date":"2017-09-05T15:56:31","date_gmt":"2017-09-05T12:56:31","guid":{"rendered":"https:\/\/wpdepo.com\/?page_id=2506\/"},"modified":"2018-09-03T20:46:55","modified_gmt":"2018-09-03T17:46:55","slug":"restrict-content-pro-eklentileri","status":"publish","type":"page","link":"https:\/\/wpdepo.com\/tr\/restrict-content-pro-eklentileri\/","title":{"rendered":"Restrict Content Pro Eklentileri"},"content":{"rendered":"\n\t<section class=\"section\" id=\"section_767171131\">\n\t\t<div class=\"section-bg fill\" >\n\t\t\t\t\t\t\t\t\t\n\t\t\t\n\n\t\t<\/div>\n\n\t\t\n\n\t\t<div class=\"section-content relative\">\n\t\t\t\r\n\r\n<div class=\"row\"  id=\"row-1834026086\">\r\n\r\n\n\t<div id=\"col-1364320461\" class=\"col small-12 large-12\"  >\n\t\t\t\t<div class=\"col-inner text-left\"  >\n\t\t\t\n\t\t\t\r\n\r\n<h2 style=\"text-align: center;\">Restrict Content Pro<\/h2>\r\n<p>Restrict Content Pro eklentisi WordPress i\u00e7in tam \u00f6zellikli ve g\u00fc\u00e7l\u00fc bir \u00fcyelik sistemi sunmaktad\u0131r. Abonelik seviyeleri olu\u015fturman\u0131z\u0131, hesaplar\u0131 y\u00f6netmenizi ve abonelik seviyelerine g\u00f6re i\u00e7eri\u011fe eri\u015fimi s\u0131n\u0131rlaman\u0131z\u0131 sa\u011flar.<\/p>\r\n<p>Bu sayfada Restrict Content Pro eklentisi ile birlikte eklentiye ait Pro eklentileri bulacaks\u0131n\u0131z. Ayr\u0131ca Restrict Content Pro internet sitesinde \u00fccretsiz indirilebilecek <a href=\"https:\/\/restrictcontentpro.com\/add-ons\/official\/\" rel=\"noopener\" target=\"_blank\">bir tak\u0131m eklentiler<\/a> de mevcuttur.<\/p>\r\n\r\n\t\t<\/div>\n\t\t\t\t\t<\/div>\n\n\t\r\n\r\n<\/div>\r\n\r\n\t\t<\/div>\n\n\t\t\n<style>\n#section_767171131 {\n  padding-top: 0px;\n  padding-bottom: 0px;\n  background-color: rgb(245, 245, 245);\n}\n<\/style>\n\t<\/section>\n\t\r\n\n\t<section class=\"section\" id=\"section_1943109155\">\n\t\t<div class=\"section-bg fill\" >\n\t\t\t\t\t\t\t\t\t\n\t\t\t\n\n\t\t<\/div>\n\n\t\t\n\n\t\t<div class=\"section-content relative\">\n\t\t\t\r\n\r\n<div class=\"row\"  id=\"row-1730073802\">\r\n\r\n\n\t<div id=\"col-156895332\" class=\"col small-12 large-12\"  >\n\t\t\t\t<div class=\"col-inner text-left\"  >\n\t\t\t\n\t\t\t\r\n\r\n\n<table id=\"tablepress-31\" class=\"tablepress tablepress-id-31\">\n<thead>\n<tr class=\"row-1 odd\">\n\t<th class=\"column-1\">Eklenti Ad\u0131<\/th><th class=\"column-2\">Versiyon<\/th><th class=\"column-3\">\u0130ndir<\/th><th class=\"column-4\">G\u00fcncelleme<\/th><th class=\"column-5\">Bilgi<\/th>\n<\/tr>\n<\/thead>\n<tbody class=\"row-hover\">\n<tr class=\"row-2 even\">\n\t<td class=\"column-1\">Restrict Content Pro<\/td><td class=\"column-2\">3.5.57<\/td><td class=\"column-3\"><a class=\"download-link\" title=\"\u0130ndir &ldquo;Restrict Content Pro&rdquo;&nbsp;Versiyon 3.5.57\" href=\"https:\/\/wpdepo.com\/tr\/\/download\/2503\/\" rel=\"nofollow\">\n\t\u0130ndir<\/a><\/td><td class=\"column-4\">2 Nisan 2026<\/td><td class=\"column-5\"><a href=\"https:\/\/restrictcontentpro.com\/\" target=\"_blank\" rel=\"noopener noreferrer\">Eklenti Sayfas\u0131<\/a><\/td>\n<\/tr>\n<tr class=\"row-3 odd\">\n\t<td class=\"column-1\">Restrict Content Pro ActiveCampaign<\/td><td class=\"column-2\">1.1.1<\/td><td class=\"column-3\"><a class=\"download-link\" title=\"\u0130ndir &ldquo;Restrict Content Pro ActiveCampaign&rdquo;&nbsp;Versiyon 1.1.1\" href=\"https:\/\/wpdepo.com\/tr\/\/download\/2818\/\" rel=\"nofollow\">\n\t\u0130ndir<\/a><\/td><td class=\"column-4\">1 Eyl\u00fcl 2020<\/td><td class=\"column-5\"><a href=\"https:\/\/restrictcontentpro.com\/downloads\/activecampaign\/\" target=\"_blank\" rel=\"noopener noreferrer\">Eklenti Sayfas\u0131<\/a><\/td>\n<\/tr>\n<tr class=\"row-4 even\">\n\t<td class=\"column-1\">Restrict Content Pro Authorize.net<\/td><td class=\"column-2\">1.0.5<\/td><td class=\"column-3\"><a class=\"download-link\" title=\"\u0130ndir &ldquo;Restrict Content Pro Authorize.net&rdquo;&nbsp;Versiyon 1.0.5\" href=\"https:\/\/wpdepo.com\/tr\/\/download\/66852\/\" rel=\"nofollow\">\n\t\u0130ndir<\/a><\/td><td class=\"column-4\">22 Mart 2022<\/td><td class=\"column-5\"><a href=\"https:\/\/restrictcontentpro.com\/downloads\/authorize-net-payment-gateway\/\" target=\"_blank\" rel=\"noopener noreferrer\">Eklenti Sayfas\u0131<\/a><\/td>\n<\/tr>\n<tr class=\"row-5 odd\">\n\t<td class=\"column-1\">Restrict Content Pro AvaTax<\/td><td class=\"column-2\">1.0.6<\/td><td class=\"column-3\"><a class=\"download-link\" title=\"\u0130ndir &ldquo;Restrict Content Pro AvaTax&rdquo;&nbsp;Versiyon 1.0.6\" href=\"https:\/\/wpdepo.com\/tr\/\/download\/71996\/\" rel=\"nofollow\">\n\t\u0130ndir<\/a><\/td><td class=\"column-4\">21 Ekim 2022<\/td><td class=\"column-5\"><a href=\"https:\/\/restrictcontentpro.com\/add-on\/avatax\/\" target=\"_blank\" rel=\"noopener noreferrer\">Eklenti Sayfas\u0131<\/a><\/td>\n<\/tr>\n<tr class=\"row-6 even\">\n\t<td class=\"column-1\">Restrict Content Pro AWeber Pro<\/td><td class=\"column-2\">1.1.5<\/td><td class=\"column-3\"><a class=\"download-link\" title=\"\u0130ndir &ldquo;Restrict Content Pro AWeber Pro&rdquo;&nbsp;Versiyon 1.1.5\" href=\"https:\/\/wpdepo.com\/tr\/\/download\/2898\/\" rel=\"nofollow\">\n\t\u0130ndir<\/a><\/td><td class=\"column-4\">1 Eyl\u00fcl 2020<\/td><td class=\"column-5\"><a href=\"https:\/\/restrictcontentpro.com\/downloads\/aweber-pro\/\" target=\"_blank\" rel=\"noopener noreferrer\">Eklenti Sayfas\u0131<\/a><\/td>\n<\/tr>\n<tr class=\"row-7 odd\">\n\t<td class=\"column-1\">Restrict Content Pro bbPress<\/td><td class=\"column-2\">1.0.2<\/td><td class=\"column-3\"><a class=\"download-link\" title=\"\u0130ndir &ldquo;Restrict Content Pro bbPress&rdquo;&nbsp;Versiyon 1.0.2\" href=\"https:\/\/wpdepo.com\/tr\/\/download\/66854\/\" rel=\"nofollow\">\n\t\u0130ndir<\/a><\/td><td class=\"column-4\">14 Eyl\u00fcl 2021<\/td><td class=\"column-5\"><a href=\"https:\/\/restrictcontentpro.com\/downloads\/bbpress\/\" target=\"_blank\" rel=\"noopener noreferrer\">Eklenti Sayfas\u0131<\/a><\/td>\n<\/tr>\n<tr class=\"row-8 even\">\n\t<td class=\"column-1\">Restrict Content Pro BuddyPress<\/td><td class=\"column-2\">2.1.8<\/td><td class=\"column-3\"><a class=\"download-link\" title=\"\u0130ndir &ldquo;Restrict Content Pro BuddyPress&rdquo;&nbsp;Versiyon 2.1.8\" href=\"https:\/\/wpdepo.com\/tr\/\/download\/56949\/\" rel=\"nofollow\">\n\t\u0130ndir<\/a><\/td><td class=\"column-4\">10 A\u011fustos 2023<\/td><td class=\"column-5\"><a href=\"https:\/\/skillfulplugins.com\/plugins\/restrict-content-pro-buddypress\/\" target=\"_blank\" rel=\"noopener noreferrer\">Eklenti Sayfas\u0131<\/a><\/td>\n<\/tr>\n<tr class=\"row-9 odd\">\n\t<td class=\"column-1\">Restrict Content Pro Campaign Monitor<\/td><td class=\"column-2\">1.2.4<\/td><td class=\"column-3\"><a class=\"download-link\" title=\"\u0130ndir &ldquo;Restrict Content Pro Campaign Monitor&rdquo;&nbsp;Versiyon 1.2.4\" href=\"https:\/\/wpdepo.com\/tr\/\/download\/66914\/\" rel=\"nofollow\">\n\t\u0130ndir<\/a><\/td><td class=\"column-4\">20 Ocak 2022<\/td><td class=\"column-5\"><a href=\"https:\/\/restrictcontentpro.com\/downloads\/campaign-monitor\/\" target=\"_blank\" rel=\"noopener noreferrer\">Eklenti Sayfas\u0131<\/a><\/td>\n<\/tr>\n<tr class=\"row-10 even\">\n\t<td class=\"column-1\">Restrict Content Pro ConvertKit<\/td><td class=\"column-2\">1.1.3<\/td><td class=\"column-3\"><a class=\"download-link\" title=\"\u0130ndir &ldquo;Restrict Content Pro ConvertKit&rdquo;&nbsp;Versiyon 1.1.3\" href=\"https:\/\/wpdepo.com\/tr\/\/download\/2820\/\" rel=\"nofollow\">\n\t\u0130ndir<\/a><\/td><td class=\"column-4\">1 Eyl\u00fcl 2020<\/td><td class=\"column-5\"><a href=\"https:\/\/restrictcontentpro.com\/downloads\/convertkit\/\" target=\"_blank\" rel=\"noopener noreferrer\">Eklenti Sayfas\u0131<\/a><\/td>\n<\/tr>\n<tr class=\"row-11 odd\">\n\t<td class=\"column-1\">Restrict Content Pro CSV User Import<\/td><td class=\"column-2\">1.1.12<\/td><td class=\"column-3\"><a class=\"download-link\" title=\"\u0130ndir &ldquo;Restrict Content Pro CSV User Import&rdquo;&nbsp;Versiyon 1.1.12\" href=\"https:\/\/wpdepo.com\/tr\/\/download\/66856\/\" rel=\"nofollow\">\n\t\u0130ndir<\/a><\/td><td class=\"column-4\">14 Eyl\u00fcl 2021<\/td><td class=\"column-5\"><a href=\"https:\/\/restrictcontentpro.com\/downloads\/import-members\/\" target=\"_blank\" rel=\"noopener noreferrer\">Eklenti Sayfas\u0131<\/a><\/td>\n<\/tr>\n<tr class=\"row-12 even\">\n\t<td class=\"column-1\">Restrict Content Pro Custom Redirects<\/td><td class=\"column-2\">1.0.8<\/td><td class=\"column-3\"><a class=\"download-link\" title=\"\u0130ndir &ldquo;Restrict Content Pro Custom Redirects&rdquo;&nbsp;Versiyon 1.0.8\" href=\"https:\/\/wpdepo.com\/tr\/\/download\/2822\/\" rel=\"nofollow\">\n\t\u0130ndir<\/a><\/td><td class=\"column-4\">8 Haziran 2023<\/td><td class=\"column-5\"><a href=\"https:\/\/restrictcontentpro.com\/downloads\/custom-redirects\/\" target=\"_blank\" rel=\"noopener noreferrer\">Eklenti Sayfas\u0131<\/a><\/td>\n<\/tr>\n<tr class=\"row-13 odd\">\n\t<td class=\"column-1\">Restrict Content Pro Custom Renew<\/td><td class=\"column-2\">1.0.5<\/td><td class=\"column-3\"><a class=\"download-link\" title=\"\u0130ndir &ldquo;Restrict Content Pro Custom Renew&rdquo;&nbsp;Versiyon 1.0.5\" href=\"https:\/\/wpdepo.com\/tr\/\/download\/56507\/\" rel=\"nofollow\">\n\t\u0130ndir<\/a><\/td><td class=\"column-4\">19 Ocak 2021<\/td><td class=\"column-5\"><a href=\"https:\/\/skillfulplugins.com\/plugins\/restrict-content-pro-custom-renew\/\" target=\"_blank\" rel=\"noopener noreferrer\">Eklenti Sayfas\u0131<\/a><\/td>\n<\/tr>\n<tr class=\"row-14 even\">\n\t<td class=\"column-1\">Restrict Content Pro Download Monitor<\/td><td class=\"column-2\">1.0.5<\/td><td class=\"column-3\"><a class=\"download-link\" title=\"\u0130ndir &ldquo;Restrict Content Pro Download Monitor&rdquo;&nbsp;Versiyon 1.0.5\" href=\"https:\/\/wpdepo.com\/tr\/\/download\/66858\/\" rel=\"nofollow\">\n\t\u0130ndir<\/a><\/td><td class=\"column-4\">14 Eyl\u00fcl 2021<\/td><td class=\"column-5\"><a href=\"https:\/\/restrictcontentpro.com\/downloads\/download-monitor\/\" target=\"_blank\" rel=\"noopener noreferrer\">Eklenti Sayfas\u0131<\/a><\/td>\n<\/tr>\n<tr class=\"row-15 odd\">\n\t<td class=\"column-1\">Restrict Content Pro Drip Content<\/td><td class=\"column-2\">1.0.7<\/td><td class=\"column-3\"><a class=\"download-link\" title=\"\u0130ndir &ldquo;Restrict Content Pro Drip Content&rdquo;&nbsp;Versiyon 1.0.7\" href=\"https:\/\/wpdepo.com\/tr\/\/download\/2824\/\" rel=\"nofollow\">\n\t\u0130ndir<\/a><\/td><td class=\"column-4\">1 Eyl\u00fcl 2020<\/td><td class=\"column-5\"><a href=\"https:\/\/restrictcontentpro.com\/downloads\/drip-content\/\" target=\"_blank\" rel=\"noopener noreferrer\">Eklenti Sayfas\u0131<\/a><\/td>\n<\/tr>\n<tr class=\"row-16 even\">\n\t<td class=\"column-1\">Restrict Content Pro EDD Member Downloads<\/td><td class=\"column-2\">1.0.6<\/td><td class=\"column-3\"><a class=\"download-link\" title=\"\u0130ndir &ldquo;Restrict Content Pro EDD Member Downloads&rdquo;&nbsp;Versiyon 1.0.6\" href=\"https:\/\/wpdepo.com\/tr\/\/download\/66860\/\" rel=\"nofollow\">\n\t\u0130ndir<\/a><\/td><td class=\"column-4\">14 Eyl\u00fcl 2021<\/td><td class=\"column-5\"><a href=\"https:\/\/restrictcontentpro.com\/downloads\/edd-member-downloads\/\" target=\"_blank\" rel=\"noopener noreferrer\">Eklenti Sayfas\u0131<\/a><\/td>\n<\/tr>\n<tr class=\"row-17 odd\">\n\t<td class=\"column-1\">Restrict Content Pro EDD Wallet<\/td><td class=\"column-2\">1.0.1<\/td><td class=\"column-3\"><a class=\"download-link\" title=\"\u0130ndir &ldquo;Restrict Content Pro EDD Wallet&rdquo;&nbsp;Versiyon 1.0.1\" href=\"https:\/\/wpdepo.com\/tr\/\/download\/66862\/\" rel=\"nofollow\">\n\t\u0130ndir<\/a><\/td><td class=\"column-4\">14 Eyl\u00fcl 2021<\/td><td class=\"column-5\"><a href=\"https:\/\/restrictcontentpro.com\/downloads\/edd-wallet\/\" target=\"_blank\" rel=\"noopener noreferrer\">Eklenti Sayfas\u0131<\/a><\/td>\n<\/tr>\n<tr class=\"row-18 even\">\n\t<td class=\"column-1\">Restrict Content Pro Enforce Strong Passwords<\/td><td class=\"column-2\">1.1.3<\/td><td class=\"column-3\"><a class=\"download-link\" title=\"\u0130ndir &ldquo;Restrict Content Pro Enforce Strong Passwords&rdquo;&nbsp;Versiyon 1.1.3\" href=\"https:\/\/wpdepo.com\/tr\/\/download\/66864\/\" rel=\"nofollow\">\n\t\u0130ndir<\/a><\/td><td class=\"column-4\">14 Eyl\u00fcl 2021<\/td><td class=\"column-5\"><a href=\"https:\/\/restrictcontentpro.com\/downloads\/enforce-strong-passwords\/\" target=\"_blank\" rel=\"noopener noreferrer\">Eklenti Sayfas\u0131<\/a><\/td>\n<\/tr>\n<tr class=\"row-19 odd\">\n\t<td class=\"column-1\">Restrict Content Pro Group Accounts<\/td><td class=\"column-2\">2.2.3<\/td><td class=\"column-3\"><a class=\"download-link\" title=\"\u0130ndir &ldquo;Restrict Content Pro Group Accounts&rdquo;&nbsp;Versiyon 2.2.3\" href=\"https:\/\/wpdepo.com\/tr\/\/download\/2826\/\" rel=\"nofollow\">\n\t\u0130ndir<\/a><\/td><td class=\"column-4\">7 \u015eubat 2024<\/td><td class=\"column-5\"><a href=\"https:\/\/restrictcontentpro.com\/downloads\/group-accounts\/\" target=\"_blank\" rel=\"noopener noreferrer\">Eklenti Sayfas\u0131<\/a><\/td>\n<\/tr>\n<tr class=\"row-20 even\">\n\t<td class=\"column-1\">Restrict Content Pro Hard-set Expiration Dates<\/td><td class=\"column-2\">1.1.4<\/td><td class=\"column-3\"><a class=\"download-link\" title=\"\u0130ndir &ldquo;Restrict Content Pro Hard-set Expiration Dates&rdquo;&nbsp;Versiyon 1.1.4\" href=\"https:\/\/wpdepo.com\/tr\/\/download\/2828\/\" rel=\"nofollow\">\n\t\u0130ndir<\/a><\/td><td class=\"column-4\">1 Eyl\u00fcl 2020<\/td><td class=\"column-5\"><a href=\"https:\/\/restrictcontentpro.com\/downloads\/hard-set-expiration-dates\/\" target=\"_blank\" rel=\"noopener noreferrer\">Eklenti Sayfas\u0131<\/a><\/td>\n<\/tr>\n<tr class=\"row-21 odd\">\n\t<td class=\"column-1\">Restrict Content Pro Help Scout<\/td><td class=\"column-2\">1.0.4<\/td><td class=\"column-3\"><a class=\"download-link\" title=\"\u0130ndir &ldquo;Restrict Content Pro Help Scout&rdquo;&nbsp;Versiyon 1.0.4\" href=\"https:\/\/wpdepo.com\/tr\/\/download\/2830\/\" rel=\"nofollow\">\n\t\u0130ndir<\/a><\/td><td class=\"column-4\">1 Eyl\u00fcl 2020<\/td><td class=\"column-5\"><a href=\"https:\/\/restrictcontentpro.com\/downloads\/help-scout\/\" target=\"_blank\" rel=\"noopener noreferrer\">Eklenti Sayfas\u0131<\/a><\/td>\n<\/tr>\n<tr class=\"row-22 even\">\n\t<td class=\"column-1\">Restrict Content Pro IP Restriction<\/td><td class=\"column-2\">1.2.8<\/td><td class=\"column-3\"><a class=\"download-link\" title=\"\u0130ndir &ldquo;Restrict Content Pro IP Restriction&rdquo;&nbsp;Versiyon 1.2.8\" href=\"https:\/\/wpdepo.com\/tr\/\/download\/2832\/\" rel=\"nofollow\">\n\t\u0130ndir<\/a><\/td><td class=\"column-4\">1 Eyl\u00fcl 2020<\/td><td class=\"column-5\"><a href=\"https:\/\/restrictcontentpro.com\/downloads\/ip-restriction\/\" target=\"_blank\" rel=\"noopener noreferrer\">Eklenti Sayfas\u0131<\/a><\/td>\n<\/tr>\n<tr class=\"row-23 odd\">\n\t<td class=\"column-1\">Restrict Content Pro Limited Quantity Available<\/td><td class=\"column-2\">1.0.4<\/td><td class=\"column-3\"><a class=\"download-link\" title=\"\u0130ndir &ldquo;Restrict Content Pro Limited Quantity Available&rdquo;&nbsp;Versiyon 1.0.4\" href=\"https:\/\/wpdepo.com\/tr\/\/download\/66866\/\" rel=\"nofollow\">\n\t\u0130ndir<\/a><\/td><td class=\"column-4\">11 Ocak 2022<\/td><td class=\"column-5\"><a href=\"https:\/\/restrictcontentpro.com\/downloads\/limited-quantity-available\/\" target=\"_blank\" rel=\"noopener noreferrer\">Eklenti Sayfas\u0131<\/a><\/td>\n<\/tr>\n<tr class=\"row-24 even\">\n\t<td class=\"column-1\">Restrict Content Pro MailChimp Pro<\/td><td class=\"column-2\">1.5.3<\/td><td class=\"column-3\"><a class=\"download-link\" title=\"\u0130ndir &ldquo;Restrict Content Pro MailChimp Pro&rdquo;&nbsp;Versiyon 1.5.3\" href=\"https:\/\/wpdepo.com\/tr\/\/download\/2834\/\" rel=\"nofollow\">\n\t\u0130ndir<\/a><\/td><td class=\"column-4\">26 Ocak 2021<\/td><td class=\"column-5\"><a href=\"https:\/\/restrictcontentpro.com\/downloads\/mailchimp-pro\/\" target=\"_blank\" rel=\"noopener noreferrer\">Eklenti Sayfas\u0131<\/a><\/td>\n<\/tr>\n<tr class=\"row-25 odd\">\n\t<td class=\"column-1\">Restrict Content Pro MailPoet<\/td><td class=\"column-2\">1.0.6<\/td><td class=\"column-3\"><a class=\"download-link\" title=\"\u0130ndir &ldquo;Restrict Content Pro MailPoet&rdquo;&nbsp;Versiyon 1.0.6\" href=\"https:\/\/wpdepo.com\/tr\/\/download\/66868\/\" rel=\"nofollow\">\n\t\u0130ndir<\/a><\/td><td class=\"column-4\">16 Aral\u0131k 2025<\/td><td class=\"column-5\"><a href=\"https:\/\/restrictcontentpro.com\/downloads\/wysija-add-on\/\" target=\"_blank\" rel=\"noopener noreferrer\">Eklenti Sayfas\u0131<\/a><\/td>\n<\/tr>\n<tr class=\"row-26 even\">\n\t<td class=\"column-1\">Restrict Content Pro Math Verification<\/td><td class=\"column-2\">1.0.5<\/td><td class=\"column-3\"><a class=\"download-link\" title=\"\u0130ndir &ldquo;Restrict Content Pro Math Verification&rdquo;&nbsp;Versiyon 1.0.5\" href=\"https:\/\/wpdepo.com\/tr\/\/download\/2836\/\" rel=\"nofollow\">\n\t\u0130ndir<\/a><\/td><td class=\"column-4\">1 Eyl\u00fcl 2020<\/td><td class=\"column-5\"><a href=\"https:\/\/restrictcontentpro.com\/downloads\/math-verification\/\" target=\"_blank\" rel=\"noopener noreferrer\">Eklenti Sayfas\u0131<\/a><\/td>\n<\/tr>\n<tr class=\"row-27 odd\">\n\t<td class=\"column-1\">Restrict Content Pro Per-Level Emails<\/td><td class=\"column-2\">1.0.2<\/td><td class=\"column-3\"><a class=\"download-link\" title=\"\u0130ndir &ldquo;Restrict Content Pro Per-Level Emails&rdquo;&nbsp;Versiyon 1.0.2\" href=\"https:\/\/wpdepo.com\/tr\/\/download\/53667\/\" rel=\"nofollow\">\n\t\u0130ndir<\/a><\/td><td class=\"column-4\">24 May\u0131s 2023<\/td><td class=\"column-5\"><a href=\"https:\/\/restrictcontentpro.com\/downloads\/per-level-emails\/\" target=\"_blank\" rel=\"noopener noreferrer\">Eklenti Sayfas\u0131<\/a><\/td>\n<\/tr>\n<tr class=\"row-28 even\">\n\t<td class=\"column-1\">Restrict Content Pro REST API<\/td><td class=\"column-2\">1.2.4<\/td><td class=\"column-3\"><a class=\"download-link\" title=\"\u0130ndir &ldquo;Restrict Content Pro REST API&rdquo;&nbsp;Versiyon 1.2.4\" href=\"https:\/\/wpdepo.com\/tr\/\/download\/2838\/\" rel=\"nofollow\">\n\t\u0130ndir<\/a><\/td><td class=\"column-4\">26 \u015eubat 2026<\/td><td class=\"column-5\"><a href=\"https:\/\/restrictcontentpro.com\/downloads\/rest-api\/\" target=\"_blank\" rel=\"noopener noreferrer\">Eklenti Sayfas\u0131<\/a><\/td>\n<\/tr>\n<tr class=\"row-29 odd\">\n\t<td class=\"column-1\">Restrict Content Pro Restriction Timeouts<\/td><td class=\"column-2\">1.0.6<\/td><td class=\"column-3\"><a class=\"download-link\" title=\"\u0130ndir &ldquo;Restrict Content Pro Restriction Timeouts&rdquo;&nbsp;Versiyon 1.0.6\" href=\"https:\/\/wpdepo.com\/tr\/\/download\/2840\/\" rel=\"nofollow\">\n\t\u0130ndir<\/a><\/td><td class=\"column-4\">26 Ocak 2021<\/td><td class=\"column-5\"><a href=\"https:\/\/restrictcontentpro.com\/downloads\/restriction-timeouts\/\" target=\"_blank\" rel=\"noopener noreferrer\">Eklenti Sayfas\u0131<\/a><\/td>\n<\/tr>\n<tr class=\"row-30 even\">\n\t<td class=\"column-1\">Restrict Content Pro Restrict Past Content<\/td><td class=\"column-2\">1.0.3<\/td><td class=\"column-3\"><a class=\"download-link\" title=\"\u0130ndir &ldquo;Restrict Content Pro Restrict Past Content&rdquo;&nbsp;Versiyon 1.0.3\" href=\"https:\/\/wpdepo.com\/tr\/\/download\/2842\/\" rel=\"nofollow\">\n\t\u0130ndir<\/a><\/td><td class=\"column-4\">1 Eyl\u00fcl 2020<\/td><td class=\"column-5\"><a href=\"https:\/\/restrictcontentpro.com\/downloads\/restrict-past-content\/\" target=\"_blank\" rel=\"noopener noreferrer\">Eklenti Sayfas\u0131<\/a><\/td>\n<\/tr>\n<tr class=\"row-31 odd\">\n\t<td class=\"column-1\">Restrict Content Pro Resume Manager<\/td><td class=\"column-2\">1.0.2<\/td><td class=\"column-3\"><a class=\"download-link\" title=\"\u0130ndir &ldquo;Restrict Content Pro Resume Manager&rdquo;&nbsp;Versiyon 1.0.2\" href=\"https:\/\/wpdepo.com\/tr\/\/download\/56509\/\" rel=\"nofollow\">\n\t\u0130ndir<\/a><\/td><td class=\"column-4\">19 Ocak 2021<\/td><td class=\"column-5\"><a href=\"https:\/\/restrictcontentpro.com\/downloads\/resume-manager\/\" target=\"_blank\" rel=\"noopener noreferrer\">Eklenti Sayfas\u0131<\/a><\/td>\n<\/tr>\n<tr class=\"row-32 even\">\n\t<td class=\"column-1\">Restrict Content Pro Site Creation<\/td><td class=\"column-2\">1.3.3<\/td><td class=\"column-3\"><a class=\"download-link\" title=\"\u0130ndir &ldquo;Restrict Content Pro Site Creation&rdquo;&nbsp;Versiyon 1.3.3\" href=\"https:\/\/wpdepo.com\/tr\/\/download\/2844\/\" rel=\"nofollow\">\n\t\u0130ndir<\/a><\/td><td class=\"column-4\">7 \u015eubat 2024<\/td><td class=\"column-5\"><a href=\"https:\/\/restrictcontentpro.com\/downloads\/site-creation\/\" target=\"_blank\" rel=\"noopener noreferrer\">Eklenti Sayfas\u0131<\/a><\/td>\n<\/tr>\n<tr class=\"row-33 odd\">\n\t<td class=\"column-1\">Restrict Content Pro Restriction Timelock<\/td><td class=\"column-2\">1.1.2<\/td><td class=\"column-3\"><a class=\"download-link\" title=\"\u0130ndir &ldquo;Restrict Content Pro Restriction Timelock&rdquo;&nbsp;Versiyon 1.1.2\" href=\"https:\/\/wpdepo.com\/tr\/\/download\/2846\/\" rel=\"nofollow\">\n\t\u0130ndir<\/a><\/td><td class=\"column-4\">26 Ocak 2021<\/td><td class=\"column-5\"><a href=\"https:\/\/restrictcontentpro.com\/downloads\/restriction-timelock\/\" target=\"_blank\" rel=\"noopener noreferrer\">Eklenti Sayfas\u0131<\/a><\/td>\n<\/tr>\n<tr class=\"row-34 even\">\n\t<td class=\"column-1\">Restrict Content Pro Ultimate Member<\/td><td class=\"column-2\">1.2.4<\/td><td class=\"column-3\"><a class=\"download-link\" title=\"\u0130ndir &ldquo;Restrict Content Pro Ultimate Member&rdquo;&nbsp;Versiyon 1.2.4\" href=\"https:\/\/wpdepo.com\/tr\/\/download\/56511\/\" rel=\"nofollow\">\n\t\u0130ndir<\/a><\/td><td class=\"column-4\">13 May\u0131s 2025<\/td><td class=\"column-5\"><a href=\"https:\/\/restrictcontentpro.com\/downloads\/ultimate-member-integration\/\" target=\"_blank\" rel=\"noopener noreferrer\">Eklenti Sayfas\u0131<\/a><\/td>\n<\/tr>\n<tr class=\"row-35 odd\">\n\t<td class=\"column-1\">Restrict Content Pro View Limit<\/td><td class=\"column-2\">1.0.3<\/td><td class=\"column-3\"><a class=\"download-link\" title=\"\u0130ndir &ldquo;Restrict Content Pro View Limit&rdquo;&nbsp;Versiyon 1.0.3\" href=\"https:\/\/wpdepo.com\/tr\/\/download\/56513\/\" rel=\"nofollow\">\n\t\u0130ndir<\/a><\/td><td class=\"column-4\">19 Ocak 2021<\/td><td class=\"column-5\"><a href=\"https:\/\/restrictcontentpro.com\/downloads\/view-limit\/\" target=\"_blank\" rel=\"noopener noreferrer\">Eklenti Sayfas\u0131<\/a><\/td>\n<\/tr>\n<tr class=\"row-36 even\">\n\t<td class=\"column-1\">Restrict Content Pro WooCommerce Member Discounts<\/td><td class=\"column-2\">1.0.7<\/td><td class=\"column-3\"><a class=\"download-link\" title=\"\u0130ndir &ldquo;Restrict Content Pro WooCommerce Member Discounts&rdquo;&nbsp;Versiyon 1.0.7\" href=\"https:\/\/wpdepo.com\/tr\/\/download\/2848\/\" rel=\"nofollow\">\n\t\u0130ndir<\/a><\/td><td class=\"column-4\">13 May\u0131s 2025<\/td><td class=\"column-5\"><a href=\"https:\/\/restrictcontentpro.com\/downloads\/woocommerce-member-discounts\/\" target=\"_blank\" rel=\"noopener noreferrer\">Eklenti Sayfas\u0131<\/a><\/td>\n<\/tr>\n<tr class=\"row-37 odd\">\n\t<td class=\"column-1\">Restrict Content Pro WP Job Manager<\/td><td class=\"column-2\">2.1.8<\/td><td class=\"column-3\"><a class=\"download-link\" title=\"\u0130ndir &ldquo;Restrict Content Pro WP Job Manager&rdquo;&nbsp;Versiyon 2.1.8\" href=\"https:\/\/wpdepo.com\/tr\/\/download\/66870\/\" rel=\"nofollow\">\n\t\u0130ndir<\/a><\/td><td class=\"column-4\">14 Eyl\u00fcl 2021<\/td><td class=\"column-5\"><a href=\"https:\/\/restrictcontentpro.com\/downloads\/wp-job-manager\/\" target=\"_blank\" rel=\"noopener noreferrer\">Eklenti Sayfas\u0131<\/a><\/td>\n<\/tr>\n<\/tbody>\n<\/table>\n\r\n\r\n\t\t<\/div>\n\t\t\t\t\t<\/div>\n\n\t\r\n\r\n<\/div>\r\n\r\n\t\t<\/div>\n\n\t\t\n<style>\n#section_1943109155 {\n  padding-top: 30px;\n  padding-bottom: 30px;\n}\n<\/style>\n\t<\/section>\n\t","protected":false},"excerpt":{"rendered":"","protected":false},"author":1,"featured_media":0,"parent":0,"menu_order":0,"comment_status":"closed","ping_status":"closed","template":"page-blank.php","meta":{"footnotes":""},"class_list":["post-2506","page","type-page","status-publish","hentry"],"_links":{"self":[{"href":"https:\/\/wpdepo.com\/tr\/wp-json\/wp\/v2\/pages\/2506","targetHints":{"allow":["GET"]}}],"collection":[{"href":"https:\/\/wpdepo.com\/tr\/wp-json\/wp\/v2\/pages"}],"about":[{"href":"https:\/\/wpdepo.com\/tr\/wp-json\/wp\/v2\/types\/page"}],"author":[{"embeddable":true,"href":"https:\/\/wpdepo.com\/tr\/wp-json\/wp\/v2\/users\/1"}],"replies":[{"embeddable":true,"href":"https:\/\/wpdepo.com\/tr\/wp-json\/wp\/v2\/comments?post=2506"}],"version-history":[{"count":0,"href":"https:\/\/wpdepo.com\/tr\/wp-json\/wp\/v2\/pages\/2506\/revisions"}],"wp:attachment":[{"href":"https:\/\/wpdepo.com\/tr\/wp-json\/wp\/v2\/media?parent=2506"}],"curies":[{"name":"wp","href":"https:\/\/api.w.org\/{rel}","templated":true}]}}