{"id":2495,"date":"2017-09-05T15:41:05","date_gmt":"2017-09-05T12:41:05","guid":{"rendered":"https:\/\/wpdepo.com\/?page_id=2495\/"},"modified":"2018-09-03T20:46:18","modified_gmt":"2018-09-03T17:46:18","slug":"automatewoo-eklentileri","status":"publish","type":"page","link":"https:\/\/wpdepo.com\/tr\/automatewoo-eklentileri\/","title":{"rendered":"AutomateWoo Eklentileri"},"content":{"rendered":"\n\t<section class=\"section\" id=\"section_2041145565\">\n\t\t<div class=\"section-bg fill\" >\n\t\t\t\t\t\t\t\t\t\n\t\t\t\n\n\t\t<\/div>\n\n\t\t\n\n\t\t<div class=\"section-content relative\">\n\t\t\t\r\n\r\n<div class=\"row\"  id=\"row-398205211\">\r\n\r\n\n\t<div id=\"col-601815925\" class=\"col small-12 large-12\"  >\n\t\t\t\t<div class=\"col-inner text-left\"  >\n\t\t\t\n\t\t\t\r\n\r\n<h2 style=\"text-align: center;\">AutomateWoo<\/h2>\r\n<p>AutomateWoo eklentisi, WooCommerce ma\u011fazan\u0131z i\u00e7in g\u00fc\u00e7l\u00fc pazarlama otomasyonu sunmaktad\u0131r.<\/p>\r\n<p>Sizin i\u00e7in zor i\u015fi yapan otomatik pazarlamayla m\u00fc\u015fterilerinizi koruyabilir veya yeni m\u00fc\u015fteriler kazanabilirsiniz. AutomateWoo eklentisi ile takip e-postalar\u0131, terk edilmi\u015f sepet hat\u0131rlat\u0131c\u0131s\u0131, ki\u015fiselle\u015ftirilmi\u015f kuponlar ve daha fazlas\u0131 \u00f6zelli\u011fe sahip olabilirsiniz.<\/p>\r\n\r\n\t\t<\/div>\n\t\t\t\t\t<\/div>\n\n\t\r\n\r\n<\/div>\r\n\r\n\t\t<\/div>\n\n\t\t\n<style>\n#section_2041145565 {\n  padding-top: 0px;\n  padding-bottom: 0px;\n  background-color: rgb(245, 245, 245);\n}\n<\/style>\n\t<\/section>\n\t\r\n\n\t<section class=\"section\" id=\"section_187591392\">\n\t\t<div class=\"section-bg fill\" >\n\t\t\t\t\t\t\t\t\t\n\t\t\t\n\n\t\t<\/div>\n\n\t\t\n\n\t\t<div class=\"section-content relative\">\n\t\t\t\r\n\r\n<div class=\"row\"  id=\"row-917395384\">\r\n\r\n\n\t<div id=\"col-289999143\" class=\"col small-12 large-12\"  >\n\t\t\t\t<div class=\"col-inner text-left\"  >\n\t\t\t\n\t\t\t\r\n\r\n\n<table id=\"tablepress-30\" class=\"tablepress tablepress-id-30\">\n<thead>\n<tr class=\"row-1 odd\">\n\t<th class=\"column-1\">Eklenti Ad\u0131<\/th><th class=\"column-2\">Versiyon<\/th><th class=\"column-3\">\u0130ndir<\/th><th class=\"column-4\">G\u00fcncelleme<\/th><th class=\"column-5\">Bilgi<\/th>\n<\/tr>\n<\/thead>\n<tbody class=\"row-hover\">\n<tr class=\"row-2 even\">\n\t<td class=\"column-1\">AutomateWoo - Marketing Automation for WooCommerce<\/td><td class=\"column-2\">6.3.1<\/td><td class=\"column-3\"><a class=\"download-link\" title=\"\u0130ndir &ldquo;AutomateWoo - Marketing Automation for WooCommerce&rdquo;&nbsp;Versiyon 6.3.1\" href=\"https:\/\/wpdepo.com\/tr\/\/download\/2491\/\" rel=\"nofollow\">\n\t\u0130ndir<\/a><\/td><td class=\"column-4\">16 Nisan 2026<\/td><td class=\"column-5\"><a href=\"https:\/\/automatewoo.com\/\" target=\"_blank\" rel=\"noopener\">Eklenti Sayfas\u0131<\/a><\/td>\n<\/tr>\n<tr class=\"row-3 odd\">\n\t<td class=\"column-1\">AutomateWoo - Birthdays Add-on<\/td><td class=\"column-2\">1.3.57<\/td><td class=\"column-3\"><a class=\"download-link\" title=\"\u0130ndir &ldquo;AutomateWoo - Birthdays Add-on&rdquo;&nbsp;Versiyon 1.3.57\" href=\"https:\/\/wpdepo.com\/tr\/\/download\/34242\/\" rel=\"nofollow\">\n\t\u0130ndir<\/a><\/td><td class=\"column-4\">9 Nisan 2026<\/td><td class=\"column-5\"><a href=\"https:\/\/automatewoo.com\/addons\/birthdays\/\" target=\"_blank\" rel=\"noopener\">Eklenti Sayfas\u0131<\/a><\/td>\n<\/tr>\n<tr class=\"row-4 even\">\n\t<td class=\"column-1\">AutomateWoo - Refer A Friend Add-on<\/td><td class=\"column-2\">2.8.15<\/td><td class=\"column-3\"><a class=\"download-link\" title=\"\u0130ndir &ldquo;AutomateWoo - Refer A Friend Add-on&rdquo;&nbsp;Versiyon 2.8.15\" href=\"https:\/\/wpdepo.com\/tr\/\/download\/34237\/\" rel=\"nofollow\">\n\t\u0130ndir<\/a><\/td><td class=\"column-4\">31 Mart 2026<\/td><td class=\"column-5\"><a href=\"https:\/\/automatewoo.com\/addons\/refer-a-friend\/\" target=\"_blank\" rel=\"noopener\">Eklenti Sayfas\u0131<\/a><\/td>\n<\/tr>\n<\/tbody>\n<\/table>\n\r\n\r\n\t\t<\/div>\n\t\t\t\t\t<\/div>\n\n\t\r\n\r\n<\/div>\r\n\r\n\t\t<\/div>\n\n\t\t\n<style>\n#section_187591392 {\n  padding-top: 30px;\n  padding-bottom: 30px;\n}\n<\/style>\n\t<\/section>\n\t","protected":false},"excerpt":{"rendered":"","protected":false},"author":1,"featured_media":0,"parent":0,"menu_order":0,"comment_status":"closed","ping_status":"closed","template":"page-blank.php","meta":{"footnotes":""},"class_list":["post-2495","page","type-page","status-publish","hentry"],"_links":{"self":[{"href":"https:\/\/wpdepo.com\/tr\/wp-json\/wp\/v2\/pages\/2495","targetHints":{"allow":["GET"]}}],"collection":[{"href":"https:\/\/wpdepo.com\/tr\/wp-json\/wp\/v2\/pages"}],"about":[{"href":"https:\/\/wpdepo.com\/tr\/wp-json\/wp\/v2\/types\/page"}],"author":[{"embeddable":true,"href":"https:\/\/wpdepo.com\/tr\/wp-json\/wp\/v2\/users\/1"}],"replies":[{"embeddable":true,"href":"https:\/\/wpdepo.com\/tr\/wp-json\/wp\/v2\/comments?post=2495"}],"version-history":[{"count":0,"href":"https:\/\/wpdepo.com\/tr\/wp-json\/wp\/v2\/pages\/2495\/revisions"}],"wp:attachment":[{"href":"https:\/\/wpdepo.com\/tr\/wp-json\/wp\/v2\/media?parent=2495"}],"curies":[{"name":"wp","href":"https:\/\/api.w.org\/{rel}","templated":true}]}}