{"id":2442,"date":"2017-09-03T02:34:54","date_gmt":"2017-09-02T23:34:54","guid":{"rendered":"https:\/\/wpdepo.com\/?page_id=2442\/"},"modified":"2018-09-03T20:46:20","modified_gmt":"2018-09-03T17:46:20","slug":"facetwp-eklentileri","status":"publish","type":"page","link":"https:\/\/wpdepo.com\/tr\/facetwp-eklentileri\/","title":{"rendered":"FacetWP Eklentileri"},"content":{"rendered":"\n\t<section class=\"section\" id=\"section_949822695\">\n\t\t<div class=\"section-bg fill\" >\n\t\t\t\t\t\t\t\t\t\n\t\t\t\n\n\t\t<\/div>\n\n\t\t\n\n\t\t<div class=\"section-content relative\">\n\t\t\t\r\n\r\n<div class=\"row\"  id=\"row-1995689362\">\r\n\r\n\n\t<div id=\"col-399127028\" class=\"col small-12 large-12\"  >\n\t\t\t\t<div class=\"col-inner text-left\"  >\n\t\t\t\n\t\t\t\r\n\r\n<h2 style=\"text-align: center;\">FacetWP<\/h2>\r\n<p>FacetWP eklentisi WordPress i\u00e7in geli\u015fmi\u015f filtreleme \u00f6zelli\u011fi sunan ve WooCommerce, WP Job Manager gibi eklentilerle entegre \u00e7al\u0131\u015fan \u00e7ok y\u00f6nl\u00fc filtreleme eklentisidir.<\/p>\r\n<p>FacetWP eklentisini, e-ticaret sitelerinize, kaynak k\u00fct\u00fcphanenize, ilan sayfalar\u0131na ve daha fazlas\u0131na \u00e7ok y\u00f6nl\u00fc arama eklemek i\u00e7in kullanabilirsiniz.<\/p>\r\n<p>FacetWP temel eklentisinin \u00f6zelliklerini <a href=\"https:\/\/facetwp.com\/add-ons\/\" target=\"_blank\" rel=\"noopener\">FacetWP Add-Ons<\/a> sayfas\u0131 \u00fczerinden \u00fccretsiz indirebilece\u011finiz resmi eklentilerle geli\u015ftirebilirsiniz.<\/p>\r\n\r\n\t\t<\/div>\n\t\t\t\t\t<\/div>\n\n\t\r\n\r\n<\/div>\r\n\r\n\t\t<\/div>\n\n\t\t\n<style>\n#section_949822695 {\n  padding-top: 0px;\n  padding-bottom: 0px;\n  background-color: rgb(245, 245, 245);\n}\n<\/style>\n\t<\/section>\n\t\r\n\n\t<section class=\"section\" id=\"section_1739932307\">\n\t\t<div class=\"section-bg fill\" >\n\t\t\t\t\t\t\t\t\t\n\t\t\t\n\n\t\t<\/div>\n\n\t\t\n\n\t\t<div class=\"section-content relative\">\n\t\t\t\r\n\r\n<div class=\"row\"  id=\"row-1997411736\">\r\n\r\n\n\t<div id=\"col-1715971989\" class=\"col small-12 large-12\"  >\n\t\t\t\t<div class=\"col-inner text-left\"  >\n\t\t\t\n\t\t\t\r\n\r\n\n<table id=\"tablepress-29\" class=\"tablepress tablepress-id-29\">\n<thead>\n<tr class=\"row-1 odd\">\n\t<th class=\"column-1\">Eklenti Ad\u0131<\/th><th class=\"column-2\">Versiyon<\/th><th class=\"column-3\">\u0130ndir<\/th><th class=\"column-4\">G\u00fcncelleme<\/th><th class=\"column-5\">Bilgi<\/th>\n<\/tr>\n<\/thead>\n<tbody class=\"row-hover\">\n<tr class=\"row-2 even\">\n\t<td class=\"column-1\">FacetWP - Advanced Filtering for WordPress<\/td><td class=\"column-2\">4.5<\/td><td class=\"column-3\"><a class=\"download-link\" title=\"\u0130ndir &ldquo;FacetWP - Advanced Filtering for WordPress&rdquo;&nbsp;Versiyon 4.5\" href=\"https:\/\/wpdepo.com\/tr\/\/download\/2439\/\" rel=\"nofollow\">\n\t\u0130ndir<\/a><\/td><td class=\"column-4\">31 Mart 2026<\/td><td class=\"column-5\"><a href=\"https:\/\/facetwp.com\/\" target=\"_blank\" rel=\"noopener\">Eklenti Sayfas\u0131<\/a><\/td>\n<\/tr>\n<\/tbody>\n<\/table>\n\r\n\r\n\t\t<\/div>\n\t\t\t\t\t<\/div>\n\n\t\r\n\r\n<\/div>\r\n\r\n\t\t<\/div>\n\n\t\t\n<style>\n#section_1739932307 {\n  padding-top: 30px;\n  padding-bottom: 30px;\n}\n<\/style>\n\t<\/section>\n\t","protected":false},"excerpt":{"rendered":"","protected":false},"author":1,"featured_media":0,"parent":0,"menu_order":0,"comment_status":"closed","ping_status":"closed","template":"page-blank.php","meta":{"footnotes":""},"class_list":["post-2442","page","type-page","status-publish","hentry"],"_links":{"self":[{"href":"https:\/\/wpdepo.com\/tr\/wp-json\/wp\/v2\/pages\/2442","targetHints":{"allow":["GET"]}}],"collection":[{"href":"https:\/\/wpdepo.com\/tr\/wp-json\/wp\/v2\/pages"}],"about":[{"href":"https:\/\/wpdepo.com\/tr\/wp-json\/wp\/v2\/types\/page"}],"author":[{"embeddable":true,"href":"https:\/\/wpdepo.com\/tr\/wp-json\/wp\/v2\/users\/1"}],"replies":[{"embeddable":true,"href":"https:\/\/wpdepo.com\/tr\/wp-json\/wp\/v2\/comments?post=2442"}],"version-history":[{"count":0,"href":"https:\/\/wpdepo.com\/tr\/wp-json\/wp\/v2\/pages\/2442\/revisions"}],"wp:attachment":[{"href":"https:\/\/wpdepo.com\/tr\/wp-json\/wp\/v2\/media?parent=2442"}],"curies":[{"name":"wp","href":"https:\/\/api.w.org\/{rel}","templated":true}]}}