{"id":2430,"date":"2017-09-03T02:11:15","date_gmt":"2017-09-02T23:11:15","guid":{"rendered":"https:\/\/wpdepo.com\/?page_id=2430\/"},"modified":"2018-09-03T20:46:19","modified_gmt":"2018-09-03T17:46:19","slug":"elementor-pro-eklentileri","status":"publish","type":"page","link":"https:\/\/wpdepo.com\/tr\/elementor-pro-eklentileri\/","title":{"rendered":"Elementor Pro Eklentileri"},"content":{"rendered":"\n\t<section class=\"section\" id=\"section_1241286545\">\n\t\t<div class=\"section-bg fill\" >\n\t\t\t\t\t\t\t\t\t\n\t\t\t\n\n\t\t<\/div>\n\n\t\t\n\n\t\t<div class=\"section-content relative\">\n\t\t\t\r\n\r\n<div class=\"row\"  id=\"row-2108276532\">\r\n\r\n\n\t<div id=\"col-950901542\" class=\"col small-12 large-12\"  >\n\t\t\t\t<div class=\"col-inner text-left\"  >\n\t\t\t\n\t\t\t\r\n\r\n<h2 style=\"text-align: center;\">Elementor Pro<\/h2>\r\n<p>Elementor Pro eklentisi, WordPress deposunda bulunan \u00fccretsiz <a href=\"https:\/\/tr.wordpress.org\/plugins\/elementor\/\" target=\"_blank\" rel=\"noopener\">Elementor Page Builder<\/a> eklentisinin PRO s\u00fcr\u00fcm\u00fcd\u00fcr.<\/p>\r\n<p>Elementor Pro eklentisi Elementor&#8217;un bir uzant\u0131s\u0131d\u0131r. Bu y\u00fczden \u00f6ncelikle Elementor&#8217;un \u00fccretsiz s\u00fcr\u00fcm\u00fcn\u00fc kurman\u0131z gerekmektedir.<\/p>\r\n<p>Elementor Page Builder eklentisine yeni \u00f6geler ve ara\u00e7lar ekleyerek yeteneklerinizi geli\u015ftirebilirsiniz. Ayr\u0131ca Elementor i\u00e7in geli\u015ftirilen Jet eklentilerini de <a href=\"\/jet-plugins-for-elementor\/\">bu sayfam\u0131zdan<\/a> indirebilirsiniz.<\/p>\r\n\r\n\t\t<\/div>\n\t\t\t\t\t<\/div>\n\n\t\r\n\r\n<\/div>\r\n\r\n\t\t<\/div>\n\n\t\t\n<style>\n#section_1241286545 {\n  padding-top: 0px;\n  padding-bottom: 0px;\n  background-color: rgb(245, 245, 245);\n}\n<\/style>\n\t<\/section>\n\t\r\n\n\t<section class=\"section\" id=\"section_534365053\">\n\t\t<div class=\"section-bg fill\" >\n\t\t\t\t\t\t\t\t\t\n\t\t\t\n\n\t\t<\/div>\n\n\t\t\n\n\t\t<div class=\"section-content relative\">\n\t\t\t\r\n\r\n<div class=\"row\"  id=\"row-841810565\">\r\n\r\n\n\t<div id=\"col-666662894\" class=\"col small-12 large-12\"  >\n\t\t\t\t<div class=\"col-inner text-left\"  >\n\t\t\t\n\t\t\t\r\n\r\n\n<table id=\"tablepress-28\" class=\"tablepress tablepress-id-28\">\n<thead>\n<tr class=\"row-1 odd\">\n\t<th class=\"column-1\">Eklenti Ad\u0131<\/th><th class=\"column-2\">Versiyon<\/th><th class=\"column-3\">\u0130ndir<\/th><th class=\"column-4\">G\u00fcncelleme<\/th><th class=\"column-5\">Bilgi<\/th>\n<\/tr>\n<\/thead>\n<tbody class=\"row-hover\">\n<tr class=\"row-2 even\">\n\t<td class=\"column-1\">AnyWhere Elementor Pro WordPress Plugin<\/td><td class=\"column-2\">2.29.3<\/td><td class=\"column-3\"><a class=\"download-link\" title=\"\u0130ndir &ldquo;AnyWhere Elementor Pro WordPress Plugin&rdquo;&nbsp;Versiyon 2.29.3\" href=\"https:\/\/wpdepo.com\/tr\/\/download\/2427\/\" rel=\"nofollow\">\n\t\u0130ndir<\/a><\/td><td class=\"column-4\">26 Aral\u0131k 2025<\/td><td class=\"column-5\"><a href=\"http:\/\/www.elementoraddons.com\/anywhere-elementor-pro\/\" target=\"_blank\" rel=\"noopener noreferrer\">Eklenti Sayfas\u0131<\/a><\/td>\n<\/tr>\n<tr class=\"row-3 odd\">\n\t<td class=\"column-1\">Briefcase Elementor Widgets<\/td><td class=\"column-2\">2.1.5<\/td><td class=\"column-3\"><a class=\"download-link\" title=\"\u0130ndir &ldquo;Briefcase Elementor Widgets&rdquo;&nbsp;Versiyon 2.1.5\" href=\"https:\/\/wpdepo.com\/tr\/\/download\/19259\/\" rel=\"nofollow\">\n\t\u0130ndir<\/a><\/td><td class=\"column-4\">7 Ocak 2023<\/td><td class=\"column-5\"><a href=\"https:\/\/briefcasewp.com\/briefcase-elementor-widgets\/\" target=\"_blank\" rel=\"noopener noreferrer\">Eklenti Sayfas\u0131<\/a><\/td>\n<\/tr>\n<tr class=\"row-4 even\">\n\t<td class=\"column-1\">CoDesigner Pro (Formerly Woolementor)<\/td><td class=\"column-2\">4.7.6<\/td><td class=\"column-3\"><a class=\"download-link\" title=\"\u0130ndir &ldquo;CoDesigner Pro (Formerly Woolementor)&rdquo;&nbsp;Versiyon 4.7.6\" href=\"https:\/\/wpdepo.com\/tr\/\/download\/54952\/\" rel=\"nofollow\">\n\t\u0130ndir<\/a><\/td><td class=\"column-4\">7 Nisan 2025<\/td><td class=\"column-5\"><a href=\"https:\/\/woolementor.com\/\" target=\"_blank\" rel=\"noopener noreferrer\">Eklenti Sayfas\u0131<\/a><\/td>\n<\/tr>\n<tr class=\"row-5 odd\">\n\t<td class=\"column-1\">Dynamic Content for Elementor<\/td><td class=\"column-2\">3.4.7<\/td><td class=\"column-3\"><a class=\"download-link\" title=\"\u0130ndir &ldquo;Dynamic Content for Elementor&rdquo;&nbsp;Versiyon 3.4.7\" href=\"https:\/\/wpdepo.com\/tr\/\/download\/21888\/\" rel=\"nofollow\">\n\t\u0130ndir<\/a><\/td><td class=\"column-4\">2 Nisan 2026<\/td><td class=\"column-5\"><a href=\"https:\/\/www.dynamic.ooo\/\" target=\"_blank\" rel=\"noopener noreferrer\">Eklenti Sayfas\u0131<\/a><\/td>\n<\/tr>\n<tr class=\"row-6 even\">\n\t<td class=\"column-1\">Element Pack Pro - Addon for Elementor<\/td><td class=\"column-2\">9.3.2<\/td><td class=\"column-3\"><a class=\"download-link\" title=\"\u0130ndir &ldquo;Element Pack Pro - Addon for Elementor&rdquo;&nbsp;Versiyon 9.3.2\" href=\"https:\/\/wpdepo.com\/tr\/\/download\/7687\/\" rel=\"nofollow\">\n\t\u0130ndir<\/a><\/td><td class=\"column-4\">16 Nisan 2026<\/td><td class=\"column-5\"><a href=\"https:\/\/codecanyon.net\/item\/element-pack-addon-for-elementor-page-builder-wordpress-plugin\/21177318\" target=\"_blank\" rel=\"noopener noreferrer\">Eklenti Sayfas\u0131<\/a><\/td>\n<\/tr>\n<tr class=\"row-7 odd\">\n\t<td class=\"column-1\">Elementor Custom Skin Pro<\/td><td class=\"column-2\">3.2.5<\/td><td class=\"column-3\"><a class=\"download-link\" title=\"\u0130ndir &ldquo;Elementor Custom Skin Pro&rdquo;&nbsp;Versiyon 3.2.5\" href=\"https:\/\/wpdepo.com\/tr\/\/download\/52073\/\" rel=\"nofollow\">\n\t\u0130ndir<\/a><\/td><td class=\"column-4\">20 Aral\u0131k 2024<\/td><td class=\"column-5\"><a href=\"https:\/\/dudaster.com\/ecs-pro\/\" target=\"_blank\" rel=\"noopener noreferrer\">Eklenti Sayfas\u0131<\/a><\/td>\n<\/tr>\n<tr class=\"row-8 even\">\n\t<td class=\"column-1\">Elementor Extras<\/td><td class=\"column-2\">2.2.52<\/td><td class=\"column-3\"><a class=\"download-link\" title=\"\u0130ndir &ldquo;Elementor Extras&rdquo;&nbsp;Versiyon 2.2.52\" href=\"https:\/\/wpdepo.com\/tr\/\/download\/5396\/\" rel=\"nofollow\">\n\t\u0130ndir<\/a><\/td><td class=\"column-4\">22 Nisan 2024<\/td><td class=\"column-5\"><a href=\"https:\/\/shop.namogo.com\/product\/elementor-extras\/\" target=\"_blank\" rel=\"noopener noreferrer\">Eklenti Sayfas\u0131<\/a><\/td>\n<\/tr>\n<tr class=\"row-9 odd\">\n\t<td class=\"column-1\">Elementor PRO WordPress Page Builder<\/td><td class=\"column-2\">4.0.2<\/td><td class=\"column-3\"><a class=\"download-link\" title=\"\u0130ndir &ldquo;Elementor PRO WordPress Page Builder&rdquo;&nbsp;Versiyon 4.0.2\" href=\"https:\/\/wpdepo.com\/tr\/\/download\/2425\/\" rel=\"nofollow\">\n\t\u0130ndir<\/a><\/td><td class=\"column-4\">14 Nisan 2026<\/td><td class=\"column-5\"><a href=\"https:\/\/elementor.com\/pro\/\" target=\"_blank\" rel=\"noopener noreferrer\">Eklenti Sayfas\u0131<\/a><\/td>\n<\/tr>\n<tr class=\"row-10 even\">\n\t<td class=\"column-1\">ElementsKit - All In One Addons for Elementor<\/td><td class=\"column-2\">4.3.2<\/td><td class=\"column-3\"><a class=\"download-link\" title=\"\u0130ndir &ldquo;ElementsKit - All In One Addons for Elementor&rdquo;&nbsp;Versiyon 4.3.2\" href=\"https:\/\/wpdepo.com\/tr\/\/download\/32523\/\" rel=\"nofollow\">\n\t\u0130ndir<\/a><\/td><td class=\"column-4\">16 Nisan 2026<\/td><td class=\"column-5\"><a href=\"https:\/\/codecanyon.net\/item\/elements-kit-all-in-one-addons-for-elementor-page-builder\/23858707\" target=\"_blank\" rel=\"noopener noreferrer\">Eklenti Sayfas\u0131<\/a><\/td>\n<\/tr>\n<tr class=\"row-11 odd\">\n\t<td class=\"column-1\">Essential Addons for Elementor - Pro<\/td><td class=\"column-2\">6.8.0<\/td><td class=\"column-3\"><a class=\"download-link\" title=\"\u0130ndir &ldquo;Essential Addons for Elementor - Pro&rdquo;&nbsp;Versiyon 6.8.0\" href=\"https:\/\/wpdepo.com\/tr\/\/download\/6214\/\" rel=\"nofollow\">\n\t\u0130ndir<\/a><\/td><td class=\"column-4\">16 Nisan 2026<\/td><td class=\"column-5\"><a href=\"https:\/\/codecanyon.net\/item\/essential-addons-for-elementor\/20278675\" target=\"_blank\" rel=\"noopener noreferrer\">Eklenti Sayfas\u0131<\/a><\/td>\n<\/tr>\n<tr class=\"row-12 even\">\n\t<td class=\"column-1\">Exclusive Addons Elementor Pro<\/td><td class=\"column-2\">1.5.9.4<\/td><td class=\"column-3\"><a class=\"download-link\" title=\"\u0130ndir &ldquo;Exclusive Addons Elementor Pro&rdquo;&nbsp;Versiyon 1.5.9.4\" href=\"https:\/\/wpdepo.com\/tr\/\/download\/67143\/\" rel=\"nofollow\">\n\t\u0130ndir<\/a><\/td><td class=\"column-4\">2 Aral\u0131k 2025<\/td><td class=\"column-5\"><a href=\"https:\/\/exclusiveaddons.com\/\" target=\"_blank\" rel=\"noopener noreferrer\">Eklenti Sayfas\u0131<\/a><\/td>\n<\/tr>\n<tr class=\"row-13 odd\">\n\t<td class=\"column-1\">Happy Elementor Addons Pro<\/td><td class=\"column-2\">3.5.0<\/td><td class=\"column-3\"><a class=\"download-link\" title=\"\u0130ndir &ldquo;Happy Elementor Addons Pro&rdquo;&nbsp;Versiyon 3.5.0\" href=\"https:\/\/wpdepo.com\/tr\/\/download\/34596\/\" rel=\"nofollow\">\n\t\u0130ndir<\/a><\/td><td class=\"column-4\">7 Nisan 2026<\/td><td class=\"column-5\"><a href=\"https:\/\/happyaddons.com\/\" target=\"_blank\" rel=\"noopener noreferrer\">Eklenti Sayfas\u0131<\/a><\/td>\n<\/tr>\n<tr class=\"row-14 even\">\n\t<td class=\"column-1\">HT Mega Pro<\/td><td class=\"column-2\">2.1.2<\/td><td class=\"column-3\"><a class=\"download-link\" title=\"\u0130ndir &ldquo;HT Mega Pro&rdquo;&nbsp;Versiyon 2.1.2\" href=\"https:\/\/wpdepo.com\/tr\/\/download\/88443\/\" rel=\"nofollow\">\n\t\u0130ndir<\/a><\/td><td class=\"column-4\">19 Ocak 2026<\/td><td class=\"column-5\"><a href=\"https:\/\/wphtmega.com\/\" target=\"_blank\" rel=\"noopener noreferrer\">Eklenti Sayfas\u0131<\/a><\/td>\n<\/tr>\n<tr class=\"row-15 odd\">\n\t<td class=\"column-1\">Livemesh Addons for Elementor Premium<\/td><td class=\"column-2\">9.0<\/td><td class=\"column-3\"><a class=\"download-link\" title=\"\u0130ndir &ldquo;Livemesh Addons for Elementor Premium&rdquo;&nbsp;Versiyon 9.0\" href=\"https:\/\/wpdepo.com\/tr\/\/download\/5770\/\" rel=\"nofollow\">\n\t\u0130ndir<\/a><\/td><td class=\"column-4\">18 Kas\u0131m 2025<\/td><td class=\"column-5\"><a href=\"https:\/\/www.livemeshthemes.com\/products\/elementor-addons\/\" target=\"_blank\" rel=\"noopener noreferrer\">Eklenti Sayfas\u0131<\/a><\/td>\n<\/tr>\n<tr class=\"row-16 even\">\n\t<td class=\"column-1\">Master Addons for Elementor Pro<\/td><td class=\"column-2\">2.0.7.6<\/td><td class=\"column-3\"><a class=\"download-link\" title=\"\u0130ndir &ldquo;Master Addons for Elementor Pro&rdquo;&nbsp;Versiyon 2.0.7.6\" href=\"https:\/\/wpdepo.com\/tr\/\/download\/55500\/\" rel=\"nofollow\">\n\t\u0130ndir<\/a><\/td><td class=\"column-4\">18 Haziran 2025<\/td><td class=\"column-5\"><a href=\"https:\/\/master-addons.com\/\" target=\"_blank\" rel=\"noopener noreferrer\">Eklenti Sayfas\u0131<\/a><\/td>\n<\/tr>\n<tr class=\"row-17 odd\">\n\t<td class=\"column-1\">Piotnet Addons For Elementor Pro<\/td><td class=\"column-2\">7.1.70<\/td><td class=\"column-3\"><a class=\"download-link\" title=\"\u0130ndir &ldquo;Piotnet Addons For Elementor Pro&rdquo;&nbsp;Versiyon 7.1.70\" href=\"https:\/\/wpdepo.com\/tr\/\/download\/18826\/\" rel=\"nofollow\">\n\t\u0130ndir<\/a><\/td><td class=\"column-4\">13 Mart 2026<\/td><td class=\"column-5\"><a href=\"https:\/\/pafe.piotnet.com\/\" target=\"_blank\" rel=\"noopener noreferrer\">Eklenti Sayfas\u0131<\/a><\/td>\n<\/tr>\n<tr class=\"row-18 even\">\n\t<td class=\"column-1\">Prime Slider Pro - Addons For Elementor<\/td><td class=\"column-2\">3.17.0<\/td><td class=\"column-3\"><a class=\"download-link\" title=\"\u0130ndir &ldquo;Prime Slider Pro - Addons For Elementor&rdquo;&nbsp;Versiyon 3.17.0\" href=\"https:\/\/wpdepo.com\/tr\/\/download\/88521\/\" rel=\"nofollow\">\n\t\u0130ndir<\/a><\/td><td class=\"column-4\">5 Eyl\u00fcl 2025<\/td><td class=\"column-5\"><a href=\"https:\/\/primeslider.pro\/\" target=\"_blank\" rel=\"noopener noreferrer\">Eklenti Sayfas\u0131<\/a><\/td>\n<\/tr>\n<tr class=\"row-19 odd\">\n\t<td class=\"column-1\">Premium Addons Pro for Elementor<\/td><td class=\"column-2\">2.9.57<\/td><td class=\"column-3\"><a class=\"download-link\" title=\"\u0130ndir &ldquo;Premium Addons Pro for Elementor&rdquo;&nbsp;Versiyon 2.9.57\" href=\"https:\/\/wpdepo.com\/tr\/\/download\/15581\/\" rel=\"nofollow\">\n\t\u0130ndir<\/a><\/td><td class=\"column-4\">26 Mart 2026<\/td><td class=\"column-5\"><a href=\"https:\/\/premiumaddons.com\/pro\/\" target=\"_blank\" rel=\"noopener noreferrer\">Eklenti Sayfas\u0131<\/a><\/td>\n<\/tr>\n<tr class=\"row-20 even\">\n\t<td class=\"column-1\">PowerPack Elements for Elementor<\/td><td class=\"column-2\">2.12.18<\/td><td class=\"column-3\"><a class=\"download-link\" title=\"\u0130ndir &ldquo;PowerPack Elements for Elementor&rdquo;&nbsp;Versiyon 2.12.18\" href=\"https:\/\/wpdepo.com\/tr\/\/download\/5671\/\" rel=\"nofollow\">\n\t\u0130ndir<\/a><\/td><td class=\"column-4\">2 Nisan 2026<\/td><td class=\"column-5\"><a href=\"https:\/\/powerpackelements.com\/\" target=\"_blank\" rel=\"noopener noreferrer\">Eklenti Sayfas\u0131<\/a><\/td>\n<\/tr>\n<tr class=\"row-21 odd\">\n\t<td class=\"column-1\">Qi Addons for Elementor Premium<\/td><td class=\"column-2\">1.11<\/td><td class=\"column-3\"><a class=\"download-link\" title=\"\u0130ndir &ldquo;Qi Addons for Elementor Premium&rdquo;&nbsp;Versiyon 1.11\" href=\"https:\/\/wpdepo.com\/tr\/\/download\/86496\/\" rel=\"nofollow\">\n\t\u0130ndir<\/a><\/td><td class=\"column-4\">13 Mart 2026<\/td><td class=\"column-5\"><a href=\"https:\/\/qodeinteractive.com\/qi-addons-for-elementor\/\" target=\"_blank\" rel=\"noopener noreferrer\">Eklenti Sayfas\u0131<\/a><\/td>\n<\/tr>\n<tr class=\"row-22 even\">\n\t<td class=\"column-1\">Royal Elementor Addons Pro<\/td><td class=\"column-2\">1.6.00<\/td><td class=\"column-3\"><a class=\"download-link\" title=\"\u0130ndir &ldquo;Royal Elementor Addons Pro&rdquo;&nbsp;Versiyon 1.6.00\" href=\"https:\/\/wpdepo.com\/tr\/\/download\/88708\/\" rel=\"nofollow\">\n\t\u0130ndir<\/a><\/td><td class=\"column-4\">31 Mart 2026<\/td><td class=\"column-5\"><a href=\"https:\/\/royal-elementor-addons.com\/\" target=\"_blank\" rel=\"noopener noreferrer\">Eklenti Sayfas\u0131<\/a><\/td>\n<\/tr>\n<tr class=\"row-23 odd\">\n\t<td class=\"column-1\">ShopEngine Pro<\/td><td class=\"column-2\">2.7.1<\/td><td class=\"column-3\"><a class=\"download-link\" title=\"\u0130ndir &ldquo;ShopEngine Pro&rdquo;&nbsp;Versiyon 2.7.1\" href=\"https:\/\/wpdepo.com\/tr\/\/download\/81760\/\" rel=\"nofollow\">\n\t\u0130ndir<\/a><\/td><td class=\"column-4\">24 Kas\u0131m 2025<\/td><td class=\"column-5\"><a href=\"https:\/\/wpmet.com\/plugin\/shopengine\/\" target=\"_blank\" rel=\"noopener noreferrer\">Eklenti Sayfas\u0131<\/a><\/td>\n<\/tr>\n<tr class=\"row-24 even\">\n\t<td class=\"column-1\">ShopLentor Pro (WooLentor Pro)<\/td><td class=\"column-2\">2.7.9<\/td><td class=\"column-3\"><a class=\"download-link\" title=\"\u0130ndir &ldquo;ShopLentor Pro (WooLentor Pro)&rdquo;&nbsp;Versiyon 2.7.9\" href=\"https:\/\/wpdepo.com\/tr\/\/download\/35305\/\" rel=\"nofollow\">\n\t\u0130ndir<\/a><\/td><td class=\"column-4\">31 Mart 2026<\/td><td class=\"column-5\"><a href=\"https:\/\/hasthemes.com\/plugins\/woolentor-pro-woocommerce-page-builder\/\" target=\"_blank\" rel=\"noopener noreferrer\">Eklenti Sayfas\u0131<\/a><\/td>\n<\/tr>\n<tr class=\"row-25 odd\">\n\t<td class=\"column-1\">Sky Addons for Elementor Pro<\/td><td class=\"column-2\">4.0.3<\/td><td class=\"column-3\"><a class=\"download-link\" title=\"\u0130ndir &ldquo;Sky Addons for Elementor Pro&rdquo;&nbsp;Versiyon 4.0.3\" href=\"https:\/\/wpdepo.com\/tr\/\/download\/89187\/\" rel=\"nofollow\">\n\t\u0130ndir<\/a><\/td><td class=\"column-4\">7 Mart 2026<\/td><td class=\"column-5\"><a href=\"https:\/\/skyaddons.com\/\" target=\"_blank\" rel=\"noopener noreferrer\">Eklenti Sayfas\u0131<\/a><\/td>\n<\/tr>\n<tr class=\"row-26 even\">\n\t<td class=\"column-1\">The Plus Addons for Elementor Page Builder<\/td><td class=\"column-2\">6.4.9<\/td><td class=\"column-3\"><a class=\"download-link\" title=\"\u0130ndir &ldquo;The Plus Addons for Elementor Page Builder&rdquo;&nbsp;Versiyon 6.4.9\" href=\"https:\/\/wpdepo.com\/tr\/\/download\/19369\/\" rel=\"nofollow\">\n\t\u0130ndir<\/a><\/td><td class=\"column-4\">9 Nisan 2026<\/td><td class=\"column-5\"><a href=\"https:\/\/elementor.theplusaddons.com\/\" target=\"_blank\" rel=\"noopener noreferrer\">Eklenti Sayfas\u0131<\/a><\/td>\n<\/tr>\n<tr class=\"row-27 odd\">\n\t<td class=\"column-1\">ToolKit For Elementor<\/td><td class=\"column-2\">1.6<\/td><td class=\"column-3\"><a class=\"download-link\" title=\"\u0130ndir &ldquo;ToolKit For Elementor&rdquo;&nbsp;Versiyon 1.6\" href=\"https:\/\/wpdepo.com\/tr\/\/download\/53101\/\" rel=\"nofollow\">\n\t\u0130ndir<\/a><\/td><td class=\"column-4\">7 Ocak 2025<\/td><td class=\"column-5\"><a href=\"https:\/\/toolkitforelementor.com\/\" target=\"_blank\" rel=\"noopener noreferrer\">Eklenti Sayfas\u0131<\/a><\/td>\n<\/tr>\n<tr class=\"row-28 even\">\n\t<td class=\"column-1\">Ultimate Addons for Elementor<\/td><td class=\"column-2\">1.44.2<\/td><td class=\"column-3\"><a class=\"download-link\" title=\"\u0130ndir &ldquo;Ultimate Addons for Elementor&rdquo;&nbsp;Versiyon 1.44.2\" href=\"https:\/\/wpdepo.com\/tr\/\/download\/7236\/\" rel=\"nofollow\">\n\t\u0130ndir<\/a><\/td><td class=\"column-4\">2 Nisan 2026<\/td><td class=\"column-5\"><a href=\"https:\/\/uaelementor.com\/\" target=\"_blank\" rel=\"noopener noreferrer\">Eklenti Sayfas\u0131<\/a><\/td>\n<\/tr>\n<tr class=\"row-29 odd\">\n\t<td class=\"column-1\">Ultimate Post Kit Pro<\/td><td class=\"column-2\">3.13.3<\/td><td class=\"column-3\"><a class=\"download-link\" title=\"\u0130ndir &ldquo;Ultimate Post Kit Pro&rdquo;&nbsp;Versiyon 3.13.3\" href=\"https:\/\/wpdepo.com\/tr\/\/download\/82214\/\" rel=\"nofollow\">\n\t\u0130ndir<\/a><\/td><td class=\"column-4\">25 \u015eubat 2025<\/td><td class=\"column-5\"><a href=\"https:\/\/postkit.pro\/\" target=\"_blank\" rel=\"noopener noreferrer\">Eklenti Sayfas\u0131<\/a><\/td>\n<\/tr>\n<tr class=\"row-30 even\">\n\t<td class=\"column-1\">Unlimited Elements for Elementor Premium<\/td><td class=\"column-2\">2.0.6<\/td><td class=\"column-3\"><a class=\"download-link\" title=\"\u0130ndir &ldquo;Unlimited Elements for Elementor Premium&rdquo;&nbsp;Versiyon 2.0.6\" href=\"https:\/\/wpdepo.com\/tr\/\/download\/24164\/\" rel=\"nofollow\">\n\t\u0130ndir<\/a><\/td><td class=\"column-4\">27 \u015eubat 2026<\/td><td class=\"column-5\"><a href=\"http:\/\/unlimited-elements.com\" target=\"_blank\" rel=\"noopener noreferrer\">Eklenti Sayfas\u0131<\/a><\/td>\n<\/tr>\n<tr class=\"row-31 odd\">\n\t<td class=\"column-1\">White Label Branding for Elementor<\/td><td class=\"column-2\">1.0.4.3<\/td><td class=\"column-3\"><a class=\"download-link\" title=\"\u0130ndir &ldquo;White Label Branding for Elementor&rdquo;&nbsp;Versiyon 1.0.4.3\" href=\"https:\/\/wpdepo.com\/tr\/\/download\/17513\/\" rel=\"nofollow\">\n\t\u0130ndir<\/a><\/td><td class=\"column-4\">10 Aral\u0131k 2018<\/td><td class=\"column-5\"><a href=\"https:\/\/powerpackelements.com\/white-label-branding-elementor\/\" target=\"_blank\" rel=\"noopener noreferrer\">Eklenti Sayfas\u0131<\/a><\/td>\n<\/tr>\n<tr class=\"row-32 even\">\n\t<td class=\"column-1\">WidgetKit Pro - All-in-One Addons for Elementor<\/td><td class=\"column-2\">1.14.0<\/td><td class=\"column-3\"><a class=\"download-link\" title=\"\u0130ndir &ldquo;WidgetKit Pro - All-in-One Addons for Elementor&rdquo;&nbsp;Versiyon 1.14.0\" href=\"https:\/\/wpdepo.com\/tr\/\/download\/88195\/\" rel=\"nofollow\">\n\t\u0130ndir<\/a><\/td><td class=\"column-4\">2 Ocak 2026<\/td><td class=\"column-5\"><a href=\"https:\/\/widgetkit.themesgrove.com\/\" target=\"_blank\" rel=\"noopener noreferrer\">Eklenti Sayfas\u0131<\/a><\/td>\n<\/tr>\n<\/tbody>\n<\/table>\n\r\n\r\n\t\t<\/div>\n\t\t\t\t\t<\/div>\n\n\t\r\n\r\n<\/div>\r\n\r\n\t\t<\/div>\n\n\t\t\n<style>\n#section_534365053 {\n  padding-top: 30px;\n  padding-bottom: 30px;\n}\n<\/style>\n\t<\/section>\n\t","protected":false},"excerpt":{"rendered":"","protected":false},"author":1,"featured_media":0,"parent":0,"menu_order":0,"comment_status":"closed","ping_status":"closed","template":"page-blank.php","meta":{"footnotes":""},"class_list":["post-2430","page","type-page","status-publish","hentry"],"_links":{"self":[{"href":"https:\/\/wpdepo.com\/tr\/wp-json\/wp\/v2\/pages\/2430","targetHints":{"allow":["GET"]}}],"collection":[{"href":"https:\/\/wpdepo.com\/tr\/wp-json\/wp\/v2\/pages"}],"about":[{"href":"https:\/\/wpdepo.com\/tr\/wp-json\/wp\/v2\/types\/page"}],"author":[{"embeddable":true,"href":"https:\/\/wpdepo.com\/tr\/wp-json\/wp\/v2\/users\/1"}],"replies":[{"embeddable":true,"href":"https:\/\/wpdepo.com\/tr\/wp-json\/wp\/v2\/comments?post=2430"}],"version-history":[{"count":0,"href":"https:\/\/wpdepo.com\/tr\/wp-json\/wp\/v2\/pages\/2430\/revisions"}],"wp:attachment":[{"href":"https:\/\/wpdepo.com\/tr\/wp-json\/wp\/v2\/media?parent=2430"}],"curies":[{"name":"wp","href":"https:\/\/api.w.org\/{rel}","templated":true}]}}