{"id":2403,"date":"2017-09-03T01:28:23","date_gmt":"2017-09-02T22:28:23","guid":{"rendered":"https:\/\/wpdepo.com\/?page_id=2403\/"},"modified":"2018-09-03T20:46:20","modified_gmt":"2018-09-03T17:46:20","slug":"events-calendar-eklentileri","status":"publish","type":"page","link":"https:\/\/wpdepo.com\/tr\/events-calendar-eklentileri\/","title":{"rendered":"Events Calendar Eklentileri"},"content":{"rendered":"\n\t<section class=\"section\" id=\"section_1276304284\">\n\t\t<div class=\"section-bg fill\" >\n\t\t\t\t\t\t\t\t\t\n\t\t\t\n\n\t\t<\/div>\n\n\t\t\n\n\t\t<div class=\"section-content relative\">\n\t\t\t\r\n\r\n<div class=\"row\"  id=\"row-1194593923\">\r\n\r\n\n\t<div id=\"col-803174921\" class=\"col small-12 large-12\"  >\n\t\t\t\t<div class=\"col-inner text-left\"  >\n\t\t\t\n\t\t\t\r\n\r\n<h2 style=\"text-align: center;\">Events Calendar<\/h2>\r\n<p>Modern Tribe taraf\u0131ndan geli\u015ftirilen Events Calendar eklentileri, etkinliklerinizi, konserlerinizi ve performanslar\u0131n\u0131z\u0131 payla\u015fman\u0131za olanak tan\u0131r.<\/p>\r\n<p>Bilet sat\u0131\u015f\u0131, kay\u0131t alma, topluluk etkinlikleri ve arama olanaklar\u0131 dahil ederek eklentinin i\u015flevselli\u011fini artt\u0131rabilirsiniz.<\/p>\r\n\r\n\t\t<\/div>\n\t\t\t\t\t<\/div>\n\n\t\r\n\r\n<\/div>\r\n\r\n\t\t<\/div>\n\n\t\t\n<style>\n#section_1276304284 {\n  padding-top: 0px;\n  padding-bottom: 0px;\n  background-color: rgb(245, 245, 245);\n}\n<\/style>\n\t<\/section>\n\t\r\n\n\t<section class=\"section\" id=\"section_89605439\">\n\t\t<div class=\"section-bg fill\" >\n\t\t\t\t\t\t\t\t\t\n\t\t\t\n\n\t\t<\/div>\n\n\t\t\n\n\t\t<div class=\"section-content relative\">\n\t\t\t\r\n\r\n<div class=\"row\"  id=\"row-475963278\">\r\n\r\n\n\t<div id=\"col-1486178290\" class=\"col small-12 large-12\"  >\n\t\t\t\t<div class=\"col-inner text-left\"  >\n\t\t\t\n\t\t\t\r\n\r\n\n<table id=\"tablepress-27\" class=\"tablepress tablepress-id-27\">\n<thead>\n<tr class=\"row-1 odd\">\n\t<th class=\"column-1\">Eklenti Ad\u0131<\/th><th class=\"column-2\">Versiyon<\/th><th class=\"column-3\">\u0130ndir<\/th><th class=\"column-4\">G\u00fcncelleme<\/th><th class=\"column-5\">Bilgi<\/th>\n<\/tr>\n<\/thead>\n<tbody class=\"row-hover\">\n<tr class=\"row-2 even\">\n\t<td class=\"column-1\">The Events Calendar Community Events<\/td><td class=\"column-2\">5.0.15<\/td><td class=\"column-3\"><a class=\"download-link\" title=\"\u0130ndir &ldquo;The Events Calendar Community Events&rdquo;&nbsp;Versiyon 5.0.15\" href=\"https:\/\/wpdepo.com\/tr\/\/download\/2392\/\" rel=\"nofollow\">\n\t\u0130ndir<\/a><\/td><td class=\"column-4\">31 Mart 2026<\/td><td class=\"column-5\"><a href=\"https:\/\/theeventscalendar.com\/product\/wordpress-community-events\/\" target=\"_blank\" rel=\"noopener noreferrer\">Eklenti Sayfas\u0131<\/a><\/td>\n<\/tr>\n<tr class=\"row-3 odd\">\n\t<td class=\"column-1\">The Events Calendar Community Tickets<\/td><td class=\"column-2\">4.9.6<\/td><td class=\"column-3\"><a class=\"download-link\" title=\"\u0130ndir &ldquo;The Events Calendar Community Tickets&rdquo;&nbsp;Versiyon 4.9.6\" href=\"https:\/\/wpdepo.com\/tr\/\/download\/2394\/\" rel=\"nofollow\">\n\t\u0130ndir<\/a><\/td><td class=\"column-4\">13 May\u0131s 2024<\/td><td class=\"column-5\"><a href=\"https:\/\/theeventscalendar.com\/product\/community-tickets\/\" target=\"_blank\" rel=\"noopener noreferrer\">Eklenti Sayfas\u0131<\/a><\/td>\n<\/tr>\n<tr class=\"row-4 even\">\n\t<td class=\"column-1\">The Events Calendar Event Schedule Manager<\/td><td class=\"column-2\">1.2.2<\/td><td class=\"column-3\"><a class=\"download-link\" title=\"\u0130ndir &ldquo;The Events Calendar Event Schedule Manager&rdquo;&nbsp;Versiyon 1.2.2\" href=\"https:\/\/wpdepo.com\/tr\/\/download\/82849\/\" rel=\"nofollow\">\n\t\u0130ndir<\/a><\/td><td class=\"column-4\">19 Haziran 2025<\/td><td class=\"column-5\"><a href=\"https:\/\/theeventscalendar.com\/products\/event-schedule-manager\/\" target=\"_blank\" rel=\"noopener noreferrer\">Eklenti Sayfas\u0131<\/a><\/td>\n<\/tr>\n<tr class=\"row-5 odd\">\n\t<td class=\"column-1\">The Events Calendar Event Tickets Plus<\/td><td class=\"column-2\">6.9.2<\/td><td class=\"column-3\"><a class=\"download-link\" title=\"\u0130ndir &ldquo;The Events Calendar Event Tickets Plus&rdquo;&nbsp;Versiyon 6.9.2\" href=\"https:\/\/wpdepo.com\/tr\/\/download\/2388\/\" rel=\"nofollow\">\n\t\u0130ndir<\/a><\/td><td class=\"column-4\">26 Mart 2026<\/td><td class=\"column-5\"><a href=\"https:\/\/theeventscalendar.com\/product\/wordpress-event-tickets-plus\/\" target=\"_blank\" rel=\"noopener noreferrer\">Eklenti Sayfas\u0131<\/a><\/td>\n<\/tr>\n<tr class=\"row-6 even\">\n\t<td class=\"column-1\">The Events Calendar Eventbrite Tickets<\/td><td class=\"column-2\">4.7.1<\/td><td class=\"column-3\"><a class=\"download-link\" title=\"\u0130ndir &ldquo;The Events Calendar Eventbrite Tickets&rdquo;&nbsp;Versiyon 4.7.1\" href=\"https:\/\/wpdepo.com\/tr\/\/download\/2396\/\" rel=\"nofollow\">\n\t\u0130ndir<\/a><\/td><td class=\"column-4\">25 Ekim 2025<\/td><td class=\"column-5\"><a href=\"https:\/\/theeventscalendar.com\/product\/wordpress-eventbrite-tickets\/\" target=\"_blank\" rel=\"noopener noreferrer\">Eklenti Sayfas\u0131<\/a><\/td>\n<\/tr>\n<tr class=\"row-7 odd\">\n\t<td class=\"column-1\">The Events Calendar Filter Bar<\/td><td class=\"column-2\">5.6.3<\/td><td class=\"column-3\"><a class=\"download-link\" title=\"\u0130ndir &ldquo;The Events Calendar Filter Bar&rdquo;&nbsp;Versiyon 5.6.3\" href=\"https:\/\/wpdepo.com\/tr\/\/download\/2398\/\" rel=\"nofollow\">\n\t\u0130ndir<\/a><\/td><td class=\"column-4\">26 Mart 2026<\/td><td class=\"column-5\"><a href=\"https:\/\/theeventscalendar.com\/product\/wordpress-events-filterbar\/\" target=\"_blank\" rel=\"noopener noreferrer\">Eklenti Sayfas\u0131<\/a><\/td>\n<\/tr>\n<tr class=\"row-8 even\">\n\t<td class=\"column-1\">The Events Calendar PRO WordPress Plugin<\/td><td class=\"column-2\">7.7.14<\/td><td class=\"column-3\"><a class=\"download-link\" title=\"\u0130ndir &ldquo;The Events Calendar PRO WordPress Plugin&rdquo;&nbsp;Versiyon 7.7.14\" href=\"https:\/\/wpdepo.com\/tr\/\/download\/2400\/\" rel=\"nofollow\">\n\t\u0130ndir<\/a><\/td><td class=\"column-4\">26 Mart 2026<\/td><td class=\"column-5\"><a href=\"https:\/\/theeventscalendar.com\/product\/wordpress-events-calendar-pro\/\" target=\"_blank\" rel=\"noopener noreferrer\">Eklenti Sayfas\u0131<\/a><\/td>\n<\/tr>\n<tr class=\"row-9 odd\">\n\t<td class=\"column-1\">The Events Calendar Virtual Events<\/td><td class=\"column-2\">1.15.8<\/td><td class=\"column-3\"><a class=\"download-link\" title=\"\u0130ndir &ldquo;The Events Calendar Virtual Events&rdquo;&nbsp;Versiyon 1.15.8\" href=\"https:\/\/wpdepo.com\/tr\/\/download\/52713\/\" rel=\"nofollow\">\n\t\u0130ndir<\/a><\/td><td class=\"column-4\">30 Nisan 2024<\/td><td class=\"column-5\"><a href=\"https:\/\/theeventscalendar.com\/products\/wordpress-virtual-events\/\" target=\"_blank\" rel=\"noopener noreferrer\">Eklenti Sayfas\u0131<\/a><\/td>\n<\/tr>\n<\/tbody>\n<\/table>\n\r\n\r\n\t\t<\/div>\n\t\t\t\t\t<\/div>\n\n\t\r\n\r\n<\/div>\r\n\r\n\t\t<\/div>\n\n\t\t\n<style>\n#section_89605439 {\n  padding-top: 30px;\n  padding-bottom: 30px;\n}\n<\/style>\n\t<\/section>\n\t","protected":false},"excerpt":{"rendered":"","protected":false},"author":1,"featured_media":0,"parent":0,"menu_order":0,"comment_status":"closed","ping_status":"closed","template":"page-blank.php","meta":{"footnotes":""},"class_list":["post-2403","page","type-page","status-publish","hentry"],"_links":{"self":[{"href":"https:\/\/wpdepo.com\/tr\/wp-json\/wp\/v2\/pages\/2403","targetHints":{"allow":["GET"]}}],"collection":[{"href":"https:\/\/wpdepo.com\/tr\/wp-json\/wp\/v2\/pages"}],"about":[{"href":"https:\/\/wpdepo.com\/tr\/wp-json\/wp\/v2\/types\/page"}],"author":[{"embeddable":true,"href":"https:\/\/wpdepo.com\/tr\/wp-json\/wp\/v2\/users\/1"}],"replies":[{"embeddable":true,"href":"https:\/\/wpdepo.com\/tr\/wp-json\/wp\/v2\/comments?post=2403"}],"version-history":[{"count":0,"href":"https:\/\/wpdepo.com\/tr\/wp-json\/wp\/v2\/pages\/2403\/revisions"}],"wp:attachment":[{"href":"https:\/\/wpdepo.com\/tr\/wp-json\/wp\/v2\/media?parent=2403"}],"curies":[{"name":"wp","href":"https:\/\/api.w.org\/{rel}","templated":true}]}}