{"id":24004,"date":"2019-05-02T19:41:09","date_gmt":"2019-05-02T19:41:09","guid":{"rendered":"https:\/\/wpdepo.com\/?page_id=24004"},"modified":"2019-05-02T19:41:17","modified_gmt":"2019-05-02T19:41:17","slug":"geodirectory-eklentileri","status":"publish","type":"page","link":"https:\/\/wpdepo.com\/tr\/geodirectory-eklentileri\/","title":{"rendered":"GeoDirectory Eklentileri"},"content":{"rendered":"\n\t<section class=\"section\" id=\"section_838630637\">\n\t\t<div class=\"section-bg fill\" >\n\t\t\t\t\t\t\t\t\t\n\t\t\t\n\n\t\t<\/div>\n\n\t\t\n\n\t\t<div class=\"section-content relative\">\n\t\t\t\r\n\r\n<div class=\"row\"  id=\"row-1176038552\">\r\n\r\n\n\t<div id=\"col-1969426402\" class=\"col small-12 large-12\"  >\n\t\t\t\t<div class=\"col-inner text-left\"  >\n\t\t\t\n\t\t\t\r\n\r\n<h2 style=\"text-align: center;\">GeoDirectory<\/h2>\r\n<p>GeoDirectory, WordPress ile firma rehberi sitesi haz\u0131rlaman\u0131za imkan veren dizin eklentisidir. \u00dccretsiz olan GeoDirectory eklentisinin premium eklentilerini bu sayfadan indirebilirsiniz.<\/p>\r\n\r\n\t\t<\/div>\n\t\t\t\t\t<\/div>\n\n\t\r\n\r\n<\/div>\r\n\r\n\t\t<\/div>\n\n\t\t\n<style>\n#section_838630637 {\n  padding-top: 0px;\n  padding-bottom: 0px;\n  background-color: rgb(245, 245, 245);\n}\n<\/style>\n\t<\/section>\n\t\r\n\n\t<section class=\"section\" id=\"section_1055235903\">\n\t\t<div class=\"section-bg fill\" >\n\t\t\t\t\t\t\t\t\t\n\t\t\t\n\n\t\t<\/div>\n\n\t\t\n\n\t\t<div class=\"section-content relative\">\n\t\t\t\r\n\r\n<div class=\"row\"  id=\"row-1270066424\">\r\n\r\n\n\t<div id=\"col-616976694\" class=\"col small-12 large-12\"  >\n\t\t\t\t<div class=\"col-inner text-left\"  >\n\t\t\t\n\t\t\t\r\n\r\n\n<table id=\"tablepress-84\" class=\"tablepress tablepress-id-84\">\n<thead>\n<tr class=\"row-1 odd\">\n\t<th class=\"column-1\">Eklenti Ad\u0131<\/th><th class=\"column-2\">Versiyon<\/th><th class=\"column-3\">\u0130ndir<\/th><th class=\"column-4\">G\u00fcncelleme<\/th><th class=\"column-5\">Bilgi<\/th>\n<\/tr>\n<\/thead>\n<tbody class=\"row-hover\">\n<tr class=\"row-2 even\">\n\t<td class=\"column-1\">GeoDirectory Advance Search Filters<\/td><td class=\"column-2\">2.3.32<\/td><td class=\"column-3\"><a class=\"download-link\" title=\"\u0130ndir &ldquo;GeoDirectory Advance Search Filters&rdquo;&nbsp;Versiyon 2.3.32\" href=\"https:\/\/wpdepo.com\/tr\/\/download\/23964\/\" rel=\"nofollow\">\n\t\u0130ndir<\/a><\/td><td class=\"column-4\">3 Nisan 2026<\/td><td class=\"column-5\"><a href=\"https:\/\/wpgeodirectory.com\/downloads\/advanced-search-add-on\/\" target=\"_blank\" rel=\"noopener noreferrer\">Eklenti Sayfas\u0131<\/a><\/td>\n<\/tr>\n<tr class=\"row-3 odd\">\n\t<td class=\"column-1\">GeoDirectory Advertising<\/td><td class=\"column-2\">1.2.7<\/td><td class=\"column-3\"><a class=\"download-link\" title=\"\u0130ndir &ldquo;GeoDirectory Advertising&rdquo;&nbsp;Versiyon 1.2.7\" href=\"https:\/\/wpdepo.com\/tr\/\/download\/99245\/\" rel=\"nofollow\">\n\t\u0130ndir<\/a><\/td><td class=\"column-4\">3 Nisan 2026<\/td><td class=\"column-5\"><a href=\"https:\/\/wpgeodirectory.com\/downloads\/advertising\/\" target=\"_blank\" rel=\"noopener noreferrer\">Eklenti Sayfas\u0131<\/a><\/td>\n<\/tr>\n<tr class=\"row-4 even\">\n\t<td class=\"column-1\">GeoDirectory AffiliateWP Integration<\/td><td class=\"column-2\">1.0.8<\/td><td class=\"column-3\"><a class=\"download-link\" title=\"\u0130ndir &ldquo;GeoDirectory AffiliateWP Integration&rdquo;&nbsp;Versiyon 1.0.8\" href=\"https:\/\/wpdepo.com\/tr\/\/download\/23966\/\" rel=\"nofollow\">\n\t\u0130ndir<\/a><\/td><td class=\"column-4\">19 Nisan 2017<\/td><td class=\"column-5\"><a href=\"https:\/\/wpgeodirectory.com\/downloads\/affiliatewp-integration\/\" target=\"_blank\" rel=\"noopener noreferrer\">Eklenti Sayfas\u0131<\/a><\/td>\n<\/tr>\n<tr class=\"row-5 odd\">\n\t<td class=\"column-1\">GeoDirectory Ajax Duplicate Alert<\/td><td class=\"column-2\">2.3.5<\/td><td class=\"column-3\"><a class=\"download-link\" title=\"\u0130ndir &ldquo;GeoDirectory Ajax Duplicate Alert&rdquo;&nbsp;Versiyon 2.3.5\" href=\"https:\/\/wpdepo.com\/tr\/\/download\/23968\/\" rel=\"nofollow\">\n\t\u0130ndir<\/a><\/td><td class=\"column-4\">29 Aral\u0131k 2025<\/td><td class=\"column-5\"><a href=\"https:\/\/wpgeodirectory.com\/downloads\/ajax-duplicate-alert\/\" target=\"_blank\" rel=\"noopener noreferrer\">Eklenti Sayfas\u0131<\/a><\/td>\n<\/tr>\n<tr class=\"row-6 even\">\n\t<td class=\"column-1\">GeoDirectory Booking Appointments<\/td><td class=\"column-2\">0.1.13-beta<\/td><td class=\"column-3\"><a class=\"download-link\" title=\"\u0130ndir &ldquo;GeoDirectory Booking Appointments&rdquo;&nbsp;Versiyon 0.1.13-beta\" href=\"https:\/\/wpdepo.com\/tr\/\/download\/99075\/\" rel=\"nofollow\">\n\t\u0130ndir<\/a><\/td><td class=\"column-4\">3 Nisan 2026<\/td><td class=\"column-5\"><a href=\"https:\/\/wpgeodirectory.com\/downloads\/appointments\/\" target=\"_blank\" rel=\"noopener noreferrer\">Eklenti Sayfas\u0131<\/a><\/td>\n<\/tr>\n<tr class=\"row-7 odd\">\n\t<td class=\"column-1\">GeoDirectory Booking Marketplace<\/td><td class=\"column-2\">2.1.16<\/td><td class=\"column-3\"><a class=\"download-link\" title=\"\u0130ndir &ldquo;GeoDirectory Booking Marketplace&rdquo;&nbsp;Versiyon 2.1.16\" href=\"https:\/\/wpdepo.com\/tr\/\/download\/83804\/\" rel=\"nofollow\">\n\t\u0130ndir<\/a><\/td><td class=\"column-4\">3 Nisan 2026<\/td><td class=\"column-5\"><a href=\"https:\/\/wpgeodirectory.com\/downloads\/booking-marketplace\/\" target=\"_blank\" rel=\"noopener noreferrer\">Eklenti Sayfas\u0131<\/a><\/td>\n<\/tr>\n<tr class=\"row-8 even\">\n\t<td class=\"column-1\">GeoDirectory Booster<\/td><td class=\"column-2\">1.2.52<\/td><td class=\"column-3\"><a class=\"download-link\" title=\"\u0130ndir &ldquo;GeoDirectory Booster&rdquo;&nbsp;Versiyon 1.2.52\" href=\"https:\/\/wpdepo.com\/tr\/\/download\/23970\/\" rel=\"nofollow\">\n\t\u0130ndir<\/a><\/td><td class=\"column-4\">26 May\u0131s 2018<\/td><td class=\"column-5\"><a href=\"https:\/\/wpgeodirectory.com\/downloads\/gd-booster\/\" target=\"_blank\" rel=\"noopener noreferrer\">Eklenti Sayfas\u0131<\/a><\/td>\n<\/tr>\n<tr class=\"row-9 odd\">\n\t<td class=\"column-1\">GeoDirectory BuddyPress Integration<\/td><td class=\"column-2\">2.3.2<\/td><td class=\"column-3\"><a class=\"download-link\" title=\"\u0130ndir &ldquo;GeoDirectory BuddyPress Integration&rdquo;&nbsp;Versiyon 2.3.2\" href=\"https:\/\/wpdepo.com\/tr\/\/download\/23972\/\" rel=\"nofollow\">\n\t\u0130ndir<\/a><\/td><td class=\"column-4\">28 A\u011fustos 2024<\/td><td class=\"column-5\"><a href=\"https:\/\/wpgeodirectory.com\/downloads\/buddypress-integration\/\" target=\"_blank\" rel=\"noopener noreferrer\">Eklenti Sayfas\u0131<\/a><\/td>\n<\/tr>\n<tr class=\"row-10 even\">\n\t<td class=\"column-1\">GeoDirectory Claim Listings<\/td><td class=\"column-2\">2.3.6<\/td><td class=\"column-3\"><a class=\"download-link\" title=\"\u0130ndir &ldquo;GeoDirectory Claim Listings&rdquo;&nbsp;Versiyon 2.3.6\" href=\"https:\/\/wpdepo.com\/tr\/\/download\/23974\/\" rel=\"nofollow\">\n\t\u0130ndir<\/a><\/td><td class=\"column-4\">30 Eyl\u00fcl 2025<\/td><td class=\"column-5\"><a href=\"https:\/\/wpgeodirectory.com\/downloads\/claim-listings\/\" target=\"_blank\" rel=\"noopener noreferrer\">Eklenti Sayfas\u0131<\/a><\/td>\n<\/tr>\n<tr class=\"row-11 odd\">\n\t<td class=\"column-1\">GeoDirectory Compare Listings<\/td><td class=\"column-2\">2.2.3<\/td><td class=\"column-3\"><a class=\"download-link\" title=\"\u0130ndir &ldquo;GeoDirectory Compare Listings&rdquo;&nbsp;Versiyon 2.2.3\" href=\"https:\/\/wpdepo.com\/tr\/\/download\/29078\/\" rel=\"nofollow\">\n\t\u0130ndir<\/a><\/td><td class=\"column-4\">30 Eyl\u00fcl 2025<\/td><td class=\"column-5\"><a href=\"https:\/\/wpgeodirectory.com\/downloads\/compare-listings\/\" target=\"_blank\" rel=\"noopener noreferrer\">Eklenti Sayfas\u0131<\/a><\/td>\n<\/tr>\n<tr class=\"row-12 even\">\n\t<td class=\"column-1\">GeoDirectory Custom Map Styles<\/td><td class=\"column-2\">2.3.5<\/td><td class=\"column-3\"><a class=\"download-link\" title=\"\u0130ndir &ldquo;GeoDirectory Custom Map Styles&rdquo;&nbsp;Versiyon 2.3.5\" href=\"https:\/\/wpdepo.com\/tr\/\/download\/23976\/\" rel=\"nofollow\">\n\t\u0130ndir<\/a><\/td><td class=\"column-4\">13 Ocak 2025<\/td><td class=\"column-5\"><a href=\"https:\/\/wpgeodirectory.com\/downloads\/custom-google-maps\/\" target=\"_blank\" rel=\"noopener noreferrer\">Eklenti Sayfas\u0131<\/a><\/td>\n<\/tr>\n<tr class=\"row-13 odd\">\n\t<td class=\"column-1\">GeoDirectory Custom Post Types<\/td><td class=\"column-2\">2.3.14<\/td><td class=\"column-3\"><a class=\"download-link\" title=\"\u0130ndir &ldquo;GeoDirectory Custom Post Types&rdquo;&nbsp;Versiyon 2.3.14\" href=\"https:\/\/wpdepo.com\/tr\/\/download\/23978\/\" rel=\"nofollow\">\n\t\u0130ndir<\/a><\/td><td class=\"column-4\">3 Nisan 2026<\/td><td class=\"column-5\"><a href=\"https:\/\/wpgeodirectory.com\/downloads\/custom-post-types\/\" target=\"_blank\" rel=\"noopener noreferrer\">Eklenti Sayfas\u0131<\/a><\/td>\n<\/tr>\n<tr class=\"row-14 even\">\n\t<td class=\"column-1\">GeoDirectory Dashboard<\/td><td class=\"column-2\">0.0.1<\/td><td class=\"column-3\"><a class=\"download-link\" title=\"\u0130ndir &ldquo;GeoDirectory Dashboard&rdquo;&nbsp;Versiyon 0.0.1\" href=\"https:\/\/wpdepo.com\/tr\/\/download\/23980\/\" rel=\"nofollow\">\n\t\u0130ndir<\/a><\/td><td class=\"column-4\">19 Nisan 2017<\/td><td class=\"column-5\"><a href=\"https:\/\/wpgeodirectory.com\/downloads\/gd-dashboard\/\" target=\"_blank\" rel=\"noopener noreferrer\">Eklenti Sayfas\u0131<\/a><\/td>\n<\/tr>\n<tr class=\"row-15 odd\">\n\t<td class=\"column-1\">GeoDirectory Dynamic User Emails<\/td><td class=\"column-2\">2.0.6<\/td><td class=\"column-3\"><a class=\"download-link\" title=\"\u0130ndir &ldquo;GeoDirectory Dynamic User Emails&rdquo;&nbsp;Versiyon 2.0.6\" href=\"https:\/\/wpdepo.com\/tr\/\/download\/88989\/\" rel=\"nofollow\">\n\t\u0130ndir<\/a><\/td><td class=\"column-4\">27 \u015eubat 2026<\/td><td class=\"column-5\"><a href=\"https:\/\/wpgeodirectory.com\/downloads\/dynamic-user-emails\/\" target=\"_blank\" rel=\"noopener noreferrer\">Eklenti Sayfas\u0131<\/a><\/td>\n<\/tr>\n<tr class=\"row-16 even\">\n\t<td class=\"column-1\">GeoDirectory Embeddable Ratings Badge<\/td><td class=\"column-2\">2.3.4<\/td><td class=\"column-3\"><a class=\"download-link\" title=\"\u0130ndir &ldquo;GeoDirectory Embeddable Ratings Badge&rdquo;&nbsp;Versiyon 2.3.4\" href=\"https:\/\/wpdepo.com\/tr\/\/download\/25146\/\" rel=\"nofollow\">\n\t\u0130ndir<\/a><\/td><td class=\"column-4\">29 Ocak 2025<\/td><td class=\"column-5\"><a href=\"https:\/\/wpgeodirectory.com\/downloads\/embeddable-ratings-badge\/\" target=\"_blank\" rel=\"noopener noreferrer\">Eklenti Sayfas\u0131<\/a><\/td>\n<\/tr>\n<tr class=\"row-17 odd\">\n\t<td class=\"column-1\">GeoDirectory Events<\/td><td class=\"column-2\">2.3.26<\/td><td class=\"column-3\"><a class=\"download-link\" title=\"\u0130ndir &ldquo;GeoDirectory Events&rdquo;&nbsp;Versiyon 2.3.26\" href=\"https:\/\/wpdepo.com\/tr\/\/download\/23982\/\" rel=\"nofollow\">\n\t\u0130ndir<\/a><\/td><td class=\"column-4\">3 Nisan 2026<\/td><td class=\"column-5\"><a href=\"https:\/\/wpgeodirectory.com\/downloads\/events\/\" target=\"_blank\" rel=\"noopener noreferrer\">Eklenti Sayfas\u0131<\/a><\/td>\n<\/tr>\n<tr class=\"row-18 even\">\n\t<td class=\"column-1\">GeoDirectory Events Tickets Marketplace<\/td><td class=\"column-2\">2.1.6<\/td><td class=\"column-3\"><a class=\"download-link\" title=\"\u0130ndir &ldquo;GeoDirectory Events Tickets Marketplace&rdquo;&nbsp;Versiyon 2.1.6\" href=\"https:\/\/wpdepo.com\/tr\/\/download\/72538\/\" rel=\"nofollow\">\n\t\u0130ndir<\/a><\/td><td class=\"column-4\">3 Nisan 2026<\/td><td class=\"column-5\"><a href=\"https:\/\/wpgeodirectory.com\/downloads\/events-tickets-marketplace\/\" target=\"_blank\" rel=\"noopener noreferrer\">Eklenti Sayfas\u0131<\/a><\/td>\n<\/tr>\n<tr class=\"row-19 odd\">\n\t<td class=\"column-1\">GeoDirectory Framework<\/td><td class=\"column-2\">2.0.0.6<\/td><td class=\"column-3\"><a class=\"download-link\" title=\"\u0130ndir &ldquo;GeoDirectory Framework&rdquo;&nbsp;Versiyon 2.0.0.6\" href=\"https:\/\/wpdepo.com\/tr\/\/download\/23984\/\" rel=\"nofollow\">\n\t\u0130ndir<\/a><\/td><td class=\"column-4\">10 Eyl\u00fcl 2019<\/td><td class=\"column-5\"><a href=\"https:\/\/wpgeodirectory.com\/downloads\/geodirectory-framework-theme\/\" target=\"_blank\" rel=\"noopener noreferrer\">Tema Sayfas\u0131<\/a><\/td>\n<\/tr>\n<tr class=\"row-20 even\">\n\t<td class=\"column-1\">GeoDirectory Franchise Manager<\/td><td class=\"column-2\">2.3.8<\/td><td class=\"column-3\"><a class=\"download-link\" title=\"\u0130ndir &ldquo;GeoDirectory Franchise Manager&rdquo;&nbsp;Versiyon 2.3.8\" href=\"https:\/\/wpdepo.com\/tr\/\/download\/23986\/\" rel=\"nofollow\">\n\t\u0130ndir<\/a><\/td><td class=\"column-4\">14 Nisan 2025<\/td><td class=\"column-5\"><a href=\"https:\/\/wpgeodirectory.com\/downloads\/franchise-manager\/\" target=\"_blank\" rel=\"noopener noreferrer\">Tema Sayfas\u0131<\/a><\/td>\n<\/tr>\n<tr class=\"row-21 odd\">\n\t<td class=\"column-1\">GeoDirectory Google Analytics<\/td><td class=\"column-2\">2.3.8<\/td><td class=\"column-3\"><a class=\"download-link\" title=\"\u0130ndir &ldquo;GeoDirectory Google Analytics&rdquo;&nbsp;Versiyon 2.3.8\" href=\"https:\/\/wpdepo.com\/tr\/\/download\/44706\/\" rel=\"nofollow\">\n\t\u0130ndir<\/a><\/td><td class=\"column-4\">30 Eyl\u00fcl 2025<\/td><td class=\"column-5\"><a href=\"https:\/\/wpgeodirectory.com\/downloads\/google-analytics\/\" target=\"_blank\" rel=\"noopener noreferrer\">Tema Sayfas\u0131<\/a><\/td>\n<\/tr>\n<tr class=\"row-22 even\">\n\t<td class=\"column-1\">GeoDirectory List Manager<\/td><td class=\"column-2\">2.3.9<\/td><td class=\"column-3\"><a class=\"download-link\" title=\"\u0130ndir &ldquo;GeoDirectory List Manager&rdquo;&nbsp;Versiyon 2.3.9\" href=\"https:\/\/wpdepo.com\/tr\/\/download\/23988\/\" rel=\"nofollow\">\n\t\u0130ndir<\/a><\/td><td class=\"column-4\">26 Temmuz 2025<\/td><td class=\"column-5\"><a href=\"https:\/\/wpgeodirectory.com\/downloads\/list-manager\/\" target=\"_blank\" rel=\"noopener noreferrer\">Tema Sayfas\u0131<\/a><\/td>\n<\/tr>\n<tr class=\"row-23 odd\">\n\t<td class=\"column-1\">GeoDirectory Location Manager<\/td><td class=\"column-2\">2.3.36<\/td><td class=\"column-3\"><a class=\"download-link\" title=\"\u0130ndir &ldquo;GeoDirectory Location Manager&rdquo;&nbsp;Versiyon 2.3.36\" href=\"https:\/\/wpdepo.com\/tr\/\/download\/23990\/\" rel=\"nofollow\">\n\t\u0130ndir<\/a><\/td><td class=\"column-4\">3 Nisan 2026<\/td><td class=\"column-5\"><a href=\"https:\/\/wpgeodirectory.com\/downloads\/location-manager\/\" target=\"_blank\" rel=\"noopener noreferrer\">Tema Sayfas\u0131<\/a><\/td>\n<\/tr>\n<tr class=\"row-24 even\">\n\t<td class=\"column-1\">GeoDirectory Marker Cluster<\/td><td class=\"column-2\">2.3.4<\/td><td class=\"column-3\"><a class=\"download-link\" title=\"\u0130ndir &ldquo;GeoDirectory Marker Cluster&rdquo;&nbsp;Versiyon 2.3.4\" href=\"https:\/\/wpdepo.com\/tr\/\/download\/23992\/\" rel=\"nofollow\">\n\t\u0130ndir<\/a><\/td><td class=\"column-4\">3 Nisan 2026<\/td><td class=\"column-5\"><a href=\"https:\/\/wpgeodirectory.com\/downloads\/marker-cluster\/\" target=\"_blank\" rel=\"noopener noreferrer\">Tema Sayfas\u0131<\/a><\/td>\n<\/tr>\n<tr class=\"row-25 odd\">\n\t<td class=\"column-1\">GeoDirectory Marketplace<\/td><td class=\"column-2\">2.2.1<\/td><td class=\"column-3\"><a class=\"download-link\" title=\"\u0130ndir &ldquo;GeoDirectory Marketplace&rdquo;&nbsp;Versiyon 2.2.1\" href=\"https:\/\/wpdepo.com\/tr\/\/download\/72540\/\" rel=\"nofollow\">\n\t\u0130ndir<\/a><\/td><td class=\"column-4\">5 Mart 2025<\/td><td class=\"column-5\"><a href=\"https:\/\/wpgeodirectory.com\/downloads\/geomarketplace\/\" target=\"_blank\" rel=\"noopener noreferrer\">Tema Sayfas\u0131<\/a><\/td>\n<\/tr>\n<tr class=\"row-26 even\">\n\t<td class=\"column-1\">GeoDirectory Pay Per Lead<\/td><td class=\"column-2\">1.0.11-beta<\/td><td class=\"column-3\"><a class=\"download-link\" title=\"\u0130ndir &ldquo;GeoDirectory Pay Per Lead&rdquo;&nbsp;Versiyon 1.0.11-beta\" href=\"https:\/\/wpdepo.com\/tr\/\/download\/99077\/\" rel=\"nofollow\">\n\t\u0130ndir<\/a><\/td><td class=\"column-4\">5 Ocak 2026<\/td><td class=\"column-5\"><a href=\"https:\/\/wpgeodirectory.com\/downloads\/pay-per-lead\/\" target=\"_blank\" rel=\"noopener noreferrer\">Tema Sayfas\u0131<\/a><\/td>\n<\/tr>\n<tr class=\"row-27 odd\">\n\t<td class=\"column-1\">GeoDirectory Pricing Manager<\/td><td class=\"column-2\">2.7.24<\/td><td class=\"column-3\"><a class=\"download-link\" title=\"\u0130ndir &ldquo;GeoDirectory Pricing Manager&rdquo;&nbsp;Versiyon 2.7.24\" href=\"https:\/\/wpdepo.com\/tr\/\/download\/23994\/\" rel=\"nofollow\">\n\t\u0130ndir<\/a><\/td><td class=\"column-4\">3 Nisan 2026<\/td><td class=\"column-5\"><a href=\"https:\/\/wpgeodirectory.com\/downloads\/pricing-manager\/\" target=\"_blank\" rel=\"noopener noreferrer\">Tema Sayfas\u0131<\/a><\/td>\n<\/tr>\n<tr class=\"row-28 even\">\n\t<td class=\"column-1\">GeoDirectory Re-Captcha<\/td><td class=\"column-2\">2.3.5<\/td><td class=\"column-3\"><a class=\"download-link\" title=\"\u0130ndir &ldquo;GeoDirectory Re-Captcha&rdquo;&nbsp;Versiyon 2.3.5\" href=\"https:\/\/wpdepo.com\/tr\/\/download\/23996\/\" rel=\"nofollow\">\n\t\u0130ndir<\/a><\/td><td class=\"column-4\">15 Kas\u0131m 2024<\/td><td class=\"column-5\"><a href=\"https:\/\/wpgeodirectory.com\/downloads\/gd-recaptcha\/\" target=\"_blank\" rel=\"noopener noreferrer\">Tema Sayfas\u0131<\/a><\/td>\n<\/tr>\n<tr class=\"row-29 odd\">\n\t<td class=\"column-1\">GeoDirectory Review Rating Manager<\/td><td class=\"column-2\">2.3.12<\/td><td class=\"column-3\"><a class=\"download-link\" title=\"\u0130ndir &ldquo;GeoDirectory Review Rating Manager&rdquo;&nbsp;Versiyon 2.3.12\" href=\"https:\/\/wpdepo.com\/tr\/\/download\/23998\/\" rel=\"nofollow\">\n\t\u0130ndir<\/a><\/td><td class=\"column-4\">5 Ocak 2026<\/td><td class=\"column-5\"><a href=\"https:\/\/wpgeodirectory.com\/downloads\/multiratings-and-reviews\/\" target=\"_blank\" rel=\"noopener noreferrer\">Tema Sayfas\u0131<\/a><\/td>\n<\/tr>\n<tr class=\"row-30 even\">\n\t<td class=\"column-1\">GeoDirectory Saved Search Notifications<\/td><td class=\"column-2\">2.1.5<\/td><td class=\"column-3\"><a class=\"download-link\" title=\"\u0130ndir &ldquo;GeoDirectory Saved Search Notifications&rdquo;&nbsp;Versiyon 2.1.5\" href=\"https:\/\/wpdepo.com\/tr\/\/download\/81164\/\" rel=\"nofollow\">\n\t\u0130ndir<\/a><\/td><td class=\"column-4\">1 Temmuz 2025<\/td><td class=\"column-5\"><a href=\"https:\/\/wpgeodirectory.com\/downloads\/saved-search-notifications\/\" target=\"_blank\" rel=\"noopener noreferrer\">Tema Sayfas\u0131<\/a><\/td>\n<\/tr>\n<tr class=\"row-31 odd\">\n\t<td class=\"column-1\">GeoDirectory Social Importer<\/td><td class=\"column-2\">2.3.8<\/td><td class=\"column-3\"><a class=\"download-link\" title=\"\u0130ndir &ldquo;GeoDirectory Social Importer&rdquo;&nbsp;Versiyon 2.3.8\" href=\"https:\/\/wpdepo.com\/tr\/\/download\/24000\/\" rel=\"nofollow\">\n\t\u0130ndir<\/a><\/td><td class=\"column-4\">11 Temmuz 2025<\/td><td class=\"column-5\"><a href=\"https:\/\/wpgeodirectory.com\/downloads\/social-importer\/\" target=\"_blank\" rel=\"noopener noreferrer\">Tema Sayfas\u0131<\/a><\/td>\n<\/tr>\n<tr class=\"row-32 even\">\n\t<td class=\"column-1\">GeoDirectory WP All Import<\/td><td class=\"column-2\">2.3.8<\/td><td class=\"column-3\"><a class=\"download-link\" title=\"\u0130ndir &ldquo;GeoDirectory WP All Import&rdquo;&nbsp;Versiyon 2.3.8\" href=\"https:\/\/wpdepo.com\/tr\/\/download\/27643\/\" rel=\"nofollow\">\n\t\u0130ndir<\/a><\/td><td class=\"column-4\">5 Haziran 2025<\/td><td class=\"column-5\"><a href=\"https:\/\/wpgeodirectory.com\/downloads\/wp-all-import\/\" target=\"_blank\" rel=\"noopener noreferrer\">Tema Sayfas\u0131<\/a><\/td>\n<\/tr>\n<\/tbody>\n<\/table>\n\r\n\r\n\t\t<\/div>\n\t\t\t\t\t<\/div>\n\n\t\r\n\r\n<\/div>\r\n\r\n\t\t<\/div>\n\n\t\t\n<style>\n#section_1055235903 {\n  padding-top: 30px;\n  padding-bottom: 30px;\n}\n<\/style>\n\t<\/section>\n\t","protected":false},"excerpt":{"rendered":"","protected":false},"author":1,"featured_media":0,"parent":0,"menu_order":0,"comment_status":"closed","ping_status":"closed","template":"page-blank.php","meta":{"footnotes":""},"class_list":["post-24004","page","type-page","status-publish","hentry"],"_links":{"self":[{"href":"https:\/\/wpdepo.com\/tr\/wp-json\/wp\/v2\/pages\/24004","targetHints":{"allow":["GET"]}}],"collection":[{"href":"https:\/\/wpdepo.com\/tr\/wp-json\/wp\/v2\/pages"}],"about":[{"href":"https:\/\/wpdepo.com\/tr\/wp-json\/wp\/v2\/types\/page"}],"author":[{"embeddable":true,"href":"https:\/\/wpdepo.com\/tr\/wp-json\/wp\/v2\/users\/1"}],"replies":[{"embeddable":true,"href":"https:\/\/wpdepo.com\/tr\/wp-json\/wp\/v2\/comments?post=24004"}],"version-history":[{"count":0,"href":"https:\/\/wpdepo.com\/tr\/wp-json\/wp\/v2\/pages\/24004\/revisions"}],"wp:attachment":[{"href":"https:\/\/wpdepo.com\/tr\/wp-json\/wp\/v2\/media?parent=24004"}],"curies":[{"name":"wp","href":"https:\/\/api.w.org\/{rel}","templated":true}]}}