{"id":229,"date":"2017-05-27T15:45:50","date_gmt":"2017-05-27T12:45:50","guid":{"rendered":"https:\/\/wpdepo.com\/no-access\/"},"modified":"2020-06-12T15:42:51","modified_gmt":"2020-06-12T15:42:51","slug":"erisim-yok","status":"publish","type":"page","link":"https:\/\/wpdepo.com\/tr\/erisim-yok\/","title":{"rendered":"Eri\u015fim Yok"},"content":{"rendered":"\n\t<section class=\"section\" id=\"section_1652498013\">\n\t\t<div class=\"section-bg fill\" >\n\t\t\t\t\t\t\t\t\t\n\t\t\t\n\n\t\t<\/div>\n\n\t\t\n\n\t\t<div class=\"section-content relative\">\n\t\t\t\r\n\r\n<div class=\"row align-center\"  id=\"row-1606232099\">\r\n\r\n\n\t<div id=\"col-229469591\" class=\"col medium-10 small-12 large-10\"  >\n\t\t\t\t<div class=\"col-inner text-center\"  >\n\t\t\t\n\t\t\t\r\n\r\n<h2 class=\"uppercase\">Eri\u015fim \u0130zniniz Bulunmuyor<\/h2>\r\n\r\n\t\t<\/div>\n\t\t\t\t\t<\/div>\n\n\t\r\n\r\n<\/div>\r\n<div class=\"row\"  id=\"row-927098168\">\r\n\r\n\n\t<div id=\"col-1805250232\" class=\"col small-12 large-12\"  >\n\t\t\t\t<div class=\"col-inner\"  >\n\t\t\t\n\t\t\t\r\n\r\n<p>\u00dczg\u00fcn\u00fcz, bu indirmeyi yapmak i\u00e7in eri\u015fim izniniz bulunmamaktad\u0131r.<\/p>\r\n<p>Ayl\u0131k 12 dolar kar\u015f\u0131l\u0131\u011f\u0131nda sitemize abone olarak t\u00fcm eklenti ve temalara sahip olabilirsiniz. Hemen abone olmak ve indirmeye ba\u015flamak i\u00e7in l\u00fctfen <a href=\"\/tr\/abonelik-paketleri\">abonelik sayfam\u0131z\u0131<\/a> ziyaret ederek ayl\u0131k ya da y\u0131ll\u0131k \u00fcyelik paketlerimizden birini se\u00e7iniz. Aboneli\u011finizi istedi\u011finiz zaman sorgusuz, sualsiz iptal edebilirsiniz.<\/p>\r\n<p>E\u011fer mevcut bir aboneli\u011finiz varsa, g\u00fcnl\u00fck 20 indirme yapabildi\u011finizi hat\u0131rlatmak isteriz. \u0130ndirebilmek i\u00e7in l\u00fctfen daha sonra tekrar deneyiniz veya herhangi bir sorunuz oldu\u011funda <a href=\"\/tr\/iletisim\/\">destek birimiyle<\/a> ileti\u015fime ge\u00e7iniz.<\/p>\r\n\r\n\t\t<\/div>\n\t\t\t\t\t<\/div>\n\n\t\r\n\r\n<\/div>\r\n\r\n\t\t<\/div>\n\n\t\t\n<style>\n#section_1652498013 {\n  padding-top: 20px;\n  padding-bottom: 20px;\n}\n<\/style>\n\t<\/section>\n\t\r\n\n\t<section class=\"section\" id=\"section_1533524761\">\n\t\t<div class=\"section-bg fill\" >\n\t\t\t\t\t\t\t\t\t\n\t\t\t\n\n\t\t<\/div>\n\n\t\t\n\n\t\t<div class=\"section-content relative\">\n\t\t\t\r\n\r\n<div class=\"row align-center\"  id=\"row-667118655\">\r\n\r\n\n\t<div id=\"col-1716410235\" class=\"col medium-10 small-12 large-10\"  >\n\t\t\t\t<div class=\"col-inner text-center\"  >\n\t\t\t\n\t\t\t\r\n\r\n<h2 style=\"color: #404040;text-align: center\">M\u00fcthi\u015f bir web sitesi ister misiniz?<\/h2>\r\n<a href=\"\/tr\/abonelik-paketleri\" class=\"button primary is-outline is-large\" >\n\t\t<span>Evet, neden olmas\u0131n!<\/span>\n\t<\/a>\n\r\n\r\n<p style=\"text-align: center;\">1 ayl\u0131k abonelik sadece 12 dolar. Y\u0131ll\u0131k abonelikte indirim. Diledi\u011finde iptal.<\/p>\r\n\r\n\t\t<\/div>\n\t\t\t\t\t<\/div>\n\n\t\r\n\r\n<\/div>\r\n\r\n\t\t<\/div>\n\n\t\t\n<style>\n#section_1533524761 {\n  padding-top: 30px;\n  padding-bottom: 30px;\n  background-color: rgb(236, 240, 241);\n}\n<\/style>\n\t<\/section>\n\t","protected":false},"excerpt":{"rendered":"","protected":false},"author":1,"featured_media":0,"parent":0,"menu_order":0,"comment_status":"closed","ping_status":"closed","template":"page-blank.php","meta":{"footnotes":""},"class_list":["post-229","page","type-page","status-publish","hentry"],"_links":{"self":[{"href":"https:\/\/wpdepo.com\/tr\/wp-json\/wp\/v2\/pages\/229","targetHints":{"allow":["GET"]}}],"collection":[{"href":"https:\/\/wpdepo.com\/tr\/wp-json\/wp\/v2\/pages"}],"about":[{"href":"https:\/\/wpdepo.com\/tr\/wp-json\/wp\/v2\/types\/page"}],"author":[{"embeddable":true,"href":"https:\/\/wpdepo.com\/tr\/wp-json\/wp\/v2\/users\/1"}],"replies":[{"embeddable":true,"href":"https:\/\/wpdepo.com\/tr\/wp-json\/wp\/v2\/comments?post=229"}],"version-history":[{"count":0,"href":"https:\/\/wpdepo.com\/tr\/wp-json\/wp\/v2\/pages\/229\/revisions"}],"wp:attachment":[{"href":"https:\/\/wpdepo.com\/tr\/wp-json\/wp\/v2\/media?parent=229"}],"curies":[{"name":"wp","href":"https:\/\/api.w.org\/{rel}","templated":true}]}}