{"id":2202,"date":"2017-08-18T20:41:49","date_gmt":"2017-08-18T17:41:49","guid":{"rendered":"https:\/\/wpdepo.com\/?page_id=2202\/"},"modified":"2018-09-03T20:46:19","modified_gmt":"2018-09-03T17:46:19","slug":"elegant-themes","status":"publish","type":"page","link":"https:\/\/wpdepo.com\/tr\/elegant-themes\/","title":{"rendered":"Elegant Themes Tema ve Eklentileri"},"content":{"rendered":"\n\t<section class=\"section\" id=\"section_327441920\">\n\t\t<div class=\"section-bg fill\" >\n\t\t\t\t\t\t\t\t\t\n\t\t\t\n\n\t\t<\/div>\n\n\t\t\n\n\t\t<div class=\"section-content relative\">\n\t\t\t\r\n\r\n<div class=\"row\"  id=\"row-1639013901\">\r\n\r\n\n\t<div id=\"col-1004375513\" class=\"col small-12 large-12\"  >\n\t\t\t\t<div class=\"col-inner text-left\"  >\n\t\t\t\n\t\t\t\r\n\r\n<h2 style=\"text-align: center;\">Elegant Themes<\/h2>\r\n<p>Yeni bir WordPress temas\u0131 ar\u0131yorsan\u0131z, b\u00fcy\u00fck olas\u0131l\u0131kla Divi gibi Elegant Themes temalar\u0131 ile kar\u015f\u0131la\u015f\u0131rs\u0131n\u0131z. Zarif temalar, g\u00fc\u00e7l\u00fc eklentiler ve aktif bir kullan\u0131c\u0131 toplulu\u011fu portf\u00f6y\u00fcyle Elegant Themes, WordPress ekosisteminde en b\u00fcy\u00fck isimlerden biridir.<\/p>\r\n\r\n\t\t<\/div>\n\t\t\t\t\t<\/div>\n\n\t\r\n\r\n<\/div>\r\n\r\n\t\t<\/div>\n\n\t\t\n<style>\n#section_327441920 {\n  padding-top: 0px;\n  padding-bottom: 0px;\n  background-color: rgb(245, 245, 245);\n}\n<\/style>\n\t<\/section>\n\t\r\n\n\t<section class=\"section\" id=\"section_1027145591\">\n\t\t<div class=\"section-bg fill\" >\n\t\t\t\t\t\t\t\t\t\n\t\t\t\n\n\t\t<\/div>\n\n\t\t\n\n\t\t<div class=\"section-content relative\">\n\t\t\t\r\n\r\n<div class=\"row\"  id=\"row-1167296276\">\r\n\r\n\n\t<div id=\"col-1588330970\" class=\"col small-12 large-12\"  >\n\t\t\t\t<div class=\"col-inner text-left\"  >\n\t\t\t\n\t\t\t\r\n\r\n\n<table id=\"tablepress-26\" class=\"tablepress tablepress-id-26\">\n<thead>\n<tr class=\"row-1 odd\">\n\t<th class=\"column-1\">Tema Ad\u0131<\/th><th class=\"column-2\">Versiyon<\/th><th class=\"column-3\">\u0130ndir<\/th><th class=\"column-4\">G\u00fcncelleme<\/th><th class=\"column-5\">Bilgi<\/th>\n<\/tr>\n<\/thead>\n<tbody class=\"row-hover\">\n<tr class=\"row-2 even\">\n\t<td class=\"column-1\">Divi BodyCommerce<\/td><td class=\"column-2\">8.6.5<\/td><td class=\"column-3\"><a class=\"download-link\" title=\"\u0130ndir &ldquo;Divi BodyCommerce&rdquo;&nbsp;Versiyon 8.6.5\" href=\"https:\/\/wpdepo.com\/tr\/\/download\/55542\/\" rel=\"nofollow\">\n\t\u0130ndir<\/a><\/td><td class=\"column-4\">31 Mart 2026<\/td><td class=\"column-5\"><a href=\"https:\/\/diviengine.com\/product\/divi-bodycommerce\/\" target=\"_blank\" rel=\"noopener noreferrer\">Eklenti Sayfas\u0131<\/a><\/td>\n<\/tr>\n<tr class=\"row-3 odd\">\n\t<td class=\"column-1\">Divi Booster Plugin<\/td><td class=\"column-2\">5.2<\/td><td class=\"column-3\"><a class=\"download-link\" title=\"\u0130ndir &ldquo;Divi Booster Plugin&rdquo;&nbsp;Versiyon 5.2\" href=\"https:\/\/wpdepo.com\/tr\/\/download\/2247\/\" rel=\"nofollow\">\n\t\u0130ndir<\/a><\/td><td class=\"column-4\">16 Nisan 2026<\/td><td class=\"column-5\"><a href=\"https:\/\/divibooster.com\/\" target=\"_blank\" rel=\"noopener noreferrer\">Eklenti Sayfas\u0131<\/a><\/td>\n<\/tr>\n<tr class=\"row-4 even\">\n\t<td class=\"column-1\">Divi Essential<\/td><td class=\"column-2\">5.5.0<\/td><td class=\"column-3\"><a class=\"download-link\" title=\"\u0130ndir &ldquo;Divi Essential&rdquo;&nbsp;Versiyon 5.5.0\" href=\"https:\/\/wpdepo.com\/tr\/\/download\/54710\/\" rel=\"nofollow\">\n\t\u0130ndir<\/a><\/td><td class=\"column-4\">6 Nisan 2026<\/td><td class=\"column-5\"><a href=\"https:\/\/www.diviessential.com\/\" target=\"_blank\" rel=\"noopener noreferrer\">Eklenti Sayfas\u0131<\/a><\/td>\n<\/tr>\n<tr class=\"row-5 odd\">\n\t<td class=\"column-1\">Divi Extras<\/td><td class=\"column-2\">1.1.14<\/td><td class=\"column-3\"><a class=\"download-link\" title=\"\u0130ndir &ldquo;Divi Extras&rdquo;&nbsp;Versiyon 1.1.14\" href=\"https:\/\/wpdepo.com\/tr\/\/download\/71961\/\" rel=\"nofollow\">\n\t\u0130ndir<\/a><\/td><td class=\"column-4\">23 Aral\u0131k 2024<\/td><td class=\"column-5\"><a href=\"https:\/\/www.elegantthemes.com\/marketplace\/divi-extras\/\" target=\"_blank\" rel=\"noopener noreferrer\">Eklenti Sayfas\u0131<\/a><\/td>\n<\/tr>\n<tr class=\"row-6 even\">\n\t<td class=\"column-1\">Divi Ghoster<\/td><td class=\"column-2\">5.0.58<\/td><td class=\"column-3\"><a class=\"download-link\" title=\"\u0130ndir &ldquo;Divi Ghoster&rdquo;&nbsp;Versiyon 5.0.58\" href=\"https:\/\/wpdepo.com\/tr\/\/download\/54712\/\" rel=\"nofollow\">\n\t\u0130ndir<\/a><\/td><td class=\"column-4\">25 Kas\u0131m 2025<\/td><td class=\"column-5\"><a href=\"https:\/\/aspengrovestudios.com\/product\/divi-ghoster\/\" target=\"_blank\" rel=\"noopener noreferrer\">Eklenti Sayfas\u0131<\/a><\/td>\n<\/tr>\n<tr class=\"row-7 odd\">\n\t<td class=\"column-1\">Divi Learndash Kit<\/td><td class=\"column-2\">1.7.3<\/td><td class=\"column-3\"><a class=\"download-link\" title=\"\u0130ndir &ldquo;Divi Learndash Kit&rdquo;&nbsp;Versiyon 1.7.3\" href=\"https:\/\/wpdepo.com\/tr\/\/download\/34447\/\" rel=\"nofollow\">\n\t\u0130ndir<\/a><\/td><td class=\"column-4\">24 Ocak 2024<\/td><td class=\"column-5\"><a href=\"https:\/\/divibooster.com\/divi-learndash-kit\/\" target=\"_blank\" rel=\"noopener noreferrer\">Eklenti Sayfas\u0131<\/a><\/td>\n<\/tr>\n<tr class=\"row-8 even\">\n\t<td class=\"column-1\">Divi Pixel<\/td><td class=\"column-2\">2.34.1<\/td><td class=\"column-3\"><a class=\"download-link\" title=\"\u0130ndir &ldquo;Divi Pixel&rdquo;&nbsp;Versiyon 2.34.1\" href=\"https:\/\/wpdepo.com\/tr\/\/download\/88703\/\" rel=\"nofollow\">\n\t\u0130ndir<\/a><\/td><td class=\"column-4\">24 \u015eubat 2025<\/td><td class=\"column-5\"><a href=\"https:\/\/www.divi-pixel.com\/\" target=\"_blank\" rel=\"noopener noreferrer\">Eklenti Sayfas\u0131<\/a><\/td>\n<\/tr>\n<tr class=\"row-9 odd\">\n\t<td class=\"column-1\">Divi Plus<\/td><td class=\"column-2\">1.20.0<\/td><td class=\"column-3\"><a class=\"download-link\" title=\"\u0130ndir &ldquo;Divi Plus&rdquo;&nbsp;Versiyon 1.20.0\" href=\"https:\/\/wpdepo.com\/tr\/\/download\/55066\/\" rel=\"nofollow\">\n\t\u0130ndir<\/a><\/td><td class=\"column-4\">25 Kas\u0131m 2025<\/td><td class=\"column-5\"><a href=\"https:\/\/diviplus.io\/\" target=\"_blank\" rel=\"noopener noreferrer\">Eklenti Sayfas\u0131<\/a><\/td>\n<\/tr>\n<tr class=\"row-10 even\">\n\t<td class=\"column-1\">Divi Rocket<\/td><td class=\"column-2\">1.0.50<\/td><td class=\"column-3\"><a class=\"download-link\" title=\"\u0130ndir &ldquo;Divi Rocket&rdquo;&nbsp;Versiyon 1.0.50\" href=\"https:\/\/wpdepo.com\/tr\/\/download\/54704\/\" rel=\"nofollow\">\n\t\u0130ndir<\/a><\/td><td class=\"column-4\">8 A\u011fustos 2023<\/td><td class=\"column-5\"><a href=\"https:\/\/divi.space\/product\/divi-rocket\/\" target=\"_blank\" rel=\"noopener noreferrer\">Eklenti Sayfas\u0131<\/a><\/td>\n<\/tr>\n<tr class=\"row-11 odd\">\n\t<td class=\"column-1\">Divi Shop Builder<\/td><td class=\"column-2\">2.0.25<\/td><td class=\"column-3\"><a class=\"download-link\" title=\"\u0130ndir &ldquo;Divi Shop Builder&rdquo;&nbsp;Versiyon 2.0.25\" href=\"https:\/\/wpdepo.com\/tr\/\/download\/80534\/\" rel=\"nofollow\">\n\t\u0130ndir<\/a><\/td><td class=\"column-4\">31 Mart 2026<\/td><td class=\"column-5\"><a href=\"https:\/\/wpzone.co\/product\/divi-shop-builder\/\" target=\"_blank\" rel=\"noopener noreferrer\">Eklenti Sayfas\u0131<\/a><\/td>\n<\/tr>\n<tr class=\"row-12 even\">\n\t<td class=\"column-1\">Divi Supreme Pro<\/td><td class=\"column-2\">4.9.97.41<\/td><td class=\"column-3\"><a class=\"download-link\" title=\"\u0130ndir &ldquo;Divi Supreme Pro&rdquo;&nbsp;Versiyon 4.9.97.41\" href=\"https:\/\/wpdepo.com\/tr\/\/download\/54708\/\" rel=\"nofollow\">\n\t\u0130ndir<\/a><\/td><td class=\"column-4\">27 Ocak 2026<\/td><td class=\"column-5\"><a href=\"https:\/\/divisupreme.com\/\" target=\"_blank\" rel=\"noopener noreferrer\">Eklenti Sayfas\u0131<\/a><\/td>\n<\/tr>\n<tr class=\"row-13 odd\">\n\t<td class=\"column-1\">Divi Switch<\/td><td class=\"column-2\">4.0.18<\/td><td class=\"column-3\"><a class=\"download-link\" title=\"\u0130ndir &ldquo;Divi Switch&rdquo;&nbsp;Versiyon 4.0.18\" href=\"https:\/\/wpdepo.com\/tr\/\/download\/54706\/\" rel=\"nofollow\">\n\t\u0130ndir<\/a><\/td><td class=\"column-4\">8 Kas\u0131m 2022<\/td><td class=\"column-5\"><a href=\"https:\/\/divi.space\/product\/divi-switch\/\" target=\"_blank\" rel=\"noopener noreferrer\">Eklenti Sayfas\u0131<\/a><\/td>\n<\/tr>\n<tr class=\"row-14 even\">\n\t<td class=\"column-1\">Divi Toolbox<\/td><td class=\"column-2\">1.7.4<\/td><td class=\"column-3\"><a class=\"download-link\" title=\"\u0130ndir &ldquo;Divi Toolbox&rdquo;&nbsp;Versiyon 1.7.4\" href=\"https:\/\/wpdepo.com\/tr\/\/download\/55544\/\" rel=\"nofollow\">\n\t\u0130ndir<\/a><\/td><td class=\"column-4\">27 Mart 2024<\/td><td class=\"column-5\"><a href=\"https:\/\/divilover.com\/product\/divi-toolbox\/\" target=\"_blank\" rel=\"noopener noreferrer\">Eklenti Sayfas\u0131<\/a><\/td>\n<\/tr>\n<tr class=\"row-15 odd\">\n\t<td class=\"column-1\">Elegant Themes Anticipate WordPress Plugin<\/td><td class=\"column-2\">1.7.1<\/td><td class=\"column-3\"><a class=\"download-link\" title=\"\u0130ndir &ldquo;Elegant Themes Anticipate WordPress Plugin&rdquo;&nbsp;Versiyon 1.7.1\" href=\"https:\/\/wpdepo.com\/tr\/\/download\/2185\/\" rel=\"nofollow\">\n\t\u0130ndir<\/a><\/td><td class=\"column-4\">10 May\u0131s 2016<\/td><td class=\"column-5\"><a href=\"https:\/\/www.elegantthemes.com\/gallery\/anticipate\/\" target=\"_blank\" rel=\"noopener noreferrer\">Eklenti Sayfas\u0131<\/a><\/td>\n<\/tr>\n<tr class=\"row-16 even\">\n\t<td class=\"column-1\">Elegant Themes Bloom Email Opt-Ins<\/td><td class=\"column-2\">1.3.12<\/td><td class=\"column-3\"><a class=\"download-link\" title=\"\u0130ndir &ldquo;Elegant Themes Bloom Email Opt-Ins&rdquo;&nbsp;Versiyon 1.3.12\" href=\"https:\/\/wpdepo.com\/tr\/\/download\/2183\/\" rel=\"nofollow\">\n\t\u0130ndir<\/a><\/td><td class=\"column-4\">1 Nisan 2021<\/td><td class=\"column-5\"><a href=\"https:\/\/www.elegantthemes.com\/plugins\/bloom\/\" target=\"_blank\" rel=\"noopener noreferrer\">Eklenti Sayfas\u0131<\/a><\/td>\n<\/tr>\n<tr class=\"row-17 odd\">\n\t<td class=\"column-1\">Elegant Themes Boutique WooCommerce Theme<\/td><td class=\"column-2\">3.6.15<\/td><td class=\"column-3\"><a class=\"download-link\" title=\"\u0130ndir &ldquo;Elegant Themes Boutique WooCommerce Theme&rdquo;&nbsp;Versiyon 3.6.15\" href=\"https:\/\/wpdepo.com\/tr\/\/download\/2187\/\" rel=\"nofollow\">\n\t\u0130ndir<\/a><\/td><td class=\"column-4\">11 Mart 2019<\/td><td class=\"column-5\"><a href=\"https:\/\/www.elegantthemes.com\/gallery\/boutique\/\" target=\"_blank\" rel=\"noopener noreferrer\">Tema Sayfas\u0131<\/a><\/td>\n<\/tr>\n<tr class=\"row-18 even\">\n\t<td class=\"column-1\">Elegant Themes Divi WordPress Theme<\/td><td class=\"column-2\">5.2.0<\/td><td class=\"column-3\"><a class=\"download-link\" title=\"\u0130ndir &ldquo;Elegant Themes Divi WordPress Theme&rdquo;&nbsp;Versiyon 5.2.0\" href=\"https:\/\/wpdepo.com\/tr\/\/download\/2181\/\" rel=\"nofollow\">\n\t\u0130ndir<\/a><\/td><td class=\"column-4\">7 Nisan 2026<\/td><td class=\"column-5\"><a href=\"https:\/\/www.elegantthemes.com\/gallery\/divi\/\" target=\"_blank\" rel=\"noopener noreferrer\">Tema Sayfas\u0131<\/a><\/td>\n<\/tr>\n<tr class=\"row-19 odd\">\n\t<td class=\"column-1\">Elegant Themes eStore WooCommerce Theme<\/td><td class=\"column-2\">5.1.18<\/td><td class=\"column-3\"><a class=\"download-link\" title=\"\u0130ndir &ldquo;Elegant Themes eStore WooCommerce Theme&rdquo;&nbsp;Versiyon 5.1.18\" href=\"https:\/\/wpdepo.com\/tr\/\/download\/2191\/\" rel=\"nofollow\">\n\t\u0130ndir<\/a><\/td><td class=\"column-4\">11 Mart 2019<\/td><td class=\"column-5\"><a href=\"https:\/\/www.elegantthemes.com\/gallery\/estore\/\" target=\"_blank\" rel=\"noopener noreferrer\">Tema Sayfas\u0131<\/a><\/td>\n<\/tr>\n<tr class=\"row-20 even\">\n\t<td class=\"column-1\">Elegant Themes Extra WordPress Theme<\/td><td class=\"column-2\">4.27.5<\/td><td class=\"column-3\"><a class=\"download-link\" title=\"\u0130ndir &ldquo;Elegant Themes Extra WordPress Theme&rdquo;&nbsp;Versiyon 4.27.5\" href=\"https:\/\/wpdepo.com\/tr\/\/download\/2193\/\" rel=\"nofollow\">\n\t\u0130ndir<\/a><\/td><td class=\"column-4\">9 Aral\u0131k 2025<\/td><td class=\"column-5\"><a href=\"https:\/\/www.elegantthemes.com\/gallery\/extra\/\" target=\"_blank\" rel=\"noopener noreferrer\">Tema Sayfas\u0131<\/a><\/td>\n<\/tr>\n<tr class=\"row-21 odd\">\n\t<td class=\"column-1\">Elegant Themes Foxy WooCommerce Theme<\/td><td class=\"column-2\">2.2.18<\/td><td class=\"column-3\"><a class=\"download-link\" title=\"\u0130ndir &ldquo;Elegant Themes Foxy WooCommerce Theme&rdquo;&nbsp;Versiyon 2.2.18\" href=\"https:\/\/wpdepo.com\/tr\/\/download\/2195\/\" rel=\"nofollow\">\n\t\u0130ndir<\/a><\/td><td class=\"column-4\">11 Mart 2019<\/td><td class=\"column-5\"><a href=\"https:\/\/www.elegantthemes.com\/gallery\/foxy\/\" target=\"_blank\" rel=\"noopener noreferrer\">Tema Sayfas\u0131<\/a><\/td>\n<\/tr>\n<tr class=\"row-22 even\">\n\t<td class=\"column-1\">Elegant Themes Monarch Social Media Sharing<\/td><td class=\"column-2\">1.4.14<\/td><td class=\"column-3\"><a class=\"download-link\" title=\"\u0130ndir &ldquo;Elegant Themes Monarch Social Media Sharing&rdquo;&nbsp;Versiyon 1.4.14\" href=\"https:\/\/wpdepo.com\/tr\/\/download\/2197\/\" rel=\"nofollow\">\n\t\u0130ndir<\/a><\/td><td class=\"column-4\">1 Nisan 2021<\/td><td class=\"column-5\"><a href=\"https:\/\/www.elegantthemes.com\/plugins\/monarch\/\" target=\"_blank\" rel=\"noopener noreferrer\">Eklenti Sayfas\u0131<\/a><\/td>\n<\/tr>\n<tr class=\"row-23 odd\">\n\t<td class=\"column-1\">Elegant Themes Nimble WordPress Theme<\/td><td class=\"column-2\">2.2.13<\/td><td class=\"column-3\"><a class=\"download-link\" title=\"\u0130ndir &ldquo;Elegant Themes Nimble WordPress Theme&rdquo;&nbsp;Versiyon 2.2.13\" href=\"https:\/\/wpdepo.com\/tr\/\/download\/19374\/\" rel=\"nofollow\">\n\t\u0130ndir<\/a><\/td><td class=\"column-4\">11 Mart 2019<\/td><td class=\"column-5\"><a href=\"https:\/\/www.elegantthemes.com\/gallery\/nimble\/\" target=\"_blank\" rel=\"noopener noreferrer\">Eklenti Sayfas\u0131<\/a><\/td>\n<\/tr>\n<tr class=\"row-24 even\">\n\t<td class=\"column-1\">Elegant Themes StyleShop WooCommerce Theme<\/td><td class=\"column-2\">2.2.18<\/td><td class=\"column-3\"><a class=\"download-link\" title=\"\u0130ndir &ldquo;Elegant Themes StyleShop WooCommerce Theme&rdquo;&nbsp;Versiyon 2.2.18\" href=\"https:\/\/wpdepo.com\/tr\/\/download\/2199\/\" rel=\"nofollow\">\n\t\u0130ndir<\/a><\/td><td class=\"column-4\">11 Mart 2019<\/td><td class=\"column-5\"><a href=\"https:\/\/www.elegantthemes.com\/gallery\/styleshop\/\" target=\"_blank\" rel=\"noopener noreferrer\">Tema Sayfas\u0131<\/a><\/td>\n<\/tr>\n<tr class=\"row-25 odd\">\n\t<td class=\"column-1\">Elegant Themes The Divi Builder<\/td><td class=\"column-2\">4.27.5<\/td><td class=\"column-3\"><a class=\"download-link\" title=\"\u0130ndir &ldquo;Elegant Themes The Divi Builder&rdquo;&nbsp;Versiyon 4.27.5\" href=\"https:\/\/wpdepo.com\/tr\/\/download\/2189\/\" rel=\"nofollow\">\n\t\u0130ndir<\/a><\/td><td class=\"column-4\">10 Aral\u0131k 2025<\/td><td class=\"column-5\"><a href=\"https:\/\/www.elegantthemes.com\/plugins\/divi-builder\/\" target=\"_blank\" rel=\"noopener noreferrer\">Eklenti Sayfas\u0131<\/a><\/td>\n<\/tr>\n<tr class=\"row-26 even\">\n\t<td class=\"column-1\">Woo Essential<\/td><td class=\"column-2\">4.1.1<\/td><td class=\"column-3\"><a class=\"download-link\" title=\"\u0130ndir &ldquo;Woo Essential&rdquo;&nbsp;Versiyon 4.1.1\" href=\"https:\/\/wpdepo.com\/tr\/\/download\/99374\/\" rel=\"nofollow\">\n\t\u0130ndir<\/a><\/td><td class=\"column-4\">31 Mart 2026<\/td><td class=\"column-5\"><a href=\"https:\/\/divinext.com\/downloads\/woo-essential\/\" target=\"_blank\" rel=\"noopener noreferrer\">Eklenti Sayfas\u0131<\/a><\/td>\n<\/tr>\n<\/tbody>\n<\/table>\n\r\n\r\n\t\t<\/div>\n\t\t\t\t\t<\/div>\n\n\t\r\n\r\n<\/div>\r\n\r\n\t\t<\/div>\n\n\t\t\n<style>\n#section_1027145591 {\n  padding-top: 30px;\n  padding-bottom: 30px;\n}\n<\/style>\n\t<\/section>\n\t","protected":false},"excerpt":{"rendered":"","protected":false},"author":1,"featured_media":0,"parent":0,"menu_order":0,"comment_status":"closed","ping_status":"closed","template":"page-blank.php","meta":{"footnotes":""},"class_list":["post-2202","page","type-page","status-publish","hentry"],"_links":{"self":[{"href":"https:\/\/wpdepo.com\/tr\/wp-json\/wp\/v2\/pages\/2202","targetHints":{"allow":["GET"]}}],"collection":[{"href":"https:\/\/wpdepo.com\/tr\/wp-json\/wp\/v2\/pages"}],"about":[{"href":"https:\/\/wpdepo.com\/tr\/wp-json\/wp\/v2\/types\/page"}],"author":[{"embeddable":true,"href":"https:\/\/wpdepo.com\/tr\/wp-json\/wp\/v2\/users\/1"}],"replies":[{"embeddable":true,"href":"https:\/\/wpdepo.com\/tr\/wp-json\/wp\/v2\/comments?post=2202"}],"version-history":[{"count":0,"href":"https:\/\/wpdepo.com\/tr\/wp-json\/wp\/v2\/pages\/2202\/revisions"}],"wp:attachment":[{"href":"https:\/\/wpdepo.com\/tr\/wp-json\/wp\/v2\/media?parent=2202"}],"curies":[{"name":"wp","href":"https:\/\/api.w.org\/{rel}","templated":true}]}}