{"id":2098,"date":"2017-08-15T20:07:12","date_gmt":"2017-08-15T17:07:12","guid":{"rendered":"https:\/\/wpdepo.com\/?page_id=2098\/"},"modified":"2018-09-03T20:46:17","modified_gmt":"2018-09-03T17:46:17","slug":"admin-columns-pro-eklentileri","status":"publish","type":"page","link":"https:\/\/wpdepo.com\/tr\/admin-columns-pro-eklentileri\/","title":{"rendered":"Admin Columns Pro Eklentileri"},"content":{"rendered":"\n\t<section class=\"section\" id=\"section_892425267\">\n\t\t<div class=\"section-bg fill\" >\n\t\t\t\t\t\t\t\t\t\n\t\t\t\n\n\t\t<\/div>\n\n\t\t\n\n\t\t<div class=\"section-content relative\">\n\t\t\t\r\n\r\n<div class=\"row\"  id=\"row-425348641\">\r\n\r\n\n\t<div id=\"col-1530262657\" class=\"col small-12 large-12\"  >\n\t\t\t\t<div class=\"col-inner text-left\"  >\n\t\t\t\n\t\t\t\r\n\r\n<h2 style=\"text-align: center;\">Admin Columns Pro<\/h2>\r\n<p>Admin Columns eklentisi, y\u00f6netim ekranlar\u0131ndaki WordPress s\u00fctunlar\u0131n\u0131 ho\u015f bir s\u00fcr\u00fckle ve b\u0131rak aray\u00fcz\u00fc ile \u00f6zelle\u015ftirmenizi sa\u011flayan bir eklentidir.<\/p>\r\n<p>Daha az \u00f6zellikli \u00fccretsiz s\u00fcr\u00fcm\u00fcn\u00fc WordPress \u00fczerinden <a href=\"https:\/\/tr.wordpress.org\/plugins\/codepress-admin-columns\/\" target=\"_blank\" rel=\"noopener\">indirebilece\u011finiz<\/a> eklentinin Pro s\u00fcr\u00fcm\u00fcn\u00fc ve di\u011fer pop\u00fcler eklentilerle entegrasyon sa\u011flayan eklentilerini bu sayfadan indirebilirsiniz.<\/p>\r\n\r\n\t\t<\/div>\n\t\t\t\t\t<\/div>\n\n\t\r\n\r\n<\/div>\r\n\r\n\t\t<\/div>\n\n\t\t\n<style>\n#section_892425267 {\n  padding-top: 0px;\n  padding-bottom: 0px;\n  background-color: rgb(245, 245, 245);\n}\n<\/style>\n\t<\/section>\n\t\r\n\n\t<section class=\"section\" id=\"section_128600294\">\n\t\t<div class=\"section-bg fill\" >\n\t\t\t\t\t\t\t\t\t\n\t\t\t\n\n\t\t<\/div>\n\n\t\t\n\n\t\t<div class=\"section-content relative\">\n\t\t\t\r\n\r\n<div class=\"row\"  id=\"row-412354794\">\r\n\r\n\n\t<div id=\"col-364666333\" class=\"col small-12 large-12\"  >\n\t\t\t\t<div class=\"col-inner text-left\"  >\n\t\t\t\n\t\t\t\r\n\r\n\n<table id=\"tablepress-24\" class=\"tablepress tablepress-id-24\">\n<thead>\n<tr class=\"row-1 odd\">\n\t<th class=\"column-1\">Eklenti Ad\u0131<\/th><th class=\"column-2\">Versiyon<\/th><th class=\"column-3\">\u0130ndir<\/th><th class=\"column-4\">G\u00fcncelleme<\/th><th class=\"column-5\">Bilgi<\/th>\n<\/tr>\n<\/thead>\n<tbody class=\"row-hover\">\n<tr class=\"row-2 even\">\n\t<td class=\"column-1\">Admin Columns Pro WordPress Plugin<\/td><td class=\"column-2\">7.0.13<\/td><td class=\"column-3\"><a class=\"download-link\" title=\"\u0130ndir &ldquo;Admin Columns Pro WordPress Plugin&rdquo;&nbsp;Versiyon 7.0.13\" href=\"https:\/\/wpdepo.com\/tr\/\/download\/2073\/\" rel=\"nofollow\">\n\t\u0130ndir<\/a><\/td><td class=\"column-4\">31 Mart 2026<\/td><td class=\"column-5\"><a href=\"https:\/\/www.admincolumns.com\/\" target=\"_blank\" rel=\"noopener noreferrer\">Eklenti Sayfas\u0131<\/a><\/td>\n<\/tr>\n<tr class=\"row-3 odd\">\n\t<td class=\"column-1\">Admin Columns Pro Advanced Custom Fields (ACF)<\/td><td class=\"column-2\">3.0.4<\/td><td class=\"column-3\"><a class=\"download-link\" title=\"\u0130ndir &ldquo;Admin Columns Pro Advanced Custom Fields (ACF)&rdquo;&nbsp;Versiyon 3.0.4\" href=\"https:\/\/wpdepo.com\/tr\/\/download\/2075\/\" rel=\"nofollow\">\n\t\u0130ndir<\/a><\/td><td class=\"column-4\">14 Ekim 2022<\/td><td class=\"column-5\"><a href=\"https:\/\/www.admincolumns.com\/advanced-custom-fields-columns\/\" target=\"_blank\" rel=\"noopener noreferrer\">Eklenti Sayfas\u0131<\/a><\/td>\n<\/tr>\n<tr class=\"row-4 even\">\n\t<td class=\"column-1\">Admin Columns Pro BuddyPress Columns<\/td><td class=\"column-2\">1.7<\/td><td class=\"column-3\"><a class=\"download-link\" title=\"\u0130ndir &ldquo;Admin Columns Pro BuddyPress Columns&rdquo;&nbsp;Versiyon 1.7\" href=\"https:\/\/wpdepo.com\/tr\/\/download\/2886\/\" rel=\"nofollow\">\n\t\u0130ndir<\/a><\/td><td class=\"column-4\">22 Mart 2022<\/td><td class=\"column-5\"><a href=\"https:\/\/www.admincolumns.com\/buddypress\/\" target=\"_blank\" rel=\"noopener noreferrer\">Eklenti Sayfas\u0131<\/a><\/td>\n<\/tr>\n<tr class=\"row-5 odd\">\n\t<td class=\"column-1\">Admin Columns Pro Events Calendar<\/td><td class=\"column-2\">1.7.1<\/td><td class=\"column-3\"><a class=\"download-link\" title=\"\u0130ndir &ldquo;Admin Columns Pro Events Calendar&rdquo;&nbsp;Versiyon 1.7.1\" href=\"https:\/\/wpdepo.com\/tr\/\/download\/3636\/\" rel=\"nofollow\">\n\t\u0130ndir<\/a><\/td><td class=\"column-4\">26 Eyl\u00fcl 2022<\/td><td class=\"column-5\"><a href=\"https:\/\/www.admincolumns.com\/events-calendar\/\" target=\"_blank\" rel=\"noopener noreferrer\">Eklenti Sayfas\u0131<\/a><\/td>\n<\/tr>\n<tr class=\"row-6 even\">\n\t<td class=\"column-1\">Admin Columns Pro Gravity Forms<\/td><td class=\"column-2\">1.2<\/td><td class=\"column-3\"><a class=\"download-link\" title=\"\u0130ndir &ldquo;Admin Columns Pro Gravity Forms&rdquo;&nbsp;Versiyon 1.2\" href=\"https:\/\/wpdepo.com\/tr\/\/download\/61500\/\" rel=\"nofollow\">\n\t\u0130ndir<\/a><\/td><td class=\"column-4\">22 Mart 2022<\/td><td class=\"column-5\"><a href=\"https:\/\/www.admincolumns.com\/gravity-forms\/\" target=\"_blank\" rel=\"noopener noreferrer\">Eklenti Sayfas\u0131<\/a><\/td>\n<\/tr>\n<tr class=\"row-7 odd\">\n\t<td class=\"column-1\">Admin Columns Pro JetEngine<\/td><td class=\"column-2\">1.1.3<\/td><td class=\"column-3\"><a class=\"download-link\" title=\"\u0130ndir &ldquo;Admin Columns Pro JetEngine&rdquo;&nbsp;Versiyon 1.1.3\" href=\"https:\/\/wpdepo.com\/tr\/\/download\/68316\/\" rel=\"nofollow\">\n\t\u0130ndir<\/a><\/td><td class=\"column-4\">18 May\u0131s 2022<\/td><td class=\"column-5\"><a href=\"https:\/\/www.admincolumns.com\/jetengine\/\" target=\"_blank\" rel=\"noopener noreferrer\">Eklenti Sayfas\u0131<\/a><\/td>\n<\/tr>\n<tr class=\"row-8 even\">\n\t<td class=\"column-1\">Admin Columns Pro Meta Box<\/td><td class=\"column-2\">1.3<\/td><td class=\"column-3\"><a class=\"download-link\" title=\"\u0130ndir &ldquo;Admin Columns Pro Meta Box&rdquo;&nbsp;Versiyon 1.3\" href=\"https:\/\/wpdepo.com\/tr\/\/download\/45403\/\" rel=\"nofollow\">\n\t\u0130ndir<\/a><\/td><td class=\"column-4\">22 Mart 2022<\/td><td class=\"column-5\"><a href=\"https:\/\/www.admincolumns.com\/meta-box-integration\/\" target=\"_blank\" rel=\"noopener noreferrer\">Eklenti Sayfas\u0131<\/a><\/td>\n<\/tr>\n<tr class=\"row-9 odd\">\n\t<td class=\"column-1\">Admin Columns Pro Ninja Forms<\/td><td class=\"column-2\">1.5<\/td><td class=\"column-3\"><a class=\"download-link\" title=\"\u0130ndir &ldquo;Admin Columns Pro Ninja Forms&rdquo;&nbsp;Versiyon 1.5\" href=\"https:\/\/wpdepo.com\/tr\/\/download\/2888\/\" rel=\"nofollow\">\n\t\u0130ndir<\/a><\/td><td class=\"column-4\">21 Eyl\u00fcl 2021<\/td><td class=\"column-5\"><a href=\"https:\/\/www.admincolumns.com\/ninja-forms\/\" target=\"_blank\" rel=\"noopener noreferrer\">Eklenti Sayfas\u0131<\/a><\/td>\n<\/tr>\n<tr class=\"row-10 even\">\n\t<td class=\"column-1\">Admin Columns Pro Pods<\/td><td class=\"column-2\">1.7<\/td><td class=\"column-3\"><a class=\"download-link\" title=\"\u0130ndir &ldquo;Admin Columns Pro Pods&rdquo;&nbsp;Versiyon 1.7\" href=\"https:\/\/wpdepo.com\/tr\/\/download\/2890\/\" rel=\"nofollow\">\n\t\u0130ndir<\/a><\/td><td class=\"column-4\">22 Mart 2022<\/td><td class=\"column-5\"><a href=\"https:\/\/www.admincolumns.com\/pods\/\" target=\"_blank\" rel=\"noopener noreferrer\">Eklenti Sayfas\u0131<\/a><\/td>\n<\/tr>\n<tr class=\"row-11 odd\">\n\t<td class=\"column-1\">Admin Columns Pro Toolset Types<\/td><td class=\"column-2\">1.8<\/td><td class=\"column-3\"><a class=\"download-link\" title=\"\u0130ndir &ldquo;Admin Columns Pro Toolset Types&rdquo;&nbsp;Versiyon 1.8\" href=\"https:\/\/wpdepo.com\/tr\/\/download\/2077\/\" rel=\"nofollow\">\n\t\u0130ndir<\/a><\/td><td class=\"column-4\">22 Mart 2022<\/td><td class=\"column-5\"><a href=\"https:\/\/www.admincolumns.com\/toolset-types\/\" target=\"_blank\" rel=\"noopener noreferrer\">Eklenti Sayfas\u0131<\/a><\/td>\n<\/tr>\n<tr class=\"row-12 even\">\n\t<td class=\"column-1\">Admin Columns Pro WooCommerce Columns<\/td><td class=\"column-2\">3.7.3<\/td><td class=\"column-3\"><a class=\"download-link\" title=\"\u0130ndir &ldquo;Admin Columns Pro WooCommerce Columns&rdquo;&nbsp;Versiyon 3.7.3\" href=\"https:\/\/wpdepo.com\/tr\/\/download\/2079\/\" rel=\"nofollow\">\n\t\u0130ndir<\/a><\/td><td class=\"column-4\">8 Temmuz 2022<\/td><td class=\"column-5\"><a href=\"https:\/\/www.admincolumns.com\/woocommerce-columns\/\" target=\"_blank\" rel=\"noopener noreferrer\">Eklenti Sayfas\u0131<\/a><\/td>\n<\/tr>\n<tr class=\"row-13 odd\">\n\t<td class=\"column-1\">Admin Columns Pro Yoast SEO<\/td><td class=\"column-2\">1.2<\/td><td class=\"column-3\"><a class=\"download-link\" title=\"\u0130ndir &ldquo;Admin Columns Pro Yoast SEO&rdquo;&nbsp;Versiyon 1.2\" href=\"https:\/\/wpdepo.com\/tr\/\/download\/52900\/\" rel=\"nofollow\">\n\t\u0130ndir<\/a><\/td><td class=\"column-4\">22 Mart 2022<\/td><td class=\"column-5\"><a href=\"https:\/\/www.admincolumns.com\/yoast-seo\/\" target=\"_blank\" rel=\"noopener noreferrer\">Eklenti Sayfas\u0131<\/a><\/td>\n<\/tr>\n<\/tbody>\n<\/table>\n\r\n\r\n\t\t<\/div>\n\t\t\t\t\t<\/div>\n\n\t\r\n\r\n<\/div>\r\n\r\n\t\t<\/div>\n\n\t\t\n<style>\n#section_128600294 {\n  padding-top: 30px;\n  padding-bottom: 30px;\n}\n<\/style>\n\t<\/section>\n\t","protected":false},"excerpt":{"rendered":"","protected":false},"author":1,"featured_media":0,"parent":0,"menu_order":0,"comment_status":"closed","ping_status":"closed","template":"page-blank.php","meta":{"footnotes":""},"class_list":["post-2098","page","type-page","status-publish","hentry"],"_links":{"self":[{"href":"https:\/\/wpdepo.com\/tr\/wp-json\/wp\/v2\/pages\/2098","targetHints":{"allow":["GET"]}}],"collection":[{"href":"https:\/\/wpdepo.com\/tr\/wp-json\/wp\/v2\/pages"}],"about":[{"href":"https:\/\/wpdepo.com\/tr\/wp-json\/wp\/v2\/types\/page"}],"author":[{"embeddable":true,"href":"https:\/\/wpdepo.com\/tr\/wp-json\/wp\/v2\/users\/1"}],"replies":[{"embeddable":true,"href":"https:\/\/wpdepo.com\/tr\/wp-json\/wp\/v2\/comments?post=2098"}],"version-history":[{"count":0,"href":"https:\/\/wpdepo.com\/tr\/wp-json\/wp\/v2\/pages\/2098\/revisions"}],"wp:attachment":[{"href":"https:\/\/wpdepo.com\/tr\/wp-json\/wp\/v2\/media?parent=2098"}],"curies":[{"name":"wp","href":"https:\/\/api.w.org\/{rel}","templated":true}]}}