{"id":20728,"date":"2019-03-06T16:02:33","date_gmt":"2019-03-06T13:02:33","guid":{"rendered":"https:\/\/wpdepo.com\/?page_id=20728"},"modified":"2019-03-06T16:02:33","modified_gmt":"2019-03-06T13:02:33","slug":"iconic-eklentileri","status":"publish","type":"page","link":"https:\/\/wpdepo.com\/tr\/iconic-eklentileri\/","title":{"rendered":"Iconic Eklentileri"},"content":{"rendered":"\n\t<section class=\"section\" id=\"section_92203799\">\n\t\t<div class=\"section-bg fill\" >\n\t\t\t\t\t\t\t\t\t\n\t\t\t\n\n\t\t<\/div>\n\n\t\t\n\n\t\t<div class=\"section-content relative\">\n\t\t\t\r\n\r\n<div class=\"row\"  id=\"row-363653857\">\r\n\r\n\n\t<div id=\"col-1866107684\" class=\"col small-12 large-12\"  >\n\t\t\t\t<div class=\"col-inner text-left\"  >\n\t\t\t\n\t\t\t\r\n\r\n<h2 style=\"text-align: center;\">IconicWP<\/h2>\r\n<p>Iconic, WooCommerce tabanl\u0131 e-ticaret siteniz i\u00e7in \u00e7e\u015fitli alanlarda premium eklentiler geli\u015ftirmektedir. Varyasyonlu bir \u00fcr\u00fcnde yer alan varyasyonlar\u0131 ayr\u0131 \u00fcr\u00fcn olarak listeleyebilirsiniz. WooCommerce \u00fcr\u00fcn g\u00f6rsellerini iyile\u015ftirebilirsiniz. \u00dcr\u00fcn g\u00f6nderim zaman\u0131n\u0131 m\u00fc\u015fterinizin se\u00e7mesini sa\u011flayabilirsiniz. Daha fazlas\u0131 i\u00e7in eklenti sayfalar\u0131n\u0131 t\u0131klayabilirsiniz.<\/p>\r\n\r\n\t\t<\/div>\n\t\t\t\t\t<\/div>\n\n\t\r\n\r\n<\/div>\r\n\r\n\t\t<\/div>\n\n\t\t\n<style>\n#section_92203799 {\n  padding-top: 0px;\n  padding-bottom: 0px;\n  background-color: rgb(245, 245, 245);\n}\n<\/style>\n\t<\/section>\n\t\r\n\n\t<section class=\"section\" id=\"section_1083944257\">\n\t\t<div class=\"section-bg fill\" >\n\t\t\t\t\t\t\t\t\t\n\t\t\t\n\n\t\t<\/div>\n\n\t\t\n\n\t\t<div class=\"section-content relative\">\n\t\t\t\r\n\r\n<div class=\"row\"  id=\"row-1918815977\">\r\n\r\n\n\t<div id=\"col-26868665\" class=\"col small-12 large-12\"  >\n\t\t\t\t<div class=\"col-inner text-left\"  >\n\t\t\t\n\t\t\t\r\n\r\n\n<table id=\"tablepress-83\" class=\"tablepress tablepress-id-83\">\n<thead>\n<tr class=\"row-1 odd\">\n\t<th class=\"column-1\">Eklenti Ad\u0131<\/th><th class=\"column-2\">Versiyon<\/th><th class=\"column-3\">\u0130ndir<\/th><th class=\"column-4\">G\u00fcncelleme<\/th><th class=\"column-5\">Bilgi<\/th>\n<\/tr>\n<\/thead>\n<tbody class=\"row-hover\">\n<tr class=\"row-2 even\">\n\t<td class=\"column-1\">Flux Checkout for WooCommerce<\/td><td class=\"column-2\">2.25.0<\/td><td class=\"column-3\"><a class=\"download-link\" title=\"\u0130ndir &ldquo;Flux Checkout for WooCommerce&rdquo;&nbsp;Versiyon 2.25.0\" href=\"https:\/\/wpdepo.com\/tr\/\/download\/55172\/\" rel=\"nofollow\">\n\t\u0130ndir<\/a><\/td><td class=\"column-4\">1 \u015eubat 2026<\/td><td class=\"column-5\"><a href=\"https:\/\/iconicwp.com\/products\/flux-checkout-for-woocommerce\/\" target=\"_blank\" rel=\"noopener noreferrer\">Eklenti Sayfas\u0131<\/a><\/td>\n<\/tr>\n<tr class=\"row-3 odd\">\n\t<td class=\"column-1\">Iconic Sales Booster for WooCommerce<\/td><td class=\"column-2\">1.26.0<\/td><td class=\"column-3\"><a class=\"download-link\" title=\"\u0130ndir &ldquo;Iconic Sales Booster for WooCommerce&rdquo;&nbsp;Versiyon 1.26.0\" href=\"https:\/\/wpdepo.com\/tr\/\/download\/31690\/\" rel=\"nofollow\">\n\t\u0130ndir<\/a><\/td><td class=\"column-4\">19 Kas\u0131m 2025<\/td><td class=\"column-5\"><a href=\"https:\/\/iconicwp.com\/products\/sales-booster-for-woocommerce\/\" target=\"_blank\" rel=\"noopener noreferrer\">Eklenti Sayfas\u0131<\/a><\/td>\n<\/tr>\n<tr class=\"row-4 even\">\n\t<td class=\"column-1\">Image Swap for WooCommerce<\/td><td class=\"column-2\">2.13.0<\/td><td class=\"column-3\"><a class=\"download-link\" title=\"\u0130ndir &ldquo;Image Swap for WooCommerce&rdquo;&nbsp;Versiyon 2.13.0\" href=\"https:\/\/wpdepo.com\/tr\/\/download\/72032\/\" rel=\"nofollow\">\n\t\u0130ndir<\/a><\/td><td class=\"column-4\">5 Eyl\u00fcl 2025<\/td><td class=\"column-5\"><a href=\"https:\/\/iconicwp.com\/products\/image-swap-for-woocommerce\/\" target=\"_blank\" rel=\"noopener noreferrer\">Eklenti Sayfas\u0131<\/a><\/td>\n<\/tr>\n<tr class=\"row-5 odd\">\n\t<td class=\"column-1\">Wishlists for WooCommerce<\/td><td class=\"column-2\">1.8.1<\/td><td class=\"column-3\"><a class=\"download-link\" title=\"\u0130ndir &ldquo;Wishlists for WooCommerce&rdquo;&nbsp;Versiyon 1.8.1\" href=\"https:\/\/wpdepo.com\/tr\/\/download\/20787\/\" rel=\"nofollow\">\n\t\u0130ndir<\/a><\/td><td class=\"column-4\">5 May\u0131s 2025<\/td><td class=\"column-5\"><a href=\"https:\/\/iconicwp.com\/products\/wishlists-for-woocommerce\/\" target=\"_blank\" rel=\"noopener noreferrer\">Eklenti Sayfas\u0131<\/a><\/td>\n<\/tr>\n<tr class=\"row-6 even\">\n\t<td class=\"column-1\">WooCommerce Account Pages<\/td><td class=\"column-2\">1.7.1<\/td><td class=\"column-3\"><a class=\"download-link\" title=\"\u0130ndir &ldquo;WooCommerce Account Pages&rdquo;&nbsp;Versiyon 1.7.1\" href=\"https:\/\/wpdepo.com\/tr\/\/download\/20715\/\" rel=\"nofollow\">\n\t\u0130ndir<\/a><\/td><td class=\"column-4\">5 May\u0131s 2025<\/td><td class=\"column-5\"><a href=\"https:\/\/iconicwp.com\/products\/woocommerce-account-pages\/\" target=\"_blank\" rel=\"noopener noreferrer\">Eklenti Sayfas\u0131<\/a><\/td>\n<\/tr>\n<tr class=\"row-7 odd\">\n\t<td class=\"column-1\">WooCommerce Attribute Swatches<\/td><td class=\"column-2\">1.21.1<\/td><td class=\"column-3\"><a class=\"download-link\" title=\"\u0130ndir &ldquo;WooCommerce Attribute Swatches&rdquo;&nbsp;Versiyon 1.21.1\" href=\"https:\/\/wpdepo.com\/tr\/\/download\/20711\/\" rel=\"nofollow\">\n\t\u0130ndir<\/a><\/td><td class=\"column-4\">15 Kas\u0131m 2025<\/td><td class=\"column-5\"><a href=\"https:\/\/iconicwp.com\/products\/woocommerce-attribute-swatches\/\" target=\"_blank\" rel=\"noopener noreferrer\">Eklenti Sayfas\u0131<\/a><\/td>\n<\/tr>\n<tr class=\"row-8 even\">\n\t<td class=\"column-1\">WooCommerce Bundled Products<\/td><td class=\"column-2\">2.10.1<\/td><td class=\"column-3\"><a class=\"download-link\" title=\"\u0130ndir &ldquo;WooCommerce Bundled Products&rdquo;&nbsp;Versiyon 2.10.1\" href=\"https:\/\/wpdepo.com\/tr\/\/download\/20707\/\" rel=\"nofollow\">\n\t\u0130ndir<\/a><\/td><td class=\"column-4\">2 Eyl\u00fcl 2025<\/td><td class=\"column-5\"><a href=\"https:\/\/iconicwp.com\/products\/woocommerce-bundled-products\/\" target=\"_blank\" rel=\"noopener noreferrer\">Eklenti Sayfas\u0131<\/a><\/td>\n<\/tr>\n<tr class=\"row-9 odd\">\n\t<td class=\"column-1\">WooCommerce Custom Fields for Variations<\/td><td class=\"column-2\">1.9.1<\/td><td class=\"column-3\"><a class=\"download-link\" title=\"\u0130ndir &ldquo;WooCommerce Custom Fields for Variations&rdquo;&nbsp;Versiyon 1.9.1\" href=\"https:\/\/wpdepo.com\/tr\/\/download\/20709\/\" rel=\"nofollow\">\n\t\u0130ndir<\/a><\/td><td class=\"column-4\">15 Ocak 2026<\/td><td class=\"column-5\"><a href=\"https:\/\/iconicwp.com\/products\/woocommerce-custom-fields-variations\/\" target=\"_blank\" rel=\"noopener noreferrer\">Eklenti Sayfas\u0131<\/a><\/td>\n<\/tr>\n<tr class=\"row-10 even\">\n\t<td class=\"column-1\">WooCommerce Delivery Slots<\/td><td class=\"column-2\">2.12.0<\/td><td class=\"column-3\"><a class=\"download-link\" title=\"\u0130ndir &ldquo;WooCommerce Delivery Slots&rdquo;&nbsp;Versiyon 2.12.0\" href=\"https:\/\/wpdepo.com\/tr\/\/download\/20781\/\" rel=\"nofollow\">\n\t\u0130ndir<\/a><\/td><td class=\"column-4\">15 Ocak 2026<\/td><td class=\"column-5\"><a href=\"https:\/\/iconicwp.com\/products\/woocommerce-delivery-slots\/\" target=\"_blank\" rel=\"noopener noreferrer\">Eklenti Sayfas\u0131<\/a><\/td>\n<\/tr>\n<tr class=\"row-11 odd\">\n\t<td class=\"column-1\">WooCommerce Linked Variations<\/td><td class=\"column-2\">1.12.0<\/td><td class=\"column-3\"><a class=\"download-link\" title=\"\u0130ndir &ldquo;WooCommerce Linked Variations&rdquo;&nbsp;Versiyon 1.12.0\" href=\"https:\/\/wpdepo.com\/tr\/\/download\/20721\/\" rel=\"nofollow\">\n\t\u0130ndir<\/a><\/td><td class=\"column-4\">19 Kas\u0131m 2025<\/td><td class=\"column-5\"><a href=\"https:\/\/iconicwp.com\/products\/woocommerce-linked-variations\/\" target=\"_blank\" rel=\"noopener noreferrer\">Eklenti Sayfas\u0131<\/a><\/td>\n<\/tr>\n<tr class=\"row-12 even\">\n\t<td class=\"column-1\">WooCommerce Product Configurator<\/td><td class=\"column-2\">1.27.1<\/td><td class=\"column-3\"><a class=\"download-link\" title=\"\u0130ndir &ldquo;WooCommerce Product Configurator&rdquo;&nbsp;Versiyon 1.27.1\" href=\"https:\/\/wpdepo.com\/tr\/\/download\/20719\/\" rel=\"nofollow\">\n\t\u0130ndir<\/a><\/td><td class=\"column-4\">5 May\u0131s 2025<\/td><td class=\"column-5\"><a href=\"https:\/\/iconicwp.com\/products\/woocommerce-product-configurator\/\" target=\"_blank\" rel=\"noopener noreferrer\">Eklenti Sayfas\u0131<\/a><\/td>\n<\/tr>\n<tr class=\"row-13 odd\">\n\t<td class=\"column-1\">WooCommerce Quickview<\/td><td class=\"column-2\">3.12.1<\/td><td class=\"column-3\"><a class=\"download-link\" title=\"\u0130ndir &ldquo;WooCommerce Quickview&rdquo;&nbsp;Versiyon 3.12.1\" href=\"https:\/\/wpdepo.com\/tr\/\/download\/20713\/\" rel=\"nofollow\">\n\t\u0130ndir<\/a><\/td><td class=\"column-4\">5 May\u0131s 2025<\/td><td class=\"column-5\"><a href=\"https:\/\/iconicwp.com\/products\/woocommerce-quickview\/\" target=\"_blank\" rel=\"noopener noreferrer\">Eklenti Sayfas\u0131<\/a><\/td>\n<\/tr>\n<tr class=\"row-14 even\">\n\t<td class=\"column-1\">WooCommerce QuickTray<\/td><td class=\"column-2\">1.0.6<\/td><td class=\"column-3\"><a class=\"download-link\" title=\"\u0130ndir &ldquo;WooCommerce QuickTray&rdquo;&nbsp;Versiyon 1.0.6\" href=\"https:\/\/wpdepo.com\/tr\/\/download\/20717\/\" rel=\"nofollow\">\n\t\u0130ndir<\/a><\/td><td class=\"column-4\">10 Kas\u0131m 2021<\/td><td class=\"column-5\"><a href=\"https:\/\/iconicwp.com\/products\/woocommerce-quicktray\/\" target=\"_blank\" rel=\"noopener noreferrer\">Eklenti Sayfas\u0131<\/a><\/td>\n<\/tr>\n<tr class=\"row-15 odd\">\n\t<td class=\"column-1\">WooCommerce Show Single Variations<\/td><td class=\"column-2\">1.26<\/td><td class=\"column-3\"><a class=\"download-link\" title=\"\u0130ndir &ldquo;WooCommerce Show Single Variations&rdquo;&nbsp;Versiyon 1.26\" href=\"https:\/\/wpdepo.com\/tr\/\/download\/20784\/\" rel=\"nofollow\">\n\t\u0130ndir<\/a><\/td><td class=\"column-4\">4 Temmuz 2025<\/td><td class=\"column-5\"><a href=\"https:\/\/iconicwp.com\/products\/woocommerce-show-single-variations\/\" target=\"_blank\" rel=\"noopener noreferrer\">Eklenti Sayfas\u0131<\/a><\/td>\n<\/tr>\n<tr class=\"row-16 even\">\n\t<td class=\"column-1\">WooThumbs for WooCommerce<\/td><td class=\"column-2\">5.13.2<\/td><td class=\"column-3\"><a class=\"download-link\" title=\"\u0130ndir &ldquo;WooThumbs for WooCommerce&rdquo;&nbsp;Versiyon 5.13.2\" href=\"https:\/\/wpdepo.com\/tr\/\/download\/2414\/\" rel=\"nofollow\">\n\t\u0130ndir<\/a><\/td><td class=\"column-4\">31 Mart 2026<\/td><td class=\"column-5\"><a href=\"https:\/\/iconicwp.com\/products\/woothumbs\/\" target=\"_blank\" rel=\"noopener noreferrer\">Eklenti Sayfas\u0131<\/a><\/td>\n<\/tr>\n<\/tbody>\n<\/table>\n\r\n\r\n\t\t<\/div>\n\t\t\t\t\t<\/div>\n\n\t\r\n\r\n<\/div>\r\n\r\n\t\t<\/div>\n\n\t\t\n<style>\n#section_1083944257 {\n  padding-top: 30px;\n  padding-bottom: 30px;\n}\n<\/style>\n\t<\/section>\n\t","protected":false},"excerpt":{"rendered":"","protected":false},"author":1,"featured_media":0,"parent":0,"menu_order":0,"comment_status":"closed","ping_status":"closed","template":"page-blank.php","meta":{"footnotes":""},"class_list":["post-20728","page","type-page","status-publish","hentry"],"_links":{"self":[{"href":"https:\/\/wpdepo.com\/tr\/wp-json\/wp\/v2\/pages\/20728","targetHints":{"allow":["GET"]}}],"collection":[{"href":"https:\/\/wpdepo.com\/tr\/wp-json\/wp\/v2\/pages"}],"about":[{"href":"https:\/\/wpdepo.com\/tr\/wp-json\/wp\/v2\/types\/page"}],"author":[{"embeddable":true,"href":"https:\/\/wpdepo.com\/tr\/wp-json\/wp\/v2\/users\/1"}],"replies":[{"embeddable":true,"href":"https:\/\/wpdepo.com\/tr\/wp-json\/wp\/v2\/comments?post=20728"}],"version-history":[{"count":0,"href":"https:\/\/wpdepo.com\/tr\/wp-json\/wp\/v2\/pages\/20728\/revisions"}],"wp:attachment":[{"href":"https:\/\/wpdepo.com\/tr\/wp-json\/wp\/v2\/media?parent=20728"}],"curies":[{"name":"wp","href":"https:\/\/api.w.org\/{rel}","templated":true}]}}