{"id":2,"date":"2017-04-20T23:59:16","date_gmt":"2017-04-20T23:59:16","guid":{"rendered":"https:\/\/wpdepo.com\/?page_id=2"},"modified":"2025-12-10T14:32:16","modified_gmt":"2025-12-10T14:32:16","slug":"anasayfa","status":"publish","type":"page","link":"https:\/\/wpdepo.com\/tr\/","title":{"rendered":"Anasayfa"},"content":{"rendered":"\n\t<section class=\"section dark\" id=\"section_1494062499\">\n\t\t<div class=\"section-bg fill\" >\n\t\t\t\t\t\t\t\t\t\n\t\t\t\n\n\t\t<\/div>\n\n\t\t\n\n\t\t<div class=\"section-content relative\">\n\t\t\t\r\n\r\n<div class=\"row align-center\"  id=\"row-147873515\">\r\n\r\n\n\t<div id=\"col-229491981\" class=\"col medium-10 small-12 large-10\"  >\n\t\t\t\t<div class=\"col-inner text-center\"  >\n\t\t\t\n\t\t\t\r\n\r\n<h1 style=\"text-align: center;\"><span style=\"color: #ffffff;\">Ufak B\u00fct\u00e7elerle M\u00fcthi\u015f Web Siteleri Olu\u015fturun<\/span><\/h1>\r\n<h3 style=\"text-align: center;\"><span style=\"color: #ffffff;\">3600+ Premium WordPress Temas\u0131 ve Eklentisi<\/span><\/h3>\r\n<h3 style=\"text-align: center;\"><span style=\"color: #ffffff;\">Hepsi Orijinal. S\u0131n\u0131rs\u0131z Kullan\u0131m. D\u00fczenli G\u00fcncelleme.<\/span><\/h3>\r\n\t<div id=\"gap-1862839933\" class=\"gap-element clearfix\" style=\"display:block; height:auto;\">\n\t\t\n<style>\n#gap-1862839933 {\n  padding-top: 15px;\n}\n<\/style>\n\t<\/div>\n\t\r\n\r\n\t<div class=\"img has-hover x md-x lg-x y md-y lg-y\" id=\"image_1926222996\">\n\t\t\t\t\t\t\t\t<div class=\"img-inner dark\" >\n\t\t\t<img loading=\"lazy\" decoding=\"async\" width=\"1000\" height=\"346\" src=\"https:\/\/wpdepo.com\/wp-content\/uploads\/2017\/04\/anasayfa-banner.png\" class=\"attachment-large size-large\" alt=\"1000+ Premium WordPress Eklentisi ve Temas\u0131\" srcset=\"https:\/\/wpdepo.com\/wp-content\/uploads\/2017\/04\/anasayfa-banner.png 1000w, https:\/\/wpdepo.com\/wp-content\/uploads\/2017\/04\/anasayfa-banner-510x176.png 510w, https:\/\/wpdepo.com\/wp-content\/uploads\/2017\/04\/anasayfa-banner-300x104.png 300w, https:\/\/wpdepo.com\/wp-content\/uploads\/2017\/04\/anasayfa-banner-768x266.png 768w\" sizes=\"auto, (max-width: 1000px) 100vw, 1000px\" \/>\t\t\t\t\t\t\n\t\t\t\t\t<\/div>\n\t\t\t\t\t\t\t\t\n<style>\n#image_1926222996 {\n  width: 100%;\n}\n<\/style>\n\t<\/div>\n\t\r\n\r\n\r\n\t\t<\/div>\n\t\t\t\t\t<\/div>\n\n\t\r\n\r\n<\/div>\r\n\r\n\t\t<\/div>\n\n\t\t\n<style>\n#section_1494062499 {\n  padding-top: 30px;\n  padding-bottom: 30px;\n  background-color: rgb(52, 152, 219);\n}\n<\/style>\n\t<\/section>\n\t\r\n\n\t<section class=\"section\" id=\"section_2086155547\">\n\t\t<div class=\"section-bg fill\" >\n\t\t\t\t\t\t\t\t\t\n\t\t\t\n\n\t\t<\/div>\n\n\t\t\n\n\t\t<div class=\"section-content relative\">\n\t\t\t\r\n\r\n<div class=\"row align-center\"  id=\"row-1253851067\">\r\n\r\n\n\t<div id=\"col-1445066505\" class=\"col medium-3 small-6 large-3\"  >\n\t\t\t\t<div class=\"col-inner text-center\"  >\n\t\t\t\n\t\t\t\r\n\r\n<h2 class=\"uppercase\">3600+<\/h2>\r\n<h3>\u00dcr\u00fcn Depoda<\/h3>\r\n<h4 class=\"thin-font\">WordPress Eklentileri, Temalar\u0131, E-Ticaret Eklentileri<\/h4>\r\n\r\n\t\t<\/div>\n\t\t\t\t\t<\/div>\n\n\t\r\n\n\t<div id=\"col-1316289445\" class=\"col medium-3 small-6 large-3\"  >\n\t\t\t\t<div class=\"col-inner text-center\"  >\n\t\t\t\n\t\t\t\r\n\r\n<h2 class=\"uppercase\">700+<\/h2>\r\n<h3>E-Ticaret Eklentisi<\/h3>\r\n<h4 class=\"thin-font\">WooCommerce &#038; Easy Digital Downloads Eklentileri<\/h4>\r\n\r\n\t\t<\/div>\n\t\t\t\t\t<\/div>\n\n\t\r\n\n\t<div id=\"col-1438708259\" class=\"col medium-3 small-6 large-3\"  >\n\t\t\t\t<div class=\"col-inner text-center\"  >\n\t\t\t\n\t\t\t\r\n\r\n<h2 class=\"uppercase\">2300+<\/h2>\r\n<h3>Premium Eklenti<\/h3>\r\n<h4 class=\"thin-font\">Tek Abonelikte<\/h4>\r\n\r\n\t\t<\/div>\n\t\t\t\t\t<\/div>\n\n\t\r\n\n\t<div id=\"col-301150933\" class=\"col medium-3 small-6 large-3\"  >\n\t\t\t\t<div class=\"col-inner text-center\"  >\n\t\t\t\n\t\t\t\r\n\r\n<h2 class=\"uppercase\">600+<\/h2>\r\n<h3>Premium Tema<\/h3>\r\n<h4 class=\"thin-font\">Tek Abonelikte<\/h4>\r\n\r\n\t\t<\/div>\n\t\t\t\t\t<\/div>\n\n\t\r\n\r\n<\/div>\r\n<div class=\"row align-center\"  id=\"row-1302095351\">\r\n\r\n\n\t<div id=\"col-1120622995\" class=\"col medium-8 small-12 large-8\"  >\n\t\t\t\t<div class=\"col-inner text-center\"  >\n\t\t\t\n\t\t\t\r\n\r\n<p>Se\u00e7ebilece\u011finiz geni\u015f bir yelpazede WordPress eklentisi ve temas\u0131 bulunan depomuz binlerce lira piyasa de\u011ferine sahiptir.<\/p>\r\n<p>iThemes ekibinin geli\u015ftirdi\u011fi BackupBuddy eklentisini ya da Yoast ekibinin geli\u015ftirdi\u011fi SEO eklentileri mi ar\u0131yorsunuz? Belki de arad\u0131\u011f\u0131n\u0131z WooThemes veya YITH taraf\u0131ndan geli\u015ftirilen WooCommerce eklentileri de olabilir. WooCommerce i\u00e7in Amazon eklentisi veya eBay eklentisi de depomuzda.<\/p>\r\n<p>Yoksa tema m\u0131 ar\u0131yorsunuz? Elegant Themes&#8217;e ait Divi veya StudioPress taraf\u0131ndan tasarlanan Genesis benzeri temalar\u0131 be\u011fendiniz mi?\u00a0Peki ThemeForest temalar\u0131na g\u00f6z att\u0131n\u0131z m\u0131?<\/p>\r\n<p>Ne ararsan\u0131z aray\u0131n&#8230; Muhte\u015fem bir web sitesi, eksiksiz bir e-ticaret sitesi olu\u015fturmak istiyorsan\u0131z, ihtiyac\u0131n\u0131z olan ne varsa tek bir \u00e7at\u0131 alt\u0131nda.<\/p>\r\n<a href=\"\/tr\/abonelik-paketleri\" class=\"button primary is-large\" style=\"border-radius:99px;\">\n\t\t<span>Abone Ol<\/span>\n\t<i class=\"icon-angle-right\" aria-hidden=\"true\"><\/i><\/a>\n\r\n\r\n\r\n\t\t<\/div>\n\t\t\t\t\t<\/div>\n\n\t\r\n\r\n<\/div>\r\n\r\n\t\t<\/div>\n\n\t\t\n<style>\n#section_2086155547 {\n  padding-top: 30px;\n  padding-bottom: 30px;\n  background-color: rgb(236, 240, 241);\n}\n<\/style>\n\t<\/section>\n\t\r\n\n\t<section class=\"section\" id=\"section_1186925431\">\n\t\t<div class=\"section-bg fill\" >\n\t\t\t\t\t\t\t\t\t\n\t\t\t\n\n\t\t<\/div>\n\n\t\t\n\n\t\t<div class=\"section-content relative\">\n\t\t\t\r\n\r\n<div class=\"row align-center\"  id=\"row-1162399219\">\r\n\r\n\n\t<div id=\"col-1550835708\" class=\"col medium-10 small-12 large-10\"  >\n\t\t\t\t<div class=\"col-inner text-center\"  >\n\t\t\t\n\t\t\t\r\n\r\n<h2 style=\"text-align: center;\">Tek bir abonelikle t\u00fcm depoya sahip olun<\/h2>\r\n<p style=\"text-align: center;\"><strong><span style=\"color: #3498db;\">ABONEL\u0130K AVANTAJLARINA G\u00d6Z ATIN<br \/>\r\n<\/span><\/strong><\/p>\r\n\r\n\t\t<\/div>\n\t\t\t\t\t<\/div>\n\n\t\r\n\r\n<\/div>\r\n<div class=\"row\"  id=\"row-1716002313\">\r\n\r\n\n\t<div id=\"col-227299029\" class=\"col medium-6 small-12 large-6\"  >\n\t\t\t\t<div class=\"col-inner\"  >\n\t\t\t\n\t\t\t\r\n\r\n<p><img decoding=\"async\" style=\"display: block; margin: auto; width: 30%;\" src=\"\/wp-content\/uploads\/2017\/04\/calculator.png\" alt=\"Bir abonelik ile sahip olaca\u011f\u0131n\u0131z tema ve eklentilerle hayalinizdeki e-ticaret sitesini kurabilirsiniz.\" \/><\/p>\r\n<h4 style=\"text-align: center;\"><span style=\"color: #303030;\">B\u00fcy\u00fck Tasarruf<\/span><\/h4>\r\n<p style=\"text-align: left;\">Binlerce dolar de\u011ferindeki eklenti ve temay\u0131 size tek bir pakette sunuyoruz. Hayalinizdeki web sitesini kurmak art\u0131k maliyetli de\u011fil. Bunun i\u00e7in bir abonelik yeterli. Diledi\u011finiz zaman\u00a0\u015farts\u0131z ve sorgusuz iptal edebilirsiniz.<\/p>\r\n\r\n\t\t<\/div>\n\t\t\t\t\t<\/div>\n\n\t\r\n\n\t<div id=\"col-205544490\" class=\"col medium-6 small-12 large-6\"  >\n\t\t\t\t<div class=\"col-inner\"  >\n\t\t\t\n\t\t\t\r\n\r\n<p><img decoding=\"async\" src=\"\/wp-content\/uploads\/2017\/04\/idea.png\" style=\"display: block;margin: auto;width: 30%;\" alt=\"Orijinal, de\u011fi\u015ftirilmemi\u015f, k\u00f6t\u00fc ama\u00e7l\u0131 yaz\u0131l\u0131m i\u00e7ermeyen WordPress &#038; WooCommerce temalar\u0131 ve eklentileri.\" \/><\/p>\r\n<h4 style=\"text-align: center;\"><span style=\"color: #303030;\">Orijinal Dosyalar<\/span><\/h4>\r\n<p style=\"text-align: left;\">Depomuzdaki eklenti ve temalar\u0131 g\u00fcncel aboneliklerimiz sayesinde topluyoruz. Bu sitede bulunan dosyalar %100 orijinaldir, de\u011fi\u015ftirilmemi\u015ftir, k\u00f6t\u00fc ama\u00e7l\u0131 yaz\u0131l\u0131m i\u00e7ermez. Onlar\u0131 kendi sitemizde de kullan\u0131yoruz!<\/p>\r\n\r\n\t\t<\/div>\n\t\t\t\t\t<\/div>\n\n\t\r\n\r\n<\/div>\r\n<div class=\"row\"  id=\"row-1275128601\">\r\n\r\n\n\t<div id=\"col-663334124\" class=\"col medium-6 small-12 large-6\"  >\n\t\t\t\t<div class=\"col-inner\"  >\n\t\t\t\n\t\t\t\r\n\r\n<p><img decoding=\"async\" src=\"\/wp-content\/uploads\/2017\/04\/check.png\" style=\"display: block;margin: auto;width: 30%;\" alt=\"GPL lisansl\u0131, yasal, \u00fccretli WordPress &#038; WooCommerce tema ve eklentileri.\" \/><\/p>\r\n<h4 style=\"text-align: center;\"><span style=\"color: #303030;\">GPL Lisansl\u0131<\/span><\/h4>\r\n<p style=\"text-align: left;\">WP Depo %100 yasald\u0131r. T\u00fcm temalar ve eklentiler GPL lisans\u0131 alt\u0131nda yay\u0131nlanmaktad\u0131r. \u0130stedi\u011finiz s\u0131kl\u0131kta ve istedi\u011finiz kadar alanda kullanmakta \u00f6zg\u00fcrs\u00fcn\u00fcz. Bu konuda daha fazla bilgiyi <a href=\"\/tr\/sss\">SSS<\/a> b\u00f6l\u00fcm\u00fcnden ve &#8216;<a href=\"\/tr\/hakkimizda\">hakk\u0131m\u0131zda<\/a>&#8216; sayfam\u0131zdan edinebilirsiniz.<\/p>\r\n\r\n\t\t<\/div>\n\t\t\t\t\t<\/div>\n\n\t\r\n\n\t<div id=\"col-1519776824\" class=\"col medium-6 small-12 large-6\"  >\n\t\t\t\t<div class=\"col-inner\"  >\n\t\t\t\n\t\t\t\r\n\r\n<p><img decoding=\"async\" style=\"display: block; margin: auto; width: 30%;\" src=\"\/wp-content\/uploads\/2017\/04\/startup.png\" alt=\"WordPress &#038; WooCommerce eklenti ve temalar\u0131n\u0131 s\u00fcrekli g\u00fcncelliyoruz.\" \/><\/p>\r\n<h4 style=\"text-align: center;\"><span style=\"color: #303030;\">D\u00fczenli G\u00fcncelleme &#038; Yeni \u0130laveler<\/span><\/h4>\r\n<p style=\"text-align: left;\">Tema ve eklenti katalogumuzu s\u00fcrekli g\u00fcncelliyor ve depomuza yenilerini ekliyoruz. Kitlesel fonlaman\u0131n g\u00fcc\u00fcne inan\u0131yoruz. Gelecekteki t\u00fcm g\u00fcncellemeler ve yeni ilaveler\u00a0abonelik bedeline dahildir.<\/p>\r\n\r\n\t\t<\/div>\n\t\t\t\t\t<\/div>\n\n\t\r\n\r\n<\/div>\r\n\r\n\t\t<\/div>\n\n\t\t\n<style>\n#section_1186925431 {\n  padding-top: 30px;\n  padding-bottom: 30px;\n}\n<\/style>\n\t<\/section>\n\t\r\n\n\t<section class=\"section\" id=\"section_788007541\">\n\t\t<div class=\"section-bg fill\" >\n\t\t\t\t\t\t\t\t\t\n\t\t\t\n\n\t\t<\/div>\n\n\t\t\n\n\t\t<div class=\"section-content relative\">\n\t\t\t\r\n\r\n<div class=\"row align-center\"  id=\"row-1996457442\">\r\n\r\n\n\t<div id=\"col-1860761905\" class=\"col medium-10 small-12 large-10\"  >\n\t\t\t\t<div class=\"col-inner text-center\"  >\n\t\t\t\n\t\t\t\r\n\r\n<h2 style=\"color: #404040;text-align: center\">M\u00fcthi\u015f bir web sitesi ister misiniz?<\/h2>\r\n<a href=\"\/tr\/abonelik-paketleri\" class=\"button primary is-outline is-large\" >\n\t\t<span>Evet, neden olmas\u0131n!<\/span>\n\t<\/a>\n\r\n\r\n<p style=\"text-align: center;\">1 ayl\u0131k abonelik sadece 12 dolar. Y\u0131ll\u0131k abonelikte indirim. Diledi\u011finde iptal.<\/p>\r\n\r\n\t\t<\/div>\n\t\t\t\t\t<\/div>\n\n\t\r\n\r\n<\/div>\r\n\r\n\t\t<\/div>\n\n\t\t\n<style>\n#section_788007541 {\n  padding-top: 30px;\n  padding-bottom: 30px;\n  background-color: rgb(236, 240, 241);\n}\n<\/style>\n\t<\/section>\n\t","protected":false},"excerpt":{"rendered":"","protected":false},"author":1,"featured_media":0,"parent":0,"menu_order":0,"comment_status":"closed","ping_status":"closed","template":"page-blank.php","meta":{"footnotes":""},"class_list":["post-2","page","type-page","status-publish","hentry"],"_links":{"self":[{"href":"https:\/\/wpdepo.com\/tr\/wp-json\/wp\/v2\/pages\/2","targetHints":{"allow":["GET"]}}],"collection":[{"href":"https:\/\/wpdepo.com\/tr\/wp-json\/wp\/v2\/pages"}],"about":[{"href":"https:\/\/wpdepo.com\/tr\/wp-json\/wp\/v2\/types\/page"}],"author":[{"embeddable":true,"href":"https:\/\/wpdepo.com\/tr\/wp-json\/wp\/v2\/users\/1"}],"replies":[{"embeddable":true,"href":"https:\/\/wpdepo.com\/tr\/wp-json\/wp\/v2\/comments?post=2"}],"version-history":[{"count":0,"href":"https:\/\/wpdepo.com\/tr\/wp-json\/wp\/v2\/pages\/2\/revisions"}],"wp:attachment":[{"href":"https:\/\/wpdepo.com\/tr\/wp-json\/wp\/v2\/media?parent=2"}],"curies":[{"name":"wp","href":"https:\/\/api.w.org\/{rel}","templated":true}]}}