{"id":1999,"date":"2017-08-13T18:19:03","date_gmt":"2017-08-13T15:19:03","guid":{"rendered":"https:\/\/wpdepo.com\/?page_id=1999\/"},"modified":"2018-09-03T20:46:57","modified_gmt":"2018-09-03T17:46:57","slug":"wc-vendors-eklentileri","status":"publish","type":"page","link":"https:\/\/wpdepo.com\/tr\/wc-vendors-eklentileri\/","title":{"rendered":"WC Vendors Eklentileri"},"content":{"rendered":"\n\t<section class=\"section\" id=\"section_2051259481\">\n\t\t<div class=\"section-bg fill\" >\n\t\t\t\t\t\t\t\t\t\n\t\t\t\n\n\t\t<\/div>\n\n\t\t\n\n\t\t<div class=\"section-content relative\">\n\t\t\t\r\n\r\n<div class=\"row\"  id=\"row-1166257117\">\r\n\r\n\n\t<div id=\"col-929276261\" class=\"col small-12 large-12\"  >\n\t\t\t\t<div class=\"col-inner text-left\"  >\n\t\t\t\n\t\t\t\r\n\r\n<h2 style=\"text-align: center;\">WC Vendors<\/h2>\r\n<p>WC Vendors eklentisi \u00e7ok sat\u0131c\u0131l\u0131 pazar eklentilerinden biridir. WooCommerce ile \u00e7al\u0131\u015fan WC Vendors eklentisi ile kendi pazar\u0131n\u0131z\u0131 kurabilir ve sat\u0131c\u0131lar\u0131n Etsy, eBay veya Amazon&#8217;da oldu\u011fu gibi satmas\u0131na izin verebilirsiniz. <a href=\"https:\/\/tr.wordpress.org\/plugins\/wc-vendors\/\" target=\"_blank\" rel=\"noopener\">\u00dccretsiz s\u00fcr\u00fcm\u00fc<\/a> de bulunan eklentinin Pro s\u00fcr\u00fcm\u00fcne ait \u00f6zelliklerine eklenti sayfas\u0131ndan g\u00f6z atabilirsiniz.<\/p>\r\n<p>Bu eklenti <a href=\"https:\/\/tr.wordpress.org\/plugins\/wc-vendors\/\" target=\"_blank\" rel=\"noopener\">\u00fccretsiz WC Vendors eklentisini<\/a> gerektirir ve her iki eklenti birlikte \u00e7al\u0131\u015fmaktad\u0131r. \u00dccretsiz WC Vendors eklentisini devre d\u0131\u015f\u0131 b\u0131rakmay\u0131n ve WC Vendors Pro eklentisini etkinle\u015ftirmeden \u00f6nce \u00fccretsiz s\u00fcr\u00fcm\u00fcn\u00fc etkinle\u015ftirin. Herhangi bir lisans anahtar\u0131 girmenize gerek yoktur.<\/p>\r\n\r\n\t\t<\/div>\n\t\t\t\t\t<\/div>\n\n\t\r\n\r\n<\/div>\r\n\r\n\t\t<\/div>\n\n\t\t\n<style>\n#section_2051259481 {\n  padding-top: 0px;\n  padding-bottom: 0px;\n  background-color: rgb(245, 245, 245);\n}\n<\/style>\n\t<\/section>\n\t\r\n\n\t<section class=\"section\" id=\"section_311175287\">\n\t\t<div class=\"section-bg fill\" >\n\t\t\t\t\t\t\t\t\t\n\t\t\t\n\n\t\t<\/div>\n\n\t\t\n\n\t\t<div class=\"section-content relative\">\n\t\t\t\r\n\r\n<div class=\"row\"  id=\"row-1789685922\">\r\n\r\n\n\t<div id=\"col-2123245289\" class=\"col small-12 large-12\"  >\n\t\t\t\t<div class=\"col-inner text-left\"  >\n\t\t\t\n\t\t\t\r\n\r\n\n<table id=\"tablepress-23\" class=\"tablepress tablepress-id-23\">\n<thead>\n<tr class=\"row-1 odd\">\n\t<th class=\"column-1\">Eklenti Ad\u0131<\/th><th class=\"column-2\">Versiyon<\/th><th class=\"column-3\">\u0130ndir<\/th><th class=\"column-4\">G\u00fcncelleme<\/th><th class=\"column-5\">Bilgi<\/th>\n<\/tr>\n<\/thead>\n<tbody class=\"row-hover\">\n<tr class=\"row-2 even\">\n\t<td class=\"column-1\">WC Vendors Pro Plugin<\/td><td class=\"column-2\">2.0.5.1<\/td><td class=\"column-3\"><a class=\"download-link\" title=\"\u0130ndir &ldquo;WC Vendors Pro Plugin&rdquo;&nbsp;Versiyon 2.0.5.1\" href=\"https:\/\/wpdepo.com\/tr\/\/download\/1985\/\" rel=\"nofollow\">\n\t\u0130ndir<\/a><\/td><td class=\"column-4\">2 Nisan 2026<\/td><td class=\"column-5\"><a href=\"https:\/\/www.wcvendors.com\/product\/wc-vendors-pro\/\" target=\"_blank\" rel=\"noopener\">Eklenti Sayfas\u0131<\/a><\/td>\n<\/tr>\n<tr class=\"row-3 odd\">\n\t<td class=\"column-1\">WC Vendors Membership<\/td><td class=\"column-2\">1.2.1.1<\/td><td class=\"column-3\"><a class=\"download-link\" title=\"\u0130ndir &ldquo;WC Vendors Membership&rdquo;&nbsp;Versiyon 1.2.1.1\" href=\"https:\/\/wpdepo.com\/tr\/\/download\/81275\/\" rel=\"nofollow\">\n\t\u0130ndir<\/a><\/td><td class=\"column-4\">27 \u015eubat 2024<\/td><td class=\"column-5\"><a href=\"https:\/\/www.wcvendors.com\/wc-vendors-membership\/\" target=\"_blank\" rel=\"noopener\">Eklenti Sayfas\u0131<\/a><\/td>\n<\/tr>\n<tr class=\"row-4 even\">\n\t<td class=\"column-1\">WC Vendors Pro Simple Auctions<\/td><td class=\"column-2\">1.2.4.1<\/td><td class=\"column-3\"><a class=\"download-link\" title=\"\u0130ndir &ldquo;WC Vendors Pro Simple Auctions&rdquo;&nbsp;Versiyon 1.2.4.1\" href=\"https:\/\/wpdepo.com\/tr\/\/download\/81277\/\" rel=\"nofollow\">\n\t\u0130ndir<\/a><\/td><td class=\"column-4\">3 Haziran 2025<\/td><td class=\"column-5\"><a href=\"https:\/\/www.wcvendors.com\/wc-vendors-woocommerce-simple-auctions\/\" target=\"_blank\" rel=\"noopener\">Eklenti Sayfas\u0131<\/a><\/td>\n<\/tr>\n<tr class=\"row-5 odd\">\n\t<td class=\"column-1\">WC Vendors Stripe Connect<\/td><td class=\"column-2\">2.2.4<\/td><td class=\"column-3\"><a class=\"download-link\" title=\"\u0130ndir &ldquo;WC Vendors Stripe Connect&rdquo;&nbsp;Versiyon 2.2.4\" href=\"https:\/\/wpdepo.com\/tr\/\/download\/80388\/\" rel=\"nofollow\">\n\t\u0130ndir<\/a><\/td><td class=\"column-4\">9 Mart 2026<\/td><td class=\"column-5\"><a href=\"https:\/\/www.wcvendors.com\/product\/wc-vendors-stripe-connect\/\" target=\"_blank\" rel=\"noopener\">Eklenti Sayfas\u0131<\/a><\/td>\n<\/tr>\n<tr class=\"row-6 even\">\n\t<td class=\"column-1\">WC Vendors Tax<\/td><td class=\"column-2\">1.0.0<\/td><td class=\"column-3\"><a class=\"download-link\" title=\"\u0130ndir &ldquo;WC Vendors Tax&rdquo;&nbsp;Versiyon 1.0.0\" href=\"https:\/\/wpdepo.com\/tr\/\/download\/81281\/\" rel=\"nofollow\">\n\t\u0130ndir<\/a><\/td><td class=\"column-4\">4 A\u011fustos 2023<\/td><td class=\"column-5\"><a href=\"https:\/\/www.wcvendors.com\/wc-vendors-tax\/\" target=\"_blank\" rel=\"noopener\">Eklenti Sayfas\u0131<\/a><\/td>\n<\/tr>\n<tr class=\"row-7 odd\">\n\t<td class=\"column-1\">WC Vendors WooCommerce Bookings Integration<\/td><td class=\"column-2\">1.4.7<\/td><td class=\"column-3\"><a class=\"download-link\" title=\"\u0130ndir &ldquo;WC Vendors WooCommerce Bookings Integration&rdquo;&nbsp;Versiyon 1.4.7\" href=\"https:\/\/wpdepo.com\/tr\/\/download\/12533\/\" rel=\"nofollow\">\n\t\u0130ndir<\/a><\/td><td class=\"column-4\">9 Mart 2026<\/td><td class=\"column-5\"><a href=\"https:\/\/www.wcvendors.com\/product\/woocommerce-bookings-integration\/\" target=\"_blank\" rel=\"noopener\">Eklenti Sayfas\u0131<\/a><\/td>\n<\/tr>\n<tr class=\"row-8 even\">\n\t<td class=\"column-1\">WC Vendors WooCommerce Subscriptions<\/td><td class=\"column-2\">1.1.5.1<\/td><td class=\"column-3\"><a class=\"download-link\" title=\"\u0130ndir &ldquo;WC Vendors WooCommerce Subscriptions&rdquo;&nbsp;Versiyon 1.1.5.1\" href=\"https:\/\/wpdepo.com\/tr\/\/download\/81279\/\" rel=\"nofollow\">\n\t\u0130ndir<\/a><\/td><td class=\"column-4\">12 Haziran 2024<\/td><td class=\"column-5\"><a href=\"https:\/\/www.wcvendors.com\/wc-vendors-woocommerce-subscriptions\/\" target=\"_blank\" rel=\"noopener\">Eklenti Sayfas\u0131<\/a><\/td>\n<\/tr>\n<\/tbody>\n<\/table>\n\r\n\r\n\t\t<\/div>\n\t\t\t\t\t<\/div>\n\n\t\r\n\r\n<\/div>\r\n\r\n\t\t<\/div>\n\n\t\t\n<style>\n#section_311175287 {\n  padding-top: 30px;\n  padding-bottom: 30px;\n}\n<\/style>\n\t<\/section>\n\t","protected":false},"excerpt":{"rendered":"","protected":false},"author":1,"featured_media":0,"parent":0,"menu_order":0,"comment_status":"closed","ping_status":"closed","template":"page-blank.php","meta":{"footnotes":""},"class_list":["post-1999","page","type-page","status-publish","hentry"],"_links":{"self":[{"href":"https:\/\/wpdepo.com\/tr\/wp-json\/wp\/v2\/pages\/1999","targetHints":{"allow":["GET"]}}],"collection":[{"href":"https:\/\/wpdepo.com\/tr\/wp-json\/wp\/v2\/pages"}],"about":[{"href":"https:\/\/wpdepo.com\/tr\/wp-json\/wp\/v2\/types\/page"}],"author":[{"embeddable":true,"href":"https:\/\/wpdepo.com\/tr\/wp-json\/wp\/v2\/users\/1"}],"replies":[{"embeddable":true,"href":"https:\/\/wpdepo.com\/tr\/wp-json\/wp\/v2\/comments?post=1999"}],"version-history":[{"count":0,"href":"https:\/\/wpdepo.com\/tr\/wp-json\/wp\/v2\/pages\/1999\/revisions"}],"wp:attachment":[{"href":"https:\/\/wpdepo.com\/tr\/wp-json\/wp\/v2\/media?parent=1999"}],"curies":[{"name":"wp","href":"https:\/\/api.w.org\/{rel}","templated":true}]}}