{"id":1994,"date":"2017-08-13T18:05:46","date_gmt":"2017-08-13T15:05:46","guid":{"rendered":"https:\/\/wpdepo.com\/?page_id=1994\/"},"modified":"2018-09-03T20:46:18","modified_gmt":"2018-09-03T17:46:18","slug":"cesitli-seo-eklentileri","status":"publish","type":"page","link":"https:\/\/wpdepo.com\/tr\/cesitli-seo-eklentileri\/","title":{"rendered":"\u00c7e\u015fitli SEO Eklentileri"},"content":{"rendered":"\n\t<section class=\"section\" id=\"section_2032239297\">\n\t\t<div class=\"section-bg fill\" >\n\t\t\t\t\t\t\t\t\t\n\t\t\t\n\n\t\t<\/div>\n\n\t\t\n\n\t\t<div class=\"section-content relative\">\n\t\t\t\r\n\r\n<div class=\"row\"  id=\"row-675740813\">\r\n\r\n\n\t<div id=\"col-247147923\" class=\"col small-12 large-12\"  >\n\t\t\t\t<div class=\"col-inner text-left\"  >\n\t\t\t\n\t\t\t\r\n\r\n<h2 style=\"text-align: center;\">\u00c7e\u015fitli SEO Eklentileri<\/h2>\r\n<p>Yoast taraf\u0131ndan \u00fcretilen SEO eklentilerini <a href=\"https:\/\/wpdepo.com\/yoast-seo-eklentileri\/\">depomuzda bulabilirsiniz<\/a>, bunlar\u0131n d\u0131\u015f\u0131nda kalan \u00e7e\u015fitli SEO eklentilerini ise bu sayfada sunmaktay\u0131z.<\/p>\r\n\r\n\t\t<\/div>\n\t\t\t\t\t<\/div>\n\n\t\r\n\r\n<\/div>\r\n\r\n\t\t<\/div>\n\n\t\t\n<style>\n#section_2032239297 {\n  padding-top: 0px;\n  padding-bottom: 0px;\n  background-color: rgb(245, 245, 245);\n}\n<\/style>\n\t<\/section>\n\t\r\n\n\t<section class=\"section\" id=\"section_637677146\">\n\t\t<div class=\"section-bg fill\" >\n\t\t\t\t\t\t\t\t\t\n\t\t\t\n\n\t\t<\/div>\n\n\t\t\n\n\t\t<div class=\"section-content relative\">\n\t\t\t\r\n\r\n<div class=\"row\"  id=\"row-288516219\">\r\n\r\n\n\t<div id=\"col-608457426\" class=\"col small-12 large-12\"  >\n\t\t\t\t<div class=\"col-inner text-left\"  >\n\t\t\t\n\t\t\t\r\n\r\n\n<table id=\"tablepress-22\" class=\"tablepress tablepress-id-22\">\n<thead>\n<tr class=\"row-1 odd\">\n\t<th class=\"column-1\">Eklenti Ad\u0131<\/th><th class=\"column-2\">Versiyon<\/th><th class=\"column-3\">\u0130ndir<\/th><th class=\"column-4\">G\u00fcncelleme<\/th><th class=\"column-5\">Bilgi<\/th>\n<\/tr>\n<\/thead>\n<tbody class=\"row-hover\">\n<tr class=\"row-2 even\">\n\t<td class=\"column-1\">All In One SEO Pack Pro<\/td><td class=\"column-2\">4.9.0<\/td><td class=\"column-3\"><a class=\"download-link\" title=\"\u0130ndir &ldquo;All In One SEO Pack Pro&rdquo;&nbsp;Versiyon 4.9.0\" href=\"https:\/\/wpdepo.com\/tr\/\/download\/24343\/\" rel=\"nofollow\">\n\t\u0130ndir<\/a><\/td><td class=\"column-4\">17 Kas\u0131m 2025<\/td><td class=\"column-5\"><a href=\"https:\/\/semperplugins.com\/all-in-one-seo-pack-pro-version\/\" target=\"_blank\" rel=\"noopener noreferrer\">Eklenti Sayfas\u0131<\/a><\/td>\n<\/tr>\n<tr class=\"row-3 odd\">\n\t<td class=\"column-1\">JCH Optimize Pro WordPress Plugin<\/td><td class=\"column-2\">4.2.1<\/td><td class=\"column-3\"><a class=\"download-link\" title=\"\u0130ndir &ldquo;JCH Optimize Pro WordPress Plugin&rdquo;&nbsp;Versiyon 4.2.1\" href=\"https:\/\/wpdepo.com\/tr\/\/download\/16405\/\" rel=\"nofollow\">\n\t\u0130ndir<\/a><\/td><td class=\"column-4\">17 Haziran 2024<\/td><td class=\"column-5\"><a href=\"https:\/\/www.jch-optimize.net\/\" target=\"_blank\" rel=\"noopener noreferrer\">Eklenti Sayfas\u0131<\/a><\/td>\n<\/tr>\n<tr class=\"row-4 even\">\n\t<td class=\"column-1\">Permalink Manager Pro<\/td><td class=\"column-2\">2.5.3<\/td><td class=\"column-3\"><a class=\"download-link\" title=\"\u0130ndir &ldquo;Permalink Manager Pro&rdquo;&nbsp;Versiyon 2.5.3\" href=\"https:\/\/wpdepo.com\/tr\/\/download\/13406\/\" rel=\"nofollow\">\n\t\u0130ndir<\/a><\/td><td class=\"column-4\">13 \u015eubat 2026<\/td><td class=\"column-5\"><a href=\"https:\/\/permalinkmanager.pro\/\" target=\"_blank\" rel=\"noopener noreferrer\">Eklenti Sayfas\u0131<\/a><\/td>\n<\/tr>\n<tr class=\"row-5 odd\">\n\t<td class=\"column-1\">Premium SEO Pack - Wordpress Plugin<\/td><td class=\"column-2\">3.3.2<\/td><td class=\"column-3\"><a class=\"download-link\" title=\"\u0130ndir &ldquo;Premium SEO Pack - Wordpress Plugin&rdquo;&nbsp;Versiyon 3.3.2\" href=\"https:\/\/wpdepo.com\/tr\/\/download\/12403\/\" rel=\"nofollow\">\n\t\u0130ndir<\/a><\/td><td class=\"column-4\">23 Kas\u0131m 2021<\/td><td class=\"column-5\"><a href=\"http:\/\/premiumseopack.com\/\" target=\"_blank\" rel=\"noopener noreferrer\">Eklenti Sayfas\u0131<\/a><\/td>\n<\/tr>\n<tr class=\"row-6 even\">\n\t<td class=\"column-1\">Rank Math SEO PRO<\/td><td class=\"column-2\">3.0.111<\/td><td class=\"column-3\"><a class=\"download-link\" title=\"\u0130ndir &ldquo;Rank Math SEO PRO&rdquo;&nbsp;Versiyon 3.0.111\" href=\"https:\/\/wpdepo.com\/tr\/\/download\/54628\/\" rel=\"nofollow\">\n\t\u0130ndir<\/a><\/td><td class=\"column-4\">16 Nisan 2026<\/td><td class=\"column-5\"><a href=\"https:\/\/rankmath.com\/\" target=\"_blank\" rel=\"noopener noreferrer\">Eklenti Sayfas\u0131<\/a><\/td>\n<\/tr>\n<tr class=\"row-7 odd\">\n\t<td class=\"column-1\">Schema Premium<\/td><td class=\"column-2\">1.2.7.3<\/td><td class=\"column-3\"><a class=\"download-link\" title=\"\u0130ndir &ldquo;Schema Premium&rdquo;&nbsp;Versiyon 1.2.7.3\" href=\"https:\/\/wpdepo.com\/tr\/\/download\/22961\/\" rel=\"nofollow\">\n\t\u0130ndir<\/a><\/td><td class=\"column-4\">6 Temmuz 2025<\/td><td class=\"column-5\"><a href=\"https:\/\/schema.press\/\" target=\"_blank\" rel=\"noopener noreferrer\">Eklenti Sayfas\u0131<\/a><\/td>\n<\/tr>\n<tr class=\"row-8 even\">\n\t<td class=\"column-1\">SEOPress Pro<\/td><td class=\"column-2\">9.7.2<\/td><td class=\"column-3\"><a class=\"download-link\" title=\"\u0130ndir &ldquo;SEOPress Pro&rdquo;&nbsp;Versiyon 9.7.2\" href=\"https:\/\/wpdepo.com\/tr\/\/download\/12926\/\" rel=\"nofollow\">\n\t\u0130ndir<\/a><\/td><td class=\"column-4\">6 Nisan 2026<\/td><td class=\"column-5\"><a href=\"https:\/\/www.seopress.org\/seopress-pro\/\" target=\"_blank\" rel=\"noopener noreferrer\">Eklenti Sayfas\u0131<\/a><\/td>\n<\/tr>\n<tr class=\"row-9 odd\">\n\t<td class=\"column-1\">Slim SEO Pro<\/td><td class=\"column-2\">1.9.1<\/td><td class=\"column-3\"><a class=\"download-link\" title=\"\u0130ndir &ldquo;Slim SEO Pro&rdquo;&nbsp;Versiyon 1.9.1\" href=\"https:\/\/wpdepo.com\/tr\/\/download\/98833\/\" rel=\"nofollow\">\n\t\u0130ndir<\/a><\/td><td class=\"column-4\">27 Ocak 2026<\/td><td class=\"column-5\"><a href=\"https:\/\/wpslimseo.com\/\" target=\"_blank\" rel=\"noopener noreferrer\">Eklenti Sayfas\u0131<\/a><\/td>\n<\/tr>\n<tr class=\"row-10 even\">\n\t<td class=\"column-1\">Slim SEO Schema<\/td><td class=\"column-2\">2.6.9<\/td><td class=\"column-3\"><a class=\"download-link\" title=\"\u0130ndir &ldquo;Slim SEO Schema&rdquo;&nbsp;Versiyon 2.6.9\" href=\"https:\/\/wpdepo.com\/tr\/\/download\/88197\/\" rel=\"nofollow\">\n\t\u0130ndir<\/a><\/td><td class=\"column-4\">17 Ocak 2025<\/td><td class=\"column-5\"><a href=\"https:\/\/wpslimseo.com\/\" target=\"_blank\" rel=\"noopener noreferrer\">Eklenti Sayfas\u0131<\/a><\/td>\n<\/tr>\n<tr class=\"row-11 odd\">\n\t<td class=\"column-1\">SureRank SEO Pro - Business<\/td><td class=\"column-2\">1.2.0<\/td><td class=\"column-3\"><a class=\"download-link\" title=\"\u0130ndir &ldquo;SureRank SEO Pro - Business&rdquo;&nbsp;Versiyon 1.2.0\" href=\"https:\/\/wpdepo.com\/tr\/\/download\/99272\/\" rel=\"nofollow\">\n\t\u0130ndir<\/a><\/td><td class=\"column-4\">27 Ocak 2026<\/td><td class=\"column-5\"><a href=\"https:\/\/surerank.com\/\" target=\"_blank\" rel=\"noopener noreferrer\">Eklenti Sayfas\u0131<\/a><\/td>\n<\/tr>\n<tr class=\"row-12 even\">\n\t<td class=\"column-1\">WooCommerce Perfect SEO Url<\/td><td class=\"column-2\">2.8.4<\/td><td class=\"column-3\"><a class=\"download-link\" title=\"\u0130ndir &ldquo;WooCommerce Perfect SEO Url&rdquo;&nbsp;Versiyon 2.8.4\" href=\"https:\/\/wpdepo.com\/tr\/\/download\/13393\/\" rel=\"nofollow\">\n\t\u0130ndir<\/a><\/td><td class=\"column-4\">11 May\u0131s 2018<\/td><td class=\"column-5\"><a href=\"https:\/\/www.perfectseourl.com\/\" target=\"_blank\" rel=\"noopener noreferrer\">Eklenti Sayfas\u0131<\/a><\/td>\n<\/tr>\n<tr class=\"row-13 odd\">\n\t<td class=\"column-1\">WP Meta SEO Addon<\/td><td class=\"column-2\">4.5.18<\/td><td class=\"column-3\"><a class=\"download-link\" title=\"\u0130ndir &ldquo;WP Meta SEO Addon&rdquo;&nbsp;Versiyon 4.5.18\" href=\"https:\/\/wpdepo.com\/tr\/\/download\/34320\/\" rel=\"nofollow\">\n\t\u0130ndir<\/a><\/td><td class=\"column-4\">6 A\u011fustos 2025<\/td><td class=\"column-5\"><a href=\"https:\/\/www.joomunited.com\/wordpress-products\/wp-meta-seo\" target=\"_blank\" rel=\"noopener noreferrer\">Eklenti Sayfas\u0131<\/a><\/td>\n<\/tr>\n<tr class=\"row-14 even\">\n\t<td class=\"column-1\">WP SEO Structured Data Schema Pro<\/td><td class=\"column-2\">1.4.12<\/td><td class=\"column-3\"><a class=\"download-link\" title=\"\u0130ndir &ldquo;WP SEO Structured Data Schema Pro&rdquo;&nbsp;Versiyon 1.4.12\" href=\"https:\/\/wpdepo.com\/tr\/\/download\/80816\/\" rel=\"nofollow\">\n\t\u0130ndir<\/a><\/td><td class=\"column-4\">13 May\u0131s 2025<\/td><td class=\"column-5\"><a href=\"https:\/\/wpsemplugins.com\/downloads\/wordpress-schema-plugin\/\" target=\"_blank\" rel=\"noopener noreferrer\">Eklenti Sayfas\u0131<\/a><\/td>\n<\/tr>\n<tr class=\"row-15 odd\">\n\t<td class=\"column-1\">WP Schema Pro Plugin<\/td><td class=\"column-2\">2.10.7<\/td><td class=\"column-3\"><a class=\"download-link\" title=\"\u0130ndir &ldquo;WP Schema Pro Plugin&rdquo;&nbsp;Versiyon 2.10.7\" href=\"https:\/\/wpdepo.com\/tr\/\/download\/5668\/\" rel=\"nofollow\">\n\t\u0130ndir<\/a><\/td><td class=\"column-4\">9 \u015eubat 2026<\/td><td class=\"column-5\"><a href=\"https:\/\/wpschema.com\/\" target=\"_blank\" rel=\"noopener noreferrer\">Eklenti Sayfas\u0131<\/a><\/td>\n<\/tr>\n<tr class=\"row-16 even\">\n\t<td class=\"column-1\">Zynith SEO<\/td><td class=\"column-2\">11.0.0<\/td><td class=\"column-3\"><a class=\"download-link\" title=\"\u0130ndir &ldquo;Zynith SEO&rdquo;&nbsp;Versiyon 11.0.0\" href=\"https:\/\/wpdepo.com\/tr\/\/download\/88531\/\" rel=\"nofollow\">\n\t\u0130ndir<\/a><\/td><td class=\"column-4\">5 Ocak 2026<\/td><td class=\"column-5\"><a href=\"https:\/\/zynith.app\/\" target=\"_blank\" rel=\"noopener noreferrer\">Eklenti Sayfas\u0131<\/a><\/td>\n<\/tr>\n<\/tbody>\n<\/table>\n\r\n\r\n\t\t<\/div>\n\t\t\t\t\t<\/div>\n\n\t\r\n\r\n<\/div>\r\n\r\n\t\t<\/div>\n\n\t\t\n<style>\n#section_637677146 {\n  padding-top: 30px;\n  padding-bottom: 30px;\n}\n<\/style>\n\t<\/section>\n\t","protected":false},"excerpt":{"rendered":"","protected":false},"author":1,"featured_media":0,"parent":0,"menu_order":0,"comment_status":"closed","ping_status":"closed","template":"page-blank.php","meta":{"footnotes":""},"class_list":["post-1994","page","type-page","status-publish","hentry"],"_links":{"self":[{"href":"https:\/\/wpdepo.com\/tr\/wp-json\/wp\/v2\/pages\/1994","targetHints":{"allow":["GET"]}}],"collection":[{"href":"https:\/\/wpdepo.com\/tr\/wp-json\/wp\/v2\/pages"}],"about":[{"href":"https:\/\/wpdepo.com\/tr\/wp-json\/wp\/v2\/types\/page"}],"author":[{"embeddable":true,"href":"https:\/\/wpdepo.com\/tr\/wp-json\/wp\/v2\/users\/1"}],"replies":[{"embeddable":true,"href":"https:\/\/wpdepo.com\/tr\/wp-json\/wp\/v2\/comments?post=1994"}],"version-history":[{"count":0,"href":"https:\/\/wpdepo.com\/tr\/wp-json\/wp\/v2\/pages\/1994\/revisions"}],"wp:attachment":[{"href":"https:\/\/wpdepo.com\/tr\/wp-json\/wp\/v2\/media?parent=1994"}],"curies":[{"name":"wp","href":"https:\/\/api.w.org\/{rel}","templated":true}]}}