{"id":1989,"date":"2017-08-13T17:56:43","date_gmt":"2017-08-13T14:56:43","guid":{"rendered":"https:\/\/wpdepo.com\/?page_id=1989\/"},"modified":"2018-09-03T20:46:20","modified_gmt":"2018-09-03T17:46:20","slug":"eventon-eklentileri","status":"publish","type":"page","link":"https:\/\/wpdepo.com\/tr\/eventon-eklentileri\/","title":{"rendered":"EventOn Eklentileri"},"content":{"rendered":"\n\t<section class=\"section\" id=\"section_641431871\">\n\t\t<div class=\"section-bg fill\" >\n\t\t\t\t\t\t\t\t\t\n\t\t\t\n\n\t\t<\/div>\n\n\t\t\n\n\t\t<div class=\"section-content relative\">\n\t\t\t\r\n\r\n<div class=\"row\"  id=\"row-1918265009\">\r\n\r\n\n\t<div id=\"col-1831347357\" class=\"col small-12 large-12\"  >\n\t\t\t\t<div class=\"col-inner text-left\"  >\n\t\t\t\n\t\t\t\r\n\r\n<h2 style=\"text-align: center;\">EventOn<\/h2>\r\n<p>EventON, WordPress i\u00e7in en \u00e7ok satan etkinlik takvimi eklentilerinden biridir. Kullan\u0131c\u0131 dostu tasar\u0131ma ve g\u00fc\u00e7l\u00fc \u00f6zelliklere sahiptir. Bu sayfa \u00fczerinden EventON temel eklentisini indirebilir, bir dizi ek ile takviminizin \u00f6zelliklerini geni\u015fletebilirsiniz.<\/p>\r\n<p>EventON eklentisi ve ekleri etkinle\u015ftirmek i\u00e7in lisans etkinle\u015ftirme formunda herhangi bir lisans anahtar\u0131 kullan\u0131n ve Etkinle\u015ftir&#8217;i t\u0131klay\u0131n.<\/p>\r\n\r\n\t\t<\/div>\n\t\t\t\t\t<\/div>\n\n\t\r\n\r\n<\/div>\r\n\r\n\t\t<\/div>\n\n\t\t\n<style>\n#section_641431871 {\n  padding-top: 0px;\n  padding-bottom: 0px;\n  background-color: rgb(245, 245, 245);\n}\n<\/style>\n\t<\/section>\n\t\r\n\n\t<section class=\"section\" id=\"section_613881396\">\n\t\t<div class=\"section-bg fill\" >\n\t\t\t\t\t\t\t\t\t\n\t\t\t\n\n\t\t<\/div>\n\n\t\t\n\n\t\t<div class=\"section-content relative\">\n\t\t\t\r\n\r\n<div class=\"row\"  id=\"row-1342633692\">\r\n\r\n\n\t<div id=\"col-1307806528\" class=\"col small-12 large-12\"  >\n\t\t\t\t<div class=\"col-inner text-left\"  >\n\t\t\t\n\t\t\t\r\n\r\n\n<table id=\"tablepress-21\" class=\"tablepress tablepress-id-21\">\n<thead>\n<tr class=\"row-1 odd\">\n\t<th class=\"column-1\">Eklenti Ad\u0131<\/th><th class=\"column-2\">Versiyon<\/th><th class=\"column-3\">\u0130ndir<\/th><th class=\"column-4\">G\u00fcncelleme<\/th><th class=\"column-5\">Bilgi<\/th>\n<\/tr>\n<\/thead>\n<tbody class=\"row-hover\">\n<tr class=\"row-2 even\">\n\t<td class=\"column-1\">EventOn - WordPress Event Calendar Plugin<\/td><td class=\"column-2\">5.0.9<\/td><td class=\"column-3\"><a class=\"download-link\" title=\"\u0130ndir &ldquo;EventOn - WordPress Event Calendar Plugin&rdquo;&nbsp;Versiyon 5.0.9\" href=\"https:\/\/wpdepo.com\/tr\/\/download\/1977\/\" rel=\"nofollow\">\n\t\u0130ndir<\/a><\/td><td class=\"column-4\">9 Nisan 2026<\/td><td class=\"column-5\"><a href=\"http:\/\/www.myeventon.com\/\" target=\"_blank\" rel=\"noopener noreferrer\">Eklenti Sayfas\u0131<\/a><\/td>\n<\/tr>\n<tr class=\"row-3 odd\">\n\t<td class=\"column-1\">EventOn Action User<\/td><td class=\"column-2\">2.5.6<\/td><td class=\"column-3\"><a class=\"download-link\" title=\"\u0130ndir &ldquo;EventOn Action User&rdquo;&nbsp;Versiyon 2.5.6\" href=\"https:\/\/wpdepo.com\/tr\/\/download\/2025\/\" rel=\"nofollow\">\n\t\u0130ndir<\/a><\/td><td class=\"column-4\">21 Temmuz 2025<\/td><td class=\"column-5\"><a href=\"http:\/\/www.myeventon.com\/addons\/action-user\/\" target=\"_blank\" rel=\"noopener noreferrer\">Eklenti Sayfas\u0131<\/a><\/td>\n<\/tr>\n<tr class=\"row-4 even\">\n\t<td class=\"column-1\">EventOn Action User Plus<\/td><td class=\"column-2\">1.3.0<\/td><td class=\"column-3\"><a class=\"download-link\" title=\"\u0130ndir &ldquo;EventOn Action User Plus&rdquo;&nbsp;Versiyon 1.3.0\" href=\"https:\/\/wpdepo.com\/tr\/\/download\/61668\/\" rel=\"nofollow\">\n\t\u0130ndir<\/a><\/td><td class=\"column-4\">21 Temmuz 2025<\/td><td class=\"column-5\"><a href=\"https:\/\/www.myeventon.com\/addons\/action-user-plus\/\" target=\"_blank\" rel=\"noopener noreferrer\">Eklenti Sayfas\u0131<\/a><\/td>\n<\/tr>\n<tr class=\"row-5 odd\">\n\t<td class=\"column-1\">EventOn Advent Calendar<\/td><td class=\"column-2\">2.0<\/td><td class=\"column-3\"><a class=\"download-link\" title=\"\u0130ndir &ldquo;EventOn Advent Calendar&rdquo;&nbsp;Versiyon 2.0\" href=\"https:\/\/wpdepo.com\/tr\/\/download\/55261\/\" rel=\"nofollow\">\n\t\u0130ndir<\/a><\/td><td class=\"column-4\">30 Kas\u0131m 2021<\/td><td class=\"column-5\"><a href=\"https:\/\/www.myeventon.com\/addons\/advent-calendar\/\" target=\"_blank\" rel=\"noopener noreferrer\">Eklenti Sayfas\u0131<\/a><\/td>\n<\/tr>\n<tr class=\"row-6 even\">\n\t<td class=\"column-1\">EventOn Bookings<\/td><td class=\"column-2\">1.4.7<\/td><td class=\"column-3\"><a class=\"download-link\" title=\"\u0130ndir &ldquo;EventOn Bookings&rdquo;&nbsp;Versiyon 1.4.7\" href=\"https:\/\/wpdepo.com\/tr\/\/download\/14363\/\" rel=\"nofollow\">\n\t\u0130ndir<\/a><\/td><td class=\"column-4\">21 Temmuz 2025<\/td><td class=\"column-5\"><a href=\"http:\/\/www.myeventon.com\/addons\/bookings\/\" target=\"_blank\" rel=\"noopener noreferrer\">Eklenti Sayfas\u0131<\/a><\/td>\n<\/tr>\n<tr class=\"row-7 odd\">\n\t<td class=\"column-1\">EventON Check-ins<\/td><td class=\"column-2\">1.0.2<\/td><td class=\"column-3\"><a class=\"download-link\" title=\"\u0130ndir &ldquo;EventON Check-ins&rdquo;&nbsp;Versiyon 1.0.2\" href=\"https:\/\/wpdepo.com\/tr\/\/download\/96751\/\" rel=\"nofollow\">\n\t\u0130ndir<\/a><\/td><td class=\"column-4\">8 Aral\u0131k 2025<\/td><td class=\"column-5\"><a href=\"https:\/\/www.myeventon.com\/addons\/check-ins\/\" target=\"_blank\" rel=\"noopener noreferrer\">Eklenti Sayfas\u0131<\/a><\/td>\n<\/tr>\n<tr class=\"row-8 even\">\n\t<td class=\"column-1\">EventOn CSV Event Importer<\/td><td class=\"column-2\">1.1.10<\/td><td class=\"column-3\"><a class=\"download-link\" title=\"\u0130ndir &ldquo;EventOn CSV Event Importer&rdquo;&nbsp;Versiyon 1.1.10\" href=\"https:\/\/wpdepo.com\/tr\/\/download\/2029\/\" rel=\"nofollow\">\n\t\u0130ndir<\/a><\/td><td class=\"column-4\">13 Mart 2024<\/td><td class=\"column-5\"><a href=\"http:\/\/www.myeventon.com\/addons\/csv-event-importer\/\" target=\"_blank\" rel=\"noopener noreferrer\">Eklenti Sayfas\u0131<\/a><\/td>\n<\/tr>\n<tr class=\"row-9 odd\">\n\t<td class=\"column-1\">EventOn Daily View<\/td><td class=\"column-2\">2.1.12<\/td><td class=\"column-3\"><a class=\"download-link\" title=\"\u0130ndir &ldquo;EventOn Daily View&rdquo;&nbsp;Versiyon 2.1.12\" href=\"https:\/\/wpdepo.com\/tr\/\/download\/2031\/\" rel=\"nofollow\">\n\t\u0130ndir<\/a><\/td><td class=\"column-4\">22 Aral\u0131k 2025<\/td><td class=\"column-5\"><a href=\"http:\/\/www.myeventon.com\/addons\/daily-view\/\" target=\"_blank\" rel=\"noopener noreferrer\">Eklenti Sayfas\u0131<\/a><\/td>\n<\/tr>\n<tr class=\"row-10 even\">\n\t<td class=\"column-1\">EventOn Dynamic Pricing<\/td><td class=\"column-2\">1.0.1<\/td><td class=\"column-3\"><a class=\"download-link\" title=\"\u0130ndir &ldquo;EventOn Dynamic Pricing&rdquo;&nbsp;Versiyon 1.0.1\" href=\"https:\/\/wpdepo.com\/tr\/\/download\/51764\/\" rel=\"nofollow\">\n\t\u0130ndir<\/a><\/td><td class=\"column-4\">7 Ekim 2024<\/td><td class=\"column-5\"><a href=\"https:\/\/www.myeventon.com\/addons\/dynamic-pricing\/\" target=\"_blank\" rel=\"noopener noreferrer\">Eklenti Sayfas\u0131<\/a><\/td>\n<\/tr>\n<tr class=\"row-11 odd\">\n\t<td class=\"column-1\">EventOn Event API<\/td><td class=\"column-2\">2.0<\/td><td class=\"column-3\"><a class=\"download-link\" title=\"\u0130ndir &ldquo;EventOn Event API&rdquo;&nbsp;Versiyon 2.0\" href=\"https:\/\/wpdepo.com\/tr\/\/download\/67986\/\" rel=\"nofollow\">\n\t\u0130ndir<\/a><\/td><td class=\"column-4\">19 Haziran 2025<\/td><td class=\"column-5\"><a href=\"https:\/\/www.myeventon.com\/addons\/event-api\/\" target=\"_blank\" rel=\"noopener noreferrer\">Eklenti Sayfas\u0131<\/a><\/td>\n<\/tr>\n<tr class=\"row-12 even\">\n\t<td class=\"column-1\">EventOn Event Countdown<\/td><td class=\"column-2\">1.2<\/td><td class=\"column-3\"><a class=\"download-link\" title=\"\u0130ndir &ldquo;EventOn Event Countdown&rdquo;&nbsp;Versiyon 1.2\" href=\"https:\/\/wpdepo.com\/tr\/\/download\/2027\/\" rel=\"nofollow\">\n\t\u0130ndir<\/a><\/td><td class=\"column-4\">23 A\u011fustos 2025<\/td><td class=\"column-5\"><a href=\"http:\/\/www.myeventon.com\/addons\/event-countdown\/\" target=\"_blank\" rel=\"noopener noreferrer\">Eklenti Sayfas\u0131<\/a><\/td>\n<\/tr>\n<tr class=\"row-13 odd\">\n\t<td class=\"column-1\">EventOn Event Lists: Ext<\/td><td class=\"column-2\">1.0.4<\/td><td class=\"column-3\"><a class=\"download-link\" title=\"\u0130ndir &ldquo;EventOn Event Lists: Ext&rdquo;&nbsp;Versiyon 1.0.4\" href=\"https:\/\/wpdepo.com\/tr\/\/download\/2035\/\" rel=\"nofollow\">\n\t\u0130ndir<\/a><\/td><td class=\"column-4\">19 Ocak 2025<\/td><td class=\"column-5\"><a href=\"http:\/\/www.myeventon.com\/addons\/event-lists-extended\/\" target=\"_blank\" rel=\"noopener noreferrer\">Eklenti Sayfas\u0131<\/a><\/td>\n<\/tr>\n<tr class=\"row-14 even\">\n\t<td class=\"column-1\">EventOn Event Lists & Items<\/td><td class=\"column-2\">1.0.1<\/td><td class=\"column-3\"><a class=\"download-link\" title=\"\u0130ndir &ldquo;EventOn Event Lists &amp; Items&rdquo;&nbsp;Versiyon 1.0.1\" href=\"https:\/\/wpdepo.com\/tr\/\/download\/84320\/\" rel=\"nofollow\">\n\t\u0130ndir<\/a><\/td><td class=\"column-4\">25 Haziran 2025<\/td><td class=\"column-5\"><a href=\"https:\/\/www.myeventon.com\/addons\/event-lists-items\/\" target=\"_blank\" rel=\"noopener noreferrer\">Eklenti Sayfas\u0131<\/a><\/td>\n<\/tr>\n<tr class=\"row-15 odd\">\n\t<td class=\"column-1\">EventOn Event Photos<\/td><td class=\"column-2\">2.0.3<\/td><td class=\"column-3\"><a class=\"download-link\" title=\"\u0130ndir &ldquo;EventOn Event Photos&rdquo;&nbsp;Versiyon 2.0.3\" href=\"https:\/\/wpdepo.com\/tr\/\/download\/15875\/\" rel=\"nofollow\">\n\t\u0130ndir<\/a><\/td><td class=\"column-4\">3 Mart 2025<\/td><td class=\"column-5\"><a href=\"https:\/\/www.myeventon.com\/addons\/event-photos\/\" target=\"_blank\" rel=\"noopener noreferrer\">Eklenti Sayfas\u0131<\/a><\/td>\n<\/tr>\n<tr class=\"row-16 even\">\n\t<td class=\"column-1\">EventOn Event Reviewer<\/td><td class=\"column-2\">1.2.1<\/td><td class=\"column-3\"><a class=\"download-link\" title=\"\u0130ndir &ldquo;EventOn Event Reviewer&rdquo;&nbsp;Versiyon 1.2.1\" href=\"https:\/\/wpdepo.com\/tr\/\/download\/45520\/\" rel=\"nofollow\">\n\t\u0130ndir<\/a><\/td><td class=\"column-4\">13 May\u0131s 2025<\/td><td class=\"column-5\"><a href=\"https:\/\/www.myeventon.com\/addons\/event-reviewer\/\" target=\"_blank\" rel=\"noopener noreferrer\">Eklenti Sayfas\u0131<\/a><\/td>\n<\/tr>\n<tr class=\"row-17 odd\">\n\t<td class=\"column-1\">EventOn Event Slider<\/td><td class=\"column-2\">2.1.3<\/td><td class=\"column-3\"><a class=\"download-link\" title=\"\u0130ndir &ldquo;EventOn Event Slider&rdquo;&nbsp;Versiyon 2.1.3\" href=\"https:\/\/wpdepo.com\/tr\/\/download\/67991\/\" rel=\"nofollow\">\n\t\u0130ndir<\/a><\/td><td class=\"column-4\">5 May\u0131s 2025<\/td><td class=\"column-5\"><a href=\"https:\/\/www.myeventon.com\/addons\/event-slider\/\" target=\"_blank\" rel=\"noopener noreferrer\">Eklenti Sayfas\u0131<\/a><\/td>\n<\/tr>\n<tr class=\"row-18 even\">\n\t<td class=\"column-1\">EventOn Event Tickets<\/td><td class=\"column-2\">2.4.19<\/td><td class=\"column-3\"><a class=\"download-link\" title=\"\u0130ndir &ldquo;EventOn Event Tickets&rdquo;&nbsp;Versiyon 2.4.19\" href=\"https:\/\/wpdepo.com\/tr\/\/download\/2033\/\" rel=\"nofollow\">\n\t\u0130ndir<\/a><\/td><td class=\"column-4\">1 Ekim 2025<\/td><td class=\"column-5\"><a href=\"http:\/\/www.myeventon.com\/addons\/event-tickets\/\" target=\"_blank\" rel=\"noopener noreferrer\">Eklenti Sayfas\u0131<\/a><\/td>\n<\/tr>\n<tr class=\"row-19 odd\">\n\t<td class=\"column-1\">EventOn Events Map<\/td><td class=\"column-2\">1.6.2<\/td><td class=\"column-3\"><a class=\"download-link\" title=\"\u0130ndir &ldquo;EventOn Events Map&rdquo;&nbsp;Versiyon 1.6.2\" href=\"https:\/\/wpdepo.com\/tr\/\/download\/67607\/\" rel=\"nofollow\">\n\t\u0130ndir<\/a><\/td><td class=\"column-4\">31 Mart 2026<\/td><td class=\"column-5\"><a href=\"https:\/\/www.myeventon.com\/addons\/events-map\/\" target=\"_blank\" rel=\"noopener noreferrer\">Eklenti Sayfas\u0131<\/a><\/td>\n<\/tr>\n<tr class=\"row-20 even\">\n\t<td class=\"column-1\">EventOn Filters Plus<\/td><td class=\"column-2\">0.2<\/td><td class=\"column-3\"><a class=\"download-link\" title=\"\u0130ndir &ldquo;EventOn Filters Plus&rdquo;&nbsp;Versiyon 0.2\" href=\"https:\/\/wpdepo.com\/tr\/\/download\/85054\/\" rel=\"nofollow\">\n\t\u0130ndir<\/a><\/td><td class=\"column-4\">8 Aral\u0131k 2025<\/td><td class=\"column-5\"><a href=\"https:\/\/www.myeventon.com\/addons\/filters-plus\/\" target=\"_blank\" rel=\"noopener noreferrer\">Eklenti Sayfas\u0131<\/a><\/td>\n<\/tr>\n<tr class=\"row-21 odd\">\n\t<td class=\"column-1\">EventOn Full Cal<\/td><td class=\"column-2\">2.2.3<\/td><td class=\"column-3\"><a class=\"download-link\" title=\"\u0130ndir &ldquo;EventOn Full Cal&rdquo;&nbsp;Versiyon 2.2.3\" href=\"https:\/\/wpdepo.com\/tr\/\/download\/2037\/\" rel=\"nofollow\">\n\t\u0130ndir<\/a><\/td><td class=\"column-4\">26 Temmuz 2025<\/td><td class=\"column-5\"><a href=\"http:\/\/www.myeventon.com\/addons\/full-cal\/\" target=\"_blank\" rel=\"noopener noreferrer\">Eklenti Sayfas\u0131<\/a><\/td>\n<\/tr>\n<tr class=\"row-22 even\">\n\t<td class=\"column-1\">EventOn ICS Importer<\/td><td class=\"column-2\">2.0.6<\/td><td class=\"column-3\"><a class=\"download-link\" title=\"\u0130ndir &ldquo;EventOn ICS Importer&rdquo;&nbsp;Versiyon 2.0.6\" href=\"https:\/\/wpdepo.com\/tr\/\/download\/56457\/\" rel=\"nofollow\">\n\t\u0130ndir<\/a><\/td><td class=\"column-4\">8 Aral\u0131k 2025<\/td><td class=\"column-5\"><a href=\"https:\/\/www.myeventon.com\/addons\/ics-importer\/\" target=\"_blank\" rel=\"noopener noreferrer\">Eklenti Sayfas\u0131<\/a><\/td>\n<\/tr>\n<tr class=\"row-23 odd\">\n\t<td class=\"column-1\">EventOn Include Anything<\/td><td class=\"column-2\">0.8<\/td><td class=\"column-3\"><a class=\"download-link\" title=\"\u0130ndir &ldquo;EventOn Include Anything&rdquo;&nbsp;Versiyon 0.8\" href=\"https:\/\/wpdepo.com\/tr\/\/download\/59916\/\" rel=\"nofollow\">\n\t\u0130ndir<\/a><\/td><td class=\"column-4\">27 Haziran 2025<\/td><td class=\"column-5\"><a href=\"https:\/\/www.myeventon.com\/addons\/include-anything\/\" target=\"_blank\" rel=\"noopener noreferrer\">Eklenti Sayfas\u0131<\/a><\/td>\n<\/tr>\n<tr class=\"row-24 even\">\n\t<td class=\"column-1\">EventOn PDFer<\/td><td class=\"column-2\">1.0.2<\/td><td class=\"column-3\"><a class=\"download-link\" title=\"\u0130ndir &ldquo;EventOn PDFer&rdquo;&nbsp;Versiyon 1.0.2\" href=\"https:\/\/wpdepo.com\/tr\/\/download\/43157\/\" rel=\"nofollow\">\n\t\u0130ndir<\/a><\/td><td class=\"column-4\">23 A\u011fustos 2025<\/td><td class=\"column-5\"><a href=\"https:\/\/www.myeventon.com\/addons\/pdfer\/\" target=\"_blank\" rel=\"noopener noreferrer\">Eklenti Sayfas\u0131<\/a><\/td>\n<\/tr>\n<tr class=\"row-25 odd\">\n\t<td class=\"column-1\">EventOn Polls<\/td><td class=\"column-2\">1.0.0<\/td><td class=\"column-3\"><a class=\"download-link\" title=\"\u0130ndir &ldquo;EventOn Polls&rdquo;&nbsp;Versiyon 1.0.0\" href=\"https:\/\/wpdepo.com\/tr\/\/download\/97995\/\" rel=\"nofollow\">\n\t\u0130ndir<\/a><\/td><td class=\"column-4\">23 A\u011fustos 2025<\/td><td class=\"column-5\"><a href=\"https:\/\/www.myeventon.com\/addons\/polls\/\" target=\"_blank\" rel=\"noopener noreferrer\">Eklenti Sayfas\u0131<\/a><\/td>\n<\/tr>\n<tr class=\"row-26 even\">\n\t<td class=\"column-1\">EventOn QR Code<\/td><td class=\"column-2\">2.1<\/td><td class=\"column-3\"><a class=\"download-link\" title=\"\u0130ndir &ldquo;EventOn QR Code&rdquo;&nbsp;Versiyon 2.1\" href=\"https:\/\/wpdepo.com\/tr\/\/download\/2040\/\" rel=\"nofollow\">\n\t\u0130ndir<\/a><\/td><td class=\"column-4\">13 May\u0131s 2025<\/td><td class=\"column-5\"><a href=\"http:\/\/www.myeventon.com\/addons\/qr-code\/\" target=\"_blank\" rel=\"noopener noreferrer\">Eklenti Sayfas\u0131<\/a><\/td>\n<\/tr>\n<tr class=\"row-27 odd\">\n\t<td class=\"column-1\">EventON Quickly<\/td><td class=\"column-2\">1.0.2<\/td><td class=\"column-3\"><a class=\"download-link\" title=\"\u0130ndir &ldquo;EventON Quickly&rdquo;&nbsp;Versiyon 1.0.2\" href=\"https:\/\/wpdepo.com\/tr\/\/download\/96727\/\" rel=\"nofollow\">\n\t\u0130ndir<\/a><\/td><td class=\"column-4\">11 Nisan 2025<\/td><td class=\"column-5\"><a href=\"https:\/\/www.myeventon.com\/addons\/quickly\/\" target=\"_blank\" rel=\"noopener noreferrer\">Eklenti Sayfas\u0131<\/a><\/td>\n<\/tr>\n<tr class=\"row-28 even\">\n\t<td class=\"column-1\">EventOn Reminders<\/td><td class=\"column-2\">0.12<\/td><td class=\"column-3\"><a class=\"download-link\" title=\"\u0130ndir &ldquo;EventOn Reminders&rdquo;&nbsp;Versiyon 0.12\" href=\"https:\/\/wpdepo.com\/tr\/\/download\/69422\/\" rel=\"nofollow\">\n\t\u0130ndir<\/a><\/td><td class=\"column-4\">3 Mart 2025<\/td><td class=\"column-5\"><a href=\"https:\/\/www.myeventon.com\/addons\/reminders\/\" target=\"_blank\" rel=\"noopener noreferrer\">Eklenti Sayfas\u0131<\/a><\/td>\n<\/tr>\n<tr class=\"row-29 odd\">\n\t<td class=\"column-1\">EventOn Repeat Customizer<\/td><td class=\"column-2\">2.0.4<\/td><td class=\"column-3\"><a class=\"download-link\" title=\"\u0130ndir &ldquo;EventOn Repeat Customizer&rdquo;&nbsp;Versiyon 2.0.4\" href=\"https:\/\/wpdepo.com\/tr\/\/download\/67995\/\" rel=\"nofollow\">\n\t\u0130ndir<\/a><\/td><td class=\"column-4\">26 Temmuz 2025<\/td><td class=\"column-5\"><a href=\"https:\/\/www.myeventon.com\/addons\/repeat-customizer\/\" target=\"_blank\" rel=\"noopener noreferrer\">Eklenti Sayfas\u0131<\/a><\/td>\n<\/tr>\n<tr class=\"row-30 even\">\n\t<td class=\"column-1\">EventOn RSS Feed<\/td><td class=\"column-2\">1.2.1<\/td><td class=\"column-3\"><a class=\"download-link\" title=\"\u0130ndir &ldquo;EventOn RSS Feed&rdquo;&nbsp;Versiyon 1.2.1\" href=\"https:\/\/wpdepo.com\/tr\/\/download\/43990\/\" rel=\"nofollow\">\n\t\u0130ndir<\/a><\/td><td class=\"column-4\">21 Temmuz 2025<\/td><td class=\"column-5\"><a href=\"https:\/\/www.myeventon.com\/addons\/rss-feed\/\" target=\"_blank\" rel=\"noopener noreferrer\">Eklenti Sayfas\u0131<\/a><\/td>\n<\/tr>\n<tr class=\"row-31 odd\">\n\t<td class=\"column-1\">EventOn RSVP Events<\/td><td class=\"column-2\">3.0.12<\/td><td class=\"column-3\"><a class=\"download-link\" title=\"\u0130ndir &ldquo;EventOn RSVP Events&rdquo;&nbsp;Versiyon 3.0.12\" href=\"https:\/\/wpdepo.com\/tr\/\/download\/2042\/\" rel=\"nofollow\">\n\t\u0130ndir<\/a><\/td><td class=\"column-4\">1 Ekim 2025<\/td><td class=\"column-5\"><a href=\"http:\/\/www.myeventon.com\/addons\/rsvp-events\/\" target=\"_blank\" rel=\"noopener noreferrer\">Eklenti Sayfas\u0131<\/a><\/td>\n<\/tr>\n<tr class=\"row-32 even\">\n\t<td class=\"column-1\">EventON RSVP Events Invitees<\/td><td class=\"column-2\">1.0.2<\/td><td class=\"column-3\"><a class=\"download-link\" title=\"\u0130ndir &ldquo;EventON RSVP Events Invitees&rdquo;&nbsp;Versiyon 1.0.2\" href=\"https:\/\/wpdepo.com\/tr\/\/download\/88170\/\" rel=\"nofollow\">\n\t\u0130ndir<\/a><\/td><td class=\"column-4\">15 Ocak 2025<\/td><td class=\"column-5\"><a href=\"https:\/\/www.myeventon.com\/addons\/rsvp-events-invitees\/\" target=\"_blank\" rel=\"noopener noreferrer\">Eklenti Sayfas\u0131<\/a><\/td>\n<\/tr>\n<tr class=\"row-33 odd\">\n\t<td class=\"column-1\">EventOn RSVP Events Waitlist<\/td><td class=\"column-2\">1.1.5<\/td><td class=\"column-3\"><a class=\"download-link\" title=\"\u0130ndir &ldquo;EventOn RSVP Events Waitlist&rdquo;&nbsp;Versiyon 1.1.5\" href=\"https:\/\/wpdepo.com\/tr\/\/download\/40046\/\" rel=\"nofollow\">\n\t\u0130ndir<\/a><\/td><td class=\"column-4\">8 Aral\u0131k 2025<\/td><td class=\"column-5\"><a href=\"https:\/\/www.myeventon.com\/addons\/rsvp-events-waitlist\/\" target=\"_blank\" rel=\"noopener noreferrer\">Eklenti Sayfas\u0131<\/a><\/td>\n<\/tr>\n<tr class=\"row-34 even\">\n\t<td class=\"column-1\">EventON RSVP Points<\/td><td class=\"column-2\">1.0.2<\/td><td class=\"column-3\"><a class=\"download-link\" title=\"\u0130ndir &ldquo;EventON RSVP Points&rdquo;&nbsp;Versiyon 1.0.2\" href=\"https:\/\/wpdepo.com\/tr\/\/download\/80792\/\" rel=\"nofollow\">\n\t\u0130ndir<\/a><\/td><td class=\"column-4\">21 Temmuz 2025<\/td><td class=\"column-5\"><a href=\"https:\/\/www.myeventon.com\/addons\/rsvp-points\/\" target=\"_blank\" rel=\"noopener noreferrer\">Eklenti Sayfas\u0131<\/a><\/td>\n<\/tr>\n<tr class=\"row-35 odd\">\n\t<td class=\"column-1\">EventOn Seats<\/td><td class=\"column-2\">1.3<\/td><td class=\"column-3\"><a class=\"download-link\" title=\"\u0130ndir &ldquo;EventOn Seats&rdquo;&nbsp;Versiyon 1.3\" href=\"https:\/\/wpdepo.com\/tr\/\/download\/40044\/\" rel=\"nofollow\">\n\t\u0130ndir<\/a><\/td><td class=\"column-4\">25 Ekim 2025<\/td><td class=\"column-5\"><a href=\"https:\/\/www.myeventon.com\/addons\/seats\/\" target=\"_blank\" rel=\"noopener noreferrer\">Eklenti Sayfas\u0131<\/a><\/td>\n<\/tr>\n<tr class=\"row-36 even\">\n\t<td class=\"column-1\">EventOn Slider Addon<\/td><td class=\"column-2\">3.0.1<\/td><td class=\"column-3\"><a class=\"download-link\" title=\"\u0130ndir &ldquo;EventOn Slider Addon&rdquo;&nbsp;Versiyon 3.0.1\" href=\"https:\/\/wpdepo.com\/tr\/\/download\/7264\/\" rel=\"nofollow\">\n\t\u0130ndir<\/a><\/td><td class=\"column-4\">28 Ekim 2021<\/td><td class=\"column-5\"><a href=\"https:\/\/codecanyon.net\/item\/eventon-slider-addon\/11063359\" target=\"_blank\" rel=\"noopener noreferrer\">Eklenti Sayfas\u0131<\/a><\/td>\n<\/tr>\n<tr class=\"row-37 odd\">\n\t<td class=\"column-1\">EventOn Speakers & Schedule<\/td><td class=\"column-2\">2.1.4<\/td><td class=\"column-3\"><a class=\"download-link\" title=\"\u0130ndir &ldquo;EventOn Speakers &amp; Schedule&rdquo;&nbsp;Versiyon 2.1.4\" href=\"https:\/\/wpdepo.com\/tr\/\/download\/52478\/\" rel=\"nofollow\">\n\t\u0130ndir<\/a><\/td><td class=\"column-4\">1 Ekim 2025<\/td><td class=\"column-5\"><a href=\"https:\/\/www.myeventon.com\/addons\/speakers-schedule\/\" target=\"_blank\" rel=\"noopener noreferrer\">Eklenti Sayfas\u0131<\/a><\/td>\n<\/tr>\n<tr class=\"row-38 even\">\n\t<td class=\"column-1\">EventOn Subscriber<\/td><td class=\"column-2\">1.4.5<\/td><td class=\"column-3\"><a class=\"download-link\" title=\"\u0130ndir &ldquo;EventOn Subscriber&rdquo;&nbsp;Versiyon 1.4.5\" href=\"https:\/\/wpdepo.com\/tr\/\/download\/2045\/\" rel=\"nofollow\">\n\t\u0130ndir<\/a><\/td><td class=\"column-4\">8 Aral\u0131k 2025<\/td><td class=\"column-5\"><a href=\"http:\/\/www.myeventon.com\/addons\/subscriber\/\" target=\"_blank\" rel=\"noopener noreferrer\">Eklenti Sayfas\u0131<\/a><\/td>\n<\/tr>\n<tr class=\"row-39 odd\">\n\t<td class=\"column-1\">EventOn Sync Events<\/td><td class=\"column-2\">1.2.3<\/td><td class=\"column-3\"><a class=\"download-link\" title=\"\u0130ndir &ldquo;EventOn Sync Events&rdquo;&nbsp;Versiyon 1.2.3\" href=\"https:\/\/wpdepo.com\/tr\/\/download\/2048\/\" rel=\"nofollow\">\n\t\u0130ndir<\/a><\/td><td class=\"column-4\">20 Aral\u0131k 2018<\/td><td class=\"column-5\"><a href=\"http:\/\/www.myeventon.com\/addons\/sync-events\/\" target=\"_blank\" rel=\"noopener noreferrer\">Eklenti Sayfas\u0131<\/a><\/td>\n<\/tr>\n<tr class=\"row-40 even\">\n\t<td class=\"column-1\">EventOn Ticket Variations & Options<\/td><td class=\"column-2\">1.1.14<\/td><td class=\"column-3\"><a class=\"download-link\" title=\"\u0130ndir &ldquo;EventOn Ticket Variations &amp; Options&rdquo;&nbsp;Versiyon 1.1.14\" href=\"https:\/\/wpdepo.com\/tr\/\/download\/20188\/\" rel=\"nofollow\">\n\t\u0130ndir<\/a><\/td><td class=\"column-4\">25 Ekim 2025<\/td><td class=\"column-5\"><a href=\"https:\/\/www.myeventon.com\/addons\/ticket-variations-options\/\" target=\"_blank\" rel=\"noopener noreferrer\">Eklenti Sayfas\u0131<\/a><\/td>\n<\/tr>\n<tr class=\"row-41 odd\">\n\t<td class=\"column-1\">EventOn Virtual Plus<\/td><td class=\"column-2\">0.2<\/td><td class=\"column-3\"><a class=\"download-link\" title=\"\u0130ndir &ldquo;EventOn Virtual Plus&rdquo;&nbsp;Versiyon 0.2\" href=\"https:\/\/wpdepo.com\/tr\/\/download\/59913\/\" rel=\"nofollow\">\n\t\u0130ndir<\/a><\/td><td class=\"column-4\">18 Ekim 2023<\/td><td class=\"column-5\"><a href=\"https:\/\/www.myeventon.com\/addons\/virtual-plus\/\" target=\"_blank\" rel=\"noopener noreferrer\">Eklenti Sayfas\u0131<\/a><\/td>\n<\/tr>\n<tr class=\"row-42 even\">\n\t<td class=\"column-1\">EventOn Weekly View<\/td><td class=\"column-2\">2.1.8<\/td><td class=\"column-3\"><a class=\"download-link\" title=\"\u0130ndir &ldquo;EventOn Weekly View&rdquo;&nbsp;Versiyon 2.1.8\" href=\"https:\/\/wpdepo.com\/tr\/\/download\/2051\/\" rel=\"nofollow\">\n\t\u0130ndir<\/a><\/td><td class=\"column-4\">1 Ekim 2025<\/td><td class=\"column-5\"><a href=\"http:\/\/www.myeventon.com\/addons\/weekly-view\/\" target=\"_blank\" rel=\"noopener noreferrer\">Eklenti Sayfas\u0131<\/a><\/td>\n<\/tr>\n<tr class=\"row-43 odd\">\n\t<td class=\"column-1\">EventOn Wishlist<\/td><td class=\"column-2\">1.2.1<\/td><td class=\"column-3\"><a class=\"download-link\" title=\"\u0130ndir &ldquo;EventOn Wishlist&rdquo;&nbsp;Versiyon 1.2.1\" href=\"https:\/\/wpdepo.com\/tr\/\/download\/43988\/\" rel=\"nofollow\">\n\t\u0130ndir<\/a><\/td><td class=\"column-4\">3 Mart 2025<\/td><td class=\"column-5\"><a href=\"https:\/\/www.myeventon.com\/addons\/event-wishlist\/\" target=\"_blank\" rel=\"noopener noreferrer\">Eklenti Sayfas\u0131<\/a><\/td>\n<\/tr>\n<tr class=\"row-44 even\">\n\t<td class=\"column-1\">EventOn Yearly View<\/td><td class=\"column-2\">0.16<\/td><td class=\"column-3\"><a class=\"download-link\" title=\"\u0130ndir &ldquo;EventOn Yearly View&rdquo;&nbsp;Versiyon 0.16\" href=\"https:\/\/wpdepo.com\/tr\/\/download\/45336\/\" rel=\"nofollow\">\n\t\u0130ndir<\/a><\/td><td class=\"column-4\">21 Temmuz 2025<\/td><td class=\"column-5\"><a href=\"https:\/\/www.myeventon.com\/addons\/yearly-view\/\" target=\"_blank\" rel=\"noopener noreferrer\">Eklenti Sayfas\u0131<\/a><\/td>\n<\/tr>\n<\/tbody>\n<\/table>\n\r\n\r\n\t\t<\/div>\n\t\t\t\t\t<\/div>\n\n\t\r\n\r\n<\/div>\r\n\r\n\t\t<\/div>\n\n\t\t\n<style>\n#section_613881396 {\n  padding-top: 30px;\n  padding-bottom: 30px;\n}\n<\/style>\n\t<\/section>\n\t","protected":false},"excerpt":{"rendered":"","protected":false},"author":1,"featured_media":0,"parent":0,"menu_order":0,"comment_status":"closed","ping_status":"closed","template":"page-blank.php","meta":{"footnotes":""},"class_list":["post-1989","page","type-page","status-publish","hentry"],"_links":{"self":[{"href":"https:\/\/wpdepo.com\/tr\/wp-json\/wp\/v2\/pages\/1989","targetHints":{"allow":["GET"]}}],"collection":[{"href":"https:\/\/wpdepo.com\/tr\/wp-json\/wp\/v2\/pages"}],"about":[{"href":"https:\/\/wpdepo.com\/tr\/wp-json\/wp\/v2\/types\/page"}],"author":[{"embeddable":true,"href":"https:\/\/wpdepo.com\/tr\/wp-json\/wp\/v2\/users\/1"}],"replies":[{"embeddable":true,"href":"https:\/\/wpdepo.com\/tr\/wp-json\/wp\/v2\/comments?post=1989"}],"version-history":[{"count":0,"href":"https:\/\/wpdepo.com\/tr\/wp-json\/wp\/v2\/pages\/1989\/revisions"}],"wp:attachment":[{"href":"https:\/\/wpdepo.com\/tr\/wp-json\/wp\/v2\/media?parent=1989"}],"curies":[{"name":"wp","href":"https:\/\/api.w.org\/{rel}","templated":true}]}}