{"id":1930,"date":"2017-08-13T05:22:48","date_gmt":"2017-08-13T02:22:48","guid":{"rendered":"https:\/\/wpdepo.com\/?page_id=1930\/"},"modified":"2018-09-03T20:46:56","modified_gmt":"2018-09-03T17:46:56","slug":"storefront-eklentileri","status":"publish","type":"page","link":"https:\/\/wpdepo.com\/tr\/storefront-eklentileri\/","title":{"rendered":"Storefront Eklentileri"},"content":{"rendered":"\n\t<section class=\"section\" id=\"section_970786065\">\n\t\t<div class=\"section-bg fill\" >\n\t\t\t\t\t\t\t\t\t\n\t\t\t\n\n\t\t<\/div>\n\n\t\t\n\n\t\t<div class=\"section-content relative\">\n\t\t\t\r\n\r\n<div class=\"row\"  id=\"row-103080796\">\r\n\r\n\n\t<div id=\"col-1335036436\" class=\"col small-12 large-12\"  >\n\t\t\t\t<div class=\"col-inner text-left\"  >\n\t\t\t\n\t\t\t\r\n\r\n<h2 style=\"text-align: center;\">Storefront Eklentileri<\/h2>\r\n<p>Storefront, WooCommerce ile derin entegrasyon sunan, esnek, anla\u015f\u0131lmas\u0131 ve kullan\u0131lmas\u0131 kolay, \u00fccretsiz bir WordPress temas\u0131d\u0131r. WooCommerce ekibi taraf\u0131ndan geli\u015ftirilen Storefront, bir sonraki WooCommerce projeniz i\u00e7in iyi bir se\u00e7enek olabilir.<\/p>\r\n<p>WooCommerce taraf\u0131ndan Storefront i\u00e7in geli\u015ftirilmi\u015f a\u015fa\u011f\u0131daki eklentiler, sayfadaki \u00f6geler \u00fczerinde tam kontrol uygulayarak temay\u0131 istedi\u011finiz \u015fekilde \u00f6zelle\u015ftirebilmenizi sa\u011flar.<\/p>\r\n<p>Storefront temalar\u0131n\u0131 indirmek isterseniz, sitemizin <a href=\"https:\/\/wpdepo.com\/storefront-temalari\/\">Storefront temalar\u0131<\/a> sayfas\u0131na g\u00f6z atabilirsiniz.<\/p>\r\n\r\n\t\t<\/div>\n\t\t\t\t\t<\/div>\n\n\t\r\n\r\n<\/div>\r\n\r\n\t\t<\/div>\n\n\t\t\n<style>\n#section_970786065 {\n  padding-top: 0px;\n  padding-bottom: 0px;\n  background-color: rgb(245, 245, 245);\n}\n<\/style>\n\t<\/section>\n\t\r\n\n\t<section class=\"section\" id=\"section_1215669621\">\n\t\t<div class=\"section-bg fill\" >\n\t\t\t\t\t\t\t\t\t\n\t\t\t\n\n\t\t<\/div>\n\n\t\t\n\n\t\t<div class=\"section-content relative\">\n\t\t\t\r\n\r\n<div class=\"row\"  id=\"row-425516588\">\r\n\r\n\n\t<div id=\"col-1717598489\" class=\"col small-12 large-12\"  >\n\t\t\t\t<div class=\"col-inner text-left\"  >\n\t\t\t\n\t\t\t\r\n\r\n\n<table id=\"tablepress-20\" class=\"tablepress tablepress-id-20\">\n<thead>\n<tr class=\"row-1 odd\">\n\t<th class=\"column-1\">Eklenti Ad\u0131<\/th><th class=\"column-2\">Versiyon<\/th><th class=\"column-3\">\u0130ndir<\/th><th class=\"column-4\">G\u00fcncelleme<\/th><th class=\"column-5\">Bilgi<\/th>\n<\/tr>\n<\/thead>\n<tbody class=\"row-hover\">\n<tr class=\"row-2 even\">\n\t<td class=\"column-1\">Storefront WooCommerce Theme<\/td><td class=\"column-2\">4.5.4<\/td><td class=\"column-3\"><a class=\"download-link\" title=\"\u0130ndir &ldquo;Storefront WooCommerce Theme&rdquo;&nbsp;Versiyon 4.5.4\" href=\"https:\/\/wpdepo.com\/tr\/\/download\/1913\/\" rel=\"nofollow\">\n\t\u0130ndir<\/a><\/td><td class=\"column-4\">18 Ocak 2024<\/td><td class=\"column-5\"><a href=\"https:\/\/woocommerce.com\/storefront\/\" target=\"_blank\" rel=\"noopener\">Tema Sayfas\u0131<\/a><\/td>\n<\/tr>\n<tr class=\"row-3 odd\">\n\t<td class=\"column-1\">WooCommerce Storefront Blog Customiser<\/td><td class=\"column-2\">1.3.0<\/td><td class=\"column-3\"><a class=\"download-link\" title=\"\u0130ndir &ldquo;WooCommerce Storefront Blog Customiser&rdquo;&nbsp;Versiyon 1.3.0\" href=\"https:\/\/wpdepo.com\/tr\/\/download\/739\/\" rel=\"nofollow\">\n\t\u0130ndir<\/a><\/td><td class=\"column-4\">5 \u015eubat 2019<\/td><td class=\"column-5\"><a href=\"https:\/\/woocommerce.com\/products\/storefront-blog-customiser\/\" target=\"_blank\" rel=\"noopener\">Eklenti Sayfas\u0131<\/a><\/td>\n<\/tr>\n<tr class=\"row-4 even\">\n\t<td class=\"column-1\">WooCommerce Storefront Footer Bar<\/td><td class=\"column-2\">1.0.4<\/td><td class=\"column-3\"><a class=\"download-link\" title=\"\u0130ndir &ldquo;WooCommerce Storefront Footer Bar&rdquo;&nbsp;Versiyon 1.0.4\" href=\"https:\/\/wpdepo.com\/tr\/\/download\/1916\/\" rel=\"nofollow\">\n\t\u0130ndir<\/a><\/td><td class=\"column-4\">12 Ekim 2018<\/td><td class=\"column-5\"><a href=\"https:\/\/woocommerce.com\/products\/storefront-footer-bar\/\" target=\"_blank\" rel=\"noopener\">Eklenti Sayfas\u0131<\/a><\/td>\n<\/tr>\n<tr class=\"row-5 odd\">\n\t<td class=\"column-1\">WooCommerce Storefront Hamburger Menu<\/td><td class=\"column-2\">1.2.2<\/td><td class=\"column-3\"><a class=\"download-link\" title=\"\u0130ndir &ldquo;WooCommerce Storefront Hamburger Menu&rdquo;&nbsp;Versiyon 1.2.2\" href=\"https:\/\/wpdepo.com\/tr\/\/download\/1918\/\" rel=\"nofollow\">\n\t\u0130ndir<\/a><\/td><td class=\"column-4\">21 May\u0131s 2018<\/td><td class=\"column-5\"><a href=\"https:\/\/woocommerce.com\/products\/storefront-hamburger-menu\/\" target=\"_blank\" rel=\"noopener\">Eklenti Sayfas\u0131<\/a><\/td>\n<\/tr>\n<tr class=\"row-6 even\">\n\t<td class=\"column-1\">WooCommerce Storefront Homepage Contact Section<\/td><td class=\"column-2\">1.0.5<\/td><td class=\"column-3\"><a class=\"download-link\" title=\"\u0130ndir &ldquo;WooCommerce Storefront Homepage Contact Section&rdquo;&nbsp;Versiyon 1.0.5\" href=\"https:\/\/wpdepo.com\/tr\/\/download\/1920\/\" rel=\"nofollow\">\n\t\u0130ndir<\/a><\/td><td class=\"column-4\">5 Haziran 2018<\/td><td class=\"column-5\"><a href=\"https:\/\/woocommerce.com\/products\/storefront-homepage-contact-section\/\" target=\"_blank\" rel=\"noopener\">Eklenti Sayfas\u0131<\/a><\/td>\n<\/tr>\n<tr class=\"row-7 odd\">\n\t<td class=\"column-1\">WooCommerce Storefront Mega Menus<\/td><td class=\"column-2\">1.6.2<\/td><td class=\"column-3\"><a class=\"download-link\" title=\"\u0130ndir &ldquo;WooCommerce Storefront Mega Menus&rdquo;&nbsp;Versiyon 1.6.2\" href=\"https:\/\/wpdepo.com\/tr\/\/download\/1645\/\" rel=\"nofollow\">\n\t\u0130ndir<\/a><\/td><td class=\"column-4\">25 Haziran 2018<\/td><td class=\"column-5\"><a href=\"https:\/\/woocommerce.com\/products\/storefront-mega-menus\/\" target=\"_blank\" rel=\"noopener\">Eklenti Sayfas\u0131<\/a><\/td>\n<\/tr>\n<tr class=\"row-8 even\">\n\t<td class=\"column-1\">WooCommerce Storefront Parallax Hero<\/td><td class=\"column-2\">1.5.7<\/td><td class=\"column-3\"><a class=\"download-link\" title=\"\u0130ndir &ldquo;WooCommerce Storefront Parallax Hero&rdquo;&nbsp;Versiyon 1.5.7\" href=\"https:\/\/wpdepo.com\/tr\/\/download\/1663\/\" rel=\"nofollow\">\n\t\u0130ndir<\/a><\/td><td class=\"column-4\">6 Haziran 2018<\/td><td class=\"column-5\"><a href=\"https:\/\/woocommerce.com\/products\/storefront-parallax-hero\/\" target=\"_blank\" rel=\"noopener\">Eklenti Sayfas\u0131<\/a><\/td>\n<\/tr>\n<tr class=\"row-9 odd\">\n\t<td class=\"column-1\">WooCommerce Storefront Powerpack<\/td><td class=\"column-2\">1.6.3<\/td><td class=\"column-3\"><a class=\"download-link\" title=\"\u0130ndir &ldquo;WooCommerce Storefront Powerpack&rdquo;&nbsp;Versiyon 1.6.3\" href=\"https:\/\/wpdepo.com\/tr\/\/download\/1665\/\" rel=\"nofollow\">\n\t\u0130ndir<\/a><\/td><td class=\"column-4\">10 Kas\u0131m 2023<\/td><td class=\"column-5\"><a href=\"https:\/\/woocommerce.com\/products\/storefront-powerpack\/\" target=\"_blank\" rel=\"noopener\">Eklenti Sayfas\u0131<\/a><\/td>\n<\/tr>\n<tr class=\"row-10 even\">\n\t<td class=\"column-1\">WooCommerce Storefront Pricing Tables<\/td><td class=\"column-2\">1.1.0<\/td><td class=\"column-3\"><a class=\"download-link\" title=\"\u0130ndir &ldquo;WooCommerce Storefront Pricing Tables&rdquo;&nbsp;Versiyon 1.1.0\" href=\"https:\/\/wpdepo.com\/tr\/\/download\/1667\/\" rel=\"nofollow\">\n\t\u0130ndir<\/a><\/td><td class=\"column-4\">6 \u015eubat 2018<\/td><td class=\"column-5\"><a href=\"https:\/\/woocommerce.com\/products\/storefront-pricing-tables\/\" target=\"_blank\" rel=\"noopener\">Eklenti Sayfas\u0131<\/a><\/td>\n<\/tr>\n<tr class=\"row-11 odd\">\n\t<td class=\"column-1\">WooCommerce Storefront Product Hero<\/td><td class=\"column-2\">1.2.13<\/td><td class=\"column-3\"><a class=\"download-link\" title=\"\u0130ndir &ldquo;WooCommerce Storefront Product Hero&rdquo;&nbsp;Versiyon 1.2.13\" href=\"https:\/\/wpdepo.com\/tr\/\/download\/1669\/\" rel=\"nofollow\">\n\t\u0130ndir<\/a><\/td><td class=\"column-4\">21 Eyl\u00fcl 2017<\/td><td class=\"column-5\"><a href=\"https:\/\/woocommerce.com\/products\/storefront-product-hero\/\" target=\"_blank\" rel=\"noopener\">Eklenti Sayfas\u0131<\/a><\/td>\n<\/tr>\n<tr class=\"row-12 even\">\n\t<td class=\"column-1\">WooCommerce Storefront Product Pagination<\/td><td class=\"column-2\">1.2.4<\/td><td class=\"column-3\"><a class=\"download-link\" title=\"\u0130ndir &ldquo;WooCommerce Storefront Product Pagination&rdquo;&nbsp;Versiyon 1.2.4\" href=\"https:\/\/wpdepo.com\/tr\/\/download\/1922\/\" rel=\"nofollow\">\n\t\u0130ndir<\/a><\/td><td class=\"column-4\">27 Haziran 2018<\/td><td class=\"column-5\"><a href=\"https:\/\/woocommerce.com\/products\/storefront-product-pagination\/\" target=\"_blank\" rel=\"noopener\">Eklenti Sayfas\u0131<\/a><\/td>\n<\/tr>\n<tr class=\"row-13 odd\">\n\t<td class=\"column-1\">WooCommerce Storefront Product Sharing<\/td><td class=\"column-2\">1.0.6<\/td><td class=\"column-3\"><a class=\"download-link\" title=\"\u0130ndir &ldquo;WooCommerce Storefront Product Sharing&rdquo;&nbsp;Versiyon 1.0.6\" href=\"https:\/\/wpdepo.com\/tr\/\/download\/1924\/\" rel=\"nofollow\">\n\t\u0130ndir<\/a><\/td><td class=\"column-4\">5 Haziran 2018<\/td><td class=\"column-5\"><a href=\"https:\/\/woocommerce.com\/products\/storefront-product-sharing\/\" target=\"_blank\" rel=\"noopener\">Eklenti Sayfas\u0131<\/a><\/td>\n<\/tr>\n<tr class=\"row-14 even\">\n\t<td class=\"column-1\">WooCommerce Storefront Reviews<\/td><td class=\"column-2\">1.0.6<\/td><td class=\"column-3\"><a class=\"download-link\" title=\"\u0130ndir &ldquo;WooCommerce Storefront Reviews&rdquo;&nbsp;Versiyon 1.0.6\" href=\"https:\/\/wpdepo.com\/tr\/\/download\/2485\/\" rel=\"nofollow\">\n\t\u0130ndir<\/a><\/td><td class=\"column-4\">27 Haziran 2019<\/td><td class=\"column-5\"><a href=\"https:\/\/woocommerce.com\/products\/storefront-reviews\/\" target=\"_blank\" rel=\"noopener\">Eklenti Sayfas\u0131<\/a><\/td>\n<\/tr>\n<tr class=\"row-15 odd\">\n\t<td class=\"column-1\">WooCommerce Storefront Sticky Add to Cart<\/td><td class=\"column-2\">1.1.9<\/td><td class=\"column-3\"><a class=\"download-link\" title=\"\u0130ndir &ldquo;WooCommerce Storefront Sticky Add to Cart&rdquo;&nbsp;Versiyon 1.1.9\" href=\"https:\/\/wpdepo.com\/tr\/\/download\/1926\/\" rel=\"nofollow\">\n\t\u0130ndir<\/a><\/td><td class=\"column-4\">27 Haziran 2018<\/td><td class=\"column-5\"><a href=\"https:\/\/woocommerce.com\/products\/storefront-sticky-add-to-cart-2\/\" target=\"_blank\" rel=\"noopener\">Eklenti Sayfas\u0131<\/a><\/td>\n<\/tr>\n<\/tbody>\n<\/table>\n\r\n\r\n\t\t<\/div>\n\t\t\t\t\t<\/div>\n\n\t\r\n\r\n<\/div>\r\n\r\n\t\t<\/div>\n\n\t\t\n<style>\n#section_1215669621 {\n  padding-top: 30px;\n  padding-bottom: 30px;\n}\n<\/style>\n\t<\/section>\n\t","protected":false},"excerpt":{"rendered":"","protected":false},"author":1,"featured_media":0,"parent":0,"menu_order":0,"comment_status":"closed","ping_status":"closed","template":"page-blank.php","meta":{"footnotes":""},"class_list":["post-1930","page","type-page","status-publish","hentry"],"_links":{"self":[{"href":"https:\/\/wpdepo.com\/tr\/wp-json\/wp\/v2\/pages\/1930","targetHints":{"allow":["GET"]}}],"collection":[{"href":"https:\/\/wpdepo.com\/tr\/wp-json\/wp\/v2\/pages"}],"about":[{"href":"https:\/\/wpdepo.com\/tr\/wp-json\/wp\/v2\/types\/page"}],"author":[{"embeddable":true,"href":"https:\/\/wpdepo.com\/tr\/wp-json\/wp\/v2\/users\/1"}],"replies":[{"embeddable":true,"href":"https:\/\/wpdepo.com\/tr\/wp-json\/wp\/v2\/comments?post=1930"}],"version-history":[{"count":0,"href":"https:\/\/wpdepo.com\/tr\/wp-json\/wp\/v2\/pages\/1930\/revisions"}],"wp:attachment":[{"href":"https:\/\/wpdepo.com\/tr\/wp-json\/wp\/v2\/media?parent=1930"}],"curies":[{"name":"wp","href":"https:\/\/api.w.org\/{rel}","templated":true}]}}