{"id":18695,"date":"2019-01-14T16:36:06","date_gmt":"2019-01-14T13:36:06","guid":{"rendered":"https:\/\/wpdepo.com\/?page_id=18695"},"modified":"2019-01-14T16:36:40","modified_gmt":"2019-01-14T13:36:40","slug":"atum-eklentileri","status":"publish","type":"page","link":"https:\/\/wpdepo.com\/tr\/atum-eklentileri\/","title":{"rendered":"ATUM Eklentileri"},"content":{"rendered":"\n\n\t<section class=\"section\" id=\"section_1355850055\">\n\t\t<div class=\"section-bg fill\" >\n\t\t\t\t\t\t\t\t\t\n\t\t\t\n\n\t\t<\/div>\n\n\t\t\n\n\t\t<div class=\"section-content relative\">\n\t\t\t\n\n<div class=\"row\"  id=\"row-1202551708\">\n\n\n\t<div id=\"col-370063754\" class=\"col small-12 large-12\"  >\n\t\t\t\t<div class=\"col-inner text-left\"  >\n\t\t\t\n\t\t\t\n\n<h2 style=\"text-align: center;\">ATUM &#8211; Stock Management Labs<\/h2>\n<p>ATUM stok y\u00f6netimi eklentisi, WooCommerce kullan\u0131c\u0131lar\u0131na stok i\u015flerini kontrol etmede daha verimli olmalar\u0131 i\u00e7in gerekli t\u00fcm ara\u00e7lar\u0131 sa\u011fl\u0131yor. ATUM eklentisi ve geli\u015ftirme ara\u00e7lar\u0131, t\u00fcm WooCommerce ma\u011faza yelpazesinde envanter y\u00f6netimini kolayla\u015ft\u0131r\u0131yor. ATUM eklentisi bilindik WordPress aray\u00fcz\u00fcne uygun haz\u0131rlanm\u0131\u015ft\u0131r. K\u00fc\u00e7\u00fck ma\u011fazalardan b\u00fcy\u00fck \u015firketlere kadar i\u015fletmeler, ATUM&#8217;u g\u00fcnl\u00fck operasyonlar\u0131n\u0131n tuzu biberi olarak bulacaklar.<\/p>\n<p>Kendisi \u00fccretsiz olan ATUM &#8211; WooCommerce \u0130\u00e7in Stok Y\u00f6netimi eklentisinin \u00fccretli geli\u015ftirme ara\u00e7lar\u0131n\u0131 bu sayfam\u0131zdan indirebilirsiniz.<\/p>\n\n\t\t<\/div>\n\t\t\t\t\t<\/div>\n\n\t\n\n<\/div>\n\n\t\t<\/div>\n\n\t\t\n<style>\n#section_1355850055 {\n  padding-top: 0px;\n  padding-bottom: 0px;\n  background-color: rgb(245, 245, 245);\n}\n<\/style>\n\t<\/section>\n\t\n\n\t<section class=\"section\" id=\"section_274180013\">\n\t\t<div class=\"section-bg fill\" >\n\t\t\t\t\t\t\t\t\t\n\t\t\t\n\n\t\t<\/div>\n\n\t\t\n\n\t\t<div class=\"section-content relative\">\n\t\t\t\n\n<div class=\"row\"  id=\"row-457105677\">\n\n\n\t<div id=\"col-751708842\" class=\"col small-12 large-12\"  >\n\t\t\t\t<div class=\"col-inner text-left\"  >\n\t\t\t\n\t\t\t\n\n\n<table id=\"tablepress-82\" class=\"tablepress tablepress-id-82\">\n<thead>\n<tr class=\"row-1 odd\">\n\t<th class=\"column-1\">Eklenti Ad\u0131<\/th><th class=\"column-2\">Versiyon<\/th><th class=\"column-3\">\u0130ndir<\/th><th class=\"column-4\">G\u00fcncelleme<\/th><th class=\"column-5\">Bilgi<\/th>\n<\/tr>\n<\/thead>\n<tbody class=\"row-hover\">\n<tr class=\"row-2 even\">\n\t<td class=\"column-1\">ATUM Inventory Management for WooCommerce<\/td><td class=\"column-2\">1.9.51<\/td><td class=\"column-3\"><a class=\"download-link\" title=\"\u0130ndir &ldquo;ATUM Inventory Management for WooCommerce&rdquo;&nbsp;Versiyon 1.9.51\" href=\"https:\/\/wpdepo.com\/tr\/\/download\/97465\/\" rel=\"nofollow\">\n\t\u0130ndir<\/a><\/td><td class=\"column-4\">6 Kas\u0131m 2025<\/td><td class=\"column-5\"><a href=\"https:\/\/stockmanagementlabs.com\/\" target=\"_blank\" rel=\"noopener noreferrer\">Eklenti Sayfas\u0131<\/a><\/td>\n<\/tr>\n<tr class=\"row-3 odd\">\n\t<td class=\"column-1\">ATUM Action Logs Addon<\/td><td class=\"column-2\">1.4.8<\/td><td class=\"column-3\"><a class=\"download-link\" title=\"\u0130ndir &ldquo;ATUM Action Logs Addon&rdquo;&nbsp;Versiyon 1.4.8\" href=\"https:\/\/wpdepo.com\/tr\/\/download\/53351\/\" rel=\"nofollow\">\n\t\u0130ndir<\/a><\/td><td class=\"column-4\">21 Haziran 2025<\/td><td class=\"column-5\"><a href=\"https:\/\/www.stockmanagementlabs.com\/addons\/atum-action-logs\/\" target=\"_blank\" rel=\"noopener noreferrer\">Eklenti Sayfas\u0131<\/a><\/td>\n<\/tr>\n<tr class=\"row-4 even\">\n\t<td class=\"column-1\">ATUM Barcodes Pro Addon<\/td><td class=\"column-2\">1.0.4<\/td><td class=\"column-3\"><a class=\"download-link\" title=\"\u0130ndir &ldquo;ATUM Barcodes Pro Addon&rdquo;&nbsp;Versiyon 1.0.4\" href=\"https:\/\/wpdepo.com\/tr\/\/download\/97461\/\" rel=\"nofollow\">\n\t\u0130ndir<\/a><\/td><td class=\"column-4\">21 Haziran 2025<\/td><td class=\"column-5\"><a href=\"https:\/\/stockmanagementlabs.com\/addons\/atum-barcodes-pro\/\" target=\"_blank\" rel=\"noopener noreferrer\">Eklenti Sayfas\u0131<\/a><\/td>\n<\/tr>\n<tr class=\"row-5 odd\">\n\t<td class=\"column-1\">ATUM Export Pro Addon<\/td><td class=\"column-2\">1.6.6.2<\/td><td class=\"column-3\"><a class=\"download-link\" title=\"\u0130ndir &ldquo;ATUM Export Pro Addon&rdquo;&nbsp;Versiyon 1.6.6.2\" href=\"https:\/\/wpdepo.com\/tr\/\/download\/29374\/\" rel=\"nofollow\">\n\t\u0130ndir<\/a><\/td><td class=\"column-4\">21 Haziran 2025<\/td><td class=\"column-5\"><a href=\"https:\/\/www.stockmanagementlabs.com\/addons\/atum-export-pro\/\" target=\"_blank\" rel=\"noopener noreferrer\">Eklenti Sayfas\u0131<\/a><\/td>\n<\/tr>\n<tr class=\"row-6 even\">\n\t<td class=\"column-1\">ATUM Multi-Inventory Addon<\/td><td class=\"column-2\">1.9.6<\/td><td class=\"column-3\"><a class=\"download-link\" title=\"\u0130ndir &ldquo;ATUM Multi-Inventory Addon&rdquo;&nbsp;Versiyon 1.9.6\" href=\"https:\/\/wpdepo.com\/tr\/\/download\/21197\/\" rel=\"nofollow\">\n\t\u0130ndir<\/a><\/td><td class=\"column-4\">21 Haziran 2025<\/td><td class=\"column-5\"><a href=\"https:\/\/www.stockmanagementlabs.com\/addons\/atum-multi-inventory\/\" target=\"_blank\" rel=\"noopener noreferrer\">Eklenti Sayfas\u0131<\/a><\/td>\n<\/tr>\n<tr class=\"row-7 odd\">\n\t<td class=\"column-1\">ATUM Pick & Pack Addon<\/td><td class=\"column-2\">1.1.0<\/td><td class=\"column-3\"><a class=\"download-link\" title=\"\u0130ndir &ldquo;ATUM Pick &amp; Pack Addon&rdquo;&nbsp;Versiyon 1.1.0\" href=\"https:\/\/wpdepo.com\/tr\/\/download\/84625\/\" rel=\"nofollow\">\n\t\u0130ndir<\/a><\/td><td class=\"column-4\">21 Haziran 2025<\/td><td class=\"column-5\"><a href=\"https:\/\/stockmanagementlabs.com\/addons\/atum-pick-pack\/\" target=\"_blank\" rel=\"noopener noreferrer\">Eklenti Sayfas\u0131<\/a><\/td>\n<\/tr>\n<tr class=\"row-8 even\">\n\t<td class=\"column-1\">ATUM Product Levels Addon<\/td><td class=\"column-2\">1.9.10.1<\/td><td class=\"column-3\"><a class=\"download-link\" title=\"\u0130ndir &ldquo;ATUM Product Levels Addon&rdquo;&nbsp;Versiyon 1.9.10.1\" href=\"https:\/\/wpdepo.com\/tr\/\/download\/18691\/\" rel=\"nofollow\">\n\t\u0130ndir<\/a><\/td><td class=\"column-4\">21 Haziran 2025<\/td><td class=\"column-5\"><a href=\"https:\/\/www.stockmanagementlabs.com\/addons\/atum-product-levels\/\" target=\"_blank\" rel=\"noopener noreferrer\">Eklenti Sayfas\u0131<\/a><\/td>\n<\/tr>\n<tr class=\"row-9 odd\">\n\t<td class=\"column-1\">ATUM Purchase Orders Pro Addon<\/td><td class=\"column-2\">1.2.6<\/td><td class=\"column-3\"><a class=\"download-link\" title=\"\u0130ndir &ldquo;ATUM Purchase Orders Pro Addon&rdquo;&nbsp;Versiyon 1.2.6\" href=\"https:\/\/wpdepo.com\/tr\/\/download\/81575\/\" rel=\"nofollow\">\n\t\u0130ndir<\/a><\/td><td class=\"column-4\">21 Haziran 2025<\/td><td class=\"column-5\"><a href=\"https:\/\/stockmanagementlabs.com\/addons\/atum-purchase-orders-pro\/\" target=\"_blank\" rel=\"noopener noreferrer\">Eklenti Sayfas\u0131<\/a><\/td>\n<\/tr>\n<tr class=\"row-10 even\">\n\t<td class=\"column-1\">ATUM Stock Takes Addon<\/td><td class=\"column-2\">1.0.8<\/td><td class=\"column-3\"><a class=\"download-link\" title=\"\u0130ndir &ldquo;ATUM Stock Takes Addon&rdquo;&nbsp;Versiyon 1.0.8\" href=\"https:\/\/wpdepo.com\/tr\/\/download\/97463\/\" rel=\"nofollow\">\n\t\u0130ndir<\/a><\/td><td class=\"column-4\">21 Haziran 2025<\/td><td class=\"column-5\"><a href=\"https:\/\/stockmanagementlabs.com\/addons\/atum-stock-takes\/\" target=\"_blank\" rel=\"noopener noreferrer\">Eklenti Sayfas\u0131<\/a><\/td>\n<\/tr>\n<\/tbody>\n<\/table>\n\n\n\t\t<\/div>\n\t\t\t\t\t<\/div>\n\n\t\n\n<\/div>\n\n\t\t<\/div>\n\n\t\t\n<style>\n#section_274180013 {\n  padding-top: 30px;\n  padding-bottom: 30px;\n}\n<\/style>\n\t<\/section>\n\t\n","protected":false},"excerpt":{"rendered":"","protected":false},"author":1,"featured_media":0,"parent":0,"menu_order":0,"comment_status":"closed","ping_status":"closed","template":"page-blank.php","meta":{"footnotes":""},"class_list":["post-18695","page","type-page","status-publish","hentry"],"_links":{"self":[{"href":"https:\/\/wpdepo.com\/tr\/wp-json\/wp\/v2\/pages\/18695","targetHints":{"allow":["GET"]}}],"collection":[{"href":"https:\/\/wpdepo.com\/tr\/wp-json\/wp\/v2\/pages"}],"about":[{"href":"https:\/\/wpdepo.com\/tr\/wp-json\/wp\/v2\/types\/page"}],"author":[{"embeddable":true,"href":"https:\/\/wpdepo.com\/tr\/wp-json\/wp\/v2\/users\/1"}],"replies":[{"embeddable":true,"href":"https:\/\/wpdepo.com\/tr\/wp-json\/wp\/v2\/comments?post=18695"}],"version-history":[{"count":0,"href":"https:\/\/wpdepo.com\/tr\/wp-json\/wp\/v2\/pages\/18695\/revisions"}],"wp:attachment":[{"href":"https:\/\/wpdepo.com\/tr\/wp-json\/wp\/v2\/media?parent=18695"}],"curies":[{"name":"wp","href":"https:\/\/api.w.org\/{rel}","templated":true}]}}