{"id":1851,"date":"2017-08-11T17:03:04","date_gmt":"2017-08-11T14:03:04","guid":{"rendered":"https:\/\/wpdepo.com\/?page_id=1851\/"},"modified":"2018-09-03T20:46:18","modified_gmt":"2018-09-03T17:46:18","slug":"beaver-builder-eklentileri","status":"publish","type":"page","link":"https:\/\/wpdepo.com\/tr\/beaver-builder-eklentileri\/","title":{"rendered":"Beaver Builder Eklentileri"},"content":{"rendered":"\n\t<section class=\"section\" id=\"section_19853907\">\n\t\t<div class=\"section-bg fill\" >\n\t\t\t\t\t\t\t\t\t\n\t\t\t\n\n\t\t<\/div>\n\n\t\t\n\n\t\t<div class=\"section-content relative\">\n\t\t\t\r\n\r\n<div class=\"row\"  id=\"row-354047079\">\r\n\r\n\n\t<div id=\"col-838115464\" class=\"col small-12 large-12\"  >\n\t\t\t\t<div class=\"col-inner text-left\"  >\n\t\t\t\n\t\t\t\r\n\r\n<h2 style=\"text-align: center;\">Beaver Builder<\/h2>\r\n<p>FastLine Media taraf\u0131ndan haz\u0131rlanan Beaver Builder eklentisi, amat\u00f6rlere ve profesyonellere kolay, h\u0131zl\u0131 ve g\u00fczel sayfalar yaratman\u0131n \u00f6zg\u00fcr yollar\u0131n\u0131 sunmaktad\u0131r. Ge\u00e7mi\u015fte Visual Composer eklentisini kulland\u0131ysan\u0131z, Beaver Builder ile daha fazlas\u0131n\u0131 elde edebilirsiniz.<\/p>\r\n<p>Beaver Builder Pro eklentisi ile birlikte \u00e7al\u0131\u015fan ve \u00f6zel mod\u00fcller ile \u015fablonlar i\u00e7eren eklentiler de bu b\u00f6l\u00fcmde sunulmaktad\u0131r.<\/p>\r\n\r\n\t\t<\/div>\n\t\t\t\t\t<\/div>\n\n\t\r\n\r\n<\/div>\r\n\r\n\t\t<\/div>\n\n\t\t\n<style>\n#section_19853907 {\n  padding-top: 0px;\n  padding-bottom: 0px;\n  background-color: rgb(245, 245, 245);\n}\n<\/style>\n\t<\/section>\n\t\r\n\n\t<section class=\"section\" id=\"section_223658042\">\n\t\t<div class=\"section-bg fill\" >\n\t\t\t\t\t\t\t\t\t\n\t\t\t\n\n\t\t<\/div>\n\n\t\t\n\n\t\t<div class=\"section-content relative\">\n\t\t\t\r\n\r\n<div class=\"row\"  id=\"row-154683767\">\r\n\r\n\n\t<div id=\"col-1792070845\" class=\"col small-12 large-12\"  >\n\t\t\t\t<div class=\"col-inner text-left\"  >\n\t\t\t\n\t\t\t\r\n\r\n\n<table id=\"tablepress-18\" class=\"tablepress tablepress-id-18\">\n<thead>\n<tr class=\"row-1 odd\">\n\t<th class=\"column-1\">Eklenti Ad\u0131<\/th><th class=\"column-2\">Versiyon<\/th><th class=\"column-3\">\u0130ndir<\/th><th class=\"column-4\">G\u00fcncelleme<\/th><th class=\"column-5\">Bilgi<\/th>\n<\/tr>\n<\/thead>\n<tbody class=\"row-hover\">\n<tr class=\"row-2 even\">\n\t<td class=\"column-1\">Beaver Builder Plugin (Agency Version)<\/td><td class=\"column-2\">2.10.1.5<\/td><td class=\"column-3\"><a class=\"download-link\" title=\"\u0130ndir &ldquo;Beaver Builder Plugin (Agency Version)&rdquo;&nbsp;Versiyon 2.10.1.5\" href=\"https:\/\/wpdepo.com\/tr\/\/download\/13414\/\" rel=\"nofollow\">\n\t\u0130ndir<\/a><\/td><td class=\"column-4\">3 Nisan 2026<\/td><td class=\"column-5\"><a href=\"https:\/\/www.wpbeaverbuilder.com\" target=\"_blank\" rel=\"noopener\">Eklenti Sayfas\u0131<\/a><\/td>\n<\/tr>\n<tr class=\"row-3 odd\">\n\t<td class=\"column-1\">Beaver Builder Professional WordPress Plugin<\/td><td class=\"column-2\">2.10.1.5<\/td><td class=\"column-3\"><a class=\"download-link\" title=\"\u0130ndir &ldquo;Beaver Builder Professional WordPress Plugin&rdquo;&nbsp;Versiyon 2.10.1.5\" href=\"https:\/\/wpdepo.com\/tr\/\/download\/1834\/\" rel=\"nofollow\">\n\t\u0130ndir<\/a><\/td><td class=\"column-4\">3 Nisan 2026<\/td><td class=\"column-5\"><a href=\"https:\/\/www.wpbeaverbuilder.com\" target=\"_blank\" rel=\"noopener\">Eklenti Sayfas\u0131<\/a><\/td>\n<\/tr>\n<tr class=\"row-4 even\">\n\t<td class=\"column-1\">Beaver Builder Theme<\/td><td class=\"column-2\">1.7.19.2<\/td><td class=\"column-3\"><a class=\"download-link\" title=\"\u0130ndir &ldquo;Beaver Builder Theme&rdquo;&nbsp;Versiyon 1.7.19.2\" href=\"https:\/\/wpdepo.com\/tr\/\/download\/2545\/\" rel=\"nofollow\">\n\t\u0130ndir<\/a><\/td><td class=\"column-4\">11 \u015eubat 2026<\/td><td class=\"column-5\"><a href=\"https:\/\/www.wpbeaverbuilder.com\/wordpress-framework-theme\/\" target=\"_blank\" rel=\"noopener\">Eklenti Sayfas\u0131<\/a><\/td>\n<\/tr>\n<tr class=\"row-5 odd\">\n\t<td class=\"column-1\">Beaver Builder Child Theme<\/td><td class=\"column-2\">1.0<\/td><td class=\"column-3\"><a class=\"download-link\" title=\"\u0130ndir &ldquo;Beaver Builder Child Theme&rdquo;&nbsp;Versiyon 1.0\" href=\"https:\/\/wpdepo.com\/tr\/\/download\/2547\/\" rel=\"nofollow\">\n\t\u0130ndir<\/a><\/td><td class=\"column-4\">1 Kas\u0131m 2016<\/td><td class=\"column-5\"><a href=\"https:\/\/www.wpbeaverbuilder.com\/wordpress-framework-theme\/\" target=\"_blank\" rel=\"noopener\">Eklenti Sayfas\u0131<\/a><\/td>\n<\/tr>\n<tr class=\"row-6 even\">\n\t<td class=\"column-1\">Beaver Builder Themer<\/td><td class=\"column-2\">1.5.2.4<\/td><td class=\"column-3\"><a class=\"download-link\" title=\"\u0130ndir &ldquo;Beaver Builder Themer&rdquo;&nbsp;Versiyon 1.5.2.4\" href=\"https:\/\/wpdepo.com\/tr\/\/download\/2549\/\" rel=\"nofollow\">\n\t\u0130ndir<\/a><\/td><td class=\"column-4\">3 Nisan 2026<\/td><td class=\"column-5\"><a href=\"https:\/\/www.wpbeaverbuilder.com\/beaver-themer\/\" target=\"_blank\" rel=\"noopener\">Eklenti Sayfas\u0131<\/a><\/td>\n<\/tr>\n<tr class=\"row-7 odd\">\n\t<td class=\"column-1\">Beaver Team Pro<\/td><td class=\"column-2\">1.2.18<\/td><td class=\"column-3\"><a class=\"download-link\" title=\"\u0130ndir &ldquo;Beaver Team Pro&rdquo;&nbsp;Versiyon 1.2.18\" href=\"https:\/\/wpdepo.com\/tr\/\/download\/61320\/\" rel=\"nofollow\">\n\t\u0130ndir<\/a><\/td><td class=\"column-4\">10 Mart 2022<\/td><td class=\"column-5\"><a href=\"https:\/\/sitespot.dev\/downloads\/beaver-team-pro\/\" target=\"_blank\" rel=\"noopener\">Eklenti Sayfas\u0131<\/a><\/td>\n<\/tr>\n<tr class=\"row-8 even\">\n\t<td class=\"column-1\">Beaver Tunnels Addon<\/td><td class=\"column-2\">2.1.6<\/td><td class=\"column-3\"><a class=\"download-link\" title=\"\u0130ndir &ldquo;Beaver Tunnels Addon&rdquo;&nbsp;Versiyon 2.1.6\" href=\"https:\/\/wpdepo.com\/tr\/\/download\/14530\/\" rel=\"nofollow\">\n\t\u0130ndir<\/a><\/td><td class=\"column-4\">11 Ekim 2018<\/td><td class=\"column-5\"><a href=\"https:\/\/beavertunnels.com\/\" target=\"_blank\" rel=\"noopener\">Eklenti Sayfas\u0131<\/a><\/td>\n<\/tr>\n<tr class=\"row-9 odd\">\n\t<td class=\"column-1\">Livemesh Addons for Beaver Builder Pro<\/td><td class=\"column-2\">2.6.1<\/td><td class=\"column-3\"><a class=\"download-link\" title=\"\u0130ndir &ldquo;Livemesh Addons for Beaver Builder Pro&rdquo;&nbsp;Versiyon 2.6.1\" href=\"https:\/\/wpdepo.com\/tr\/\/download\/6776\/\" rel=\"nofollow\">\n\t\u0130ndir<\/a><\/td><td class=\"column-4\">11 Mart 2019<\/td><td class=\"column-5\"><a href=\"https:\/\/www.livemeshthemes.com\/products\/beaver-builder-addons\/\" target=\"_blank\" rel=\"noopener\">Eklenti Sayfas\u0131<\/a><\/td>\n<\/tr>\n<tr class=\"row-10 even\">\n\t<td class=\"column-1\">Ninja Beaver Pro<\/td><td class=\"column-2\">3.6<\/td><td class=\"column-3\"><a class=\"download-link\" title=\"\u0130ndir &ldquo;Ninja Beaver Pro&rdquo;&nbsp;Versiyon 3.6\" href=\"https:\/\/wpdepo.com\/tr\/\/download\/13265\/\" rel=\"nofollow\">\n\t\u0130ndir<\/a><\/td><td class=\"column-4\">7 Kas\u0131m 2020<\/td><td class=\"column-5\"><a href=\"https:\/\/www.ninjabeaveraddon.com\/\" target=\"_blank\" rel=\"noopener\">Eklenti Sayfas\u0131<\/a><\/td>\n<\/tr>\n<tr class=\"row-11 odd\">\n\t<td class=\"column-1\">PowerPack for Beaver Builder<\/td><td class=\"column-2\">2.42.0<\/td><td class=\"column-3\"><a class=\"download-link\" title=\"\u0130ndir &ldquo;PowerPack for Beaver Builder&rdquo;&nbsp;Versiyon 2.42.0\" href=\"https:\/\/wpdepo.com\/tr\/\/download\/1837\/\" rel=\"nofollow\">\n\t\u0130ndir<\/a><\/td><td class=\"column-4\">3 Nisan 2026<\/td><td class=\"column-5\"><a href=\"https:\/\/wpbeaveraddons.com\" target=\"_blank\" rel=\"noopener\">Eklenti Sayfas\u0131<\/a><\/td>\n<\/tr>\n<tr class=\"row-12 even\">\n\t<td class=\"column-1\">Ultimate Addons for Beaver Builder<\/td><td class=\"column-2\">1.37.2<\/td><td class=\"column-3\"><a class=\"download-link\" title=\"\u0130ndir &ldquo;Ultimate Addons for Beaver Builder&rdquo;&nbsp;Versiyon 1.37.2\" href=\"https:\/\/wpdepo.com\/tr\/\/download\/1839\/\" rel=\"nofollow\">\n\t\u0130ndir<\/a><\/td><td class=\"column-4\">2 Nisan 2026<\/td><td class=\"column-5\"><a href=\"https:\/\/www.ultimatebeaver.com\" target=\"_blank\" rel=\"noopener\">Eklenti Sayfas\u0131<\/a><\/td>\n<\/tr>\n<tr class=\"row-13 odd\">\n\t<td class=\"column-1\">Wallace Inline - Front-end Content Editor for Beaver Builder<\/td><td class=\"column-2\">2.3.0<\/td><td class=\"column-3\"><a class=\"download-link\" title=\"\u0130ndir &ldquo;Wallace Inline - Front-end Content Editor for Beaver Builder&rdquo;&nbsp;Versiyon 2.3.0\" href=\"https:\/\/wpdepo.com\/tr\/\/download\/8119\/\" rel=\"nofollow\">\n\t\u0130ndir<\/a><\/td><td class=\"column-4\">8 Nisan 2021<\/td><td class=\"column-5\"><a href=\"https:\/\/wallaceinline.com\/\" target=\"_blank\" rel=\"noopener\">Eklenti Sayfas\u0131<\/a><\/td>\n<\/tr>\n<tr class=\"row-14 even\">\n\t<td class=\"column-1\">WooPack for Beaver Builder<\/td><td class=\"column-2\">1.5.11<\/td><td class=\"column-3\"><a class=\"download-link\" title=\"\u0130ndir &ldquo;WooPack for Beaver Builder&rdquo;&nbsp;Versiyon 1.5.11\" href=\"https:\/\/wpdepo.com\/tr\/\/download\/4311\/\" rel=\"nofollow\">\n\t\u0130ndir<\/a><\/td><td class=\"column-4\">10 Aral\u0131k 2025<\/td><td class=\"column-5\"><a href=\"https:\/\/wpbeaveraddons.com\/woopack\/\" target=\"_blank\" rel=\"noopener\">Eklenti Sayfas\u0131<\/a><\/td>\n<\/tr>\n<\/tbody>\n<\/table>\n\r\n\r\n\t\t<\/div>\n\t\t\t\t\t<\/div>\n\n\t\r\n\r\n<\/div>\r\n\r\n\t\t<\/div>\n\n\t\t\n<style>\n#section_223658042 {\n  padding-top: 30px;\n  padding-bottom: 30px;\n}\n<\/style>\n\t<\/section>\n\t","protected":false},"excerpt":{"rendered":"","protected":false},"author":1,"featured_media":0,"parent":0,"menu_order":0,"comment_status":"closed","ping_status":"closed","template":"page-blank.php","meta":{"footnotes":""},"class_list":["post-1851","page","type-page","status-publish","hentry"],"_links":{"self":[{"href":"https:\/\/wpdepo.com\/tr\/wp-json\/wp\/v2\/pages\/1851","targetHints":{"allow":["GET"]}}],"collection":[{"href":"https:\/\/wpdepo.com\/tr\/wp-json\/wp\/v2\/pages"}],"about":[{"href":"https:\/\/wpdepo.com\/tr\/wp-json\/wp\/v2\/types\/page"}],"author":[{"embeddable":true,"href":"https:\/\/wpdepo.com\/tr\/wp-json\/wp\/v2\/users\/1"}],"replies":[{"embeddable":true,"href":"https:\/\/wpdepo.com\/tr\/wp-json\/wp\/v2\/comments?post=1851"}],"version-history":[{"count":0,"href":"https:\/\/wpdepo.com\/tr\/wp-json\/wp\/v2\/pages\/1851\/revisions"}],"wp:attachment":[{"href":"https:\/\/wpdepo.com\/tr\/wp-json\/wp\/v2\/media?parent=1851"}],"curies":[{"name":"wp","href":"https:\/\/api.w.org\/{rel}","templated":true}]}}