{"id":1804,"date":"2017-08-10T03:28:46","date_gmt":"2017-08-10T00:28:46","guid":{"rendered":"https:\/\/wpdepo.com\/?page_id=1804\/"},"modified":"2018-09-03T20:46:17","modified_gmt":"2018-09-03T17:46:17","slug":"advanced-custom-fields-eklentileri","status":"publish","type":"page","link":"https:\/\/wpdepo.com\/tr\/advanced-custom-fields-eklentileri\/","title":{"rendered":"Advanced Custom Fields Eklentileri"},"content":{"rendered":"\n\t<section class=\"section\" id=\"section_1511405713\">\n\t\t<div class=\"section-bg fill\" >\n\t\t\t\t\t\t\t\t\t\n\t\t\t\n\n\t\t<\/div>\n\n\t\t\n\n\t\t<div class=\"section-content relative\">\n\t\t\t\r\n\r\n<div class=\"row\"  id=\"row-1890051023\">\r\n\r\n\n\t<div id=\"col-10326460\" class=\"col small-12 large-12\"  >\n\t\t\t\t<div class=\"col-inner text-left\"  >\n\t\t\t\n\t\t\t\r\n\r\n<h2 style=\"text-align: center;\">Advanced Custom Fields<\/h2>\r\n<p>Advanced Custom Fields eklentisi, daha esnek verilere ihtiya\u00e7 duyan bir WordPress web sitesi i\u00e7in m\u00fckemmel bir \u00e7\u00f6z\u00fcmd\u00fcr. WordPress d\u00fczenleme ekranlar\u0131n\u0131z\u0131n ve \u00f6zel alan verilerinizin tam kontrol\u00fcn\u00fc almak i\u00e7in Advanced Custom Fields Pro eklentisini deneyebilirsiniz.<\/p>\r\n<p>Eski s\u00fcr\u00fcmlerde flexible content, gallery field, options page ve repeater field ayr\u0131 eklentilerdi, ancak art\u0131k PRO s\u00fcr\u00fcm\u00fcne dahil edildi. Advanced Custom Fields Pro hakk\u0131nda daha fazla bilgiye eklenti sayfas\u0131ndan ula\u015fabilir, Advanced Custom Fields eklentilerine <a href=\"https:\/\/www.advancedcustomfields.com\/add-ons\/\" target=\"_blank\" rel=\"noopener\">buradan<\/a> g\u00f6z atabilirsiniz.<\/p>\r\n\r\n\t\t<\/div>\n\t\t\t\t\t<\/div>\n\n\t\r\n\r\n<\/div>\r\n\r\n\t\t<\/div>\n\n\t\t\n<style>\n#section_1511405713 {\n  padding-top: 0px;\n  padding-bottom: 0px;\n  background-color: rgb(245, 245, 245);\n}\n<\/style>\n\t<\/section>\n\t\r\n\n\t<section class=\"section\" id=\"section_1307467751\">\n\t\t<div class=\"section-bg fill\" >\n\t\t\t\t\t\t\t\t\t\n\t\t\t\n\n\t\t<\/div>\n\n\t\t\n\n\t\t<div class=\"section-content relative\">\n\t\t\t\r\n\r\n<div class=\"row\"  id=\"row-382519428\">\r\n\r\n\n\t<div id=\"col-1850434006\" class=\"col small-12 large-12\"  >\n\t\t\t\t<div class=\"col-inner text-left\"  >\n\t\t\t\n\t\t\t\r\n\r\n\n<table id=\"tablepress-17\" class=\"tablepress tablepress-id-17\">\n<thead>\n<tr class=\"row-1 odd\">\n\t<th class=\"column-1\">Eklenti Ad\u0131<\/th><th class=\"column-2\">Versiyon<\/th><th class=\"column-3\">\u0130ndir<\/th><th class=\"column-4\">G\u00fcncelleme<\/th><th class=\"column-5\">Bilgi<\/th>\n<\/tr>\n<\/thead>\n<tbody class=\"row-hover\">\n<tr class=\"row-2 even\">\n\t<td class=\"column-1\">Advanced Custom Fields (ACF) Pro<\/td><td class=\"column-2\">6.8.0.1<\/td><td class=\"column-3\"><a class=\"download-link\" title=\"\u0130ndir &ldquo;Advanced Custom Fields (ACF) Pro&rdquo;&nbsp;Versiyon 6.8.0.1\" href=\"https:\/\/wpdepo.com\/tr\/\/download\/1794\/\" rel=\"nofollow\">\n\t\u0130ndir<\/a><\/td><td class=\"column-4\">2 Nisan 2026<\/td><td class=\"column-5\"><a href=\"https:\/\/www.advancedcustomfields.com\/pro\/\" target=\"_blank\" rel=\"noopener\">Eklenti Sayfas\u0131<\/a><\/td>\n<\/tr>\n<tr class=\"row-3 odd\">\n\t<td class=\"column-1\">Advanced Custom Fields - ACF Extended Pro<\/td><td class=\"column-2\">0.9.2.3<\/td><td class=\"column-3\"><a class=\"download-link\" title=\"\u0130ndir &ldquo;Advanced Custom Fields - ACF Extended Pro&rdquo;&nbsp;Versiyon 0.9.2.3\" href=\"https:\/\/wpdepo.com\/tr\/\/download\/67156\/\" rel=\"nofollow\">\n\t\u0130ndir<\/a><\/td><td class=\"column-4\">19 Ocak 2026<\/td><td class=\"column-5\"><a href=\"https:\/\/www.acf-extended.com\/\" target=\"_blank\" rel=\"noopener\">Eklenti Sayfas\u0131<\/a><\/td>\n<\/tr>\n<\/tbody>\n<\/table>\n\r\n\r\n\t\t<\/div>\n\t\t\t\t\t<\/div>\n\n\t\r\n\r\n<\/div>\r\n\r\n\t\t<\/div>\n\n\t\t\n<style>\n#section_1307467751 {\n  padding-top: 30px;\n  padding-bottom: 30px;\n}\n<\/style>\n\t<\/section>\n\t","protected":false},"excerpt":{"rendered":"","protected":false},"author":1,"featured_media":0,"parent":0,"menu_order":0,"comment_status":"closed","ping_status":"closed","template":"page-blank.php","meta":{"footnotes":""},"class_list":["post-1804","page","type-page","status-publish","hentry"],"_links":{"self":[{"href":"https:\/\/wpdepo.com\/tr\/wp-json\/wp\/v2\/pages\/1804","targetHints":{"allow":["GET"]}}],"collection":[{"href":"https:\/\/wpdepo.com\/tr\/wp-json\/wp\/v2\/pages"}],"about":[{"href":"https:\/\/wpdepo.com\/tr\/wp-json\/wp\/v2\/types\/page"}],"author":[{"embeddable":true,"href":"https:\/\/wpdepo.com\/tr\/wp-json\/wp\/v2\/users\/1"}],"replies":[{"embeddable":true,"href":"https:\/\/wpdepo.com\/tr\/wp-json\/wp\/v2\/comments?post=1804"}],"version-history":[{"count":0,"href":"https:\/\/wpdepo.com\/tr\/wp-json\/wp\/v2\/pages\/1804\/revisions"}],"wp:attachment":[{"href":"https:\/\/wpdepo.com\/tr\/wp-json\/wp\/v2\/media?parent=1804"}],"curies":[{"name":"wp","href":"https:\/\/api.w.org\/{rel}","templated":true}]}}