{"id":17117,"date":"2018-11-18T21:56:38","date_gmt":"2018-11-18T18:56:38","guid":{"rendered":"https:\/\/wpdepo.com\/?page_id=17117"},"modified":"2018-11-18T21:56:38","modified_gmt":"2018-11-18T18:56:38","slug":"gravity-flow-eklentileri","status":"publish","type":"page","link":"https:\/\/wpdepo.com\/tr\/gravity-flow-eklentileri\/","title":{"rendered":"Gravity Flow Eklentileri"},"content":{"rendered":"\n\t<section class=\"section\" id=\"section_1224678553\">\n\t\t<div class=\"section-bg fill\" >\n\t\t\t\t\t\t\t\t\t\n\t\t\t\n\n\t\t<\/div>\n\n\t\t\n\n\t\t<div class=\"section-content relative\">\n\t\t\t\r\n\r\n<div class=\"row\"  id=\"row-1686038308\">\r\n\r\n\n\t<div id=\"col-1726925907\" class=\"col small-12 large-12\"  >\n\t\t\t\t<div class=\"col-inner text-left\"  >\n\t\t\t\n\t\t\t\r\n\r\n<h2 style=\"text-align: center;\">Gravity Flow<\/h2>\r\n<p>Gravity Flow, basit s\u00fcr\u00fckle ve b\u0131rak yap\u0131s\u0131n\u0131 kullanarak kullan\u0131c\u0131lar\u0131n karma\u015f\u0131k i\u015f ak\u0131\u015f\u0131 s\u00fcre\u00e7lerini h\u0131zl\u0131 ve kolay bir \u015fekilde uygulamas\u0131na olanak sa\u011flayan Gravity Forms eklentisine dayal\u0131 WordPress i\u00e7in form tabanl\u0131 bir i\u015f ak\u0131\u015f\u0131 platformudur. Gravity Flow temel eklentisi ile i\u015f ak\u0131\u015flar\u0131n\u0131z i\u00e7in geli\u015fmi\u015f \u00f6zellikler sunan <a href=\"https:\/\/gravityflow.io\/extensions\/\" rel=\"noopener\" target=\"_blank\">geli\u015ftirme paketlerini<\/a> bu sayfam\u0131zdan indirebilirsiniz.<\/p>\r\n<p>Gravity Flow eklentisi hakk\u0131nda daha fazla bilgiye geli\u015ftiricinin <a href=\"https:\/\/gravityflow.io\/\" rel=\"noopener\" target=\"_blank\">internet sitesinden<\/a> ula\u015fabilirsiniz.<\/p>\r\n\r\n\t\t<\/div>\n\t\t\t\t\t<\/div>\n\n\t\r\n\r\n<\/div>\r\n\r\n\t\t<\/div>\n\n\t\t\n<style>\n#section_1224678553 {\n  padding-top: 0px;\n  padding-bottom: 0px;\n  background-color: rgb(245, 245, 245);\n}\n<\/style>\n\t<\/section>\n\t\r\n\n\t<section class=\"section\" id=\"section_1198127703\">\n\t\t<div class=\"section-bg fill\" >\n\t\t\t\t\t\t\t\t\t\n\t\t\t\n\n\t\t<\/div>\n\n\t\t\n\n\t\t<div class=\"section-content relative\">\n\t\t\t\r\n\r\n<div class=\"row\"  id=\"row-667418276\">\r\n\r\n\n\t<div id=\"col-994052017\" class=\"col small-12 large-12\"  >\n\t\t\t\t<div class=\"col-inner text-left\"  >\n\t\t\t\n\t\t\t\r\n\r\n\n<table id=\"tablepress-81\" class=\"tablepress tablepress-id-81\">\n<thead>\n<tr class=\"row-1 odd\">\n\t<th class=\"column-1\">Eklenti Ad\u0131<\/th><th class=\"column-2\">Versiyon<\/th><th class=\"column-3\">\u0130ndir<\/th><th class=\"column-4\">G\u00fcncelleme<\/th><th class=\"column-5\">Bilgi<\/th>\n<\/tr>\n<\/thead>\n<tbody class=\"row-hover\">\n<tr class=\"row-2 even\">\n\t<td class=\"column-1\">Gravity Flow WordPress Plugin<\/td><td class=\"column-2\">3.0.0<\/td><td class=\"column-3\"><a class=\"download-link\" title=\"\u0130ndir &ldquo;Gravity Flow WordPress Plugin&rdquo;&nbsp;Versiyon 3.0.0\" href=\"https:\/\/wpdepo.com\/tr\/\/download\/2384\/\" rel=\"nofollow\">\n\t\u0130ndir<\/a><\/td><td class=\"column-4\">15 Kas\u0131m 2025<\/td><td class=\"column-5\"><a href=\"https:\/\/gravityflow.io\/\" target=\"_blank\" rel=\"noopener\">Eklenti Sayfas\u0131<\/a><\/td>\n<\/tr>\n<tr class=\"row-3 odd\">\n\t<td class=\"column-1\">Gravity Flow - Checklists Extension<\/td><td class=\"column-2\">1.8.0<\/td><td class=\"column-3\"><a class=\"download-link\" title=\"\u0130ndir &ldquo;Gravity Flow - Checklists Extension&rdquo;&nbsp;Versiyon 1.8.0\" href=\"https:\/\/wpdepo.com\/tr\/\/download\/17099\/\" rel=\"nofollow\">\n\t\u0130ndir<\/a><\/td><td class=\"column-4\">15 Kas\u0131m 2025<\/td><td class=\"column-5\"><a href=\"https:\/\/gravityflow.io\/downloads\/checklists\/\" target=\"_blank\" rel=\"noopener\">Eklenti Sayfas\u0131<\/a><\/td>\n<\/tr>\n<tr class=\"row-4 even\">\n\t<td class=\"column-1\">Gravity Flow - Flowchart Extension<\/td><td class=\"column-2\">1.8.0<\/td><td class=\"column-3\"><a class=\"download-link\" title=\"\u0130ndir &ldquo;Gravity Flow - Flowchart Extension&rdquo;&nbsp;Versiyon 1.8.0\" href=\"https:\/\/wpdepo.com\/tr\/\/download\/17101\/\" rel=\"nofollow\">\n\t\u0130ndir<\/a><\/td><td class=\"column-4\">26 Mart 2025<\/td><td class=\"column-5\"><a href=\"https:\/\/gravityflow.io\/downloads\/flowchart\/\" target=\"_blank\" rel=\"noopener\">Eklenti Sayfas\u0131<\/a><\/td>\n<\/tr>\n<tr class=\"row-5 odd\">\n\t<td class=\"column-1\">Gravity Flow - Folders Extension<\/td><td class=\"column-2\">1.9.0<\/td><td class=\"column-3\"><a class=\"download-link\" title=\"\u0130ndir &ldquo;Gravity Flow - Folders Extension&rdquo;&nbsp;Versiyon 1.9.0\" href=\"https:\/\/wpdepo.com\/tr\/\/download\/20995\/\" rel=\"nofollow\">\n\t\u0130ndir<\/a><\/td><td class=\"column-4\">26 Mart 2025<\/td><td class=\"column-5\"><a href=\"https:\/\/gravityflow.io\/downloads\/folders\/\" target=\"_blank\" rel=\"noopener\">Eklenti Sayfas\u0131<\/a><\/td>\n<\/tr>\n<tr class=\"row-6 even\">\n\t<td class=\"column-1\">Gravity Flow - Form Connector Extension<\/td><td class=\"column-2\">2.8.0<\/td><td class=\"column-3\"><a class=\"download-link\" title=\"\u0130ndir &ldquo;Gravity Flow - Form Connector Extension&rdquo;&nbsp;Versiyon 2.8.0\" href=\"https:\/\/wpdepo.com\/tr\/\/download\/17103\/\" rel=\"nofollow\">\n\t\u0130ndir<\/a><\/td><td class=\"column-4\">23 Haziran 2025<\/td><td class=\"column-5\"><a href=\"https:\/\/gravityflow.io\/downloads\/form-connector\/\" target=\"_blank\" rel=\"noopener\">Eklenti Sayfas\u0131<\/a><\/td>\n<\/tr>\n<tr class=\"row-7 odd\">\n\t<td class=\"column-1\">Gravity Flow - Incoming Webhook Extension<\/td><td class=\"column-2\">1.7.0<\/td><td class=\"column-3\"><a class=\"download-link\" title=\"\u0130ndir &ldquo;Gravity Flow - Incoming Webhook Extension&rdquo;&nbsp;Versiyon 1.7.0\" href=\"https:\/\/wpdepo.com\/tr\/\/download\/17105\/\" rel=\"nofollow\">\n\t\u0130ndir<\/a><\/td><td class=\"column-4\">6 Aral\u0131k 2024<\/td><td class=\"column-5\"><a href=\"https:\/\/gravityflow.io\/downloads\/incoming-webhook\/\" target=\"_blank\" rel=\"noopener\">Eklenti Sayfas\u0131<\/a><\/td>\n<\/tr>\n<tr class=\"row-8 even\">\n\t<td class=\"column-1\">Gravity Flow - Parent-Child Forms Extension<\/td><td class=\"column-2\">1.6.0<\/td><td class=\"column-3\"><a class=\"download-link\" title=\"\u0130ndir &ldquo;Gravity Flow - Parent-Child Forms Extension&rdquo;&nbsp;Versiyon 1.6.0\" href=\"https:\/\/wpdepo.com\/tr\/\/download\/20997\/\" rel=\"nofollow\">\n\t\u0130ndir<\/a><\/td><td class=\"column-4\">26 Mart 2025<\/td><td class=\"column-5\"><a href=\"https:\/\/gravityflow.io\/downloads\/parent-child-forms\/\" target=\"_blank\" rel=\"noopener\">Eklenti Sayfas\u0131<\/a><\/td>\n<\/tr>\n<tr class=\"row-9 odd\">\n\t<td class=\"column-1\">Gravity Flow - PayPal Extension<\/td><td class=\"column-2\">1.2<\/td><td class=\"column-3\"><a class=\"download-link\" title=\"\u0130ndir &ldquo;Gravity Flow - PayPal Extension&rdquo;&nbsp;Versiyon 1.2\" href=\"https:\/\/wpdepo.com\/tr\/\/download\/17107\/\" rel=\"nofollow\">\n\t\u0130ndir<\/a><\/td><td class=\"column-4\">3 Mart 2019<\/td><td class=\"column-5\"><a href=\"https:\/\/gravityflow.io\/downloads\/paypal\/\" target=\"_blank\" rel=\"noopener\">Eklenti Sayfas\u0131<\/a><\/td>\n<\/tr>\n<tr class=\"row-10 even\">\n\t<td class=\"column-1\">Gravity Flow - PDF Generator Extension<\/td><td class=\"column-2\">2.0.0<\/td><td class=\"column-3\"><a class=\"download-link\" title=\"\u0130ndir &ldquo;Gravity Flow - PDF Generator Extension&rdquo;&nbsp;Versiyon 2.0.0\" href=\"https:\/\/wpdepo.com\/tr\/\/download\/17109\/\" rel=\"nofollow\">\n\t\u0130ndir<\/a><\/td><td class=\"column-4\">25 Ekim 2025<\/td><td class=\"column-5\"><a href=\"https:\/\/gravityflow.io\/downloads\/pdf-generator\/\" target=\"_blank\" rel=\"noopener\">Eklenti Sayfas\u0131<\/a><\/td>\n<\/tr>\n<tr class=\"row-11 odd\">\n\t<td class=\"column-1\">Gravity Flow - Stripe Extension<\/td><td class=\"column-2\">2.1.0<\/td><td class=\"column-3\"><a class=\"download-link\" title=\"\u0130ndir &ldquo;Gravity Flow - Stripe Extension&rdquo;&nbsp;Versiyon 2.1.0\" href=\"https:\/\/wpdepo.com\/tr\/\/download\/17111\/\" rel=\"nofollow\">\n\t\u0130ndir<\/a><\/td><td class=\"column-4\">15 Kas\u0131m 2025<\/td><td class=\"column-5\"><a href=\"https:\/\/gravityflow.io\/downloads\/stripe\/\" target=\"_blank\" rel=\"noopener\">Eklenti Sayfas\u0131<\/a><\/td>\n<\/tr>\n<tr class=\"row-12 even\">\n\t<td class=\"column-1\">Gravity Flow - Vacation Requests Extension<\/td><td class=\"column-2\">1.4.0<\/td><td class=\"column-3\"><a class=\"download-link\" title=\"\u0130ndir &ldquo;Gravity Flow - Vacation Requests Extension&rdquo;&nbsp;Versiyon 1.4.0\" href=\"https:\/\/wpdepo.com\/tr\/\/download\/17113\/\" rel=\"nofollow\">\n\t\u0130ndir<\/a><\/td><td class=\"column-4\">5 \u015eubat 2024<\/td><td class=\"column-5\"><a href=\"https:\/\/gravityflow.io\/downloads\/vacation-requests\/\" target=\"_blank\" rel=\"noopener\">Eklenti Sayfas\u0131<\/a><\/td>\n<\/tr>\n<tr class=\"row-13 odd\">\n\t<td class=\"column-1\">Gravity Flow - WooCommerce Extension<\/td><td class=\"column-2\">1.7.0<\/td><td class=\"column-3\"><a class=\"download-link\" title=\"\u0130ndir &ldquo;Gravity Flow - WooCommerce Extension&rdquo;&nbsp;Versiyon 1.7.0\" href=\"https:\/\/wpdepo.com\/tr\/\/download\/30083\/\" rel=\"nofollow\">\n\t\u0130ndir<\/a><\/td><td class=\"column-4\">27 Mart 2024<\/td><td class=\"column-5\"><a href=\"https:\/\/gravityflow.io\/downloads\/woocommerce\/\" target=\"_blank\" rel=\"noopener\">Eklenti Sayfas\u0131<\/a><\/td>\n<\/tr>\n<\/tbody>\n<\/table>\n\r\n\r\n\t\t<\/div>\n\t\t\t\t\t<\/div>\n\n\t\r\n\r\n<\/div>\r\n\r\n\t\t<\/div>\n\n\t\t\n<style>\n#section_1198127703 {\n  padding-top: 30px;\n  padding-bottom: 30px;\n}\n<\/style>\n\t<\/section>\n\t","protected":false},"excerpt":{"rendered":"","protected":false},"author":1,"featured_media":0,"parent":0,"menu_order":0,"comment_status":"closed","ping_status":"closed","template":"page-blank.php","meta":{"footnotes":""},"class_list":["post-17117","page","type-page","status-publish","hentry"],"_links":{"self":[{"href":"https:\/\/wpdepo.com\/tr\/wp-json\/wp\/v2\/pages\/17117","targetHints":{"allow":["GET"]}}],"collection":[{"href":"https:\/\/wpdepo.com\/tr\/wp-json\/wp\/v2\/pages"}],"about":[{"href":"https:\/\/wpdepo.com\/tr\/wp-json\/wp\/v2\/types\/page"}],"author":[{"embeddable":true,"href":"https:\/\/wpdepo.com\/tr\/wp-json\/wp\/v2\/users\/1"}],"replies":[{"embeddable":true,"href":"https:\/\/wpdepo.com\/tr\/wp-json\/wp\/v2\/comments?post=17117"}],"version-history":[{"count":0,"href":"https:\/\/wpdepo.com\/tr\/wp-json\/wp\/v2\/pages\/17117\/revisions"}],"wp:attachment":[{"href":"https:\/\/wpdepo.com\/tr\/wp-json\/wp\/v2\/media?parent=17117"}],"curies":[{"name":"wp","href":"https:\/\/api.w.org\/{rel}","templated":true}]}}