{"id":17,"date":"2017-04-21T23:31:41","date_gmt":"2017-04-21T20:31:41","guid":{"rendered":"https:\/\/wpdepo.com\/?page_id=17"},"modified":"2020-11-12T00:00:01","modified_gmt":"2020-11-12T00:00:01","slug":"hakkimizda","status":"publish","type":"page","link":"https:\/\/wpdepo.com\/tr\/hakkimizda\/","title":{"rendered":"Hakk\u0131m\u0131zda"},"content":{"rendered":"\n\t<section class=\"section dark\" id=\"section_1563409202\">\n\t\t<div class=\"section-bg fill\" >\n\t\t\t\t\t\t\t\t\t\n\t\t\t\n\n\t\t<\/div>\n\n\t\t\n\n\t\t<div class=\"section-content relative\">\n\t\t\t\r\n\r\n<div class=\"row row-large align-middle\"  id=\"row-1920634818\">\r\n\r\n\n\t<div id=\"col-578772212\" class=\"col medium-6 small-12 large-6\"  >\n\t\t\t\t<div class=\"col-inner text-left\"  >\n\t\t\t\n\t\t\t\r\n\r\n<h4 style=\"text-align: center;\"><strong>MERHABA! \u00d6NCEL\u0130KLE KEND\u0130M\u0130Z\u0130 TANITALIM<\/strong><\/h4>\r\n<h1 style=\"text-align: center;\">WordPress kullan\u0131c\u0131lar\u0131n\u0131 ve e-ticaret giri\u015fimcilerini g\u00fc\u00e7lendiriyoruz<\/h1>\r\n\r\n\t\t<\/div>\n\t\t\t\t\t<\/div>\n\n\t\r\n\n\t<div id=\"col-1929059246\" class=\"col medium-6 small-12 large-6\"  >\n\t\t\t\t<div class=\"col-inner\"  >\n\t\t\t\n\t\t\t\r\n\r\n\t<div class=\"img has-hover x md-x lg-x y md-y lg-y\" id=\"image_1412302318\">\n\t\t\t\t\t\t\t\t<div class=\"img-inner dark\" >\n\t\t\t<img loading=\"lazy\" decoding=\"async\" width=\"516\" height=\"436\" src=\"https:\/\/wpdepo.com\/wp-content\/uploads\/2017\/04\/hakkimizda.png\" class=\"attachment-large size-large\" alt=\"\" srcset=\"https:\/\/wpdepo.com\/wp-content\/uploads\/2017\/04\/hakkimizda.png 516w, https:\/\/wpdepo.com\/wp-content\/uploads\/2017\/04\/hakkimizda-510x431.png 510w, https:\/\/wpdepo.com\/wp-content\/uploads\/2017\/04\/hakkimizda-300x253.png 300w\" sizes=\"auto, (max-width: 516px) 100vw, 516px\" \/>\t\t\t\t\t\t\n\t\t\t\t\t<\/div>\n\t\t\t\t\t\t\t\t\n<style>\n#image_1412302318 {\n  width: 100%;\n}\n<\/style>\n\t<\/div>\n\t\r\n\r\n\r\n\t\t<\/div>\n\t\t\t\t\t<\/div>\n\n\t\r\n\r\n<\/div>\r\n\r\n\t\t<\/div>\n\n\t\t\n<style>\n#section_1563409202 {\n  padding-top: 30px;\n  padding-bottom: 30px;\n  background-color: rgb(26, 188, 156);\n}\n<\/style>\n\t<\/section>\n\t\r\n\n\t<section class=\"section\" id=\"section_849376360\">\n\t\t<div class=\"section-bg fill\" >\n\t\t\t\t\t\t\t\t\t\n\t\t\t\n\n\t\t<\/div>\n\n\t\t\n\n\t\t<div class=\"section-content relative\">\n\t\t\t\r\n\r\n<div class=\"row align-center\"  id=\"row-1168771404\">\r\n\r\n\n\t<div id=\"col-1256211784\" class=\"col medium-10 small-12 large-10\"  >\n\t\t\t\t<div class=\"col-inner text-center\"  >\n\t\t\t\n\t\t\t\r\n\r\n<p style=\"text-align: center;\"><strong><span style=\"color: #20c0c0;\">M\u0130SYONUMUZ<br \/>\r\n<\/span><\/strong><\/p>\r\n<h2 style=\"text-align: center;\">WordPress pahal\u0131 olmamal\u0131<\/h2>\r\n\r\n\t\t<\/div>\n\t\t\t\t\t<\/div>\n\n\t\r\n\r\n<\/div>\r\n<div class=\"row align-center\"  id=\"row-1410446358\">\r\n\r\n\n\t<div id=\"col-1879782677\" class=\"col medium-10 small-12 large-10\"  >\n\t\t\t\t<div class=\"col-inner\"  >\n\t\t\t\n\t\t\t\r\n\r\n<h4>Arka plan<\/h4>\r\n<p>\u00c7o\u011fu ki\u015fi \u2018<a href=\"https:\/\/en.wikipedia.org\/wiki\/Free_and_open-source_software\" target=\"_blank\" rel=\"noopener noreferrer\">a\u00e7\u0131k kaynak<\/a>\u2019 terimine a\u015finad\u0131r. A\u00e7\u0131k kaynak, \u00fccretsiz kullan\u0131m\u0131 olan bir yaz\u0131l\u0131m veya kod demektir. A\u00e7\u0131k kaynak yaz\u0131l\u0131m\u0131 istedi\u011finiz gibi kullanmak, kopyalamak, de\u011fi\u015ftirmek, iyile\u015ftirmek veya yeniden da\u011f\u0131tmakta \u00f6zg\u00fcrs\u00fcn\u00fczd\u00fcr.<\/p>\r\n<p>WordPress a\u00e7\u0131k kaynak kodlu bir yaz\u0131l\u0131md\u0131r ve WordPress internet sitesinin <a href=\"https:\/\/wordpress.org\/about\/license\/\" target=\"_blank\" rel=\"noopener noreferrer\">lisans sayfas\u0131nda<\/a> belirtildi\u011fi \u00fczere GPL (Genel Kamu Lisans\u0131) \u00fczerine kurulmu\u015ftur.<\/p>\r\n<p>Dikkat etmeniz gereken en \u00f6nemli nokta, WordPress \u00fczerine kurulmu\u015f herhangi bir yaz\u0131l\u0131m\u0131n da orijinal GPL lisans\u0131n\u0131 ta\u015f\u0131mas\u0131d\u0131r.<\/p>\r\n<p><span style=\"color: #7f8c8d;\">\u2026 eklentilerin ve temalar\u0131n t\u00fcrev \u00e7al\u0131\u015fmalar oldu\u011funu ve dolay\u0131s\u0131yla GPL lisans\u0131n\u0131 devrald\u0131klar\u0131n\u0131 kuvvetle d\u00fc\u015f\u00fcn\u00fcyoruz.<\/span><\/p>\r\n<p><span style=\"color: #7f8c8d;\">\u2014 wordpress.org<\/span><\/p>\r\n<hr \/>\r\n<h4 style=\"text-align: left;\">Bu sizin i\u00e7in ne anlama geliyor<\/h4>\r\n<p>Bu, geli\u015ftiricilerin geli\u015ftirdikleri kodun sat\u0131n al\u0131nmas\u0131n\u0131 talep edemeyece\u011fi anlam\u0131na gelmez. Bunun anlam\u0131, bu kodu sat\u0131n ald\u0131ktan sonra,\u00a0onunla istedi\u011fimizi yapmakta \u00f6zg\u00fcr oldu\u011fumuzdur.<\/p>\r\n<p><span style=\"color: #999999;\">\u2026\u00a0b\u00f6yle bir program\u0131n kopyalar\u0131n\u0131 \u00fccretsiz veya bir \u00fccret kar\u015f\u0131l\u0131\u011f\u0131nda da\u011f\u0131t\u0131rsan\u0131z, al\u0131c\u0131lara sahip oldu\u011funuz t\u00fcm haklar\u0131 vermelisiniz. Kaynak kodunu da ald\u0131klar\u0131ndan veya alabileceklerinden emin olmal\u0131s\u0131n\u0131z. Ayr\u0131ca haklar\u0131n\u0131 bilmeleri a\u00e7\u0131s\u0131ndan onlara bu \u015fartlar\u0131 g\u00f6stermelisiniz.<\/span><\/p>\r\n<p><span style=\"color: #7f8c8d;\">\u2014 GPLv3 lisans\u0131<\/span><\/p>\r\n<p>Yani, eklentileri ve temalar\u0131 bu siteden indirmek tamamen yasald\u0131r. \u0130stedi\u011finiz kadar indirin ve onlar\u0131 istedi\u011finiz kadar projede kullan\u0131n.<\/p>\r\n<hr \/>\r\n<h4 style=\"text-align: left;\">L\u00fctfen dikkate al\u0131n &#8211; k\u0131sa bir\u00a0feragatname<\/h4>\r\n<p>Bizim ile geli\u015ftirici aras\u0131ndaki temel fark, herhangi bir destek sunmamam\u0131zd\u0131r. Bu sayede eklenti ve temalar\u0131 orijinal fiyat\u0131ndan daha uyguna yeniden da\u011f\u0131tabiliyoruz.<\/p>\r\n<p>Dolay\u0131s\u0131yla, bir \u00fcr\u00fcn i\u00e7in devam eden teknik deste\u011fe ihtiyac\u0131n\u0131z olaca\u011f\u0131n\u0131 d\u00fc\u015f\u00fcn\u00fcyorsan\u0131z, direkt geli\u015ftiriciden sat\u0131n almay\u0131 d\u00fc\u015f\u00fcnebilirsiniz. \u00dcr\u00fcn sayfalar\u0131nda her geli\u015ftiricinin internet adresi belirtilmektedir.<\/p>\r\n<p>Yaz\u0131l\u0131m\u0131n destek ko\u015fullar\u0131 bazen de\u011fi\u015febilir, bu nedenle \u00fcr\u00fcn\u00fc do\u011frudan geli\u015ftiricisinden\u00a0sat\u0131n ald\u0131\u011f\u0131n\u0131zda ne i\u00e7in \u00f6deme yapt\u0131\u011f\u0131n\u0131z\u0131 kontrol etti\u011finizden emin olunuz.<\/p>\r\n<p>\u015eunu tamamen\u00a0netle\u015ftirdi\u011fimizi d\u00fc\u015f\u00fcn\u00fcyoruz: WP Depo&#8217;daki \u00fcr\u00fcnler orijinal \u00fcr\u00fcnler iken, biz as\u0131l geli\u015ftiricileri\u00a0de\u011filiz. Yaz\u0131l\u0131m\u0131 yaln\u0131zca GPL lisans\u0131 alt\u0131nda yeniden da\u011f\u0131t\u0131yoruz ki b\u00f6yle bir hakk\u0131m\u0131z da mevcut. Fakat \u015f\u00fcphe veya kar\u0131\u015f\u0131kl\u0131\u011fa sebebiyet vermemek i\u00e7in:<\/p>\r\n<p>Bu sitede sunulan \u00fcr\u00fcnlerle ilgili herhangi bir \u015firket ile bir ba\u011f\u0131m\u0131z ve ili\u015fkimiz olmad\u0131\u011f\u0131 gibi bu \u015firketlerden ald\u0131\u011f\u0131m\u0131z bir onay ve destek de bulunmamaktad\u0131r. Sitemizde ge\u00e7en \u015firket isimleri, m\u00fc\u015fterilerimizin \u00fcr\u00fcn\u00fcn orijinal kayna\u011f\u0131n\u0131 eksiksiz bilmeleri i\u00e7indir. M\u00fc\u015fterilerimiz bir \u00fcr\u00fcn\u00fc bizden veya geli\u015ftiriciden sat\u0131n alma tercihine sahiptir.<\/p>\r\n<p>WP Depo ve GPL lisans\u0131 hakk\u0131nda daha fazla bilgi i\u00e7in <a href=\"\/tr\/sss\">SSS sayfam\u0131z\u0131<\/a> ziyaret edebilirsiniz. Herhangi bir sorunuz varsa l\u00fctfen bizimle<a href=\"\/tr\/iletisim\"> ileti\u015fime ge\u00e7iniz<\/a>.<\/p>\r\n\r\n\t\t<\/div>\n\t\t\t\t\t<\/div>\n\n\t\r\n\r\n<\/div>\r\n\r\n\t\t<\/div>\n\n\t\t\n<style>\n#section_849376360 {\n  padding-top: 60px;\n  padding-bottom: 60px;\n  min-height: 300px;\n}\n<\/style>\n\t<\/section>\n\t","protected":false},"excerpt":{"rendered":"","protected":false},"author":1,"featured_media":0,"parent":0,"menu_order":0,"comment_status":"closed","ping_status":"closed","template":"page-blank.php","meta":{"footnotes":""},"class_list":["post-17","page","type-page","status-publish","hentry"],"_links":{"self":[{"href":"https:\/\/wpdepo.com\/tr\/wp-json\/wp\/v2\/pages\/17","targetHints":{"allow":["GET"]}}],"collection":[{"href":"https:\/\/wpdepo.com\/tr\/wp-json\/wp\/v2\/pages"}],"about":[{"href":"https:\/\/wpdepo.com\/tr\/wp-json\/wp\/v2\/types\/page"}],"author":[{"embeddable":true,"href":"https:\/\/wpdepo.com\/tr\/wp-json\/wp\/v2\/users\/1"}],"replies":[{"embeddable":true,"href":"https:\/\/wpdepo.com\/tr\/wp-json\/wp\/v2\/comments?post=17"}],"version-history":[{"count":0,"href":"https:\/\/wpdepo.com\/tr\/wp-json\/wp\/v2\/pages\/17\/revisions"}],"wp:attachment":[{"href":"https:\/\/wpdepo.com\/tr\/wp-json\/wp\/v2\/media?parent=17"}],"curies":[{"name":"wp","href":"https:\/\/api.w.org\/{rel}","templated":true}]}}