{"id":16755,"date":"2018-11-05T19:29:55","date_gmt":"2018-11-05T16:29:55","guid":{"rendered":"https:\/\/wpdepo.com\/?page_id=16755"},"modified":"2018-11-05T19:29:55","modified_gmt":"2018-11-05T16:29:55","slug":"gravityview-eklentileri","status":"publish","type":"page","link":"https:\/\/wpdepo.com\/tr\/gravityview-eklentileri\/","title":{"rendered":"GravityView Eklentileri"},"content":{"rendered":"\n\t<section class=\"section\" id=\"section_1068002461\">\n\t\t<div class=\"section-bg fill\" >\n\t\t\t\t\t\t\t\t\t\n\t\t\t\n\n\t\t<\/div>\n\n\t\t\n\n\t\t<div class=\"section-content relative\">\n\t\t\t\r\n\r\n<div class=\"row\"  id=\"row-443845283\">\r\n\r\n\n\t<div id=\"col-714116795\" class=\"col small-12 large-12\"  >\n\t\t\t\t<div class=\"col-inner text-left\"  >\n\t\t\t\n\t\t\t\r\n\r\n<h2 style=\"text-align: center;\">GravityView<\/h2>\r\n<p>GravityView, Gravity Forms eklentisi \u00fczerinden girilmi\u015f verileri web sitenizde g\u00f6r\u00fcnt\u00fclemenin en basit ve g\u00fc\u00e7l\u00fc yollar\u0131ndan birini sunmaktad\u0131r. Gravity Forms eklentisi ile toplad\u0131\u011f\u0131n\u0131z verileri GravityView eklentisi ile g\u00f6r\u00fcnt\u00fcleyebilirsiniz.<\/p>\r\n<p>Bu sayfadan temel GravityView eklentisini indirilebilir, uzant\u0131larla eklentinizin yeteneklerini geni\u015fletebilirsiniz.<\/p>\r\n\r\n\t\t<\/div>\n\t\t\t\t\t<\/div>\n\n\t\r\n\r\n<\/div>\r\n\r\n\t\t<\/div>\n\n\t\t\n<style>\n#section_1068002461 {\n  padding-top: 0px;\n  padding-bottom: 0px;\n  background-color: rgb(245, 245, 245);\n}\n<\/style>\n\t<\/section>\n\t\r\n\n\t<section class=\"section\" id=\"section_255925952\">\n\t\t<div class=\"section-bg fill\" >\n\t\t\t\t\t\t\t\t\t\n\t\t\t\n\n\t\t<\/div>\n\n\t\t\n\n\t\t<div class=\"section-content relative\">\n\t\t\t\r\n\r\n<div class=\"row\"  id=\"row-1775880455\">\r\n\r\n\n\t<div id=\"col-1725655306\" class=\"col small-12 large-12\"  >\n\t\t\t\t<div class=\"col-inner text-left\"  >\n\t\t\t\n\t\t\t\r\n\r\n\n<table id=\"tablepress-80\" class=\"tablepress tablepress-id-80\">\n<thead>\n<tr class=\"row-1 odd\">\n\t<th class=\"column-1\">Eklenti Ad\u0131<\/th><th class=\"column-2\">Versiyon<\/th><th class=\"column-3\">\u0130ndir<\/th><th class=\"column-4\">G\u00fcncelleme<\/th><th class=\"column-5\">Bilgi<\/th>\n<\/tr>\n<\/thead>\n<tbody class=\"row-hover\">\n<tr class=\"row-2 even\">\n\t<td class=\"column-1\">GravityView WordPress Plugin<\/td><td class=\"column-2\">2.56.1<\/td><td class=\"column-3\"><a class=\"download-link\" title=\"\u0130ndir &ldquo;GravityView WordPress Plugin&rdquo;&nbsp;Versiyon 2.56.1\" href=\"https:\/\/wpdepo.com\/tr\/\/download\/2488\/\" rel=\"nofollow\">\n\t\u0130ndir<\/a><\/td><td class=\"column-4\">3 Nisan 2026<\/td><td class=\"column-5\"><a href=\"https:\/\/gravityview.co\/\" target=\"_blank\" rel=\"noopener noreferrer\">Eklenti Sayfas\u0131<\/a><\/td>\n<\/tr>\n<tr class=\"row-3 odd\">\n\t<td class=\"column-1\">GravityView - A-Z Filters Extension<\/td><td class=\"column-2\">1.4.2<\/td><td class=\"column-3\"><a class=\"download-link\" title=\"\u0130ndir &ldquo;GravityView - A-Z Filters Extension&rdquo;&nbsp;Versiyon 1.4.2\" href=\"https:\/\/wpdepo.com\/tr\/\/download\/16661\/\" rel=\"nofollow\">\n\t\u0130ndir<\/a><\/td><td class=\"column-4\">3 \u015eubat 2025<\/td><td class=\"column-5\"><a href=\"https:\/\/gravityview.co\/extensions\/a-z-filters\/\" target=\"_blank\" rel=\"noopener noreferrer\">Eklenti Sayfas\u0131<\/a><\/td>\n<\/tr>\n<tr class=\"row-4 even\">\n\t<td class=\"column-1\">GravityView - Advanced Filter Extension<\/td><td class=\"column-2\">4.5.0<\/td><td class=\"column-3\"><a class=\"download-link\" title=\"\u0130ndir &ldquo;GravityView - Advanced Filter Extension&rdquo;&nbsp;Versiyon 4.5.0\" href=\"https:\/\/wpdepo.com\/tr\/\/download\/16663\/\" rel=\"nofollow\">\n\t\u0130ndir<\/a><\/td><td class=\"column-4\">31 Mart 2026<\/td><td class=\"column-5\"><a href=\"https:\/\/gravityview.co\/extensions\/advanced-filter\/\" target=\"_blank\" rel=\"noopener noreferrer\">Eklenti Sayfas\u0131<\/a><\/td>\n<\/tr>\n<tr class=\"row-5 odd\">\n\t<td class=\"column-1\">GravityView - Dashboard Views<\/td><td class=\"column-2\">2.0.1<\/td><td class=\"column-3\"><a class=\"download-link\" title=\"\u0130ndir &ldquo;GravityView - Dashboard Views&rdquo;&nbsp;Versiyon 2.0.1\" href=\"https:\/\/wpdepo.com\/tr\/\/download\/98635\/\" rel=\"nofollow\">\n\t\u0130ndir<\/a><\/td><td class=\"column-4\">17 Kas\u0131m 2025<\/td><td class=\"column-5\"><a href=\"https:\/\/www.gravitykit.com\/products\/dashboard-views\/\" target=\"_blank\" rel=\"noopener noreferrer\">Eklenti Sayfas\u0131<\/a><\/td>\n<\/tr>\n<tr class=\"row-6 even\">\n\t<td class=\"column-1\">GravityView - DataTables Extension<\/td><td class=\"column-2\">3.7.4<\/td><td class=\"column-3\"><a class=\"download-link\" title=\"\u0130ndir &ldquo;GravityView - DataTables Extension&rdquo;&nbsp;Versiyon 3.7.4\" href=\"https:\/\/wpdepo.com\/tr\/\/download\/16665\/\" rel=\"nofollow\">\n\t\u0130ndir<\/a><\/td><td class=\"column-4\">31 Mart 2026<\/td><td class=\"column-5\"><a href=\"https:\/\/gravityview.co\/extensions\/datatables\/\" target=\"_blank\" rel=\"noopener noreferrer\">Eklenti Sayfas\u0131<\/a><\/td>\n<\/tr>\n<tr class=\"row-7 odd\">\n\t<td class=\"column-1\">GravityView - DIY Layout Plugin<\/td><td class=\"column-2\">2.5.2<\/td><td class=\"column-3\"><a class=\"download-link\" title=\"\u0130ndir &ldquo;GravityView - DIY Layout Plugin&rdquo;&nbsp;Versiyon 2.5.2\" href=\"https:\/\/wpdepo.com\/tr\/\/download\/29968\/\" rel=\"nofollow\">\n\t\u0130ndir<\/a><\/td><td class=\"column-4\">6 Temmuz 2025<\/td><td class=\"column-5\"><a href=\"https:\/\/gravityview.co\/extensions\/diy-layout\/\" target=\"_blank\" rel=\"noopener noreferrer\">Eklenti Sayfas\u0131<\/a><\/td>\n<\/tr>\n<tr class=\"row-8 even\">\n\t<td class=\"column-1\">GravityView - Entry Revisions Plugin<\/td><td class=\"column-2\">1.7.1<\/td><td class=\"column-3\"><a class=\"download-link\" title=\"\u0130ndir &ldquo;GravityView - Entry Revisions Plugin&rdquo;&nbsp;Versiyon 1.7.1\" href=\"https:\/\/wpdepo.com\/tr\/\/download\/29970\/\" rel=\"nofollow\">\n\t\u0130ndir<\/a><\/td><td class=\"column-4\">9 Mart 2026<\/td><td class=\"column-5\"><a href=\"https:\/\/gravityview.co\/extensions\/entry-revisions\/\" target=\"_blank\" rel=\"noopener noreferrer\">Eklenti Sayfas\u0131<\/a><\/td>\n<\/tr>\n<tr class=\"row-9 odd\">\n\t<td class=\"column-1\">GravityView - Featured Entries Extension<\/td><td class=\"column-2\">2.0.9<\/td><td class=\"column-3\"><a class=\"download-link\" title=\"\u0130ndir &ldquo;GravityView - Featured Entries Extension&rdquo;&nbsp;Versiyon 2.0.9\" href=\"https:\/\/wpdepo.com\/tr\/\/download\/16667\/\" rel=\"nofollow\">\n\t\u0130ndir<\/a><\/td><td class=\"column-4\">1 Aral\u0131k 2022<\/td><td class=\"column-5\"><a href=\"https:\/\/gravityview.co\/extensions\/featured-entries\/\" target=\"_blank\" rel=\"noopener noreferrer\">Eklenti Sayfas\u0131<\/a><\/td>\n<\/tr>\n<tr class=\"row-10 even\">\n\t<td class=\"column-1\">GravityView - GravityActions<\/td><td class=\"column-2\">1.5<\/td><td class=\"column-3\"><a class=\"download-link\" title=\"\u0130ndir &ldquo;GravityView - GravityActions&rdquo;&nbsp;Versiyon 1.5\" href=\"https:\/\/wpdepo.com\/tr\/\/download\/67586\/\" rel=\"nofollow\">\n\t\u0130ndir<\/a><\/td><td class=\"column-4\">27 Mart 2025<\/td><td class=\"column-5\"><a href=\"https:\/\/gravityview.co\/extensions\/gravityactions\/\" target=\"_blank\" rel=\"noopener noreferrer\">Eklenti Sayfas\u0131<\/a><\/td>\n<\/tr>\n<tr class=\"row-11 odd\">\n\t<td class=\"column-1\">GravityView - GravityActions<\/td><td class=\"column-2\">1.5<\/td><td class=\"column-3\"><a class=\"download-link\" title=\"\u0130ndir &ldquo;GravityView - GravityActions&rdquo;&nbsp;Versiyon 1.5\" href=\"https:\/\/wpdepo.com\/tr\/\/download\/67586\/\" rel=\"nofollow\">\n\t\u0130ndir<\/a><\/td><td class=\"column-4\">27 Mart 2025<\/td><td class=\"column-5\"><a href=\"https:\/\/gravityview.co\/extensions\/gravityactions\/\" target=\"_blank\" rel=\"noopener noreferrer\">Eklenti Sayfas\u0131<\/a><\/td>\n<\/tr>\n<tr class=\"row-12 even\">\n\t<td class=\"column-1\">GravityView - GravityBoard<\/td><td class=\"column-2\">1.3.0<\/td><td class=\"column-3\"><a class=\"download-link\" title=\"\u0130ndir &ldquo;GravityView - GravityBoard&rdquo;&nbsp;Versiyon 1.3.0\" href=\"https:\/\/wpdepo.com\/tr\/\/download\/98639\/\" rel=\"nofollow\">\n\t\u0130ndir<\/a><\/td><td class=\"column-4\">9 \u015eubat 2026<\/td><td class=\"column-5\"><a href=\"https:\/\/www.gravitykit.com\/products\/gravityboard\/\" target=\"_blank\" rel=\"noopener noreferrer\">Eklenti Sayfas\u0131<\/a><\/td>\n<\/tr>\n<tr class=\"row-13 odd\">\n\t<td class=\"column-1\">GravityView - GravityCharts<\/td><td class=\"column-2\">1.18.1<\/td><td class=\"column-3\"><a class=\"download-link\" title=\"\u0130ndir &ldquo;GravityView - GravityCharts&rdquo;&nbsp;Versiyon 1.18.1\" href=\"https:\/\/wpdepo.com\/tr\/\/download\/71977\/\" rel=\"nofollow\">\n\t\u0130ndir<\/a><\/td><td class=\"column-4\">31 Mart 2026<\/td><td class=\"column-5\"><a href=\"https:\/\/www.gravitykit.com\/products\/gravitycharts\/\" target=\"_blank\" rel=\"noopener noreferrer\">Eklenti Sayfas\u0131<\/a><\/td>\n<\/tr>\n<tr class=\"row-14 even\">\n\t<td class=\"column-1\">GravityView - GravityExport<\/td><td class=\"column-2\">1.9.0<\/td><td class=\"column-3\"><a class=\"download-link\" title=\"\u0130ndir &ldquo;GravityView - GravityExport&rdquo;&nbsp;Versiyon 1.9.0\" href=\"https:\/\/wpdepo.com\/tr\/\/download\/68319\/\" rel=\"nofollow\">\n\t\u0130ndir<\/a><\/td><td class=\"column-4\">3 Nisan 2026<\/td><td class=\"column-5\"><a href=\"https:\/\/gravityview.co\/extensions\/gravityexport\/\" target=\"_blank\" rel=\"noopener noreferrer\">Eklenti Sayfas\u0131<\/a><\/td>\n<\/tr>\n<tr class=\"row-15 odd\">\n\t<td class=\"column-1\">GravityView - GravityMigrate<\/td><td class=\"column-2\">1.1.4<\/td><td class=\"column-3\"><a class=\"download-link\" title=\"\u0130ndir &ldquo;GravityView - GravityMigrate&rdquo;&nbsp;Versiyon 1.1.4\" href=\"https:\/\/wpdepo.com\/tr\/\/download\/86931\/\" rel=\"nofollow\">\n\t\u0130ndir<\/a><\/td><td class=\"column-4\">19 Kas\u0131m 2025<\/td><td class=\"column-5\"><a href=\"https:\/\/www.gravitykit.com\/products\/gravitymigrate\/\" target=\"_blank\" rel=\"noopener noreferrer\">Eklenti Sayfas\u0131<\/a><\/td>\n<\/tr>\n<tr class=\"row-16 even\">\n\t<td class=\"column-1\">GravityView - Gravity Forms Calendar<\/td><td class=\"column-2\">2.15.1<\/td><td class=\"column-3\"><a class=\"download-link\" title=\"\u0130ndir &ldquo;GravityView - Gravity Forms Calendar&rdquo;&nbsp;Versiyon 2.15.1\" href=\"https:\/\/wpdepo.com\/tr\/\/download\/43796\/\" rel=\"nofollow\">\n\t\u0130ndir<\/a><\/td><td class=\"column-4\">31 Mart 2026<\/td><td class=\"column-5\"><a href=\"https:\/\/gravityview.co\/extensions\/calendar\/\" target=\"_blank\" rel=\"noopener noreferrer\">Eklenti Sayfas\u0131<\/a><\/td>\n<\/tr>\n<tr class=\"row-17 odd\">\n\t<td class=\"column-1\">GravityView - Gravity Forms Import Entries Plugin<\/td><td class=\"column-2\">2.9.0<\/td><td class=\"column-3\"><a class=\"download-link\" title=\"\u0130ndir &ldquo;GravityView - Gravity Forms Import Entries Plugin&rdquo;&nbsp;Versiyon 2.9.0\" href=\"https:\/\/wpdepo.com\/tr\/\/download\/33760\/\" rel=\"nofollow\">\n\t\u0130ndir<\/a><\/td><td class=\"column-4\">31 Mart 2026<\/td><td class=\"column-5\"><a href=\"https:\/\/gravityview.co\/extensions\/gravity-forms-entry-importer\/\" target=\"_blank\" rel=\"noopener noreferrer\">Eklenti Sayfas\u0131<\/a><\/td>\n<\/tr>\n<tr class=\"row-18 even\">\n\t<td class=\"column-1\">GravityView - Inline Edit Plugin<\/td><td class=\"column-2\">2.9.2<\/td><td class=\"column-3\"><a class=\"download-link\" title=\"\u0130ndir &ldquo;GravityView - Inline Edit Plugin&rdquo;&nbsp;Versiyon 2.9.2\" href=\"https:\/\/wpdepo.com\/tr\/\/download\/29964\/\" rel=\"nofollow\">\n\t\u0130ndir<\/a><\/td><td class=\"column-4\">9 Mart 2026<\/td><td class=\"column-5\"><a href=\"https:\/\/gravityview.co\/extensions\/gravityview-inline-edit\/\" target=\"_blank\" rel=\"noopener noreferrer\">Eklenti Sayfas\u0131<\/a><\/td>\n<\/tr>\n<tr class=\"row-19 odd\">\n\t<td class=\"column-1\">GravityView - Magic Links<\/td><td class=\"column-2\">1.2.1<\/td><td class=\"column-3\"><a class=\"download-link\" title=\"\u0130ndir &ldquo;GravityView - Magic Links&rdquo;&nbsp;Versiyon 1.2.1\" href=\"https:\/\/wpdepo.com\/tr\/\/download\/98637\/\" rel=\"nofollow\">\n\t\u0130ndir<\/a><\/td><td class=\"column-4\">27 Ocak 2026<\/td><td class=\"column-5\"><a href=\"https:\/\/www.gravitykit.com\/products\/magic-links\/\" target=\"_blank\" rel=\"noopener noreferrer\">Eklenti Sayfas\u0131<\/a><\/td>\n<\/tr>\n<tr class=\"row-20 even\">\n\t<td class=\"column-1\">GravityView - Maps Plugin<\/td><td class=\"column-2\">3.6.4<\/td><td class=\"column-3\"><a class=\"download-link\" title=\"\u0130ndir &ldquo;GravityView - Maps Plugin&rdquo;&nbsp;Versiyon 3.6.4\" href=\"https:\/\/wpdepo.com\/tr\/\/download\/29966\/\" rel=\"nofollow\">\n\t\u0130ndir<\/a><\/td><td class=\"column-4\">31 Mart 2026<\/td><td class=\"column-5\"><a href=\"https:\/\/gravityview.co\/extensions\/maps\/\" target=\"_blank\" rel=\"noopener noreferrer\">Eklenti Sayfas\u0131<\/a><\/td>\n<\/tr>\n<tr class=\"row-21 odd\">\n\t<td class=\"column-1\">GravityView - Math Plugin<\/td><td class=\"column-2\">2.10.3<\/td><td class=\"column-3\"><a class=\"download-link\" title=\"\u0130ndir &ldquo;GravityView - Math Plugin&rdquo;&nbsp;Versiyon 2.10.3\" href=\"https:\/\/wpdepo.com\/tr\/\/download\/29973\/\" rel=\"nofollow\">\n\t\u0130ndir<\/a><\/td><td class=\"column-4\">31 Mart 2026<\/td><td class=\"column-5\"><a href=\"https:\/\/gravityview.co\/extensions\/math\/\" target=\"_blank\" rel=\"noopener noreferrer\">Eklenti Sayfas\u0131<\/a><\/td>\n<\/tr>\n<tr class=\"row-22 even\">\n\t<td class=\"column-1\">GravityView - Multiple Forms Plugin<\/td><td class=\"column-2\">0.6.0<\/td><td class=\"column-3\"><a class=\"download-link\" title=\"\u0130ndir &ldquo;GravityView - Multiple Forms Plugin&rdquo;&nbsp;Versiyon 0.6.0\" href=\"https:\/\/wpdepo.com\/tr\/\/download\/33773\/\" rel=\"nofollow\">\n\t\u0130ndir<\/a><\/td><td class=\"column-4\">15 Kas\u0131m 2025<\/td><td class=\"column-5\"><a href=\"https:\/\/gravityview.co\/extensions\/multiple-forms\/\" target=\"_blank\" rel=\"noopener noreferrer\">Eklenti Sayfas\u0131<\/a><\/td>\n<\/tr>\n<tr class=\"row-23 odd\">\n\t<td class=\"column-1\">GravityView - PDF for GravityView<\/td><td class=\"column-2\">1.2.0<\/td><td class=\"column-3\"><a class=\"download-link\" title=\"\u0130ndir &ldquo;GravityView - PDF for GravityView&rdquo;&nbsp;Versiyon 1.2.0\" href=\"https:\/\/wpdepo.com\/tr\/\/download\/98468\/\" rel=\"nofollow\">\n\t\u0130ndir<\/a><\/td><td class=\"column-4\">6 Kas\u0131m 2025<\/td><td class=\"column-5\"><a href=\"https:\/\/www.gravitykit.com\/products\/pdf-for-gravityview\/\" target=\"_blank\" rel=\"noopener noreferrer\">Eklenti Sayfas\u0131<\/a><\/td>\n<\/tr>\n<tr class=\"row-24 even\">\n\t<td class=\"column-1\">GravityView - Ratings & Reviews Extension<\/td><td class=\"column-2\">2.5.3<\/td><td class=\"column-3\"><a class=\"download-link\" title=\"\u0130ndir &ldquo;GravityView - Ratings &amp; Reviews Extension&rdquo;&nbsp;Versiyon 2.5.3\" href=\"https:\/\/wpdepo.com\/tr\/\/download\/16669\/\" rel=\"nofollow\">\n\t\u0130ndir<\/a><\/td><td class=\"column-4\">15 Kas\u0131m 2025<\/td><td class=\"column-5\"><a href=\"https:\/\/gravityview.co\/extensions\/ratings-reviews\/\" target=\"_blank\" rel=\"noopener noreferrer\">Eklenti Sayfas\u0131<\/a><\/td>\n<\/tr>\n<tr class=\"row-25 odd\">\n\t<td class=\"column-1\">GravityView - Social Sharing & SEO Extension<\/td><td class=\"column-2\">3.3.2<\/td><td class=\"column-3\"><a class=\"download-link\" title=\"\u0130ndir &ldquo;GravityView - Social Sharing &amp; SEO Extension&rdquo;&nbsp;Versiyon 3.3.2\" href=\"https:\/\/wpdepo.com\/tr\/\/download\/16671\/\" rel=\"nofollow\">\n\t\u0130ndir<\/a><\/td><td class=\"column-4\">17 Nisan 2024<\/td><td class=\"column-5\"><a href=\"https:\/\/gravityview.co\/extensions\/sharing-seo\/\" target=\"_blank\" rel=\"noopener noreferrer\">Eklenti Sayfas\u0131<\/a><\/td>\n<\/tr>\n<\/tbody>\n<\/table>\n\r\n\r\n\t\t<\/div>\n\t\t\t\t\t<\/div>\n\n\t\r\n\r\n<\/div>\r\n\r\n\t\t<\/div>\n\n\t\t\n<style>\n#section_255925952 {\n  padding-top: 30px;\n  padding-bottom: 30px;\n}\n<\/style>\n\t<\/section>\n\t","protected":false},"excerpt":{"rendered":"","protected":false},"author":1,"featured_media":0,"parent":0,"menu_order":0,"comment_status":"closed","ping_status":"closed","template":"page-blank.php","meta":{"footnotes":""},"class_list":["post-16755","page","type-page","status-publish","hentry"],"_links":{"self":[{"href":"https:\/\/wpdepo.com\/tr\/wp-json\/wp\/v2\/pages\/16755","targetHints":{"allow":["GET"]}}],"collection":[{"href":"https:\/\/wpdepo.com\/tr\/wp-json\/wp\/v2\/pages"}],"about":[{"href":"https:\/\/wpdepo.com\/tr\/wp-json\/wp\/v2\/types\/page"}],"author":[{"embeddable":true,"href":"https:\/\/wpdepo.com\/tr\/wp-json\/wp\/v2\/users\/1"}],"replies":[{"embeddable":true,"href":"https:\/\/wpdepo.com\/tr\/wp-json\/wp\/v2\/comments?post=16755"}],"version-history":[{"count":0,"href":"https:\/\/wpdepo.com\/tr\/wp-json\/wp\/v2\/pages\/16755\/revisions"}],"wp:attachment":[{"href":"https:\/\/wpdepo.com\/tr\/wp-json\/wp\/v2\/media?parent=16755"}],"curies":[{"name":"wp","href":"https:\/\/api.w.org\/{rel}","templated":true}]}}