{"id":1581,"date":"2017-07-11T15:56:04","date_gmt":"2017-07-11T12:56:04","guid":{"rendered":"https:\/\/wpdepo.com\/?page_id=1581\/"},"modified":"2018-09-03T20:46:57","modified_gmt":"2018-09-03T17:46:57","slug":"tum-wp-job-manager-eklentileri","status":"publish","type":"page","link":"https:\/\/wpdepo.com\/tr\/tum-wp-job-manager-eklentileri\/","title":{"rendered":"WP Job Manager Eklentileri"},"content":{"rendered":"\n\t<section class=\"section\" id=\"section_290158222\">\n\t\t<div class=\"section-bg fill\" >\n\t\t\t\t\t\t\t\t\t\n\t\t\t\n\n\t\t<\/div>\n\n\t\t\n\n\t\t<div class=\"section-content relative\">\n\t\t\t\r\n\r\n<div class=\"row\"  id=\"row-897213587\">\r\n\r\n\n\t<div id=\"col-1370101502\" class=\"col small-12 large-12\"  >\n\t\t\t\t<div class=\"col-inner text-left\"  >\n\t\t\t\n\t\t\t\r\n\r\n<h2 style=\"text-align: center;\">WP Job Manager<\/h2>\r\n<p>WordPress kullanarak bir i\u015f ilanlar\u0131 sitesi mi kurmak istiyorsunuz? \u00d6zge\u00e7mi\u015f hizmeti mi? Bir istihdam b\u00fcrosu mu? WP Job Manager bu ihtiya\u00e7lar\u0131n\u0131z\u0131 kar\u015f\u0131layacakt\u0131r.<\/p>\r\n<p>WP Job Manager \u00e7ekirdek eklentisini <a href=\"https:\/\/tr.wordpress.org\/plugins\/wp-job-manager\/\" target=\"_blank\" rel=\"noopener\">WordPress deposundan<\/a> \u00fccretsiz olarak indirip kurabilirsiniz. A\u015fa\u011f\u0131da sundu\u011fumuz eklentiler ise daha fazla i\u015flevsellik sa\u011flamaktad\u0131r. Ayr\u0131ca, <a href=\"https:\/\/wpdepo.com\/themeforest-temalari\/\" target=\"_blank\">ThemeForest temalar\u0131<\/a> b\u00f6l\u00fcm\u00fcnde bulabilece\u011finiz <a href=\"https:\/\/themeforest.net\/item\/jobify-wordpress-job-board-theme\/5247604\" target=\"_blank\" rel=\"noopener\">Jobify<\/a> temas\u0131yla \u00f6l\u00fcmc\u00fcl kombinasyonu sa\u011flayabilirsiniz.<\/p>\r\n\r\n\t\t<\/div>\n\t\t\t\t\t<\/div>\n\n\t\r\n\r\n<\/div>\r\n\r\n\t\t<\/div>\n\n\t\t\n<style>\n#section_290158222 {\n  padding-top: 0px;\n  padding-bottom: 0px;\n  background-color: rgb(245, 245, 245);\n}\n<\/style>\n\t<\/section>\n\t\r\n\n\t<section class=\"section\" id=\"section_1509654375\">\n\t\t<div class=\"section-bg fill\" >\n\t\t\t\t\t\t\t\t\t\n\t\t\t\n\n\t\t<\/div>\n\n\t\t\n\n\t\t<div class=\"section-content relative\">\n\t\t\t\r\n\r\n<div class=\"row\"  id=\"row-1123344795\">\r\n\r\n\n\t<div id=\"col-1245109281\" class=\"col small-12 large-12\"  >\n\t\t\t\t<div class=\"col-inner text-left\"  >\n\t\t\t\n\t\t\t\r\n\r\n\n<table id=\"tablepress-16\" class=\"tablepress tablepress-id-16\">\n<thead>\n<tr class=\"row-1 odd\">\n\t<th class=\"column-1\">Eklenti Ad\u0131<\/th><th class=\"column-2\">Versiyon<\/th><th class=\"column-3\">\u0130ndir<\/th><th class=\"column-4\">G\u00fcncelleme<\/th><th class=\"column-5\">Bilgi<\/th>\n<\/tr>\n<\/thead>\n<tbody class=\"row-hover\">\n<tr class=\"row-2 even\">\n\t<td class=\"column-1\">WP Job Manager WordPress Plugin<\/td><td class=\"column-2\">2.4.1<\/td><td class=\"column-3\"><a class=\"download-link\" title=\"\u0130ndir &ldquo;WP Job Manager WordPress Plugin&rdquo;&nbsp;Versiyon 2.4.1\" href=\"https:\/\/wpdepo.com\/tr\/\/download\/35578\/\" rel=\"nofollow\">\n\t\u0130ndir<\/a><\/td><td class=\"column-4\">26 \u015eubat 2026<\/td><td class=\"column-5\"><a href=\"https:\/\/wpjobmanager.com\/\" target=\"_blank\" rel=\"noopener\">Eklenti Sayfas\u0131<\/a><\/td>\n<\/tr>\n<tr class=\"row-3 odd\">\n\t<td class=\"column-1\">Elementify - Elementor for WP Job Manager<\/td><td class=\"column-2\">1.1.3<\/td><td class=\"column-3\"><a class=\"download-link\" title=\"\u0130ndir &ldquo;Elementify - Elementor for WP Job Manager&rdquo;&nbsp;Versiyon 1.1.3\" href=\"https:\/\/wpdepo.com\/tr\/\/download\/81946\/\" rel=\"nofollow\">\n\t\u0130ndir<\/a><\/td><td class=\"column-4\">11 Eyl\u00fcl 2023<\/td><td class=\"column-5\"><a href=\"https:\/\/astoundify.com\/products\/elementify\/\" target=\"_blank\" rel=\"noopener\">Eklenti Sayfas\u0131<\/a><\/td>\n<\/tr>\n<tr class=\"row-4 even\">\n\t<td class=\"column-1\">Private Messages by Astoundify<\/td><td class=\"column-2\">1.10.5<\/td><td class=\"column-3\"><a class=\"download-link\" title=\"\u0130ndir &ldquo;Private Messages by Astoundify&rdquo;&nbsp;Versiyon 1.10.5\" href=\"https:\/\/wpdepo.com\/tr\/\/download\/6923\/\" rel=\"nofollow\">\n\t\u0130ndir<\/a><\/td><td class=\"column-4\">9 Eyl\u00fcl 2023<\/td><td class=\"column-5\"><a href=\"https:\/\/astoundify.com\/products\/private-messages\/\" target=\"_blank\" rel=\"noopener\">Eklenti Sayfas\u0131<\/a><\/td>\n<\/tr>\n<tr class=\"row-5 odd\">\n\t<td class=\"column-1\">WP Job Manager Application Deadline<\/td><td class=\"column-2\">1.3.0<\/td><td class=\"column-3\"><a class=\"download-link\" title=\"\u0130ndir &ldquo;WP Job Manager Application Deadline&rdquo;&nbsp;Versiyon 1.3.0\" href=\"https:\/\/wpdepo.com\/tr\/\/download\/1574\/\" rel=\"nofollow\">\n\t\u0130ndir<\/a><\/td><td class=\"column-4\">6 May\u0131s 2024<\/td><td class=\"column-5\"><a href=\"https:\/\/wpjobmanager.com\/add-ons\/application-deadline\/\" target=\"_blank\" rel=\"noopener\">Eklenti Sayfas\u0131<\/a><\/td>\n<\/tr>\n<tr class=\"row-6 even\">\n\t<td class=\"column-1\">WP Job Manager Applications<\/td><td class=\"column-2\">3.2.0<\/td><td class=\"column-3\"><a class=\"download-link\" title=\"\u0130ndir &ldquo;WP Job Manager Applications&rdquo;&nbsp;Versiyon 3.2.0\" href=\"https:\/\/wpdepo.com\/tr\/\/download\/1576\/\" rel=\"nofollow\">\n\t\u0130ndir<\/a><\/td><td class=\"column-4\">6 May\u0131s 2024<\/td><td class=\"column-5\"><a href=\"https:\/\/wpjobmanager.com\/add-ons\/applications\/\" target=\"_blank\" rel=\"noopener\">Eklenti Sayfas\u0131<\/a><\/td>\n<\/tr>\n<tr class=\"row-7 odd\">\n\t<td class=\"column-1\">WP Job Manager Apply with Facebook<\/td><td class=\"column-2\">1.1.0<\/td><td class=\"column-3\"><a class=\"download-link\" title=\"\u0130ndir &ldquo;WP Job Manager Apply with Facebook&rdquo;&nbsp;Versiyon 1.1.0\" href=\"https:\/\/wpdepo.com\/tr\/\/download\/1578\/\" rel=\"nofollow\">\n\t\u0130ndir<\/a><\/td><td class=\"column-4\">17 Ekim 2017<\/td><td class=\"column-5\"><a href=\"https:\/\/wpjobmanager.com\/add-ons\/apply-with-facebook\/\" target=\"_blank\" rel=\"noopener\">Eklenti Sayfas\u0131<\/a><\/td>\n<\/tr>\n<tr class=\"row-8 even\">\n\t<td class=\"column-1\">WP Job Manager Auto Job Suggest<\/td><td class=\"column-2\">1.0.4<\/td><td class=\"column-3\"><a class=\"download-link\" title=\"\u0130ndir &ldquo;WP Job Manager Auto Job Suggest&rdquo;&nbsp;Versiyon 1.0.4\" href=\"https:\/\/wpdepo.com\/tr\/\/download\/80128\/\" rel=\"nofollow\">\n\t\u0130ndir<\/a><\/td><td class=\"column-4\">4 Eyl\u00fcl 2023<\/td><td class=\"column-5\"><a href=\"https:\/\/wpjobmanager.com\/add-ons\/auto-job-suggest\/\" target=\"_blank\" rel=\"noopener\">Eklenti Sayfas\u0131<\/a><\/td>\n<\/tr>\n<tr class=\"row-9 odd\">\n\t<td class=\"column-1\">WP Job Manager Bookmarks<\/td><td class=\"column-2\">1.5.0<\/td><td class=\"column-3\"><a class=\"download-link\" title=\"\u0130ndir &ldquo;WP Job Manager Bookmarks&rdquo;&nbsp;Versiyon 1.5.0\" href=\"https:\/\/wpdepo.com\/tr\/\/download\/1605\/\" rel=\"nofollow\">\n\t\u0130ndir<\/a><\/td><td class=\"column-4\">6 May\u0131s 2024<\/td><td class=\"column-5\"><a href=\"https:\/\/wpjobmanager.com\/add-ons\/bookmarks\/\" target=\"_blank\" rel=\"noopener\">Eklenti Sayfas\u0131<\/a><\/td>\n<\/tr>\n<tr class=\"row-10 even\">\n\t<td class=\"column-1\">WP Job Manager Claim Listing<\/td><td class=\"column-2\">3.12.4<\/td><td class=\"column-3\"><a class=\"download-link\" title=\"\u0130ndir &ldquo;WP Job Manager Claim Listing&rdquo;&nbsp;Versiyon 3.12.4\" href=\"https:\/\/wpdepo.com\/tr\/\/download\/1611\/\" rel=\"nofollow\">\n\t\u0130ndir<\/a><\/td><td class=\"column-4\">9 Eyl\u00fcl 2023<\/td><td class=\"column-5\"><a href=\"https:\/\/astoundify.com\/products\/wp-job-manager-claim-listing\/\" target=\"_blank\" rel=\"noopener\">Eklenti Sayfas\u0131<\/a><\/td>\n<\/tr>\n<tr class=\"row-11 odd\">\n\t<td class=\"column-1\">WP Job Manager Embeddable Job Widget<\/td><td class=\"column-2\">1.1.6<\/td><td class=\"column-3\"><a class=\"download-link\" title=\"\u0130ndir &ldquo;WP Job Manager Embeddable Job Widget&rdquo;&nbsp;Versiyon 1.1.6\" href=\"https:\/\/wpdepo.com\/tr\/\/download\/3201\/\" rel=\"nofollow\">\n\t\u0130ndir<\/a><\/td><td class=\"column-4\">22 Kas\u0131m 2023<\/td><td class=\"column-5\"><a href=\"https:\/\/wpjobmanager.com\/add-ons\/embeddable-job-widget\/\" target=\"_blank\" rel=\"noopener\">Eklenti Sayfas\u0131<\/a><\/td>\n<\/tr>\n<tr class=\"row-12 even\">\n\t<td class=\"column-1\">WP Job Manager Extended Location<\/td><td class=\"column-2\">3.5.4<\/td><td class=\"column-3\"><a class=\"download-link\" title=\"\u0130ndir &ldquo;WP Job Manager Extended Location&rdquo;&nbsp;Versiyon 3.5.4\" href=\"https:\/\/wpdepo.com\/tr\/\/download\/1613\/\" rel=\"nofollow\">\n\t\u0130ndir<\/a><\/td><td class=\"column-4\">19 Aral\u0131k 2023<\/td><td class=\"column-5\"><a href=\"https:\/\/astoundify.com\/products\/wp-job-manager-extended-location\/\" target=\"_blank\" rel=\"noopener\">Eklenti Sayfas\u0131<\/a><\/td>\n<\/tr>\n<tr class=\"row-13 odd\">\n\t<td class=\"column-1\">WP Job Manager Favorites<\/td><td class=\"column-2\">1.3.7<\/td><td class=\"column-3\"><a class=\"download-link\" title=\"\u0130ndir &ldquo;WP Job Manager Favorites&rdquo;&nbsp;Versiyon 1.3.7\" href=\"https:\/\/wpdepo.com\/tr\/\/download\/60500\/\" rel=\"nofollow\">\n\t\u0130ndir<\/a><\/td><td class=\"column-4\">27 \u015eubat 2024<\/td><td class=\"column-5\"><a href=\"https:\/\/astoundify.com\/products\/favorites\/\" target=\"_blank\" rel=\"noopener\">Eklenti Sayfas\u0131<\/a><\/td>\n<\/tr>\n<tr class=\"row-14 even\">\n\t<td class=\"column-1\">WP Job Manager Field Editor<\/td><td class=\"column-2\">1.12.5<\/td><td class=\"column-3\"><a class=\"download-link\" title=\"\u0130ndir &ldquo;WP Job Manager Field Editor&rdquo;&nbsp;Versiyon 1.12.5\" href=\"https:\/\/wpdepo.com\/tr\/\/download\/80126\/\" rel=\"nofollow\">\n\t\u0130ndir<\/a><\/td><td class=\"column-4\">30 Kas\u0131m 2022<\/td><td class=\"column-5\"><a href=\"https:\/\/plugins.smyl.es\/wp-job-manager-field-editor\/\" target=\"_blank\" rel=\"noopener\">Eklenti Sayfas\u0131<\/a><\/td>\n<\/tr>\n<tr class=\"row-15 odd\">\n\t<td class=\"column-1\">WP Job Manager Indeed Integration<\/td><td class=\"column-2\">2.2.1<\/td><td class=\"column-3\"><a class=\"download-link\" title=\"\u0130ndir &ldquo;WP Job Manager Indeed Integration&rdquo;&nbsp;Versiyon 2.2.1\" href=\"https:\/\/wpdepo.com\/tr\/\/download\/1617\/\" rel=\"nofollow\">\n\t\u0130ndir<\/a><\/td><td class=\"column-4\">29 May\u0131s 2019<\/td><td class=\"column-5\"><a href=\"https:\/\/wpjobmanager.com\/add-ons\/indeed-integration\/\" target=\"_blank\" rel=\"noopener\">Eklenti Sayfas\u0131<\/a><\/td>\n<\/tr>\n<tr class=\"row-16 even\">\n\t<td class=\"column-1\">WP Job Manager Job Alerts<\/td><td class=\"column-2\">3.2.0<\/td><td class=\"column-3\"><a class=\"download-link\" title=\"\u0130ndir &ldquo;WP Job Manager Job Alerts&rdquo;&nbsp;Versiyon 3.2.0\" href=\"https:\/\/wpdepo.com\/tr\/\/download\/1619\/\" rel=\"nofollow\">\n\t\u0130ndir<\/a><\/td><td class=\"column-4\">6 May\u0131s 2024<\/td><td class=\"column-5\"><a href=\"https:\/\/wpjobmanager.com\/add-ons\/job-alerts\/\" target=\"_blank\" rel=\"noopener\">Eklenti Sayfas\u0131<\/a><\/td>\n<\/tr>\n<tr class=\"row-17 odd\">\n\t<td class=\"column-1\">WP Job Manager Job Tags<\/td><td class=\"column-2\">1.4.6<\/td><td class=\"column-3\"><a class=\"download-link\" title=\"\u0130ndir &ldquo;WP Job Manager Job Tags&rdquo;&nbsp;Versiyon 1.4.6\" href=\"https:\/\/wpdepo.com\/tr\/\/download\/1621\/\" rel=\"nofollow\">\n\t\u0130ndir<\/a><\/td><td class=\"column-4\">6 May\u0131s 2024<\/td><td class=\"column-5\"><a href=\"https:\/\/wpjobmanager.com\/add-ons\/job-tags\/\" target=\"_blank\" rel=\"noopener\">Eklenti Sayfas\u0131<\/a><\/td>\n<\/tr>\n<tr class=\"row-18 even\">\n\t<td class=\"column-1\">WP Job Manager Listing Payments<\/td><td class=\"column-2\">2.2.5<\/td><td class=\"column-3\"><a class=\"download-link\" title=\"\u0130ndir &ldquo;WP Job Manager Listing Payments&rdquo;&nbsp;Versiyon 2.2.5\" href=\"https:\/\/wpdepo.com\/tr\/\/download\/6920\/\" rel=\"nofollow\">\n\t\u0130ndir<\/a><\/td><td class=\"column-4\">4 Eyl\u00fcl 2023<\/td><td class=\"column-5\"><a href=\"https:\/\/astoundify.com\/products\/wp-job-manager-listing-payments\/\" target=\"_blank\" rel=\"noopener\">Eklenti Sayfas\u0131<\/a><\/td>\n<\/tr>\n<tr class=\"row-19 odd\">\n\t<td class=\"column-1\">WP Job Manager Products<\/td><td class=\"column-2\">1.8.4<\/td><td class=\"column-3\"><a class=\"download-link\" title=\"\u0130ndir &ldquo;WP Job Manager Products&rdquo;&nbsp;Versiyon 1.8.4\" href=\"https:\/\/wpdepo.com\/tr\/\/download\/1623\/\" rel=\"nofollow\">\n\t\u0130ndir<\/a><\/td><td class=\"column-4\">9 Eyl\u00fcl 2023<\/td><td class=\"column-5\"><a href=\"https:\/\/astoundify.com\/products\/wp-job-manager-products\/\" target=\"_blank\" rel=\"noopener\">Eklenti Sayfas\u0131<\/a><\/td>\n<\/tr>\n<tr class=\"row-20 even\">\n\t<td class=\"column-1\">WP Job Manager Resume Manager<\/td><td class=\"column-2\">2.2.0<\/td><td class=\"column-3\"><a class=\"download-link\" title=\"\u0130ndir &ldquo;WP Job Manager Resume Manager&rdquo;&nbsp;Versiyon 2.2.0\" href=\"https:\/\/wpdepo.com\/tr\/\/download\/1625\/\" rel=\"nofollow\">\n\t\u0130ndir<\/a><\/td><td class=\"column-4\">6 May\u0131s 2024<\/td><td class=\"column-5\"><a href=\"https:\/\/wpjobmanager.com\/add-ons\/resume-manager\/\" target=\"_blank\" rel=\"noopener\">Eklenti Sayfas\u0131<\/a><\/td>\n<\/tr>\n<tr class=\"row-21 odd\">\n\t<td class=\"column-1\">WP Job Manager Reviews<\/td><td class=\"column-2\">2.2.4<\/td><td class=\"column-3\"><a class=\"download-link\" title=\"\u0130ndir &ldquo;WP Job Manager Reviews&rdquo;&nbsp;Versiyon 2.2.4\" href=\"https:\/\/wpdepo.com\/tr\/\/download\/1627\/\" rel=\"nofollow\">\n\t\u0130ndir<\/a><\/td><td class=\"column-4\">29 Aral\u0131k 2023<\/td><td class=\"column-5\"><a href=\"https:\/\/astoundify.com\/products\/wp-job-manager-reviews\/\" target=\"_blank\" rel=\"noopener\">Eklenti Sayfas\u0131<\/a><\/td>\n<\/tr>\n<tr class=\"row-22 even\">\n\t<td class=\"column-1\">WP Job Manager Simple Paid Listings<\/td><td class=\"column-2\">2.0.2<\/td><td class=\"column-3\"><a class=\"download-link\" title=\"\u0130ndir &ldquo;WP Job Manager Simple Paid Listings&rdquo;&nbsp;Versiyon 2.0.2\" href=\"https:\/\/wpdepo.com\/tr\/\/download\/1629\/\" rel=\"nofollow\">\n\t\u0130ndir<\/a><\/td><td class=\"column-4\">6 May\u0131s 2024<\/td><td class=\"column-5\"><a href=\"https:\/\/wpjobmanager.com\/add-ons\/simple-paid-listings\/\" target=\"_blank\" rel=\"noopener\">Eklenti Sayfas\u0131<\/a><\/td>\n<\/tr>\n<tr class=\"row-23 odd\">\n\t<td class=\"column-1\">WP Job Manager Statistics<\/td><td class=\"column-2\">2.7.4<\/td><td class=\"column-3\"><a class=\"download-link\" title=\"\u0130ndir &ldquo;WP Job Manager Statistics&rdquo;&nbsp;Versiyon 2.7.4\" href=\"https:\/\/wpdepo.com\/tr\/\/download\/1631\/\" rel=\"nofollow\">\n\t\u0130ndir<\/a><\/td><td class=\"column-4\">28 Nisan 2023<\/td><td class=\"column-5\"><a href=\"https:\/\/astoundify.com\/products\/wp-job-manager-stats\/\" target=\"_blank\" rel=\"noopener\">Eklenti Sayfas\u0131<\/a><\/td>\n<\/tr>\n<tr class=\"row-24 even\">\n\t<td class=\"column-1\">WP Job Manager User Locator<\/td><td class=\"column-2\">1.0.4<\/td><td class=\"column-3\"><a class=\"download-link\" title=\"\u0130ndir &ldquo;WP Job Manager User Locator&rdquo;&nbsp;Versiyon 1.0.4\" href=\"https:\/\/wpdepo.com\/tr\/\/download\/72268\/\" rel=\"nofollow\">\n\t\u0130ndir<\/a><\/td><td class=\"column-4\">4 Eyl\u00fcl 2023<\/td><td class=\"column-5\"><a href=\"https:\/\/astoundify.com\/products\/wp-job-manager-user-locator\/\" target=\"_blank\" rel=\"noopener\">Eklenti Sayfas\u0131<\/a><\/td>\n<\/tr>\n<tr class=\"row-25 odd\">\n\t<td class=\"column-1\">WP Job Manager Visibility<\/td><td class=\"column-2\">1.7.0<\/td><td class=\"column-3\"><a class=\"download-link\" title=\"\u0130ndir &ldquo;WP Job Manager Visibility&rdquo;&nbsp;Versiyon 1.7.0\" href=\"https:\/\/wpdepo.com\/tr\/\/download\/83769\/\" rel=\"nofollow\">\n\t\u0130ndir<\/a><\/td><td class=\"column-4\">1 \u015eubat 2024<\/td><td class=\"column-5\"><a href=\"https:\/\/plugins.smyl.es\/wp-job-manager-visibility\/\" target=\"_blank\" rel=\"noopener\">Eklenti Sayfas\u0131<\/a><\/td>\n<\/tr>\n<tr class=\"row-26 even\">\n\t<td class=\"column-1\">WP Job Manager WooCommerce Paid Listings<\/td><td class=\"column-2\">3.0.3<\/td><td class=\"column-3\"><a class=\"download-link\" title=\"\u0130ndir &ldquo;WP Job Manager WooCommerce Paid Listings&rdquo;&nbsp;Versiyon 3.0.3\" href=\"https:\/\/wpdepo.com\/tr\/\/download\/1635\/\" rel=\"nofollow\">\n\t\u0130ndir<\/a><\/td><td class=\"column-4\">6 May\u0131s 2024<\/td><td class=\"column-5\"><a href=\"https:\/\/wpjobmanager.com\/add-ons\/wc-paid-listings\/\" target=\"_blank\" rel=\"noopener\">Eklenti Sayfas\u0131<\/a><\/td>\n<\/tr>\n<tr class=\"row-27 odd\">\n\t<td class=\"column-1\">WP Job Manager ZipRecruiter Integration<\/td><td class=\"column-2\">1.1.0<\/td><td class=\"column-3\"><a class=\"download-link\" title=\"\u0130ndir &ldquo;WP Job Manager ZipRecruiter Integration&rdquo;&nbsp;Versiyon 1.1.0\" href=\"https:\/\/wpdepo.com\/tr\/\/download\/1638\/\" rel=\"nofollow\">\n\t\u0130ndir<\/a><\/td><td class=\"column-4\">17 Ekim 2017<\/td><td class=\"column-5\"><a href=\"https:\/\/wpjobmanager.com\/add-ons\/ziprecruiter-integration\/\" target=\"_blank\" rel=\"noopener\">Eklenti Sayfas\u0131<\/a><\/td>\n<\/tr>\n<\/tbody>\n<\/table>\n\r\n\r\n\t\t<\/div>\n\t\t\t\t\t<\/div>\n\n\t\r\n\r\n<\/div>\r\n\r\n\t\t<\/div>\n\n\t\t\n<style>\n#section_1509654375 {\n  padding-top: 30px;\n  padding-bottom: 30px;\n}\n<\/style>\n\t<\/section>\n\t","protected":false},"excerpt":{"rendered":"","protected":false},"author":1,"featured_media":0,"parent":0,"menu_order":0,"comment_status":"closed","ping_status":"closed","template":"page-blank.php","meta":{"footnotes":""},"class_list":["post-1581","page","type-page","status-publish","hentry"],"_links":{"self":[{"href":"https:\/\/wpdepo.com\/tr\/wp-json\/wp\/v2\/pages\/1581","targetHints":{"allow":["GET"]}}],"collection":[{"href":"https:\/\/wpdepo.com\/tr\/wp-json\/wp\/v2\/pages"}],"about":[{"href":"https:\/\/wpdepo.com\/tr\/wp-json\/wp\/v2\/types\/page"}],"author":[{"embeddable":true,"href":"https:\/\/wpdepo.com\/tr\/wp-json\/wp\/v2\/users\/1"}],"replies":[{"embeddable":true,"href":"https:\/\/wpdepo.com\/tr\/wp-json\/wp\/v2\/comments?post=1581"}],"version-history":[{"count":0,"href":"https:\/\/wpdepo.com\/tr\/wp-json\/wp\/v2\/pages\/1581\/revisions"}],"wp:attachment":[{"href":"https:\/\/wpdepo.com\/tr\/wp-json\/wp\/v2\/media?parent=1581"}],"curies":[{"name":"wp","href":"https:\/\/api.w.org\/{rel}","templated":true}]}}