{"id":15531,"date":"2018-09-16T23:17:23","date_gmt":"2018-09-16T20:17:23","guid":{"rendered":"https:\/\/wpdepo.com\/?page_id=15531"},"modified":"2018-09-16T23:17:23","modified_gmt":"2018-09-16T20:17:23","slug":"barn2-media-eklentileri","status":"publish","type":"page","link":"https:\/\/wpdepo.com\/tr\/barn2-media-eklentileri\/","title":{"rendered":"Barn2 Media Eklentileri"},"content":{"rendered":"\n\t<section class=\"section\" id=\"section_2022241765\">\n\t\t<div class=\"section-bg fill\" >\n\t\t\t\t\t\t\t\t\t\n\t\t\t\n\n\t\t<\/div>\n\n\t\t\n\n\t\t<div class=\"section-content relative\">\n\t\t\t\r\n\r\n<div class=\"row\"  id=\"row-1319269063\">\r\n\r\n\n\t<div id=\"col-1863201698\" class=\"col small-12 large-12\"  >\n\t\t\t\t<div class=\"col-inner text-left\"  >\n\t\t\t\n\t\t\t\r\n\r\n<h2 style=\"text-align: center;\">Barn2 Media<\/h2>\r\n<p>WordPress ve WooCommerce i\u00e7in profesyonel eklentiler geli\u015ftiren Barn2 Media, Birle\u015fik Krall\u0131k&#8217;\u0131n \u00f6nde gelen WordPress firmalar\u0131ndan biridir. WooCommerce \u00fcr\u00fcnlerinizi tablo \u015feklinde g\u00f6steren eklentiden, kategorilerinizi gizleyebildi\u011finiz veya diledi\u011finiz ki\u015filere g\u00f6sterebildi\u011finiz eklentiye kadar de\u011fi\u015fik istekleri kar\u015f\u0131layan eklentilere sahiptir.<\/p>\r\n\r\n\t\t<\/div>\n\t\t\t\t\t<\/div>\n\n\t\r\n\r\n<\/div>\r\n\r\n\t\t<\/div>\n\n\t\t\n<style>\n#section_2022241765 {\n  padding-top: 0px;\n  padding-bottom: 0px;\n  background-color: rgb(245, 245, 245);\n}\n<\/style>\n\t<\/section>\n\t\r\n\n\t<section class=\"section\" id=\"section_153715197\">\n\t\t<div class=\"section-bg fill\" >\n\t\t\t\t\t\t\t\t\t\n\t\t\t\n\n\t\t<\/div>\n\n\t\t\n\n\t\t<div class=\"section-content relative\">\n\t\t\t\r\n\r\n<div class=\"row\"  id=\"row-1831220528\">\r\n\r\n\n\t<div id=\"col-106439313\" class=\"col small-12 large-12\"  >\n\t\t\t\t<div class=\"col-inner text-left\"  >\n\t\t\t\n\t\t\t\r\n\r\n\n<table id=\"tablepress-79\" class=\"tablepress tablepress-id-79\">\n<thead>\n<tr class=\"row-1 odd\">\n\t<th class=\"column-1\">Eklenti Ad\u0131<\/th><th class=\"column-2\">Versiyon<\/th><th class=\"column-3\">\u0130ndir<\/th><th class=\"column-4\">G\u00fcncelleme<\/th><th class=\"column-5\">Bilgi<\/th>\n<\/tr>\n<\/thead>\n<tbody class=\"row-hover\">\n<tr class=\"row-2 even\">\n\t<td class=\"column-1\">Document Library Pro<\/td><td class=\"column-2\">3.1.1<\/td><td class=\"column-3\"><a class=\"download-link\" title=\"\u0130ndir &ldquo;Document Library Pro&rdquo;&nbsp;Versiyon 3.1.1\" href=\"https:\/\/wpdepo.com\/tr\/\/download\/59922\/\" rel=\"nofollow\">\n\t\u0130ndir<\/a><\/td><td class=\"column-4\">13 Mart 2026<\/td><td class=\"column-5\"><a href=\"https:\/\/barn2.com\/wordpress-plugins\/document-library-pro\/\" target=\"_blank\" rel=\"noopener noreferrer\">Eklenti Sayfas\u0131<\/a><\/td>\n<\/tr>\n<tr class=\"row-3 odd\">\n\t<td class=\"column-1\">Easy Digital Downloads EU VAT<\/td><td class=\"column-2\">1.7.4<\/td><td class=\"column-3\"><a class=\"download-link\" title=\"\u0130ndir &ldquo;Easy Digital Downloads EU VAT&rdquo;&nbsp;Versiyon 1.7.4\" href=\"https:\/\/wpdepo.com\/tr\/\/download\/41059\/\" rel=\"nofollow\">\n\t\u0130ndir<\/a><\/td><td class=\"column-4\">24 Aral\u0131k 2025<\/td><td class=\"column-5\"><a href=\"https:\/\/barn2.com\/wordpress-plugins\/easy-digital-downloads-eu-vat\/\" target=\"_blank\" rel=\"noopener noreferrer\">Eklenti Sayfas\u0131<\/a><\/td>\n<\/tr>\n<tr class=\"row-4 even\">\n\t<td class=\"column-1\">Password Protected Categories<\/td><td class=\"column-2\">2.1.28<\/td><td class=\"column-3\"><a class=\"download-link\" title=\"\u0130ndir &ldquo;Password Protected Categories&rdquo;&nbsp;Versiyon 2.1.28\" href=\"https:\/\/wpdepo.com\/tr\/\/download\/15527\/\" rel=\"nofollow\">\n\t\u0130ndir<\/a><\/td><td class=\"column-4\">31 Mart 2026<\/td><td class=\"column-5\"><a href=\"https:\/\/barn2.co.uk\/wordpress-plugins\/password-protected-categories\/\" target=\"_blank\" rel=\"noopener noreferrer\">Eklenti Sayfas\u0131<\/a><\/td>\n<\/tr>\n<tr class=\"row-5 odd\">\n\t<td class=\"column-1\">Posts Table Pro<\/td><td class=\"column-2\">3.3.6<\/td><td class=\"column-3\"><a class=\"download-link\" title=\"\u0130ndir &ldquo;Posts Table Pro&rdquo;&nbsp;Versiyon 3.3.6\" href=\"https:\/\/wpdepo.com\/tr\/\/download\/15525\/\" rel=\"nofollow\">\n\t\u0130ndir<\/a><\/td><td class=\"column-4\">5 Eyl\u00fcl 2025<\/td><td class=\"column-5\"><a href=\"https:\/\/barn2.co.uk\/wordpress-plugins\/posts-table-pro\/\" target=\"_blank\" rel=\"noopener noreferrer\">Eklenti Sayfas\u0131<\/a><\/td>\n<\/tr>\n<tr class=\"row-6 even\">\n\t<td class=\"column-1\">WooCommerce Bulk Variations<\/td><td class=\"column-2\">2.4.8<\/td><td class=\"column-3\"><a class=\"download-link\" title=\"\u0130ndir &ldquo;WooCommerce Bulk Variations&rdquo;&nbsp;Versiyon 2.4.8\" href=\"https:\/\/wpdepo.com\/tr\/\/download\/52828\/\" rel=\"nofollow\">\n\t\u0130ndir<\/a><\/td><td class=\"column-4\">31 Mart 2026<\/td><td class=\"column-5\"><a href=\"https:\/\/barn2.co.uk\/wordpress-plugins\/woocommerce-bulk-variations\/\" target=\"_blank\" rel=\"noopener noreferrer\">Eklenti Sayfas\u0131<\/a><\/td>\n<\/tr>\n<tr class=\"row-7 odd\">\n\t<td class=\"column-1\">WooCommerce Default Quantity<\/td><td class=\"column-2\">2.1<\/td><td class=\"column-3\"><a class=\"download-link\" title=\"\u0130ndir &ldquo;WooCommerce Default Quantity&rdquo;&nbsp;Versiyon 2.1\" href=\"https:\/\/wpdepo.com\/tr\/\/download\/34450\/\" rel=\"nofollow\">\n\t\u0130ndir<\/a><\/td><td class=\"column-4\">18 Haziran 2021<\/td><td class=\"column-5\"><a href=\"https:\/\/barn2.co.uk\/wordpress-plugins\/woocommerce-default-quantity\/\" target=\"_blank\" rel=\"noopener noreferrer\">Eklenti Sayfas\u0131<\/a><\/td>\n<\/tr>\n<tr class=\"row-8 even\">\n\t<td class=\"column-1\">WooCommerce Discontinued Products<\/td><td class=\"column-2\">1.2.5<\/td><td class=\"column-3\"><a class=\"download-link\" title=\"\u0130ndir &ldquo;WooCommerce Discontinued Products&rdquo;&nbsp;Versiyon 1.2.5\" href=\"https:\/\/wpdepo.com\/tr\/\/download\/67928\/\" rel=\"nofollow\">\n\t\u0130ndir<\/a><\/td><td class=\"column-4\">20 Mart 2024<\/td><td class=\"column-5\"><a href=\"https:\/\/barn2.com\/wordpress-plugins\/woocommerce-discontinued-products\/\" target=\"_blank\" rel=\"noopener noreferrer\">Eklenti Sayfas\u0131<\/a><\/td>\n<\/tr>\n<tr class=\"row-9 odd\">\n\t<td class=\"column-1\">WooCommerce Discount Manager<\/td><td class=\"column-2\">1.4.1<\/td><td class=\"column-3\"><a class=\"download-link\" title=\"\u0130ndir &ldquo;WooCommerce Discount Manager&rdquo;&nbsp;Versiyon 1.4.1\" href=\"https:\/\/wpdepo.com\/tr\/\/download\/83826\/\" rel=\"nofollow\">\n\t\u0130ndir<\/a><\/td><td class=\"column-4\">2 Nisan 2026<\/td><td class=\"column-5\"><a href=\"https:\/\/barn2.com\/wordpress-plugins\/woocommerce-discount-manager\/\" target=\"_blank\" rel=\"noopener noreferrer\">Eklenti Sayfas\u0131<\/a><\/td>\n<\/tr>\n<tr class=\"row-10 even\">\n\t<td class=\"column-1\">WooCommerce Express Shop Page<\/td><td class=\"column-2\">1.0.6<\/td><td class=\"column-3\"><a class=\"download-link\" title=\"\u0130ndir &ldquo;WooCommerce Express Shop Page&rdquo;&nbsp;Versiyon 1.0.6\" href=\"https:\/\/wpdepo.com\/tr\/\/download\/80045\/\" rel=\"nofollow\">\n\t\u0130ndir<\/a><\/td><td class=\"column-4\">20 Mart 2024<\/td><td class=\"column-5\"><a href=\"https:\/\/barn2.com\/wordpress-plugins\/woocommerce-express-shop-page\/\" target=\"_blank\" rel=\"noopener noreferrer\">Eklenti Sayfas\u0131<\/a><\/td>\n<\/tr>\n<tr class=\"row-11 odd\">\n\t<td class=\"column-1\">WooCommerce Fast Cart<\/td><td class=\"column-2\">1.4.1<\/td><td class=\"column-3\"><a class=\"download-link\" title=\"\u0130ndir &ldquo;WooCommerce Fast Cart&rdquo;&nbsp;Versiyon 1.4.1\" href=\"https:\/\/wpdepo.com\/tr\/\/download\/69251\/\" rel=\"nofollow\">\n\t\u0130ndir<\/a><\/td><td class=\"column-4\">3 Nisan 2026<\/td><td class=\"column-5\"><a href=\"https:\/\/barn2.com\/wordpress-plugins\/woocommerce-fast-cart\/\" target=\"_blank\" rel=\"noopener noreferrer\">Eklenti Sayfas\u0131<\/a><\/td>\n<\/tr>\n<tr class=\"row-12 even\">\n\t<td class=\"column-1\">WooCommerce Lead Time<\/td><td class=\"column-2\">2.2.1<\/td><td class=\"column-3\"><a class=\"download-link\" title=\"\u0130ndir &ldquo;WooCommerce Lead Time&rdquo;&nbsp;Versiyon 2.2.1\" href=\"https:\/\/wpdepo.com\/tr\/\/download\/34452\/\" rel=\"nofollow\">\n\t\u0130ndir<\/a><\/td><td class=\"column-4\">13 \u015eubat 2026<\/td><td class=\"column-5\"><a href=\"https:\/\/barn2.co.uk\/wordpress-plugins\/woocommerce-lead-time\/\" target=\"_blank\" rel=\"noopener noreferrer\">Eklenti Sayfas\u0131<\/a><\/td>\n<\/tr>\n<tr class=\"row-13 odd\">\n\t<td class=\"column-1\">WooCommerce Live Preview Add-on<\/td><td class=\"column-2\">2.0.0<\/td><td class=\"column-3\"><a class=\"download-link\" title=\"\u0130ndir &ldquo;WooCommerce Live Preview Add-on&rdquo;&nbsp;Versiyon 2.0.0\" href=\"https:\/\/wpdepo.com\/tr\/\/download\/88075\/\" rel=\"nofollow\">\n\t\u0130ndir<\/a><\/td><td class=\"column-4\">15 Temmuz 2025<\/td><td class=\"column-5\"><a href=\"https:\/\/barn2.com\/blog\/woocommerce-live-preview\/\" target=\"_blank\" rel=\"noopener noreferrer\">Eklenti Sayfas\u0131<\/a><\/td>\n<\/tr>\n<tr class=\"row-14 even\">\n\t<td class=\"column-1\">WooCommerce Multiple Email Recipients<\/td><td class=\"column-2\">1.2.14<\/td><td class=\"column-3\"><a class=\"download-link\" title=\"\u0130ndir &ldquo;WooCommerce Multiple Email Recipients&rdquo;&nbsp;Versiyon 1.2.14\" href=\"https:\/\/wpdepo.com\/tr\/\/download\/54297\/\" rel=\"nofollow\">\n\t\u0130ndir<\/a><\/td><td class=\"column-4\">30 Eyl\u00fcl 2025<\/td><td class=\"column-5\"><a href=\"https:\/\/barn2.co.uk\/wordpress-plugins\/woocommerce-multiple-email-recipients\/\" target=\"_blank\" rel=\"noopener noreferrer\">Eklenti Sayfas\u0131<\/a><\/td>\n<\/tr>\n<tr class=\"row-15 odd\">\n\t<td class=\"column-1\">WooCommerce Private Store<\/td><td class=\"column-2\">1.8.2<\/td><td class=\"column-3\"><a class=\"download-link\" title=\"\u0130ndir &ldquo;WooCommerce Private Store&rdquo;&nbsp;Versiyon 1.8.2\" href=\"https:\/\/wpdepo.com\/tr\/\/download\/15523\/\" rel=\"nofollow\">\n\t\u0130ndir<\/a><\/td><td class=\"column-4\">2 Ocak 2026<\/td><td class=\"column-5\"><a href=\"https:\/\/barn2.co.uk\/wordpress-plugins\/woocommerce-private-store\/\" target=\"_blank\" rel=\"noopener noreferrer\">Eklenti Sayfas\u0131<\/a><\/td>\n<\/tr>\n<tr class=\"row-16 even\">\n\t<td class=\"column-1\">WooCommerce Product Filters<\/td><td class=\"column-2\">2.0.9<\/td><td class=\"column-3\"><a class=\"download-link\" title=\"\u0130ndir &ldquo;WooCommerce Product Filters&rdquo;&nbsp;Versiyon 2.0.9\" href=\"https:\/\/wpdepo.com\/tr\/\/download\/72215\/\" rel=\"nofollow\">\n\t\u0130ndir<\/a><\/td><td class=\"column-4\">31 Mart 2026<\/td><td class=\"column-5\"><a href=\"https:\/\/barn2.com\/wordpress-plugins\/woocommerce-product-filters\/\" target=\"_blank\" rel=\"noopener noreferrer\">Eklenti Sayfas\u0131<\/a><\/td>\n<\/tr>\n<tr class=\"row-17 odd\">\n\t<td class=\"column-1\">WooCommerce Product Options<\/td><td class=\"column-2\">2.6.2<\/td><td class=\"column-3\"><a class=\"download-link\" title=\"\u0130ndir &ldquo;WooCommerce Product Options&rdquo;&nbsp;Versiyon 2.6.2\" href=\"https:\/\/wpdepo.com\/tr\/\/download\/72017\/\" rel=\"nofollow\">\n\t\u0130ndir<\/a><\/td><td class=\"column-4\">26 Ocak 2026<\/td><td class=\"column-5\"><a href=\"https:\/\/barn2.com\/wordpress-plugins\/woocommerce-product-options\/\" target=\"_blank\" rel=\"noopener noreferrer\">Eklenti Sayfas\u0131<\/a><\/td>\n<\/tr>\n<tr class=\"row-18 even\">\n\t<td class=\"column-1\">WooCommerce Product Sample<\/td><td class=\"column-2\">1.0.16<\/td><td class=\"column-3\"><a class=\"download-link\" title=\"\u0130ndir &ldquo;WooCommerce Product Sample&rdquo;&nbsp;Versiyon 1.0.16\" href=\"https:\/\/wpdepo.com\/tr\/\/download\/72020\/\" rel=\"nofollow\">\n\t\u0130ndir<\/a><\/td><td class=\"column-4\">20 Mart 2024<\/td><td class=\"column-5\"><a href=\"https:\/\/barn2.com\/wordpress-plugins\/woocommerce-product-sample\/\" target=\"_blank\" rel=\"noopener noreferrer\">Eklenti Sayfas\u0131<\/a><\/td>\n<\/tr>\n<tr class=\"row-19 odd\">\n\t<td class=\"column-1\">WooCommerce Product Table<\/td><td class=\"column-2\">4.3.7<\/td><td class=\"column-3\"><a class=\"download-link\" title=\"\u0130ndir &ldquo;WooCommerce Product Table&rdquo;&nbsp;Versiyon 4.3.7\" href=\"https:\/\/wpdepo.com\/tr\/\/download\/12654\/\" rel=\"nofollow\">\n\t\u0130ndir<\/a><\/td><td class=\"column-4\">31 Mart 2026<\/td><td class=\"column-5\"><a href=\"https:\/\/barn2.co.uk\/wordpress-plugins\/woocommerce-product-table\/\" target=\"_blank\" rel=\"noopener noreferrer\">Eklenti Sayfas\u0131<\/a><\/td>\n<\/tr>\n<tr class=\"row-20 even\">\n\t<td class=\"column-1\">WooCommerce Product Tabs Pro<\/td><td class=\"column-2\">2.1.6<\/td><td class=\"column-3\"><a class=\"download-link\" title=\"\u0130ndir &ldquo;WooCommerce Product Tabs Pro&rdquo;&nbsp;Versiyon 2.1.6\" href=\"https:\/\/wpdepo.com\/tr\/\/download\/81452\/\" rel=\"nofollow\">\n\t\u0130ndir<\/a><\/td><td class=\"column-4\">10 \u015eubat 2026<\/td><td class=\"column-5\"><a href=\"https:\/\/barn2.com\/wordpress-plugins\/woocommerce-product-tabs\/\" target=\"_blank\" rel=\"noopener noreferrer\">Eklenti Sayfas\u0131<\/a><\/td>\n<\/tr>\n<tr class=\"row-21 odd\">\n\t<td class=\"column-1\">WooCommerce Protected Categories<\/td><td class=\"column-2\">2.8.1<\/td><td class=\"column-3\"><a class=\"download-link\" title=\"\u0130ndir &ldquo;WooCommerce Protected Categories&rdquo;&nbsp;Versiyon 2.8.1\" href=\"https:\/\/wpdepo.com\/tr\/\/download\/15521\/\" rel=\"nofollow\">\n\t\u0130ndir<\/a><\/td><td class=\"column-4\">31 Mart 2026<\/td><td class=\"column-5\"><a href=\"https:\/\/barn2.co.uk\/wordpress-plugins\/woocommerce-protected-categories\/\" target=\"_blank\" rel=\"noopener noreferrer\">Eklenti Sayfas\u0131<\/a><\/td>\n<\/tr>\n<tr class=\"row-22 even\">\n\t<td class=\"column-1\">WooCommerce Quantity Manager<\/td><td class=\"column-2\">2.4.3<\/td><td class=\"column-3\"><a class=\"download-link\" title=\"\u0130ndir &ldquo;WooCommerce Quantity Manager&rdquo;&nbsp;Versiyon 2.4.3\" href=\"https:\/\/wpdepo.com\/tr\/\/download\/59665\/\" rel=\"nofollow\">\n\t\u0130ndir<\/a><\/td><td class=\"column-4\">30 Eyl\u00fcl 2025<\/td><td class=\"column-5\"><a href=\"https:\/\/barn2.com\/wordpress-plugins\/woocommerce-quantity-manager\/\" target=\"_blank\" rel=\"noopener noreferrer\">Eklenti Sayfas\u0131<\/a><\/td>\n<\/tr>\n<tr class=\"row-23 odd\">\n\t<td class=\"column-1\">WooCommerce Quick View Pro<\/td><td class=\"column-2\">1.7.16<\/td><td class=\"column-3\"><a class=\"download-link\" title=\"\u0130ndir &ldquo;WooCommerce Quick View Pro&rdquo;&nbsp;Versiyon 1.7.16\" href=\"https:\/\/wpdepo.com\/tr\/\/download\/33195\/\" rel=\"nofollow\">\n\t\u0130ndir<\/a><\/td><td class=\"column-4\">31 Mart 2026<\/td><td class=\"column-5\"><a href=\"https:\/\/barn2.co.uk\/wordpress-plugins\/woocommerce-quick-view-pro\/\" target=\"_blank\" rel=\"noopener noreferrer\">Eklenti Sayfas\u0131<\/a><\/td>\n<\/tr>\n<tr class=\"row-24 even\">\n\t<td class=\"column-1\">WooCommerce Restaurant Ordering<\/td><td class=\"column-2\">2.1.12<\/td><td class=\"column-3\"><a class=\"download-link\" title=\"\u0130ndir &ldquo;WooCommerce Restaurant Ordering&rdquo;&nbsp;Versiyon 2.1.12\" href=\"https:\/\/wpdepo.com\/tr\/\/download\/56462\/\" rel=\"nofollow\">\n\t\u0130ndir<\/a><\/td><td class=\"column-4\">10 \u015eubat 2026<\/td><td class=\"column-5\"><a href=\"https:\/\/barn2.co.uk\/wordpress-plugins\/woocommerce-restaurant-ordering\/\" target=\"_blank\" rel=\"noopener noreferrer\">Eklenti Sayfas\u0131<\/a><\/td>\n<\/tr>\n<tr class=\"row-25 odd\">\n\t<td class=\"column-1\">WooCommerce Shipping Calculator<\/td><td class=\"column-2\">1.0.5<\/td><td class=\"column-3\"><a class=\"download-link\" title=\"\u0130ndir &ldquo;WooCommerce Shipping Calculator&rdquo;&nbsp;Versiyon 1.0.5\" href=\"https:\/\/wpdepo.com\/tr\/\/download\/80663\/\" rel=\"nofollow\">\n\t\u0130ndir<\/a><\/td><td class=\"column-4\">20 Mart 2024<\/td><td class=\"column-5\"><a href=\"https:\/\/barn2.com\/wordpress-plugins\/woocommerce-shipping-calculator\/\" target=\"_blank\" rel=\"noopener noreferrer\">Eklenti Sayfas\u0131<\/a><\/td>\n<\/tr>\n<tr class=\"row-26 even\">\n\t<td class=\"column-1\">WooCommerce Variation Prices<\/td><td class=\"column-2\">1.2.3<\/td><td class=\"column-3\"><a class=\"download-link\" title=\"\u0130ndir &ldquo;WooCommerce Variation Prices&rdquo;&nbsp;Versiyon 1.2.3\" href=\"https:\/\/wpdepo.com\/tr\/\/download\/69130\/\" rel=\"nofollow\">\n\t\u0130ndir<\/a><\/td><td class=\"column-4\">20 Mart 2024<\/td><td class=\"column-5\"><a href=\"https:\/\/barn2.com\/wordpress-plugins\/woocommerce-variation-prices\/\" target=\"_blank\" rel=\"noopener noreferrer\">Eklenti Sayfas\u0131<\/a><\/td>\n<\/tr>\n<tr class=\"row-27 odd\">\n\t<td class=\"column-1\">WooCommerce Wholesale Pro<\/td><td class=\"column-2\">2.3.4<\/td><td class=\"column-3\"><a class=\"download-link\" title=\"\u0130ndir &ldquo;WooCommerce Wholesale Pro&rdquo;&nbsp;Versiyon 2.3.4\" href=\"https:\/\/wpdepo.com\/tr\/\/download\/52825\/\" rel=\"nofollow\">\n\t\u0130ndir<\/a><\/td><td class=\"column-4\">30 Eyl\u00fcl 2025<\/td><td class=\"column-5\"><a href=\"https:\/\/barn2.co.uk\/wordpress-plugins\/woocommerce-wholesale-pro\/\" target=\"_blank\" rel=\"noopener noreferrer\">Eklenti Sayfas\u0131<\/a><\/td>\n<\/tr>\n<\/tbody>\n<\/table>\n\r\n\r\n\t\t<\/div>\n\t\t\t\t\t<\/div>\n\n\t\r\n\r\n<\/div>\r\n\r\n\t\t<\/div>\n\n\t\t\n<style>\n#section_153715197 {\n  padding-top: 30px;\n  padding-bottom: 30px;\n}\n<\/style>\n\t<\/section>\n\t","protected":false},"excerpt":{"rendered":"","protected":false},"author":1,"featured_media":0,"parent":0,"menu_order":0,"comment_status":"closed","ping_status":"closed","template":"page-blank.php","meta":{"footnotes":""},"class_list":["post-15531","page","type-page","status-publish","hentry"],"_links":{"self":[{"href":"https:\/\/wpdepo.com\/tr\/wp-json\/wp\/v2\/pages\/15531","targetHints":{"allow":["GET"]}}],"collection":[{"href":"https:\/\/wpdepo.com\/tr\/wp-json\/wp\/v2\/pages"}],"about":[{"href":"https:\/\/wpdepo.com\/tr\/wp-json\/wp\/v2\/types\/page"}],"author":[{"embeddable":true,"href":"https:\/\/wpdepo.com\/tr\/wp-json\/wp\/v2\/users\/1"}],"replies":[{"embeddable":true,"href":"https:\/\/wpdepo.com\/tr\/wp-json\/wp\/v2\/comments?post=15531"}],"version-history":[{"count":0,"href":"https:\/\/wpdepo.com\/tr\/wp-json\/wp\/v2\/pages\/15531\/revisions"}],"wp:attachment":[{"href":"https:\/\/wpdepo.com\/tr\/wp-json\/wp\/v2\/media?parent=15531"}],"curies":[{"name":"wp","href":"https:\/\/api.w.org\/{rel}","templated":true}]}}