{"id":1498,"date":"2017-06-21T17:59:37","date_gmt":"2017-06-21T14:59:37","guid":{"rendered":"https:\/\/wpdepo.com\/?page_id=1498\/"},"modified":"2018-09-03T20:46:58","modified_gmt":"2018-09-03T17:46:58","slug":"yith-temalari","status":"publish","type":"page","link":"https:\/\/wpdepo.com\/tr\/yith-temalari\/","title":{"rendered":"YITH Temalar\u0131"},"content":{"rendered":"\n\t<section class=\"section\" id=\"section_1506754112\">\n\t\t<div class=\"section-bg fill\" >\n\t\t\t\t\t\t\t\t\t\n\t\t\t\n\n\t\t<\/div>\n\n\t\t\n\n\t\t<div class=\"section-content relative\">\n\t\t\t\r\n\r\n<div class=\"row\"  id=\"row-2032920800\">\r\n\r\n\n\t<div id=\"col-1381430671\" class=\"col small-12 large-12\"  >\n\t\t\t\t<div class=\"col-inner text-left\"  >\n\t\t\t\n\t\t\t\r\n\r\n<h2 style=\"text-align: center;\">YITH Temalar\u0131<\/h2>\r\n<p>Bu sayfada \u00e7o\u011funlukla WooCommerce ve ma\u011faza t\u00fcrleri olmak \u00fczere YITH taraf\u0131ndan geli\u015ftirilmi\u015f bir dizi tema yer almaktad\u0131r. Bir sonraki WooCommerce temas\u0131n\u0131 ar\u0131yorsan\u0131z, kontrol etmeye de\u011ferler.<\/p><p>Temalar\u0131n demo g\u00f6r\u00fcn\u00fcmlerini tema sayfas\u0131 ba\u011flant\u0131s\u0131n\u0131 t\u0131klayarak inceleyebilirsiniz.<\/p>\r\n\r\n\t\t<\/div>\n\t\t\t\t\t<\/div>\n\n\t\r\n\r\n<\/div>\r\n\r\n\t\t<\/div>\n\n\t\t\n<style>\n#section_1506754112 {\n  padding-top: 0px;\n  padding-bottom: 0px;\n  background-color: rgb(245, 245, 245);\n}\n<\/style>\n\t<\/section>\n\t\r\n\n\t<section class=\"section\" id=\"section_343825712\">\n\t\t<div class=\"section-bg fill\" >\n\t\t\t\t\t\t\t\t\t\n\t\t\t\n\n\t\t<\/div>\n\n\t\t\n\n\t\t<div class=\"section-content relative\">\n\t\t\t\r\n\r\n<div class=\"row\"  id=\"row-77614269\">\r\n\r\n\n\t<div id=\"col-144424902\" class=\"col small-12 large-12\"  >\n\t\t\t\t<div class=\"col-inner text-left\"  >\n\t\t\t\n\t\t\t\r\n\r\n\n<table id=\"tablepress-15\" class=\"tablepress tablepress-id-15\">\n<thead>\n<tr class=\"row-1 odd\">\n\t<th class=\"column-1\">Tema Ad\u0131<\/th><th class=\"column-2\">Versiyon<\/th><th class=\"column-3\">\u0130ndir<\/th><th class=\"column-4\">G\u00fcncelleme<\/th><th class=\"column-5\">Bilgi<\/th>\n<\/tr>\n<\/thead>\n<tbody class=\"row-hover\">\n<tr class=\"row-2 even\">\n\t<td class=\"column-1\">YITH Boemia - The Best Wordpress E-Commerce Theme<\/td><td class=\"column-2\">1.7.3<\/td><td class=\"column-3\"><a class=\"download-link\" title=\"\u0130ndir &ldquo;YITH Boemia - The Best Wordpress E-Commerce Theme&rdquo;&nbsp;Versiyon 1.7.3\" href=\"https:\/\/wpdepo.com\/tr\/\/download\/1469\/\" rel=\"nofollow\">\n\t\u0130ndir<\/a><\/td><td class=\"column-4\">14 A\u011fustos 2019<\/td><td class=\"column-5\"><a href=\"https:\/\/yithemes.com\/themes\/wordpress\/boemia-the-best-wordpress-ecommerce-theme\/\" target=\"_blank\" rel=\"noopener\">Tema Sayfas\u0131<\/a><\/td>\n<\/tr>\n<tr class=\"row-3 odd\">\n\t<td class=\"column-1\">YITH Celestino - Clean and Creative Portfolio Theme<\/td><td class=\"column-2\">1.7.7<\/td><td class=\"column-3\"><a class=\"download-link\" title=\"\u0130ndir &ldquo;YITH Celestino - Clean and Creative Portfolio Theme&rdquo;&nbsp;Versiyon 1.7.7\" href=\"https:\/\/wpdepo.com\/tr\/\/download\/1471\/\" rel=\"nofollow\">\n\t\u0130ndir<\/a><\/td><td class=\"column-4\">18 Ocak 2017<\/td><td class=\"column-5\"><a href=\"https:\/\/yithemes.com\/themes\/wordpress\/celestino-clean-and-creative-portfolio-theme\/\" target=\"_blank\" rel=\"noopener\">Tema Sayfas\u0131<\/a><\/td>\n<\/tr>\n<tr class=\"row-4 even\">\n\t<td class=\"column-1\">YITH Desire Sexy Shop - An Intriguing WordPress Theme<\/td><td class=\"column-2\">1.2.8<\/td><td class=\"column-3\"><a class=\"download-link\" title=\"\u0130ndir &ldquo;YITH Desire Sexy Shop - An Intriguing WordPress Theme&rdquo;&nbsp;Versiyon 1.2.8\" href=\"https:\/\/wpdepo.com\/tr\/\/download\/1474\/\" rel=\"nofollow\">\n\t\u0130ndir<\/a><\/td><td class=\"column-4\">26 May\u0131s 2020<\/td><td class=\"column-5\"><a href=\"https:\/\/yithemes.com\/themes\/wordpress\/desire-sexy-shop\/\" target=\"_blank\" rel=\"noopener\">Tema Sayfas\u0131<\/a><\/td>\n<\/tr>\n<tr class=\"row-5 odd\">\n\t<td class=\"column-1\">YITH Globe - Hi-Tech WordPress E-Commerce Theme<\/td><td class=\"column-2\">1.3.3<\/td><td class=\"column-3\"><a class=\"download-link\" title=\"\u0130ndir &ldquo;YITH Globe - Hi-Tech WordPress E-Commerce Theme&rdquo;&nbsp;Versiyon 1.3.3\" href=\"https:\/\/wpdepo.com\/tr\/\/download\/1476\/\" rel=\"nofollow\">\n\t\u0130ndir<\/a><\/td><td class=\"column-4\">13 A\u011fustos 2019<\/td><td class=\"column-5\"><a href=\"https:\/\/yithemes.com\/themes\/wordpress\/hi-tech-wordpress-theme\/\" target=\"_blank\" rel=\"noopener\">Tema Sayfas\u0131<\/a><\/td>\n<\/tr>\n<tr class=\"row-6 even\">\n\t<td class=\"column-1\">YITH Iris - Interior Design WordPress Theme<\/td><td class=\"column-2\">1.4.0<\/td><td class=\"column-3\"><a class=\"download-link\" title=\"\u0130ndir &ldquo;YITH Iris - Interior Design WordPress Theme&rdquo;&nbsp;Versiyon 1.4.0\" href=\"https:\/\/wpdepo.com\/tr\/\/download\/1478\/\" rel=\"nofollow\">\n\t\u0130ndir<\/a><\/td><td class=\"column-4\">10 Aral\u0131k 2018<\/td><td class=\"column-5\"><a href=\"https:\/\/yithemes.com\/themes\/wordpress\/iris-free-interior-design-wordpress-theme\/\" target=\"_blank\" rel=\"noopener\">Tema Sayfas\u0131<\/a><\/td>\n<\/tr>\n<tr class=\"row-7 odd\">\n\t<td class=\"column-1\">YITH Kidshop - A Creative Kid's E-Commerce Theme<\/td><td class=\"column-2\">1.5.1<\/td><td class=\"column-3\"><a class=\"download-link\" title=\"\u0130ndir &ldquo;YITH Kidshop - A Creative Kid&#039;s E-Commerce Theme&rdquo;&nbsp;Versiyon 1.5.1\" href=\"https:\/\/wpdepo.com\/tr\/\/download\/1480\/\" rel=\"nofollow\">\n\t\u0130ndir<\/a><\/td><td class=\"column-4\">31 Ekim 2018<\/td><td class=\"column-5\"><a href=\"https:\/\/yithemes.com\/themes\/wordpress\/kidshop-a-creative-kids-ecommerce-theme\/\" target=\"_blank\" rel=\"noopener\">Tema Sayfas\u0131<\/a><\/td>\n<\/tr>\n<tr class=\"row-8 even\">\n\t<td class=\"column-1\">YITH Panarea - Restaurant and Food Wordpress Theme<\/td><td class=\"column-2\">1.4.1<\/td><td class=\"column-3\"><a class=\"download-link\" title=\"\u0130ndir &ldquo;YITH Panarea - Restaurant and Food Wordpress Theme&rdquo;&nbsp;Versiyon 1.4.1\" href=\"https:\/\/wpdepo.com\/tr\/\/download\/1482\/\" rel=\"nofollow\">\n\t\u0130ndir<\/a><\/td><td class=\"column-4\">12 Nisan 2019<\/td><td class=\"column-5\"><a href=\"https:\/\/yithemes.com\/themes\/wordpress\/panarea-restaurant-and-food-wordpress-theme\/\" target=\"_blank\" rel=\"noopener\">Tema Sayfas\u0131<\/a><\/td>\n<\/tr>\n<tr class=\"row-9 odd\">\n\t<td class=\"column-1\">YITH Panthea - Minimal WooCommerce Theme<\/td><td class=\"column-2\">1.7.1<\/td><td class=\"column-3\"><a class=\"download-link\" title=\"\u0130ndir &ldquo;YITH Panthea - Minimal WooCommerce Theme&rdquo;&nbsp;Versiyon 1.7.1\" href=\"https:\/\/wpdepo.com\/tr\/\/download\/1484\/\" rel=\"nofollow\">\n\t\u0130ndir<\/a><\/td><td class=\"column-4\">25 Ekim 2018<\/td><td class=\"column-5\"><a href=\"https:\/\/yithemes.com\/themes\/wordpress\/panthea-multi-purpose-e-commerce-theme\/\" target=\"_blank\" rel=\"noopener\">Tema Sayfas\u0131<\/a><\/td>\n<\/tr>\n<tr class=\"row-10 even\">\n\t<td class=\"column-1\">YITH Petshopper - E-Commerce Theme for Pets Products<\/td><td class=\"column-2\">1.8.0<\/td><td class=\"column-3\"><a class=\"download-link\" title=\"\u0130ndir &ldquo;YITH Petshopper - E-Commerce Theme for Pets Products&rdquo;&nbsp;Versiyon 1.8.0\" href=\"https:\/\/wpdepo.com\/tr\/\/download\/1486\/\" rel=\"nofollow\">\n\t\u0130ndir<\/a><\/td><td class=\"column-4\">9 Ocak 2019<\/td><td class=\"column-5\"><a href=\"https:\/\/yithemes.com\/themes\/wordpress\/petshopper-ecommerce-theme-for-pets-products\/\" target=\"_blank\" rel=\"noopener\">Tema Sayfas\u0131<\/a><\/td>\n<\/tr>\n<tr class=\"row-11 odd\">\n\t<td class=\"column-1\">YITH Remy - Food and Restaurant WordPress Theme<\/td><td class=\"column-2\">1.2.8<\/td><td class=\"column-3\"><a class=\"download-link\" title=\"\u0130ndir &ldquo;YITH Remy - Food and Restaurant WordPress Theme&rdquo;&nbsp;Versiyon 1.2.8\" href=\"https:\/\/wpdepo.com\/tr\/\/download\/1489\/\" rel=\"nofollow\">\n\t\u0130ndir<\/a><\/td><td class=\"column-4\">26 May\u0131s 2020<\/td><td class=\"column-5\"><a href=\"https:\/\/yithemes.com\/themes\/wordpress\/remy\/\" target=\"_blank\" rel=\"noopener\">Tema Sayfas\u0131<\/a><\/td>\n<\/tr>\n<tr class=\"row-12 even\">\n\t<td class=\"column-1\">YITH Santa Cruz - Sell Everything With Love<\/td><td class=\"column-2\">1.5.0<\/td><td class=\"column-3\"><a class=\"download-link\" title=\"\u0130ndir &ldquo;YITH Santa Cruz - Sell Everything With Love&rdquo;&nbsp;Versiyon 1.5.0\" href=\"https:\/\/wpdepo.com\/tr\/\/download\/1491\/\" rel=\"nofollow\">\n\t\u0130ndir<\/a><\/td><td class=\"column-4\">9 Ocak 2019<\/td><td class=\"column-5\"><a href=\"https:\/\/yithemes.com\/themes\/wordpress\/santa-cruz-sell-everything-with-love\/\" target=\"_blank\" rel=\"noopener\">Tema Sayfas\u0131<\/a><\/td>\n<\/tr>\n<tr class=\"row-13 odd\">\n\t<td class=\"column-1\">YITH Socute - Multi-Purpose E-Commerce Theme<\/td><td class=\"column-2\">1.7.2<\/td><td class=\"column-3\"><a class=\"download-link\" title=\"\u0130ndir &ldquo;YITH Socute - Multi-Purpose E-Commerce Theme&rdquo;&nbsp;Versiyon 1.7.2\" href=\"https:\/\/wpdepo.com\/tr\/\/download\/1493\/\" rel=\"nofollow\">\n\t\u0130ndir<\/a><\/td><td class=\"column-4\">13 A\u011fustos 2019<\/td><td class=\"column-5\"><a href=\"https:\/\/yithemes.com\/themes\/wordpress\/socute-multi-purpose-e-commerce-theme\/\" target=\"_blank\" rel=\"noopener\">Tema Sayfas\u0131<\/a><\/td>\n<\/tr>\n<tr class=\"row-14 even\">\n\t<td class=\"column-1\">YITH The Jewelry Shop - A Luxurious and Elegant Theme<\/td><td class=\"column-2\">1.6.1<\/td><td class=\"column-3\"><a class=\"download-link\" title=\"\u0130ndir &ldquo;YITH The Jewelry Shop - A Luxurious and Elegant Theme&rdquo;&nbsp;Versiyon 1.6.1\" href=\"https:\/\/wpdepo.com\/tr\/\/download\/1495\/\" rel=\"nofollow\">\n\t\u0130ndir<\/a><\/td><td class=\"column-4\">15 Nisan 2019<\/td><td class=\"column-5\"><a href=\"https:\/\/yithemes.com\/themes\/wordpress\/the-jewelry-shop\/\" target=\"_blank\" rel=\"noopener\">Tema Sayfas\u0131<\/a><\/td>\n<\/tr>\n<tr class=\"row-15 odd\">\n\t<td class=\"column-1\">YITH The Polygon - WordPress Theme for Video Games<\/td><td class=\"column-2\">1.2.8<\/td><td class=\"column-3\"><a class=\"download-link\" title=\"\u0130ndir &ldquo;YITH The Polygon - WordPress Theme for Video Games&rdquo;&nbsp;Versiyon 1.2.8\" href=\"https:\/\/wpdepo.com\/tr\/\/download\/1504\/\" rel=\"nofollow\">\n\t\u0130ndir<\/a><\/td><td class=\"column-4\">26 May\u0131s 2020<\/td><td class=\"column-5\"><a href=\"https:\/\/yithemes.com\/themes\/wordpress\/the-polygon\/\" target=\"_blank\" rel=\"noopener\">Tema Sayfas\u0131<\/a><\/td>\n<\/tr>\n<\/tbody>\n<\/table>\n\r\n\r\n\t\t<\/div>\n\t\t\t\t\t<\/div>\n\n\t\r\n\r\n<\/div>\r\n\r\n\t\t<\/div>\n\n\t\t\n<style>\n#section_343825712 {\n  padding-top: 30px;\n  padding-bottom: 30px;\n}\n<\/style>\n\t<\/section>\n\t","protected":false},"excerpt":{"rendered":"","protected":false},"author":1,"featured_media":0,"parent":0,"menu_order":0,"comment_status":"closed","ping_status":"closed","template":"page-blank.php","meta":{"footnotes":""},"class_list":["post-1498","page","type-page","status-publish","hentry"],"_links":{"self":[{"href":"https:\/\/wpdepo.com\/tr\/wp-json\/wp\/v2\/pages\/1498","targetHints":{"allow":["GET"]}}],"collection":[{"href":"https:\/\/wpdepo.com\/tr\/wp-json\/wp\/v2\/pages"}],"about":[{"href":"https:\/\/wpdepo.com\/tr\/wp-json\/wp\/v2\/types\/page"}],"author":[{"embeddable":true,"href":"https:\/\/wpdepo.com\/tr\/wp-json\/wp\/v2\/users\/1"}],"replies":[{"embeddable":true,"href":"https:\/\/wpdepo.com\/tr\/wp-json\/wp\/v2\/comments?post=1498"}],"version-history":[{"count":0,"href":"https:\/\/wpdepo.com\/tr\/wp-json\/wp\/v2\/pages\/1498\/revisions"}],"wp:attachment":[{"href":"https:\/\/wpdepo.com\/tr\/wp-json\/wp\/v2\/media?parent=1498"}],"curies":[{"name":"wp","href":"https:\/\/api.w.org\/{rel}","templated":true}]}}