{"id":1451,"date":"2017-06-21T16:40:13","date_gmt":"2017-06-21T13:40:13","guid":{"rendered":"https:\/\/wpdepo.com\/?page_id=1451\/"},"modified":"2018-09-03T20:46:56","modified_gmt":"2018-09-03T17:46:56","slug":"sensei-lms-eklentileri","status":"publish","type":"page","link":"https:\/\/wpdepo.com\/tr\/sensei-lms-eklentileri\/","title":{"rendered":"Sensei LMS Eklentileri"},"content":{"rendered":"\n\t<section class=\"section\" id=\"section_467039090\">\n\t\t<div class=\"section-bg fill\" >\n\t\t\t\t\t\t\t\t\t\n\t\t\t\n\n\t\t<\/div>\n\n\t\t\n\n\t\t<div class=\"section-content relative\">\n\t\t\t\r\n\r\n<div class=\"row\"  id=\"row-29806377\">\r\n\r\n\n\t<div id=\"col-48348212\" class=\"col small-12 large-12\"  >\n\t\t\t\t<div class=\"col-inner text-left\"  >\n\t\t\t\n\t\t\t\r\n\r\n<h2 style=\"text-align: center;\">Sensei LMS<\/h2>\r\n<p>WordPress web sitenizde \u00e7evrimi\u00e7i ders ve \u00f6\u011frenme y\u00f6netim sistemi olu\u015fturmak istiyorsan\u0131z, sitede ders olu\u015fturman\u0131za, s\u0131navlar eklemenize ve daha pek \u00e7ok \u015fey yapman\u0131za yard\u0131mc\u0131 olabilecek iki eklentimiz bulunmaktad\u0131r.<\/p>\r\n<p>WooCommerce ekibi taraf\u0131ndan geli\u015ftirilen <a href=\"https:\/\/woocommerce.com\/products\/sensei\/\" target=\"_blank\" rel=\"noopener\">Sensei<\/a> eklentisi bunlardan biridir, di\u011feri ise <a href=\"https:\/\/wpdepo.com\/learndash-lms-eklentileri\/\">LearnDash<\/a> eklentisidir. Her ikisi de iyi olmakla birlikte en iyisine siz karar verin.<\/p><p>Sensei WordPress LMS deneyimini tamamlayacak \u00fccretsiz eklentileri <a href=\"https:\/\/woocommerce.com\/product-category\/sensei-extensions\/\" target=\"_blank\" rel=\"noopener\">bu sayfadan<\/a> indirebilirsiniz.<\/p>\r\n\r\n\t\t<\/div>\n\t\t\t\t\t<\/div>\n\n\t\r\n\r\n<\/div>\r\n\r\n\t\t<\/div>\n\n\t\t\n<style>\n#section_467039090 {\n  padding-top: 0px;\n  padding-bottom: 0px;\n  background-color: rgb(245, 245, 245);\n}\n<\/style>\n\t<\/section>\n\t\r\n\n\t<section class=\"section\" id=\"section_2134861928\">\n\t\t<div class=\"section-bg fill\" >\n\t\t\t\t\t\t\t\t\t\n\t\t\t\n\n\t\t<\/div>\n\n\t\t\n\n\t\t<div class=\"section-content relative\">\n\t\t\t\r\n\r\n<div class=\"row\"  id=\"row-314471500\">\r\n\r\n\n\t<div id=\"col-1878152204\" class=\"col small-12 large-12\"  >\n\t\t\t\t<div class=\"col-inner text-left\"  >\n\t\t\t\n\t\t\t\r\n\r\n\n<table id=\"tablepress-14\" class=\"tablepress tablepress-id-14\">\n<thead>\n<tr class=\"row-1 odd\">\n\t<th class=\"column-1\">Eklenti Ad\u0131<\/th><th class=\"column-2\">Versiyon<\/th><th class=\"column-3\">\u0130ndir<\/th><th class=\"column-4\">G\u00fcncelleme<\/th><th class=\"column-5\">Bilgi<\/th>\n<\/tr>\n<\/thead>\n<tbody class=\"row-hover\">\n<tr class=\"row-2 even\">\n\t<td class=\"column-1\">Sensei LMS with WooCommerce Paid Courses<\/td><td class=\"column-2\">4.25.1.1.24.5<\/td><td class=\"column-3\"><a class=\"download-link\" title=\"\u0130ndir &ldquo;Sensei LMS with WooCommerce Paid Courses&rdquo;&nbsp;Versiyon 4.25.1.1.24.5\" href=\"https:\/\/wpdepo.com\/tr\/\/download\/1443\/\" rel=\"nofollow\">\n\t\u0130ndir<\/a><\/td><td class=\"column-4\">22 Aral\u0131k 2025<\/td><td class=\"column-5\"><a href=\"https:\/\/woocommerce.com\/products\/sensei\/\" target=\"_blank\" rel=\"noopener\">Eklenti Sayfas\u0131<\/a><\/td>\n<\/tr>\n<tr class=\"row-3 odd\">\n\t<td class=\"column-1\">Sensei BadgeOS<\/td><td class=\"column-2\">1.0.4<\/td><td class=\"column-3\"><a class=\"download-link\" title=\"\u0130ndir &ldquo;Sensei BadgeOS&rdquo;&nbsp;Versiyon 1.0.4\" href=\"https:\/\/wpdepo.com\/tr\/\/download\/1448\/\" rel=\"nofollow\">\n\t\u0130ndir<\/a><\/td><td class=\"column-4\">21 Ekim 2015<\/td><td class=\"column-5\"><a href=\"https:\/\/woocommerce.com\/products\/sensei-badgeos\/\" target=\"_blank\" rel=\"noopener\">Eklenti Sayfas\u0131<\/a><\/td>\n<\/tr>\n<tr class=\"row-4 even\">\n\t<td class=\"column-1\">Sensei Certificates<\/td><td class=\"column-2\">2.5.4<\/td><td class=\"column-3\"><a class=\"download-link\" title=\"\u0130ndir &ldquo;Sensei Certificates&rdquo;&nbsp;Versiyon 2.5.4\" href=\"https:\/\/wpdepo.com\/tr\/\/download\/2681\/\" rel=\"nofollow\">\n\t\u0130ndir<\/a><\/td><td class=\"column-4\">22 Aral\u0131k 2025<\/td><td class=\"column-5\"><a href=\"https:\/\/woocommerce.com\/products\/sensei-certificates\/\" target=\"_blank\" rel=\"noopener\">Eklenti Sayfas\u0131<\/a><\/td>\n<\/tr>\n<tr class=\"row-5 odd\">\n\t<td class=\"column-1\">Sensei Content Drip<\/td><td class=\"column-2\">2.1.1<\/td><td class=\"column-3\"><a class=\"download-link\" title=\"\u0130ndir &ldquo;Sensei Content Drip&rdquo;&nbsp;Versiyon 2.1.1\" href=\"https:\/\/wpdepo.com\/tr\/\/download\/1446\/\" rel=\"nofollow\">\n\t\u0130ndir<\/a><\/td><td class=\"column-4\">19 Ekim 2021<\/td><td class=\"column-5\"><a href=\"https:\/\/woocommerce.com\/products\/sensei-content-drip\/\" target=\"_blank\" rel=\"noopener\">Eklenti Sayfas\u0131<\/a><\/td>\n<\/tr>\n<tr class=\"row-6 even\">\n\t<td class=\"column-1\">Sensei Course Participants<\/td><td class=\"column-2\">2.0.3<\/td><td class=\"column-3\"><a class=\"download-link\" title=\"\u0130ndir &ldquo;Sensei Course Participants&rdquo;&nbsp;Versiyon 2.0.3\" href=\"https:\/\/wpdepo.com\/tr\/\/download\/2683\/\" rel=\"nofollow\">\n\t\u0130ndir<\/a><\/td><td class=\"column-4\">29 Temmuz 2021<\/td><td class=\"column-5\"><a href=\"https:\/\/woocommerce.com\/products\/sensei-course-participants\/\" target=\"_blank\" rel=\"noopener\">Eklenti Sayfas\u0131<\/a><\/td>\n<\/tr>\n<tr class=\"row-7 odd\">\n\t<td class=\"column-1\">Sensei Course Progress<\/td><td class=\"column-2\">2.0.4<\/td><td class=\"column-3\"><a class=\"download-link\" title=\"\u0130ndir &ldquo;Sensei Course Progress&rdquo;&nbsp;Versiyon 2.0.4\" href=\"https:\/\/wpdepo.com\/tr\/\/download\/2685\/\" rel=\"nofollow\">\n\t\u0130ndir<\/a><\/td><td class=\"column-4\">19 Ekim 2021<\/td><td class=\"column-5\"><a href=\"https:\/\/woocommerce.com\/products\/sensei-course-progress\/\" target=\"_blank\" rel=\"noopener\">Eklenti Sayfas\u0131<\/a><\/td>\n<\/tr>\n<tr class=\"row-8 even\">\n\t<td class=\"column-1\">Sensei Media Attachments<\/td><td class=\"column-2\">2.0.3<\/td><td class=\"column-3\"><a class=\"download-link\" title=\"\u0130ndir &ldquo;Sensei Media Attachments&rdquo;&nbsp;Versiyon 2.0.3\" href=\"https:\/\/wpdepo.com\/tr\/\/download\/2687\/\" rel=\"nofollow\">\n\t\u0130ndir<\/a><\/td><td class=\"column-4\">19 Kas\u0131m 2020<\/td><td class=\"column-5\"><a href=\"https:\/\/woocommerce.com\/products\/sensei-media-attachments\/\" target=\"_blank\" rel=\"noopener\">Eklenti Sayfas\u0131<\/a><\/td>\n<\/tr>\n<tr class=\"row-9 odd\">\n\t<td class=\"column-1\">Sensei Share Your Grade<\/td><td class=\"column-2\">2.0.2<\/td><td class=\"column-3\"><a class=\"download-link\" title=\"\u0130ndir &ldquo;Sensei Share Your Grade&rdquo;&nbsp;Versiyon 2.0.2\" href=\"https:\/\/wpdepo.com\/tr\/\/download\/2690\/\" rel=\"nofollow\">\n\t\u0130ndir<\/a><\/td><td class=\"column-4\">29 Temmuz 2021<\/td><td class=\"column-5\"><a href=\"https:\/\/woocommerce.com\/products\/sensei-share-your-grade\/\" target=\"_blank\" rel=\"noopener\">Eklenti Sayfas\u0131<\/a><\/td>\n<\/tr>\n<\/tbody>\n<\/table>\n\r\n\r\n\t\t<\/div>\n\t\t\t\t\t<\/div>\n\n\t\r\n\r\n<\/div>\r\n\r\n\t\t<\/div>\n\n\t\t\n<style>\n#section_2134861928 {\n  padding-top: 30px;\n  padding-bottom: 30px;\n}\n<\/style>\n\t<\/section>\n\t","protected":false},"excerpt":{"rendered":"","protected":false},"author":1,"featured_media":0,"parent":0,"menu_order":0,"comment_status":"closed","ping_status":"closed","template":"page-blank.php","meta":{"footnotes":""},"class_list":["post-1451","page","type-page","status-publish","hentry"],"_links":{"self":[{"href":"https:\/\/wpdepo.com\/tr\/wp-json\/wp\/v2\/pages\/1451","targetHints":{"allow":["GET"]}}],"collection":[{"href":"https:\/\/wpdepo.com\/tr\/wp-json\/wp\/v2\/pages"}],"about":[{"href":"https:\/\/wpdepo.com\/tr\/wp-json\/wp\/v2\/types\/page"}],"author":[{"embeddable":true,"href":"https:\/\/wpdepo.com\/tr\/wp-json\/wp\/v2\/users\/1"}],"replies":[{"embeddable":true,"href":"https:\/\/wpdepo.com\/tr\/wp-json\/wp\/v2\/comments?post=1451"}],"version-history":[{"count":0,"href":"https:\/\/wpdepo.com\/tr\/wp-json\/wp\/v2\/pages\/1451\/revisions"}],"wp:attachment":[{"href":"https:\/\/wpdepo.com\/tr\/wp-json\/wp\/v2\/media?parent=1451"}],"curies":[{"name":"wp","href":"https:\/\/api.w.org\/{rel}","templated":true}]}}