{"id":14273,"date":"2018-07-18T17:07:56","date_gmt":"2018-07-18T14:07:56","guid":{"rendered":"https:\/\/wpdepo.com\/?page_id=14273"},"modified":"2025-01-21T15:27:42","modified_gmt":"2025-01-21T15:27:42","slug":"crocoblock-kava-pro","status":"publish","type":"page","link":"https:\/\/wpdepo.com\/tr\/crocoblock-kava-pro\/","title":{"rendered":"CrocoBlock Kava Pro"},"content":{"rendered":"\r\n\n\t<section class=\"section\" id=\"section_553238775\">\n\t\t<div class=\"section-bg fill\" >\n\t\t\t\t\t\t\t\t\t\n\t\t\t\n\n\t\t<\/div>\n\n\t\t\n\n\t\t<div class=\"section-content relative\">\n\t\t\t\r\n\r\n<div class=\"row\"  id=\"row-1026721451\">\r\n\r\n\n\t<div id=\"col-1825700374\" class=\"col small-12 large-12\"  >\n\t\t\t\t<div class=\"col-inner text-left\"  >\n\t\t\t\n\t\t\t\r\n\r\n<h2 style=\"text-align: center;\">Kava Pro<\/h2>\r\n<p>Kava temas\u0131, Elementor ile tamamen uyumlu, kullan\u0131m\u0131 kolay, \u00fccretsiz bir WordPress temas\u0131d\u0131r. Sitenizin g\u00f6r\u00fcn\u00fcm\u00fcn\u00fc \u00f6zelle\u015ftirmenize izin verir. Farkl\u0131 ekran \u00e7\u00f6z\u00fcn\u00fcrl\u00fcklerine uyumludur, her t\u00fcrl\u00fc cihazda g\u00fczel g\u00f6r\u00fcn\u00fcr. Kava temas\u0131, WooCommerce eklentisi ile de gayet iyi \u00e7al\u0131\u015fmakta olup e-ticaret siteleri olu\u015fturman\u0131za olanak verir.<\/p>\r\n<p>Haz\u0131r temalar i\u00e7in geli\u015ftiriciden lisans sat\u0131n alman\u0131z gerekmektedir.<\/p>\r\n\r\n\t\t<\/div>\n\t\t\t\t\t<\/div>\n\n\t\r\n\r\n<\/div>\r\n\r\n\t\t<\/div>\n\n\t\t\n<style>\n#section_553238775 {\n  padding-top: 0px;\n  padding-bottom: 0px;\n  background-color: rgb(245, 245, 245);\n}\n<\/style>\n\t<\/section>\n\t\r\n\n\t<section class=\"section\" id=\"section_837440283\">\n\t\t<div class=\"section-bg fill\" >\n\t\t\t\t\t\t\t\t\t\n\t\t\t\n\n\t\t<\/div>\n\n\t\t\n\n\t\t<div class=\"section-content relative\">\n\t\t\t\r\n\r\n<div class=\"row\"  id=\"row-388025456\">\r\n\r\n\n\t<div id=\"col-649447342\" class=\"col small-12 large-12\"  >\n\t\t\t\t<div class=\"col-inner text-left\"  >\n\t\t\t\n\t\t\t\r\n\r\n\n<table id=\"tablepress-78\" class=\"tablepress tablepress-id-78\">\n<thead>\n<tr class=\"row-1 odd\">\n\t<th class=\"column-1\">Tema Ad\u0131<\/th><th class=\"column-2\">Versiyon<\/th><th class=\"column-3\">\u0130ndir<\/th><th class=\"column-4\">G\u00fcncelleme<\/th><th class=\"column-5\">Bilgi<\/th>\n<\/tr>\n<\/thead>\n<tbody class=\"row-hover\">\n<tr class=\"row-2 even\">\n\t<td class=\"column-1\">Kava Theme<\/td><td class=\"column-2\">2.1.4<\/td><td class=\"column-3\"><a class=\"download-link\" title=\"\u0130ndir &ldquo;Kava Theme&rdquo;&nbsp;Versiyon 2.1.4\" href=\"https:\/\/wpdepo.com\/tr\/\/download\/14262\/\" rel=\"nofollow\">\n\t\u0130ndir<\/a><\/td><td class=\"column-4\">23 A\u011fustos 2021<\/td><td class=\"column-5\"><a href=\"https:\/\/crocoblock.com\/kava-pro\/\" target=\"_blank\" rel=\"noopener\">Tema Sayfas\u0131<\/a><\/td>\n<\/tr>\n<tr class=\"row-3 odd\">\n\t<td class=\"column-1\">Kava Child Theme<\/td><td class=\"column-2\">1.0.1<\/td><td class=\"column-3\"><a class=\"download-link\" title=\"\u0130ndir &ldquo;Kava Child Theme&rdquo;&nbsp;Versiyon 1.0.1\" href=\"https:\/\/wpdepo.com\/tr\/\/download\/14264\/\" rel=\"nofollow\">\n\t\u0130ndir<\/a><\/td><td class=\"column-4\">10 Eyl\u00fcl 2018<\/td><td class=\"column-5\"><a href=\"https:\/\/crocoblock.com\/kava-pro\/\" target=\"_blank\" rel=\"noopener\">Tema Sayfas\u0131<\/a><\/td>\n<\/tr>\n<\/tbody>\n<\/table>\n\r\n\r\n\t\t<\/div>\n\t\t\t\t\t<\/div>\n\n\t\r\n\r\n<\/div>\r\n\r\n\t\t<\/div>\n\n\t\t\n<style>\n#section_837440283 {\n  padding-top: 30px;\n  padding-bottom: 30px;\n}\n<\/style>\n\t<\/section>\n\t\r\n\r\n","protected":false},"excerpt":{"rendered":"","protected":false},"author":1,"featured_media":0,"parent":0,"menu_order":0,"comment_status":"closed","ping_status":"closed","template":"page-blank.php","meta":{"footnotes":""},"class_list":["post-14273","page","type-page","status-publish","hentry"],"_links":{"self":[{"href":"https:\/\/wpdepo.com\/tr\/wp-json\/wp\/v2\/pages\/14273","targetHints":{"allow":["GET"]}}],"collection":[{"href":"https:\/\/wpdepo.com\/tr\/wp-json\/wp\/v2\/pages"}],"about":[{"href":"https:\/\/wpdepo.com\/tr\/wp-json\/wp\/v2\/types\/page"}],"author":[{"embeddable":true,"href":"https:\/\/wpdepo.com\/tr\/wp-json\/wp\/v2\/users\/1"}],"replies":[{"embeddable":true,"href":"https:\/\/wpdepo.com\/tr\/wp-json\/wp\/v2\/comments?post=14273"}],"version-history":[{"count":0,"href":"https:\/\/wpdepo.com\/tr\/wp-json\/wp\/v2\/pages\/14273\/revisions"}],"wp:attachment":[{"href":"https:\/\/wpdepo.com\/tr\/wp-json\/wp\/v2\/media?parent=14273"}],"curies":[{"name":"wp","href":"https:\/\/api.w.org\/{rel}","templated":true}]}}