{"id":1349,"date":"2017-06-19T15:19:44","date_gmt":"2017-06-19T12:19:44","guid":{"rendered":"https:\/\/wpdepo.com\/?page_id=1349\/"},"modified":"2018-09-03T20:46:19","modified_gmt":"2018-09-03T17:46:19","slug":"download-monitor-eklentileri","status":"publish","type":"page","link":"https:\/\/wpdepo.com\/tr\/download-monitor-eklentileri\/","title":{"rendered":"Download Monitor Eklentileri"},"content":{"rendered":"\n\t<section class=\"section\" id=\"section_1966971395\">\n\t\t<div class=\"section-bg fill\" >\n\t\t\t\t\t\t\t\t\t\n\t\t\t\n\n\t\t<\/div>\n\n\t\t\n\n\t\t<div class=\"section-content relative\">\n\t\t\t\r\n\r\n<div class=\"row\"  id=\"row-525653458\">\r\n\r\n\n\t<div id=\"col-794933007\" class=\"col small-12 large-12\"  >\n\t\t\t\t<div class=\"col-inner text-left\"  >\n\t\t\t\n\t\t\t\r\n\r\n<h2 style=\"text-align: center;\">Download Monitor<\/h2>\r\n<p>Never5 taraf\u0131ndan geli\u015ftirilen Download Monitor, indirilebilir dosyalar\u0131 y\u00fcklemek ve y\u00f6netmek, yaz\u0131lara indirme ba\u011flant\u0131lar\u0131 eklemek ve indirilen dosyalar\u0131 kay\u0131t alt\u0131na almak i\u00e7in sezgisel kullan\u0131c\u0131 arabirimi sunan bir WordPress eklentisidir.<\/p>\r\n<p>Download Monitor temel eklentisi \u00fccretsizdir ve <a href=\"https:\/\/wordpress.org\/plugins\/download-monitor\/\" target=\"_blank\" rel=\"noopener\">WordPress deposundan<\/a> indirilebilir. WP Depo olarak Download Monitor eklentisinin i\u015flevselli\u011fini bir \u00fcst seviyeye ta\u015f\u0131yacak premium eklentileri sunuyoruz.<\/p>\r\n\r\n\t\t<\/div>\n\t\t\t\t\t<\/div>\n\n\t\r\n\r\n<\/div>\r\n\r\n\t\t<\/div>\n\n\t\t\n<style>\n#section_1966971395 {\n  padding-top: 0px;\n  padding-bottom: 0px;\n  background-color: rgb(245, 245, 245);\n}\n<\/style>\n\t<\/section>\n\t\r\n\n\t<section class=\"section\" id=\"section_976805181\">\n\t\t<div class=\"section-bg fill\" >\n\t\t\t\t\t\t\t\t\t\n\t\t\t\n\n\t\t<\/div>\n\n\t\t\n\n\t\t<div class=\"section-content relative\">\n\t\t\t\r\n\r\n<div class=\"row\"  id=\"row-1266583860\">\r\n\r\n\n\t<div id=\"col-980920272\" class=\"col small-12 large-12\"  >\n\t\t\t\t<div class=\"col-inner text-left\"  >\n\t\t\t\n\t\t\t\r\n\r\n\n<table id=\"tablepress-11\" class=\"tablepress tablepress-id-11\">\n<thead>\n<tr class=\"row-1 odd\">\n\t<th class=\"column-1\">Eklenti Ad\u0131<\/th><th class=\"column-2\">Versiyon<\/th><th class=\"column-3\">\u0130ndir<\/th><th class=\"column-4\">G\u00fcncelleme<\/th><th class=\"column-5\">Bilgi<\/th>\n<\/tr>\n<\/thead>\n<tbody class=\"row-hover\">\n<tr class=\"row-2 even\">\n\t<td class=\"column-1\">Download Monitor<\/td><td class=\"column-2\">5.1.12<\/td><td class=\"column-3\"><a class=\"download-link\" title=\"\u0130ndir &ldquo;Download Monitor&rdquo;&nbsp;Versiyon 5.1.12\" href=\"https:\/\/wpdepo.com\/tr\/\/download\/83628\/\" rel=\"nofollow\">\n\t\u0130ndir<\/a><\/td><td class=\"column-4\">31 Mart 2026<\/td><td class=\"column-5\"><a href=\"https:\/\/www.download-monitor.com\/\" target=\"_blank\" rel=\"noopener\">Eklenti Sayfas\u0131<\/a><\/td>\n<\/tr>\n<tr class=\"row-3 odd\">\n\t<td class=\"column-1\">Download Monitor Advanced Access Manager<\/td><td class=\"column-2\">4.3.3<\/td><td class=\"column-3\"><a class=\"download-link\" title=\"\u0130ndir &ldquo;Download Monitor Advanced Access Manager&rdquo;&nbsp;Versiyon 4.3.3\" href=\"https:\/\/wpdepo.com\/tr\/\/download\/1317\/\" rel=\"nofollow\">\n\t\u0130ndir<\/a><\/td><td class=\"column-4\">2 Eyl\u00fcl 2025<\/td><td class=\"column-5\"><a href=\"https:\/\/www.download-monitor.com\/extensions\/advanced-access-manager\/\" target=\"_blank\" rel=\"noopener\">Eklenti Sayfas\u0131<\/a><\/td>\n<\/tr>\n<tr class=\"row-4 even\">\n\t<td class=\"column-1\">Download Monitor Amazon S3<\/td><td class=\"column-2\">4.1.1<\/td><td class=\"column-3\"><a class=\"download-link\" title=\"\u0130ndir &ldquo;Download Monitor Amazon S3&rdquo;&nbsp;Versiyon 4.1.1\" href=\"https:\/\/wpdepo.com\/tr\/\/download\/1320\/\" rel=\"nofollow\">\n\t\u0130ndir<\/a><\/td><td class=\"column-4\">2 Eyl\u00fcl 2025<\/td><td class=\"column-5\"><a href=\"https:\/\/www.download-monitor.com\/extensions\/amazon-s3\/\" target=\"_blank\" rel=\"noopener\">Eklenti Sayfas\u0131<\/a><\/td>\n<\/tr>\n<tr class=\"row-5 odd\">\n\t<td class=\"column-1\">Download Monitor Buttons<\/td><td class=\"column-2\">4.2.2<\/td><td class=\"column-3\"><a class=\"download-link\" title=\"\u0130ndir &ldquo;Download Monitor Buttons&rdquo;&nbsp;Versiyon 4.2.2\" href=\"https:\/\/wpdepo.com\/tr\/\/download\/19249\/\" rel=\"nofollow\">\n\t\u0130ndir<\/a><\/td><td class=\"column-4\">2 Eyl\u00fcl 2025<\/td><td class=\"column-5\"><a href=\"https:\/\/www.download-monitor.com\/extensions\/buttons\/\" target=\"_blank\" rel=\"noopener\">Eklenti Sayfas\u0131<\/a><\/td>\n<\/tr>\n<tr class=\"row-6 even\">\n\t<td class=\"column-1\">Download Monitor Captcha<\/td><td class=\"column-2\">5.0.3<\/td><td class=\"column-3\"><a class=\"download-link\" title=\"\u0130ndir &ldquo;Download Monitor Captcha&rdquo;&nbsp;Versiyon 5.0.3\" href=\"https:\/\/wpdepo.com\/tr\/\/download\/2479\/\" rel=\"nofollow\">\n\t\u0130ndir<\/a><\/td><td class=\"column-4\">1 \u015eubat 2026<\/td><td class=\"column-5\"><a href=\"https:\/\/www.download-monitor.com\/extensions\/captcha\/\" target=\"_blank\" rel=\"noopener\">Eklenti Sayfas\u0131<\/a><\/td>\n<\/tr>\n<tr class=\"row-7 odd\">\n\t<td class=\"column-1\">Download Monitor Contact Form 7<\/td><td class=\"column-2\">1.0.3<\/td><td class=\"column-3\"><a class=\"download-link\" title=\"\u0130ndir &ldquo;Download Monitor Contact Form 7&rdquo;&nbsp;Versiyon 1.0.3\" href=\"https:\/\/wpdepo.com\/tr\/\/download\/97797\/\" rel=\"nofollow\">\n\t\u0130ndir<\/a><\/td><td class=\"column-4\">2 Eyl\u00fcl 2025<\/td><td class=\"column-5\"><a href=\"https:\/\/download-monitor.com\/kb\/contact-form-7\/\" target=\"_blank\" rel=\"noopener\">Eklenti Sayfas\u0131<\/a><\/td>\n<\/tr>\n<tr class=\"row-8 even\">\n\t<td class=\"column-1\">Download Monitor CSV Exporter<\/td><td class=\"column-2\">4.1.1<\/td><td class=\"column-3\"><a class=\"download-link\" title=\"\u0130ndir &ldquo;Download Monitor CSV Exporter&rdquo;&nbsp;Versiyon 4.1.1\" href=\"https:\/\/wpdepo.com\/tr\/\/download\/1322\/\" rel=\"nofollow\">\n\t\u0130ndir<\/a><\/td><td class=\"column-4\">2 Eyl\u00fcl 2025<\/td><td class=\"column-5\"><a href=\"https:\/\/www.download-monitor.com\/extensions\/csv-exporter\/\" target=\"_blank\" rel=\"noopener\">Eklenti Sayfas\u0131<\/a><\/td>\n<\/tr>\n<tr class=\"row-9 odd\">\n\t<td class=\"column-1\">Download Monitor CSV Importer<\/td><td class=\"column-2\">4.2.1<\/td><td class=\"column-3\"><a class=\"download-link\" title=\"\u0130ndir &ldquo;Download Monitor CSV Importer&rdquo;&nbsp;Versiyon 4.2.1\" href=\"https:\/\/wpdepo.com\/tr\/\/download\/1324\/\" rel=\"nofollow\">\n\t\u0130ndir<\/a><\/td><td class=\"column-4\">9 \u015eubat 2026<\/td><td class=\"column-5\"><a href=\"https:\/\/www.download-monitor.com\/extensions\/csv-importer\/\" target=\"_blank\" rel=\"noopener\">Eklenti Sayfas\u0131<\/a><\/td>\n<\/tr>\n<tr class=\"row-10 even\">\n\t<td class=\"column-1\">Download Monitor Download Duplicator<\/td><td class=\"column-2\">4.0.1<\/td><td class=\"column-3\"><a class=\"download-link\" title=\"\u0130ndir &ldquo;Download Monitor Download Duplicator&rdquo;&nbsp;Versiyon 4.0.1\" href=\"https:\/\/wpdepo.com\/tr\/\/download\/1326\/\" rel=\"nofollow\">\n\t\u0130ndir<\/a><\/td><td class=\"column-4\">11 \u015eubat 2019<\/td><td class=\"column-5\"><a href=\"https:\/\/www.download-monitor.com\/extensions\/download-duplicator\/\" target=\"_blank\" rel=\"noopener\">Eklenti Sayfas\u0131<\/a><\/td>\n<\/tr>\n<tr class=\"row-11 odd\">\n\t<td class=\"column-1\">Download Monitor Downloading Page<\/td><td class=\"column-2\">4.1.3<\/td><td class=\"column-3\"><a class=\"download-link\" title=\"\u0130ndir &ldquo;Download Monitor Downloading Page&rdquo;&nbsp;Versiyon 4.1.3\" href=\"https:\/\/wpdepo.com\/tr\/\/download\/1328\/\" rel=\"nofollow\">\n\t\u0130ndir<\/a><\/td><td class=\"column-4\">2 Eyl\u00fcl 2025<\/td><td class=\"column-5\"><a href=\"https:\/\/www.download-monitor.com\/extensions\/downloading-page\/\" target=\"_blank\" rel=\"noopener\">Eklenti Sayfas\u0131<\/a><\/td>\n<\/tr>\n<tr class=\"row-12 even\">\n\t<td class=\"column-1\">Download Monitor Email Lock<\/td><td class=\"column-2\">5.0.5<\/td><td class=\"column-3\"><a class=\"download-link\" title=\"\u0130ndir &ldquo;Download Monitor Email Lock&rdquo;&nbsp;Versiyon 5.0.5\" href=\"https:\/\/wpdepo.com\/tr\/\/download\/1331\/\" rel=\"nofollow\">\n\t\u0130ndir<\/a><\/td><td class=\"column-4\">16 Kas\u0131m 2025<\/td><td class=\"column-5\"><a href=\"https:\/\/www.download-monitor.com\/extensions\/email-lock\/\" target=\"_blank\" rel=\"noopener\">Eklenti Sayfas\u0131<\/a><\/td>\n<\/tr>\n<tr class=\"row-13 odd\">\n\t<td class=\"column-1\">Download Monitor Email Notification<\/td><td class=\"column-2\">4.2.2<\/td><td class=\"column-3\"><a class=\"download-link\" title=\"\u0130ndir &ldquo;Download Monitor Email Notification&rdquo;&nbsp;Versiyon 4.2.2\" href=\"https:\/\/wpdepo.com\/tr\/\/download\/1333\/\" rel=\"nofollow\">\n\t\u0130ndir<\/a><\/td><td class=\"column-4\">2 Eyl\u00fcl 2025<\/td><td class=\"column-5\"><a href=\"https:\/\/www.download-monitor.com\/extensions\/email-notification\/\" target=\"_blank\" rel=\"noopener\">Eklenti Sayfas\u0131<\/a><\/td>\n<\/tr>\n<tr class=\"row-14 even\">\n\t<td class=\"column-1\">Download Monitor Enhanced Metrics<\/td><td class=\"column-2\">2.1.1<\/td><td class=\"column-3\"><a class=\"download-link\" title=\"\u0130ndir &ldquo;Download Monitor Enhanced Metrics&rdquo;&nbsp;Versiyon 2.1.1\" href=\"https:\/\/wpdepo.com\/tr\/\/download\/71909\/\" rel=\"nofollow\">\n\t\u0130ndir<\/a><\/td><td class=\"column-4\">16 Kas\u0131m 2025<\/td><td class=\"column-5\"><a href=\"https:\/\/www.download-monitor.com\/\" target=\"_blank\" rel=\"noopener\">Eklenti Sayfas\u0131<\/a><\/td>\n<\/tr>\n<tr class=\"row-15 odd\">\n\t<td class=\"column-1\">Download Monitor Google Drive<\/td><td class=\"column-2\">4.1.1<\/td><td class=\"column-3\"><a class=\"download-link\" title=\"\u0130ndir &ldquo;Download Monitor Google Drive&rdquo;&nbsp;Versiyon 4.1.1\" href=\"https:\/\/wpdepo.com\/tr\/\/download\/1335\/\" rel=\"nofollow\">\n\t\u0130ndir<\/a><\/td><td class=\"column-4\">2 Eyl\u00fcl 2025<\/td><td class=\"column-5\"><a href=\"https:\/\/www.download-monitor.com\/extensions\/google-drive\/\" target=\"_blank\" rel=\"noopener\">Eklenti Sayfas\u0131<\/a><\/td>\n<\/tr>\n<tr class=\"row-16 even\">\n\t<td class=\"column-1\">Download Monitor Gravity Forms Lock<\/td><td class=\"column-2\">5.0.2<\/td><td class=\"column-3\"><a class=\"download-link\" title=\"\u0130ndir &ldquo;Download Monitor Gravity Forms Lock&rdquo;&nbsp;Versiyon 5.0.2\" href=\"https:\/\/wpdepo.com\/tr\/\/download\/1337\/\" rel=\"nofollow\">\n\t\u0130ndir<\/a><\/td><td class=\"column-4\">2 Eyl\u00fcl 2025<\/td><td class=\"column-5\"><a href=\"https:\/\/www.download-monitor.com\/extensions\/gravity-forms\/\" target=\"_blank\" rel=\"noopener\">Eklenti Sayfas\u0131<\/a><\/td>\n<\/tr>\n<tr class=\"row-17 odd\">\n\t<td class=\"column-1\">Download Monitor MailChimp Lock<\/td><td class=\"column-2\">5.0.2<\/td><td class=\"column-3\"><a class=\"download-link\" title=\"\u0130ndir &ldquo;Download Monitor MailChimp Lock&rdquo;&nbsp;Versiyon 5.0.2\" href=\"https:\/\/wpdepo.com\/tr\/\/download\/5318\/\" rel=\"nofollow\">\n\t\u0130ndir<\/a><\/td><td class=\"column-4\">2 Eyl\u00fcl 2025<\/td><td class=\"column-5\"><a href=\"https:\/\/www.download-monitor.com\/extensions\/mailchimp-lock\/\" target=\"_blank\" rel=\"noopener\">Eklenti Sayfas\u0131<\/a><\/td>\n<\/tr>\n<tr class=\"row-18 even\">\n\t<td class=\"column-1\">Download Monitor Ninja Forms Lock<\/td><td class=\"column-2\">5.0.1<\/td><td class=\"column-3\"><a class=\"download-link\" title=\"\u0130ndir &ldquo;Download Monitor Ninja Forms Lock&rdquo;&nbsp;Versiyon 5.0.1\" href=\"https:\/\/wpdepo.com\/tr\/\/download\/1339\/\" rel=\"nofollow\">\n\t\u0130ndir<\/a><\/td><td class=\"column-4\">2 Eyl\u00fcl 2025<\/td><td class=\"column-5\"><a href=\"https:\/\/www.download-monitor.com\/extensions\/ninja-forms\/\" target=\"_blank\" rel=\"noopener\">Eklenti Sayfas\u0131<\/a><\/td>\n<\/tr>\n<tr class=\"row-19 odd\">\n\t<td class=\"column-1\">Download Monitor Page Addon<\/td><td class=\"column-2\">4.5.2<\/td><td class=\"column-3\"><a class=\"download-link\" title=\"\u0130ndir &ldquo;Download Monitor Page Addon&rdquo;&nbsp;Versiyon 4.5.2\" href=\"https:\/\/wpdepo.com\/tr\/\/download\/1342\/\" rel=\"nofollow\">\n\t\u0130ndir<\/a><\/td><td class=\"column-4\">31 Mart 2026<\/td><td class=\"column-5\"><a href=\"https:\/\/www.download-monitor.com\/extensions\/page-addon\/\" target=\"_blank\" rel=\"noopener\">Eklenti Sayfas\u0131<\/a><\/td>\n<\/tr>\n<tr class=\"row-20 even\">\n\t<td class=\"column-1\">Download Monitor Pro<\/td><td class=\"column-2\">1.0.4<\/td><td class=\"column-3\"><a class=\"download-link\" title=\"\u0130ndir &ldquo;Download Monitor Pro&rdquo;&nbsp;Versiyon 1.0.4\" href=\"https:\/\/wpdepo.com\/tr\/\/download\/98055\/\" rel=\"nofollow\">\n\t\u0130ndir<\/a><\/td><td class=\"column-4\">2 Nisan 2026<\/td><td class=\"column-5\"><a href=\"https:\/\/download-monitor.com\/\" target=\"_blank\" rel=\"noopener\">Eklenti Sayfas\u0131<\/a><\/td>\n<\/tr>\n<tr class=\"row-21 odd\">\n\t<td class=\"column-1\">Download Monitor Terms & Conditions<\/td><td class=\"column-2\">4.1.2<\/td><td class=\"column-3\"><a class=\"download-link\" title=\"\u0130ndir &ldquo;Download Monitor Terms &amp; Conditions&rdquo;&nbsp;Versiyon 4.1.2\" href=\"https:\/\/wpdepo.com\/tr\/\/download\/1344\/\" rel=\"nofollow\">\n\t\u0130ndir<\/a><\/td><td class=\"column-4\">27 Ekim 2023<\/td><td class=\"column-5\"><a href=\"https:\/\/www.download-monitor.com\/extensions\/terms-conditions\/\" target=\"_blank\" rel=\"noopener\">Eklenti Sayfas\u0131<\/a><\/td>\n<\/tr>\n<tr class=\"row-22 even\">\n\t<td class=\"column-1\">Download Monitor Twitter Lock<\/td><td class=\"column-2\">4.1.4<\/td><td class=\"column-3\"><a class=\"download-link\" title=\"\u0130ndir &ldquo;Download Monitor Twitter Lock&rdquo;&nbsp;Versiyon 4.1.4\" href=\"https:\/\/wpdepo.com\/tr\/\/download\/1346\/\" rel=\"nofollow\">\n\t\u0130ndir<\/a><\/td><td class=\"column-4\">9 Temmuz 2023<\/td><td class=\"column-5\"><a href=\"https:\/\/www.download-monitor.com\/extensions\/twitter-lock\/\" target=\"_blank\" rel=\"noopener\">Eklenti Sayfas\u0131<\/a><\/td>\n<\/tr>\n<tr class=\"row-23 odd\">\n\t<td class=\"column-1\">Download Monitor WPForms Lock<\/td><td class=\"column-2\">1.0.2<\/td><td class=\"column-3\"><a class=\"download-link\" title=\"\u0130ndir &ldquo;Download Monitor WPForms Lock&rdquo;&nbsp;Versiyon 1.0.2\" href=\"https:\/\/wpdepo.com\/tr\/\/download\/97799\/\" rel=\"nofollow\">\n\t\u0130ndir<\/a><\/td><td class=\"column-4\">29 Temmuz 2025<\/td><td class=\"column-5\"><a href=\"https:\/\/download-monitor.com\/kb\/wpforms-integration\/\" target=\"_blank\" rel=\"noopener\">Eklenti Sayfas\u0131<\/a><\/td>\n<\/tr>\n<\/tbody>\n<\/table>\n\r\n\r\n\t\t<\/div>\n\t\t\t\t\t<\/div>\n\n\t\r\n\r\n<\/div>\r\n\r\n\t\t<\/div>\n\n\t\t\n<style>\n#section_976805181 {\n  padding-top: 30px;\n  padding-bottom: 30px;\n}\n<\/style>\n\t<\/section>\n\t","protected":false},"excerpt":{"rendered":"","protected":false},"author":1,"featured_media":0,"parent":0,"menu_order":0,"comment_status":"closed","ping_status":"closed","template":"page-blank.php","meta":{"footnotes":""},"class_list":["post-1349","page","type-page","status-publish","hentry"],"_links":{"self":[{"href":"https:\/\/wpdepo.com\/tr\/wp-json\/wp\/v2\/pages\/1349","targetHints":{"allow":["GET"]}}],"collection":[{"href":"https:\/\/wpdepo.com\/tr\/wp-json\/wp\/v2\/pages"}],"about":[{"href":"https:\/\/wpdepo.com\/tr\/wp-json\/wp\/v2\/types\/page"}],"author":[{"embeddable":true,"href":"https:\/\/wpdepo.com\/tr\/wp-json\/wp\/v2\/users\/1"}],"replies":[{"embeddable":true,"href":"https:\/\/wpdepo.com\/tr\/wp-json\/wp\/v2\/comments?post=1349"}],"version-history":[{"count":0,"href":"https:\/\/wpdepo.com\/tr\/wp-json\/wp\/v2\/pages\/1349\/revisions"}],"wp:attachment":[{"href":"https:\/\/wpdepo.com\/tr\/wp-json\/wp\/v2\/media?parent=1349"}],"curies":[{"name":"wp","href":"https:\/\/api.w.org\/{rel}","templated":true}]}}