{"id":13449,"date":"2018-06-24T16:31:36","date_gmt":"2018-06-24T13:31:36","guid":{"rendered":"https:\/\/wpdepo.com\/?page_id=13449"},"modified":"2018-09-03T20:46:20","modified_gmt":"2018-09-03T17:46:20","slug":"forgravity-eklentileri","status":"publish","type":"page","link":"https:\/\/wpdepo.com\/tr\/forgravity-eklentileri\/","title":{"rendered":"ForGravity Eklentileri"},"content":{"rendered":"\n\t<section class=\"section\" id=\"section_1121212490\">\n\t\t<div class=\"section-bg fill\" >\n\t\t\t\t\t\t\t\t\t\n\t\t\t\n\n\t\t<\/div>\n\n\t\t\n\n\t\t<div class=\"section-content relative\">\n\t\t\t\r\n\r\n<div class=\"row\"  id=\"row-1124892756\">\r\n\r\n\n\t<div id=\"col-380785480\" class=\"col small-12 large-12\"  >\n\t\t\t\t<div class=\"col-inner text-left\"  >\n\t\t\t\n\t\t\t\r\n\r\n<h2 style=\"text-align: center;\">ForGravity<\/h2>\r\n<p>ForGravity, Gravity Forms deneyiminizi geli\u015ftirecek bir dizi eklenti geli\u015ftirmektedir. Geli\u015ftirici ve eklentileri hakk\u0131nda bilgi sahibi olmak i\u00e7in <a href=\"https:\/\/forgravity.com\/\" rel=\"noopener\" target=\"_blank\">ForGravity<\/a> internet sitesini ziyaret edebilirsiniz.<\/p>\r\n\r\n\t\t<\/div>\n\t\t\t\t\t<\/div>\n\n\t\r\n\r\n<\/div>\r\n\r\n\t\t<\/div>\n\n\t\t\n<style>\n#section_1121212490 {\n  padding-top: 0px;\n  padding-bottom: 0px;\n  background-color: rgb(245, 245, 245);\n}\n<\/style>\n\t<\/section>\n\t\r\n\n\t<section class=\"section\" id=\"section_1234602730\">\n\t\t<div class=\"section-bg fill\" >\n\t\t\t\t\t\t\t\t\t\n\t\t\t\n\n\t\t<\/div>\n\n\t\t\n\n\t\t<div class=\"section-content relative\">\n\t\t\t\r\n\r\n<div class=\"row\"  id=\"row-365798602\">\r\n\r\n\n\t<div id=\"col-2098598831\" class=\"col small-12 large-12\"  >\n\t\t\t\t<div class=\"col-inner text-left\"  >\n\t\t\t\n\t\t\t\r\n\r\n\n<table id=\"tablepress-77\" class=\"tablepress tablepress-id-77\">\n<thead>\n<tr class=\"row-1 odd\">\n\t<th class=\"column-1\">Eklenti Ad\u0131<\/th><th class=\"column-2\">Versiyon<\/th><th class=\"column-3\">\u0130ndir<\/th><th class=\"column-4\">G\u00fcncelleme<\/th><th class=\"column-5\">Bilgi<\/th>\n<\/tr>\n<\/thead>\n<tbody class=\"row-hover\">\n<tr class=\"row-2 even\">\n\t<td class=\"column-1\">ForGravity - Entry Automation for Gravity Forms<\/td><td class=\"column-2\">2.0.4<\/td><td class=\"column-3\"><a class=\"download-link\" title=\"\u0130ndir &ldquo;ForGravity - Entry Automation for Gravity Forms&rdquo;&nbsp;Versiyon 2.0.4\" href=\"https:\/\/wpdepo.com\/tr\/\/download\/13419\/\" rel=\"nofollow\">\n\t\u0130ndir<\/a><\/td><td class=\"column-4\">29 Ekim 2020<\/td><td class=\"column-5\"><a href=\"https:\/\/forgravity.com\/plugins\/entry-automation\/\" target=\"_blank\" rel=\"noopener\">Eklenti Sayfas\u0131<\/a><\/td>\n<\/tr>\n<tr class=\"row-3 odd\">\n\t<td class=\"column-1\">ForGravity - Entry Automation Amazon S3 Extension<\/td><td class=\"column-2\">1.0.1<\/td><td class=\"column-3\"><a class=\"download-link\" title=\"\u0130ndir &ldquo;ForGravity - Entry Automation Amazon S3 Extension&rdquo;&nbsp;Versiyon 1.0.1\" href=\"https:\/\/wpdepo.com\/tr\/\/download\/13421\/\" rel=\"nofollow\">\n\t\u0130ndir<\/a><\/td><td class=\"column-4\">30 Kas\u0131m 2018<\/td><td class=\"column-5\"><a href=\"https:\/\/forgravity.com\/documentation\/entry-automation\/export-files-s3\/\" target=\"_blank\" rel=\"noopener\">Eklenti Sayfas\u0131<\/a><\/td>\n<\/tr>\n<tr class=\"row-4 even\">\n\t<td class=\"column-1\">ForGravity - Entry Automation Dropbox Extension<\/td><td class=\"column-2\">1.0.1<\/td><td class=\"column-3\"><a class=\"download-link\" title=\"\u0130ndir &ldquo;ForGravity - Entry Automation Dropbox Extension&rdquo;&nbsp;Versiyon 1.0.1\" href=\"https:\/\/wpdepo.com\/tr\/\/download\/13423\/\" rel=\"nofollow\">\n\t\u0130ndir<\/a><\/td><td class=\"column-4\">30 Kas\u0131m 2018<\/td><td class=\"column-5\"><a href=\"https:\/\/forgravity.com\/documentation\/entry-automation\/export-files-dropbox\/\" target=\"_blank\" rel=\"noopener\">Eklenti Sayfas\u0131<\/a><\/td>\n<\/tr>\n<tr class=\"row-5 odd\">\n\t<td class=\"column-1\">ForGravity - Entry Automation FTP Extension<\/td><td class=\"column-2\">1.0<\/td><td class=\"column-3\"><a class=\"download-link\" title=\"\u0130ndir &ldquo;ForGravity - Entry Automation FTP Extension&rdquo;&nbsp;Versiyon 1.0\" href=\"https:\/\/wpdepo.com\/tr\/\/download\/13425\/\" rel=\"nofollow\">\n\t\u0130ndir<\/a><\/td><td class=\"column-4\">3 Mart 2018<\/td><td class=\"column-5\"><a href=\"https:\/\/forgravity.com\/documentation\/entry-automation\/export-files-ftp\/\" target=\"_blank\" rel=\"noopener\">Eklenti Sayfas\u0131<\/a><\/td>\n<\/tr>\n<tr class=\"row-6 even\">\n\t<td class=\"column-1\">ForGravity - Easy Passthrough for Gravity Forms<\/td><td class=\"column-2\">1.4.3<\/td><td class=\"column-3\"><a class=\"download-link\" title=\"\u0130ndir &ldquo;ForGravity - Easy Passthrough for Gravity Forms&rdquo;&nbsp;Versiyon 1.4.3\" href=\"https:\/\/wpdepo.com\/tr\/\/download\/13427\/\" rel=\"nofollow\">\n\t\u0130ndir<\/a><\/td><td class=\"column-4\">10 May\u0131s 2019<\/td><td class=\"column-5\"><a href=\"https:\/\/forgravity.com\/plugins\/easy-passthrough\/\" target=\"_blank\" rel=\"noopener\">Eklenti Sayfas\u0131<\/a><\/td>\n<\/tr>\n<tr class=\"row-7 odd\">\n\t<td class=\"column-1\">ForGravity - Live Population for Gravity Forms<\/td><td class=\"column-2\">1.4.5<\/td><td class=\"column-3\"><a class=\"download-link\" title=\"\u0130ndir &ldquo;ForGravity - Live Population for Gravity Forms&rdquo;&nbsp;Versiyon 1.4.5\" href=\"https:\/\/wpdepo.com\/tr\/\/download\/13429\/\" rel=\"nofollow\">\n\t\u0130ndir<\/a><\/td><td class=\"column-4\">24 Mart 2019<\/td><td class=\"column-5\"><a href=\"https:\/\/forgravity.com\/plugins\/live-population\/\" target=\"_blank\" rel=\"noopener\">Eklenti Sayfas\u0131<\/a><\/td>\n<\/tr>\n<\/tbody>\n<\/table>\n\r\n\r\n\t\t<\/div>\n\t\t\t\t\t<\/div>\n\n\t\r\n\r\n<\/div>\r\n\r\n\t\t<\/div>\n\n\t\t\n<style>\n#section_1234602730 {\n  padding-top: 30px;\n  padding-bottom: 30px;\n}\n<\/style>\n\t<\/section>\n\t","protected":false},"excerpt":{"rendered":"","protected":false},"author":1,"featured_media":0,"parent":0,"menu_order":0,"comment_status":"closed","ping_status":"closed","template":"page-blank.php","meta":{"footnotes":""},"class_list":["post-13449","page","type-page","status-publish","hentry"],"_links":{"self":[{"href":"https:\/\/wpdepo.com\/tr\/wp-json\/wp\/v2\/pages\/13449","targetHints":{"allow":["GET"]}}],"collection":[{"href":"https:\/\/wpdepo.com\/tr\/wp-json\/wp\/v2\/pages"}],"about":[{"href":"https:\/\/wpdepo.com\/tr\/wp-json\/wp\/v2\/types\/page"}],"author":[{"embeddable":true,"href":"https:\/\/wpdepo.com\/tr\/wp-json\/wp\/v2\/users\/1"}],"replies":[{"embeddable":true,"href":"https:\/\/wpdepo.com\/tr\/wp-json\/wp\/v2\/comments?post=13449"}],"version-history":[{"count":0,"href":"https:\/\/wpdepo.com\/tr\/wp-json\/wp\/v2\/pages\/13449\/revisions"}],"wp:attachment":[{"href":"https:\/\/wpdepo.com\/tr\/wp-json\/wp\/v2\/media?parent=13449"}],"curies":[{"name":"wp","href":"https:\/\/api.w.org\/{rel}","templated":true}]}}