{"id":12801,"date":"2018-06-04T01:11:46","date_gmt":"2018-06-03T22:11:46","guid":{"rendered":"https:\/\/wpdepo.com\/?page_id=12801"},"modified":"2022-12-08T14:52:38","modified_gmt":"2022-12-08T14:52:38","slug":"xlplugins-eklentileri","status":"publish","type":"page","link":"https:\/\/wpdepo.com\/tr\/xlplugins-eklentileri\/","title":{"rendered":"XLPlugins &#038; FunnelKit Eklentileri"},"content":{"rendered":"\n\t<section class=\"section\" id=\"section_1068325739\">\n\t\t<div class=\"section-bg fill\" >\n\t\t\t\t\t\t\t\t\t\n\t\t\t\n\n\t\t<\/div>\n\n\t\t\n\n\t\t<div class=\"section-content relative\">\n\t\t\t\r\n\r\n<div class=\"row\"  id=\"row-1523307351\">\r\n\r\n\n\t<div id=\"col-1680706494\" class=\"col small-12 large-12\"  >\n\t\t\t\t<div class=\"col-inner text-left\"  >\n\t\t\t\n\t\t\t\r\n\r\n<h2 style=\"text-align: center;\">XLPlugins &#038; FunnelKit<\/h2>\r\n<p>XLPlugins, yeni m\u00fc\u015fteri kazan\u0131m\u0131 ve m\u00fc\u015fteri d\u00f6n\u00fc\u015f\u00fcm\u00fc odakl\u0131 WooCommerce eklentileri geli\u015ftirmektedir. Sat\u0131\u015flar\u0131n\u0131z\u0131 artt\u0131rmak i\u00e7in geli\u015ftirilmi\u015f Finale, NextMove ve Sales Triggers eklentilerini depomuzdan indirebilirsiniz. FunnelKit (\u00f6nceki ad\u0131yla WooFunnels) ise yine XL Plugins ekibi taraf\u0131ndan geli\u015ftirilen ve Funnel Builder Pro gibi eklentileri bar\u0131nd\u0131ran yeni bir \u00fcr\u00fcn yelpazesidir.<\/p>\r\n<p>Eklentiler hakk\u0131nda daha fazla bilgi almak i\u00e7in eklenti sayfalar\u0131n\u0131 ziyaret edebilir, dok\u00fcmantasyonu okuyabilirsiniz.<\/p>\r\n\r\n\t\t<\/div>\n\t\t\t\t\t<\/div>\n\n\t\r\n\r\n<\/div>\r\n\r\n\t\t<\/div>\n\n\t\t\n<style>\n#section_1068325739 {\n  padding-top: 0px;\n  padding-bottom: 0px;\n  background-color: rgb(245, 245, 245);\n}\n<\/style>\n\t<\/section>\n\t\r\n\n\t<section class=\"section\" id=\"section_29019558\">\n\t\t<div class=\"section-bg fill\" >\n\t\t\t\t\t\t\t\t\t\n\t\t\t\n\n\t\t<\/div>\n\n\t\t\n\n\t\t<div class=\"section-content relative\">\n\t\t\t\r\n\r\n<div class=\"row\"  id=\"row-783869173\">\r\n\r\n\n\t<div id=\"col-1225621793\" class=\"col small-12 large-12\"  >\n\t\t\t\t<div class=\"col-inner text-left\"  >\n\t\t\t\n\t\t\t\r\n\r\n\n<table id=\"tablepress-75\" class=\"tablepress tablepress-id-75\">\n<thead>\n<tr class=\"row-1 odd\">\n\t<th class=\"column-1\">Eklenti Ad\u0131<\/th><th class=\"column-2\">Versiyon<\/th><th class=\"column-3\">\u0130ndir<\/th><th class=\"column-4\">G\u00fcncelleme<\/th><th class=\"column-5\">Bilgi<\/th>\n<\/tr>\n<\/thead>\n<tbody class=\"row-hover\">\n<tr class=\"row-2 even\">\n\t<td class=\"column-1\">Finale Pro - WooCommerce Sales Countdown Timer & Discount Plugin<\/td><td class=\"column-2\">2.22.1<\/td><td class=\"column-3\"><a class=\"download-link\" title=\"\u0130ndir &ldquo;Finale Pro - WooCommerce Sales Countdown Timer & Discount Plugin&rdquo;&nbsp;Versiyon 2.22.1\" href=\"https:\/\/wpdepo.com\/tr\/\/download\/12792\/\" rel=\"nofollow\">\n\t\u0130ndir<\/a><\/td><td class=\"column-4\">28 Nisan 2025<\/td><td class=\"column-5\"><a href=\"https:\/\/xlplugins.com\/finale-woocommerce-sales-countdown-timer-discount-plugin\/\" target=\"_blank\" rel=\"noopener noreferrer\">Eklenti Sayfas\u0131<\/a><\/td>\n<\/tr>\n<tr class=\"row-3 odd\">\n\t<td class=\"column-1\">Finale WooCommerce Deal Pages<\/td><td class=\"column-2\">1.4.1<\/td><td class=\"column-3\"><a class=\"download-link\" title=\"\u0130ndir &ldquo;Finale WooCommerce Deal Pages&rdquo;&nbsp;Versiyon 1.4.1\" href=\"https:\/\/wpdepo.com\/tr\/\/download\/52753\/\" rel=\"nofollow\">\n\t\u0130ndir<\/a><\/td><td class=\"column-4\">4 Kas\u0131m 2018<\/td><td class=\"column-5\"><a href=\"https:\/\/xlplugins.com\/finale-woocommerce-sales-countdown-timer-discount-plugin\/\" target=\"_blank\" rel=\"noopener noreferrer\">Eklenti Sayfas\u0131<\/a><\/td>\n<\/tr>\n<tr class=\"row-4 even\">\n\t<td class=\"column-1\">FunnelKit Automations Pro<\/td><td class=\"column-2\">3.7.1<\/td><td class=\"column-3\"><a class=\"download-link\" title=\"\u0130ndir &ldquo;FunnelKit Automations Pro&rdquo;&nbsp;Versiyon 3.7.1\" href=\"https:\/\/wpdepo.com\/tr\/\/download\/51752\/\" rel=\"nofollow\">\n\t\u0130ndir<\/a><\/td><td class=\"column-4\">27 \u015eubat 2026<\/td><td class=\"column-5\"><a href=\"https:\/\/funnelkit.com\/wordpress-marketing-automation-autonami\/\" target=\"_blank\" rel=\"noopener noreferrer\">Eklenti Sayfas\u0131<\/a><\/td>\n<\/tr>\n<tr class=\"row-5 odd\">\n\t<td class=\"column-1\">FunnelKit Automations Connectors<\/td><td class=\"column-2\">3.3.2<\/td><td class=\"column-3\"><a class=\"download-link\" title=\"\u0130ndir &ldquo;FunnelKit Automations Connectors&rdquo;&nbsp;Versiyon 3.3.2\" href=\"https:\/\/wpdepo.com\/tr\/\/download\/51754\/\" rel=\"nofollow\">\n\t\u0130ndir<\/a><\/td><td class=\"column-4\">1 Temmuz 2025<\/td><td class=\"column-5\"><a href=\"https:\/\/funnelkit.com\/wordpress-marketing-automation-autonami\/\" target=\"_blank\" rel=\"noopener noreferrer\">Eklenti Sayfas\u0131<\/a><\/td>\n<\/tr>\n<tr class=\"row-6 even\">\n\t<td class=\"column-1\">FunnelKit Funnel Builder Pro<\/td><td class=\"column-2\">3.13.3.3<\/td><td class=\"column-3\"><a class=\"download-link\" title=\"\u0130ndir &ldquo;FunnelKit Funnel Builder Pro&rdquo;&nbsp;Versiyon 3.13.3.3\" href=\"https:\/\/wpdepo.com\/tr\/\/download\/67876\/\" rel=\"nofollow\">\n\t\u0130ndir<\/a><\/td><td class=\"column-4\">13 \u015eubat 2026<\/td><td class=\"column-5\"><a href=\"https:\/\/funnelkit.com\/\" target=\"_blank\" rel=\"noopener noreferrer\">Eklenti Sayfas\u0131<\/a><\/td>\n<\/tr>\n<tr class=\"row-7 odd\">\n\t<td class=\"column-1\">NextMove Pro - WooCommerce Thank You Page<\/td><td class=\"column-2\">1.17.1<\/td><td class=\"column-3\"><a class=\"download-link\" title=\"\u0130ndir &ldquo;NextMove Pro - WooCommerce Thank You Page&rdquo;&nbsp;Versiyon 1.17.1\" href=\"https:\/\/wpdepo.com\/tr\/\/download\/12794\/\" rel=\"nofollow\">\n\t\u0130ndir<\/a><\/td><td class=\"column-4\">20 Mart 2023<\/td><td class=\"column-5\"><a href=\"https:\/\/xlplugins.com\/woocommerce-thank-you-page-nextmove\/\" target=\"_blank\" rel=\"noopener noreferrer\">Eklenti Sayfas\u0131<\/a><\/td>\n<\/tr>\n<tr class=\"row-8 even\">\n\t<td class=\"column-1\">NextMove Pro - Power Pack Addon<\/td><td class=\"column-2\">1.2.0<\/td><td class=\"column-3\"><a class=\"download-link\" title=\"\u0130ndir &ldquo;NextMove Pro - Power Pack Addon&rdquo;&nbsp;Versiyon 1.2.0\" href=\"https:\/\/wpdepo.com\/tr\/\/download\/36885\/\" rel=\"nofollow\">\n\t\u0130ndir<\/a><\/td><td class=\"column-4\">5 Ocak 2019<\/td><td class=\"column-5\"><a href=\"https:\/\/xlplugins.com\/woocommerce-thank-you-page-nextmove\/\" target=\"_blank\" rel=\"noopener noreferrer\">Eklenti Sayfas\u0131<\/a><\/td>\n<\/tr>\n<tr class=\"row-9 odd\">\n\t<td class=\"column-1\">WooFunnels A\/B Experiments<\/td><td class=\"column-2\">1.7.0<\/td><td class=\"column-3\"><a class=\"download-link\" title=\"\u0130ndir &ldquo;WooFunnels A\/B Experiments&rdquo;&nbsp;Versiyon 1.7.0\" href=\"https:\/\/wpdepo.com\/tr\/\/download\/56419\/\" rel=\"nofollow\">\n\t\u0130ndir<\/a><\/td><td class=\"column-4\">13 May\u0131s 2024<\/td><td class=\"column-5\"><a href=\"https:\/\/buildwoofunnels.com\/woocommerce-one-click-upsells-upstroke\/\" target=\"_blank\" rel=\"noopener noreferrer\">Eklenti Sayfas\u0131<\/a><\/td>\n<\/tr>\n<tr class=\"row-10 even\">\n\t<td class=\"column-1\">WooFunnels Aero Checkout<\/td><td class=\"column-2\">3.23.2<\/td><td class=\"column-3\"><a class=\"download-link\" title=\"\u0130ndir &ldquo;WooFunnels Aero Checkout&rdquo;&nbsp;Versiyon 3.23.2\" href=\"https:\/\/wpdepo.com\/tr\/\/download\/23222\/\" rel=\"nofollow\">\n\t\u0130ndir<\/a><\/td><td class=\"column-4\">27 Ocak 2026<\/td><td class=\"column-5\"><a href=\"https:\/\/buildwoofunnels.com\/woocommerce-checkout-pages-aero\/\" target=\"_blank\" rel=\"noopener noreferrer\">Eklenti Sayfas\u0131<\/a><\/td>\n<\/tr>\n<tr class=\"row-11 odd\">\n\t<td class=\"column-1\">WooFunnels Aero Checkout Embed Forms<\/td><td class=\"column-2\">1.5.2<\/td><td class=\"column-3\"><a class=\"download-link\" title=\"\u0130ndir &ldquo;WooFunnels Aero Checkout Embed Forms&rdquo;&nbsp;Versiyon 1.5.2\" href=\"https:\/\/wpdepo.com\/tr\/\/download\/53506\/\" rel=\"nofollow\">\n\t\u0130ndir<\/a><\/td><td class=\"column-4\">1 A\u011fustos 2019<\/td><td class=\"column-5\"><a href=\"https:\/\/buildwoofunnels.com\/woocommerce-checkout-pages-aero\/\" target=\"_blank\" rel=\"noopener noreferrer\">Eklenti Sayfas\u0131<\/a><\/td>\n<\/tr>\n<tr class=\"row-12 even\">\n\t<td class=\"column-1\">WooFunnels CartHopper<\/td><td class=\"column-2\">1.1.0<\/td><td class=\"column-3\"><a class=\"download-link\" title=\"\u0130ndir &ldquo;WooFunnels CartHopper&rdquo;&nbsp;Versiyon 1.1.0\" href=\"https:\/\/wpdepo.com\/tr\/\/download\/45497\/\" rel=\"nofollow\">\n\t\u0130ndir<\/a><\/td><td class=\"column-4\">12 Nisan 2022<\/td><td class=\"column-5\"><a href=\"https:\/\/buildwoofunnels.com\/woocommerce-checkout-pages-aero\/\" target=\"_blank\" rel=\"noopener noreferrer\">Eklenti Sayfas\u0131<\/a><\/td>\n<\/tr>\n<tr class=\"row-13 odd\">\n\t<td class=\"column-1\">WooFunnels Order Bumps<\/td><td class=\"column-2\">1.26.0<\/td><td class=\"column-3\"><a class=\"download-link\" title=\"\u0130ndir &ldquo;WooFunnels Order Bumps&rdquo;&nbsp;Versiyon 1.26.0\" href=\"https:\/\/wpdepo.com\/tr\/\/download\/38887\/\" rel=\"nofollow\">\n\t\u0130ndir<\/a><\/td><td class=\"column-4\">15 Mart 2025<\/td><td class=\"column-5\"><a href=\"https:\/\/buildwoofunnels.com\/woocommerce-checkout-pages-aero\/\" target=\"_blank\" rel=\"noopener noreferrer\">Eklenti Sayfas\u0131<\/a><\/td>\n<\/tr>\n<tr class=\"row-14 even\">\n\t<td class=\"column-1\">WooFunnels UpStroke<\/td><td class=\"column-2\">3.13.0<\/td><td class=\"column-3\"><a class=\"download-link\" title=\"\u0130ndir &ldquo;WooFunnels UpStroke&rdquo;&nbsp;Versiyon 3.13.0\" href=\"https:\/\/wpdepo.com\/tr\/\/download\/51742\/\" rel=\"nofollow\">\n\t\u0130ndir<\/a><\/td><td class=\"column-4\">31 Aral\u0131k 2024<\/td><td class=\"column-5\"><a href=\"https:\/\/buildwoofunnels.com\/woocommerce-one-click-upsells-upstroke\/\" target=\"_blank\" rel=\"noopener noreferrer\">Eklenti Sayfas\u0131<\/a><\/td>\n<\/tr>\n<tr class=\"row-15 odd\">\n\t<td class=\"column-1\">WooFunnels UpStroke PowerPack<\/td><td class=\"column-2\">1.9.4<\/td><td class=\"column-3\"><a class=\"download-link\" title=\"\u0130ndir &ldquo;WooFunnels UpStroke PowerPack&rdquo;&nbsp;Versiyon 1.9.4\" href=\"https:\/\/wpdepo.com\/tr\/\/download\/56416\/\" rel=\"nofollow\">\n\t\u0130ndir<\/a><\/td><td class=\"column-4\">26 A\u011fustos 2024<\/td><td class=\"column-5\"><a href=\"https:\/\/buildwoofunnels.com\/woocommerce-one-click-upsells-upstroke\/\" target=\"_blank\" rel=\"noopener noreferrer\">Eklenti Sayfas\u0131<\/a><\/td>\n<\/tr>\n<tr class=\"row-16 even\">\n\t<td class=\"column-1\">WooFunnels UpStroke - Dynamic Shipping Addon<\/td><td class=\"column-2\">1.6.0<\/td><td class=\"column-3\"><a class=\"download-link\" title=\"\u0130ndir &ldquo;WooFunnels UpStroke - Dynamic Shipping Addon&rdquo;&nbsp;Versiyon 1.6.0\" href=\"https:\/\/wpdepo.com\/tr\/\/download\/51744\/\" rel=\"nofollow\">\n\t\u0130ndir<\/a><\/td><td class=\"column-4\">26 Haziran 2019<\/td><td class=\"column-5\"><a href=\"https:\/\/buildwoofunnels.com\/woocommerce-one-click-upsells-upstroke\/\" target=\"_blank\" rel=\"noopener noreferrer\">Eklenti Sayfas\u0131<\/a><\/td>\n<\/tr>\n<tr class=\"row-17 odd\">\n\t<td class=\"column-1\">WooFunnels UpStroke - Multi Product Offers Addon<\/td><td class=\"column-2\">1.2.0<\/td><td class=\"column-3\"><a class=\"download-link\" title=\"\u0130ndir &ldquo;WooFunnels UpStroke - Multi Product Offers Addon&rdquo;&nbsp;Versiyon 1.2.0\" href=\"https:\/\/wpdepo.com\/tr\/\/download\/51746\/\" rel=\"nofollow\">\n\t\u0130ndir<\/a><\/td><td class=\"column-4\">28 Haziran 2018<\/td><td class=\"column-5\"><a href=\"https:\/\/buildwoofunnels.com\/woocommerce-one-click-upsells-upstroke\/\" target=\"_blank\" rel=\"noopener noreferrer\">Eklenti Sayfas\u0131<\/a><\/td>\n<\/tr>\n<tr class=\"row-18 even\">\n\t<td class=\"column-1\">WooFunnels UpStroke - Subscriptions Addon<\/td><td class=\"column-2\">1.9.0<\/td><td class=\"column-3\"><a class=\"download-link\" title=\"\u0130ndir &ldquo;WooFunnels UpStroke - Subscriptions Addon&rdquo;&nbsp;Versiyon 1.9.0\" href=\"https:\/\/wpdepo.com\/tr\/\/download\/51748\/\" rel=\"nofollow\">\n\t\u0130ndir<\/a><\/td><td class=\"column-4\">20 A\u011fustos 2019<\/td><td class=\"column-5\"><a href=\"https:\/\/buildwoofunnels.com\/woocommerce-one-click-upsells-upstroke\/\" target=\"_blank\" rel=\"noopener noreferrer\">Eklenti Sayfas\u0131<\/a><\/td>\n<\/tr>\n<tr class=\"row-19 odd\">\n\t<td class=\"column-1\">WooFunnels UpStroke - WooCommerce Reports Addon<\/td><td class=\"column-2\">1.5.0<\/td><td class=\"column-3\"><a class=\"download-link\" title=\"\u0130ndir &ldquo;WooFunnels UpStroke - WooCommerce Reports Addon&rdquo;&nbsp;Versiyon 1.5.0\" href=\"https:\/\/wpdepo.com\/tr\/\/download\/51750\/\" rel=\"nofollow\">\n\t\u0130ndir<\/a><\/td><td class=\"column-4\">20 A\u011fustos 2019<\/td><td class=\"column-5\"><a href=\"https:\/\/buildwoofunnels.com\/woocommerce-one-click-upsells-upstroke\/\" target=\"_blank\" rel=\"noopener noreferrer\">Eklenti Sayfas\u0131<\/a><\/td>\n<\/tr>\n<tr class=\"row-20 even\">\n\t<td class=\"column-1\">XL WooCommerce Sales Triggers<\/td><td class=\"column-2\">2.12.0<\/td><td class=\"column-3\"><a class=\"download-link\" title=\"\u0130ndir &ldquo;XL WooCommerce Sales Triggers&rdquo;&nbsp;Versiyon 2.12.0\" href=\"https:\/\/wpdepo.com\/tr\/\/download\/6172\/\" rel=\"nofollow\">\n\t\u0130ndir<\/a><\/td><td class=\"column-4\">4 Ocak 2023<\/td><td class=\"column-5\"><a href=\"https:\/\/xlplugins.com\/woocommerce-sales-triggers\/\" target=\"_blank\" rel=\"noopener noreferrer\">Eklenti Sayfas\u0131<\/a><\/td>\n<\/tr>\n<\/tbody>\n<\/table>\n\r\n\r\n\t\t<\/div>\n\t\t\t\t\t<\/div>\n\n\t\r\n\r\n<\/div>\r\n\r\n\t\t<\/div>\n\n\t\t\n<style>\n#section_29019558 {\n  padding-top: 30px;\n  padding-bottom: 30px;\n}\n<\/style>\n\t<\/section>\n\t","protected":false},"excerpt":{"rendered":"","protected":false},"author":1,"featured_media":0,"parent":0,"menu_order":0,"comment_status":"closed","ping_status":"closed","template":"page-blank.php","meta":{"footnotes":""},"class_list":["post-12801","page","type-page","status-publish","hentry"],"_links":{"self":[{"href":"https:\/\/wpdepo.com\/tr\/wp-json\/wp\/v2\/pages\/12801","targetHints":{"allow":["GET"]}}],"collection":[{"href":"https:\/\/wpdepo.com\/tr\/wp-json\/wp\/v2\/pages"}],"about":[{"href":"https:\/\/wpdepo.com\/tr\/wp-json\/wp\/v2\/types\/page"}],"author":[{"embeddable":true,"href":"https:\/\/wpdepo.com\/tr\/wp-json\/wp\/v2\/users\/1"}],"replies":[{"embeddable":true,"href":"https:\/\/wpdepo.com\/tr\/wp-json\/wp\/v2\/comments?post=12801"}],"version-history":[{"count":0,"href":"https:\/\/wpdepo.com\/tr\/wp-json\/wp\/v2\/pages\/12801\/revisions"}],"wp:attachment":[{"href":"https:\/\/wpdepo.com\/tr\/wp-json\/wp\/v2\/media?parent=12801"}],"curies":[{"name":"wp","href":"https:\/\/api.w.org\/{rel}","templated":true}]}}