{"id":12434,"date":"2018-05-23T16:04:41","date_gmt":"2018-05-23T13:04:41","guid":{"rendered":"https:\/\/wpdepo.com\/?page_id=12434"},"modified":"2019-06-01T14:40:13","modified_gmt":"2019-06-01T14:40:13","slug":"jet-plugins","status":"publish","type":"page","link":"https:\/\/wpdepo.com\/tr\/jet-plugins\/","title":{"rendered":"Jet Plugins For Elementor"},"content":{"rendered":"\n\t<section class=\"section\" id=\"section_1807526536\">\n\t\t<div class=\"section-bg fill\" >\n\t\t\t\t\t\t\t\t\t\n\t\t\t\n\n\t\t<\/div>\n\n\t\t\n\n\t\t<div class=\"section-content relative\">\n\t\t\t\r\n\r\n<div class=\"row\"  id=\"row-798741548\">\r\n\r\n\n\t<div id=\"col-1203065147\" class=\"col small-12 large-12\"  >\n\t\t\t\t<div class=\"col-inner text-left\"  >\n\t\t\t\n\t\t\t\r\n\r\n<h2 style=\"text-align: center;\">Jet Eklentileri<\/h2>\r\n<p>Jet eklentileri, Elementor sayfa olu\u015fturucu i\u00e7in birka\u00e7 t\u0131klamayla neredeyse her \u015feyi olu\u015fturman\u0131za olanak tan\u0131yan eklenti paketidir.<\/p>\r\n<p>Elementor Pro ve di\u011fer eklentilerini indirmek i\u00e7in ise <a href=\"\/elementor-pro-eklentileri\/\">Elementor Pro<\/a> sayfam\u0131z\u0131 ziyaret edebilirsiniz.<\/p>\r\n<p>Not: Jet Plugins OceanWP, Astra ve GeneratePress ile de tamamen uyumludur.<\/p>\r\n\r\n\t\t<\/div>\n\t\t\t\t\t<\/div>\n\n\t\r\n\r\n<\/div>\r\n\r\n\t\t<\/div>\n\n\t\t\n<style>\n#section_1807526536 {\n  padding-top: 0px;\n  padding-bottom: 0px;\n  background-color: rgb(245, 245, 245);\n}\n<\/style>\n\t<\/section>\n\t\r\n\n\t<section class=\"section\" id=\"section_1661645115\">\n\t\t<div class=\"section-bg fill\" >\n\t\t\t\t\t\t\t\t\t\n\t\t\t\n\n\t\t<\/div>\n\n\t\t\n\n\t\t<div class=\"section-content relative\">\n\t\t\t\r\n\r\n<div class=\"row\"  id=\"row-1554010684\">\r\n\r\n\n\t<div id=\"col-1208438388\" class=\"col small-12 large-12\"  >\n\t\t\t\t<div class=\"col-inner text-left\"  >\n\t\t\t\n\t\t\t\r\n\r\n\n<table id=\"tablepress-76\" class=\"tablepress tablepress-id-76\">\n<thead>\n<tr class=\"row-1 odd\">\n\t<th class=\"column-1\">Eklenti Ad\u0131<\/th><th class=\"column-2\">Versiyon<\/th><th class=\"column-3\">\u0130ndir<\/th><th class=\"column-4\">G\u00fcncelleme<\/th><th class=\"column-5\">Bilgi<\/th>\n<\/tr>\n<\/thead>\n<tbody class=\"row-hover\">\n<tr class=\"row-2 even\">\n\t<td class=\"column-1\">JetAppointment For Elementor<\/td><td class=\"column-2\">2.4.1<\/td><td class=\"column-3\"><a class=\"download-link\" title=\"\u0130ndir &ldquo;JetAppointment For Elementor&rdquo;&nbsp;Versiyon 2.4.1\" href=\"https:\/\/wpdepo.com\/tr\/\/download\/44589\/\" rel=\"nofollow\">\n\t\u0130ndir<\/a><\/td><td class=\"column-4\">9 Nisan 2026<\/td><td class=\"column-5\"><a href=\"JetAppointment\" target=\"_blank\" rel=\"noopener noreferrer\">Eklenti Sayfas\u0131<\/a><\/td>\n<\/tr>\n<tr class=\"row-3 odd\">\n\t<td class=\"column-1\">JetBlocks For Elementor<\/td><td class=\"column-2\">1.4.0.1<\/td><td class=\"column-3\"><a class=\"download-link\" title=\"\u0130ndir &ldquo;JetBlocks For Elementor&rdquo;&nbsp;Versiyon 1.4.0.1\" href=\"https:\/\/wpdepo.com\/tr\/\/download\/12426\/\" rel=\"nofollow\">\n\t\u0130ndir<\/a><\/td><td class=\"column-4\">9 Nisan 2026<\/td><td class=\"column-5\"><a href=\"https:\/\/jetblocks.zemez.io\/\" target=\"_blank\" rel=\"noopener noreferrer\">Eklenti Sayfas\u0131<\/a><\/td>\n<\/tr>\n<tr class=\"row-4 even\">\n\t<td class=\"column-1\">JetBlog For Elementor<\/td><td class=\"column-2\">2.4.8<\/td><td class=\"column-3\"><a class=\"download-link\" title=\"\u0130ndir &ldquo;JetBlog For Elementor&rdquo;&nbsp;Versiyon 2.4.8\" href=\"https:\/\/wpdepo.com\/tr\/\/download\/6390\/\" rel=\"nofollow\">\n\t\u0130ndir<\/a><\/td><td class=\"column-4\">7 Ocak 2026<\/td><td class=\"column-5\"><a href=\"https:\/\/jetblog.zemez.io\/\" target=\"_blank\" rel=\"noopener noreferrer\">Eklenti Sayfas\u0131<\/a><\/td>\n<\/tr>\n<tr class=\"row-5 odd\">\n\t<td class=\"column-1\">JetBooking For Elementor<\/td><td class=\"column-2\">4.0.4.1<\/td><td class=\"column-3\"><a class=\"download-link\" title=\"\u0130ndir &ldquo;JetBooking For Elementor&rdquo;&nbsp;Versiyon 4.0.4.1\" href=\"https:\/\/wpdepo.com\/tr\/\/download\/30740\/\" rel=\"nofollow\">\n\t\u0130ndir<\/a><\/td><td class=\"column-4\">9 Nisan 2026<\/td><td class=\"column-5\"><a href=\"https:\/\/crocoblock.com\/plugins\/jetbooking\/\" target=\"_blank\" rel=\"noopener noreferrer\">Eklenti Sayfas\u0131<\/a><\/td>\n<\/tr>\n<tr class=\"row-6 even\">\n\t<td class=\"column-1\">JetCompareWishlist For Elementor<\/td><td class=\"column-2\">1.5.12.3<\/td><td class=\"column-3\"><a class=\"download-link\" title=\"\u0130ndir &ldquo;JetCompareWishlist For Elementor&rdquo;&nbsp;Versiyon 1.5.12.3\" href=\"https:\/\/wpdepo.com\/tr\/\/download\/19229\/\" rel=\"nofollow\">\n\t\u0130ndir<\/a><\/td><td class=\"column-4\">9 Nisan 2026<\/td><td class=\"column-5\"><a href=\"https:\/\/crocoblock.com\/woocommerce\/compare-wishlist\/\" target=\"_blank\" rel=\"noopener noreferrer\">Eklenti Sayfas\u0131<\/a><\/td>\n<\/tr>\n<tr class=\"row-7 odd\">\n\t<td class=\"column-1\">JetElements For Elementor<\/td><td class=\"column-2\">2.8.1.1<\/td><td class=\"column-3\"><a class=\"download-link\" title=\"\u0130ndir &ldquo;JetElements For Elementor&rdquo;&nbsp;Versiyon 2.8.1.1\" href=\"https:\/\/wpdepo.com\/tr\/\/download\/5202\/\" rel=\"nofollow\">\n\t\u0130ndir<\/a><\/td><td class=\"column-4\">3 Nisan 2026<\/td><td class=\"column-5\"><a href=\"https:\/\/jetelements.zemez.io\/\" target=\"_blank\" rel=\"noopener noreferrer\">Eklenti Sayfas\u0131<\/a><\/td>\n<\/tr>\n<tr class=\"row-8 even\">\n\t<td class=\"column-1\">JetElements Dynamic Data Addon<\/td><td class=\"column-2\">1.3.1<\/td><td class=\"column-3\"><a class=\"download-link\" title=\"\u0130ndir &ldquo;JetElements Dynamic Data Addon&rdquo;&nbsp;Versiyon 1.3.1\" href=\"https:\/\/wpdepo.com\/tr\/\/download\/15671\/\" rel=\"nofollow\">\n\t\u0130ndir<\/a><\/td><td class=\"column-4\">5 A\u011fustos 2020<\/td><td class=\"column-5\"><a href=\"https:\/\/jetelements.zemez.io\/\" target=\"_blank\" rel=\"noopener noreferrer\">Eklenti Sayfas\u0131<\/a><\/td>\n<\/tr>\n<tr class=\"row-9 odd\">\n\t<td class=\"column-1\">JetEngine For Elementor<\/td><td class=\"column-2\">3.8.8<\/td><td class=\"column-3\"><a class=\"download-link\" title=\"\u0130ndir &ldquo;JetEngine For Elementor&rdquo;&nbsp;Versiyon 3.8.8\" href=\"https:\/\/wpdepo.com\/tr\/\/download\/14600\/\" rel=\"nofollow\">\n\t\u0130ndir<\/a><\/td><td class=\"column-4\">9 Nisan 2026<\/td><td class=\"column-5\"><a href=\"https:\/\/jetengine.zemez.io\/\" target=\"_blank\" rel=\"noopener noreferrer\">Eklenti Sayfas\u0131<\/a><\/td>\n<\/tr>\n<tr class=\"row-10 even\">\n\t<td class=\"column-1\">JetFormBuilder For Elementor<\/td><td class=\"column-2\">3.5.6.3<\/td><td class=\"column-3\"><a class=\"download-link\" title=\"\u0130ndir &ldquo;JetFormBuilder For Elementor&rdquo;&nbsp;Versiyon 3.5.6.3\" href=\"https:\/\/wpdepo.com\/tr\/\/download\/71685\/\" rel=\"nofollow\">\n\t\u0130ndir<\/a><\/td><td class=\"column-4\">3 Nisan 2026<\/td><td class=\"column-5\"><a href=\"https:\/\/jetformbuilder.com\/\" target=\"_blank\" rel=\"noopener noreferrer\">Eklenti Sayfas\u0131<\/a><\/td>\n<\/tr>\n<tr class=\"row-11 odd\">\n\t<td class=\"column-1\">JetGuten for Gutenberg<\/td><td class=\"column-2\">1.1.2<\/td><td class=\"column-3\"><a class=\"download-link\" title=\"\u0130ndir &ldquo;JetGuten for Gutenberg&rdquo;&nbsp;Versiyon 1.1.2\" href=\"https:\/\/wpdepo.com\/tr\/\/download\/15333\/\" rel=\"nofollow\">\n\t\u0130ndir<\/a><\/td><td class=\"column-4\">6 Mart 2019<\/td><td class=\"column-5\"><a href=\"https:\/\/jetguten.zemez.io\/\" target=\"_blank\" rel=\"noopener noreferrer\">Eklenti Sayfas\u0131<\/a><\/td>\n<\/tr>\n<tr class=\"row-12 even\">\n\t<td class=\"column-1\">JetMenu For Elementor<\/td><td class=\"column-2\">2.4.18<\/td><td class=\"column-3\"><a class=\"download-link\" title=\"\u0130ndir &ldquo;JetMenu For Elementor&rdquo;&nbsp;Versiyon 2.4.18\" href=\"https:\/\/wpdepo.com\/tr\/\/download\/5219\/\" rel=\"nofollow\">\n\t\u0130ndir<\/a><\/td><td class=\"column-4\">8 Aral\u0131k 2025<\/td><td class=\"column-5\"><a href=\"https:\/\/jetmenu.zemez.io\/\" target=\"_blank\" rel=\"noopener noreferrer\">Eklenti Sayfas\u0131<\/a><\/td>\n<\/tr>\n<tr class=\"row-13 odd\">\n\t<td class=\"column-1\">JetParallax For Elementor<\/td><td class=\"column-2\">1.0.6<\/td><td class=\"column-3\"><a class=\"download-link\" title=\"\u0130ndir &ldquo;JetParallax For Elementor&rdquo;&nbsp;Versiyon 1.0.6\" href=\"https:\/\/wpdepo.com\/tr\/\/download\/8386\/\" rel=\"nofollow\">\n\t\u0130ndir<\/a><\/td><td class=\"column-4\">18 Mart 2019<\/td><td class=\"column-5\"><a href=\"https:\/\/jetparallax.zemez.io\/\" target=\"_blank\" rel=\"noopener noreferrer\">Eklenti Sayfas\u0131<\/a><\/td>\n<\/tr>\n<tr class=\"row-14 even\">\n\t<td class=\"column-1\">JetPopup For Elementor<\/td><td class=\"column-2\">2.1.0<\/td><td class=\"column-3\"><a class=\"download-link\" title=\"\u0130ndir &ldquo;JetPopup For Elementor&rdquo;&nbsp;Versiyon 2.1.0\" href=\"https:\/\/wpdepo.com\/tr\/\/download\/15224\/\" rel=\"nofollow\">\n\t\u0130ndir<\/a><\/td><td class=\"column-4\">6 Nisan 2026<\/td><td class=\"column-5\"><a href=\"https:\/\/jetpopup.zemez.io\/\" target=\"_blank\" rel=\"noopener noreferrer\">Eklenti Sayfas\u0131<\/a><\/td>\n<\/tr>\n<tr class=\"row-15 odd\">\n\t<td class=\"column-1\">JetProductGallery For Elementor<\/td><td class=\"column-2\">2.2.6<\/td><td class=\"column-3\"><a class=\"download-link\" title=\"\u0130ndir &ldquo;JetProductGallery For Elementor&rdquo;&nbsp;Versiyon 2.2.6\" href=\"https:\/\/wpdepo.com\/tr\/\/download\/17430\/\" rel=\"nofollow\">\n\t\u0130ndir<\/a><\/td><td class=\"column-4\">3 Nisan 2026<\/td><td class=\"column-5\"><a href=\"https:\/\/jetproductgallery.zemez.io\/\" target=\"_blank\" rel=\"noopener noreferrer\">Eklenti Sayfas\u0131<\/a><\/td>\n<\/tr>\n<tr class=\"row-16 even\">\n\t<td class=\"column-1\">JetProductTables For Elementor<\/td><td class=\"column-2\">1.2.3<\/td><td class=\"column-3\"><a class=\"download-link\" title=\"\u0130ndir &ldquo;JetProductTables For Elementor&rdquo;&nbsp;Versiyon 1.2.3\" href=\"https:\/\/wpdepo.com\/tr\/\/download\/87505\/\" rel=\"nofollow\">\n\t\u0130ndir<\/a><\/td><td class=\"column-4\">2 Aral\u0131k 2025<\/td><td class=\"column-5\"><a href=\"https:\/\/crocoblock.com\/plugins\/jetproducttables\/\" target=\"_blank\" rel=\"noopener noreferrer\">Eklenti Sayfas\u0131<\/a><\/td>\n<\/tr>\n<tr class=\"row-17 odd\">\n\t<td class=\"column-1\">JetReviews For Elementor<\/td><td class=\"column-2\">3.0.0.1<\/td><td class=\"column-3\"><a class=\"download-link\" title=\"\u0130ndir &ldquo;JetReviews For Elementor&rdquo;&nbsp;Versiyon 3.0.0.1\" href=\"https:\/\/wpdepo.com\/tr\/\/download\/7015\/\" rel=\"nofollow\">\n\t\u0130ndir<\/a><\/td><td class=\"column-4\">11 Temmuz 2025<\/td><td class=\"column-5\"><a href=\"https:\/\/jetreviews.zemez.io\/\" target=\"_blank\" rel=\"noopener noreferrer\">Eklenti Sayfas\u0131<\/a><\/td>\n<\/tr>\n<tr class=\"row-18 even\">\n\t<td class=\"column-1\">JetSearch For Elementor<\/td><td class=\"column-2\">3.5.16.1<\/td><td class=\"column-3\"><a class=\"download-link\" title=\"\u0130ndir &ldquo;JetSearch For Elementor&rdquo;&nbsp;Versiyon 3.5.16.1\" href=\"https:\/\/wpdepo.com\/tr\/\/download\/18791\/\" rel=\"nofollow\">\n\t\u0130ndir<\/a><\/td><td class=\"column-4\">16 Aral\u0131k 2025<\/td><td class=\"column-5\"><a href=\"https:\/\/jetsearch.zemez.io\/\" target=\"_blank\" rel=\"noopener noreferrer\">Eklenti Sayfas\u0131<\/a><\/td>\n<\/tr>\n<tr class=\"row-19 odd\">\n\t<td class=\"column-1\">JetSmartFilters For Elementor<\/td><td class=\"column-2\">3.7.5<\/td><td class=\"column-3\"><a class=\"download-link\" title=\"\u0130ndir &ldquo;JetSmartFilters For Elementor&rdquo;&nbsp;Versiyon 3.7.5\" href=\"https:\/\/wpdepo.com\/tr\/\/download\/16269\/\" rel=\"nofollow\">\n\t\u0130ndir<\/a><\/td><td class=\"column-4\">3 Nisan 2026<\/td><td class=\"column-5\"><a href=\"https:\/\/jetsmartfilters.zemez.io\/\" target=\"_blank\" rel=\"noopener noreferrer\">Eklenti Sayfas\u0131<\/a><\/td>\n<\/tr>\n<tr class=\"row-20 even\">\n\t<td class=\"column-1\">JetStyleManager For Elementor<\/td><td class=\"column-2\">1.3.8<\/td><td class=\"column-3\"><a class=\"download-link\" title=\"\u0130ndir &ldquo;JetStyleManager For Elementor&rdquo;&nbsp;Versiyon 1.3.8\" href=\"https:\/\/wpdepo.com\/tr\/\/download\/55466\/\" rel=\"nofollow\">\n\t\u0130ndir<\/a><\/td><td class=\"column-4\">21 A\u011fustos 2024<\/td><td class=\"column-5\"><a href=\"https:\/\/crocoblock.com\/plugins\/jetstylemanager\/\" target=\"_blank\" rel=\"noopener noreferrer\">Eklenti Sayfas\u0131<\/a><\/td>\n<\/tr>\n<tr class=\"row-21 odd\">\n\t<td class=\"column-1\">JetTabs For Elementor<\/td><td class=\"column-2\">2.3.0<\/td><td class=\"column-3\"><a class=\"download-link\" title=\"\u0130ndir &ldquo;JetTabs For Elementor&rdquo;&nbsp;Versiyon 2.3.0\" href=\"https:\/\/wpdepo.com\/tr\/\/download\/7017\/\" rel=\"nofollow\">\n\t\u0130ndir<\/a><\/td><td class=\"column-4\">3 Nisan 2026<\/td><td class=\"column-5\"><a href=\"https:\/\/jettabs.zemez.io\/\" target=\"_blank\" rel=\"noopener noreferrer\">Eklenti Sayfas\u0131<\/a><\/td>\n<\/tr>\n<tr class=\"row-22 even\">\n\t<td class=\"column-1\">JetThemeCore For Elementor<\/td><td class=\"column-2\">2.3.1.1<\/td><td class=\"column-3\"><a class=\"download-link\" title=\"\u0130ndir &ldquo;JetThemeCore For Elementor&rdquo;&nbsp;Versiyon 2.3.1.1\" href=\"https:\/\/wpdepo.com\/tr\/\/download\/14232\/\" rel=\"nofollow\">\n\t\u0130ndir<\/a><\/td><td class=\"column-4\">4 Aral\u0131k 2025<\/td><td class=\"column-5\"><a href=\"https:\/\/crocoblock.com\/jetthemecore\/\" target=\"_blank\" rel=\"noopener noreferrer\">Eklenti Sayfas\u0131<\/a><\/td>\n<\/tr>\n<tr class=\"row-23 odd\">\n\t<td class=\"column-1\">JetThemeCore Compatibility Kit (Astra, OceanWP, GeneratePress)<\/td><td class=\"column-2\">1.1.0<\/td><td class=\"column-3\"><a class=\"download-link\" title=\"\u0130ndir &ldquo;JetThemeCore Compatibility Kit (Astra, OceanWP, GeneratePress)&rdquo;&nbsp;Versiyon 1.1.0\" href=\"https:\/\/wpdepo.com\/tr\/\/download\/14301\/\" rel=\"nofollow\">\n\t\u0130ndir<\/a><\/td><td class=\"column-4\">18 Temmuz 2018<\/td><td class=\"column-5\"><a href=\"https:\/\/crocoblock.com\/jetthemecore\/\" target=\"_blank\" rel=\"noopener noreferrer\">Eklenti Sayfas\u0131<\/a><\/td>\n<\/tr>\n<tr class=\"row-24 even\">\n\t<td class=\"column-1\">JetTricks For Elementor<\/td><td class=\"column-2\">1.5.10<\/td><td class=\"column-3\"><a class=\"download-link\" title=\"\u0130ndir &ldquo;JetTricks For Elementor&rdquo;&nbsp;Versiyon 1.5.10\" href=\"https:\/\/wpdepo.com\/tr\/\/download\/12428\/\" rel=\"nofollow\">\n\t\u0130ndir<\/a><\/td><td class=\"column-4\">10 \u015eubat 2026<\/td><td class=\"column-5\"><a href=\"https:\/\/jettricks.zemez.io\/\" target=\"_blank\" rel=\"noopener noreferrer\">Eklenti Sayfas\u0131<\/a><\/td>\n<\/tr>\n<tr class=\"row-25 odd\">\n\t<td class=\"column-1\">JetWooBuilder For Elementor<\/td><td class=\"column-2\">2.3.2.1<\/td><td class=\"column-3\"><a class=\"download-link\" title=\"\u0130ndir &ldquo;JetWooBuilder For Elementor&rdquo;&nbsp;Versiyon 2.3.2.1\" href=\"https:\/\/wpdepo.com\/tr\/\/download\/12430\/\" rel=\"nofollow\">\n\t\u0130ndir<\/a><\/td><td class=\"column-4\">9 Nisan 2026<\/td><td class=\"column-5\"><a href=\"https:\/\/jetwoobuilder.zemez.io\/\" target=\"_blank\" rel=\"noopener noreferrer\">Eklenti Sayfas\u0131<\/a><\/td>\n<\/tr>\n<\/tbody>\n<\/table>\n\r\n\r\n\t\t<\/div>\n\t\t\t\t\t<\/div>\n\n\t\r\n\r\n<\/div>\r\n\r\n\t\t<\/div>\n\n\t\t\n<style>\n#section_1661645115 {\n  padding-top: 30px;\n  padding-bottom: 30px;\n}\n<\/style>\n\t<\/section>\n\t","protected":false},"excerpt":{"rendered":"","protected":false},"author":1,"featured_media":0,"parent":0,"menu_order":0,"comment_status":"closed","ping_status":"closed","template":"page-blank.php","meta":{"footnotes":""},"class_list":["post-12434","page","type-page","status-publish","hentry"],"_links":{"self":[{"href":"https:\/\/wpdepo.com\/tr\/wp-json\/wp\/v2\/pages\/12434","targetHints":{"allow":["GET"]}}],"collection":[{"href":"https:\/\/wpdepo.com\/tr\/wp-json\/wp\/v2\/pages"}],"about":[{"href":"https:\/\/wpdepo.com\/tr\/wp-json\/wp\/v2\/types\/page"}],"author":[{"embeddable":true,"href":"https:\/\/wpdepo.com\/tr\/wp-json\/wp\/v2\/users\/1"}],"replies":[{"embeddable":true,"href":"https:\/\/wpdepo.com\/tr\/wp-json\/wp\/v2\/comments?post=12434"}],"version-history":[{"count":0,"href":"https:\/\/wpdepo.com\/tr\/wp-json\/wp\/v2\/pages\/12434\/revisions"}],"wp:attachment":[{"href":"https:\/\/wpdepo.com\/tr\/wp-json\/wp\/v2\/media?parent=12434"}],"curies":[{"name":"wp","href":"https:\/\/api.w.org\/{rel}","templated":true}]}}