{"id":1193,"date":"2017-06-14T16:09:27","date_gmt":"2017-06-14T13:09:27","guid":{"rendered":"https:\/\/wpdepo.com\/?page_id=1193\/"},"modified":"2018-09-03T20:46:58","modified_gmt":"2018-09-03T17:46:58","slug":"yoast-seo-eklentileri","status":"publish","type":"page","link":"https:\/\/wpdepo.com\/tr\/yoast-seo-eklentileri\/","title":{"rendered":"Yoast SEO Eklentileri"},"content":{"rendered":"\n\t<section class=\"section\" id=\"section_198217437\">\n\t\t<div class=\"section-bg fill\" >\n\t\t\t\t\t\t\t\t\t\n\t\t\t\n\n\t\t<\/div>\n\n\t\t\n\n\t\t<div class=\"section-content relative\">\n\t\t\t\r\n\r\n<div class=\"row\"  id=\"row-185780619\">\r\n\r\n\n\t<div id=\"col-559611288\" class=\"col small-12 large-12\"  >\n\t\t\t\t<div class=\"col-inner text-left\"  >\n\t\t\t\n\t\t\t\r\n\r\n<h2 style=\"text-align: center;\">Yoast<\/h2>\r\n<p>Yoast ekibi taraf\u0131ndan geli\u015ftirilen SEO koleksiyonu, uzun y\u0131llard\u0131r WordPress ile birlikte ve Yoast SEO eklentisinin \u00fccretsiz s\u00fcr\u00fcm\u00fc <a href=\"https:\/\/tr.wordpress.org\/plugins\/wordpress-seo\/\" target=\"_blank\" rel=\"noopener\">WordPress deposunun<\/a> en \u00e7ok indirilen eklentilerinden biri.<\/p>\r\n<p>Yoast ekibinin geli\u015ftirdi\u011fi premium eklentileri burada sunmaktan mutluyuz. \u0130ster k\u00fc\u00e7\u00fck bir blog, ister b\u00fcy\u00fck bir e-ticaret sitesi sahibi olun, bu eklentilerden en az birini indirip y\u00fcklemek isteyeceksiniz. Yoast SEO Premium eklentisi temel eklentidir ve di\u011ferleri sitenizin stiline veya i\u00e7eri\u011fine ba\u011fl\u0131 olarak \u00fczerine eklenecektir.<\/p>\r\n\r\n\t\t<\/div>\n\t\t\t\t\t<\/div>\n\n\t\r\n\r\n<\/div>\r\n\r\n\t\t<\/div>\n\n\t\t\n<style>\n#section_198217437 {\n  padding-top: 0px;\n  padding-bottom: 0px;\n  background-color: rgb(245, 245, 245);\n}\n<\/style>\n\t<\/section>\n\t\r\n\n\t<section class=\"section\" id=\"section_1827899034\">\n\t\t<div class=\"section-bg fill\" >\n\t\t\t\t\t\t\t\t\t\n\t\t\t\n\n\t\t<\/div>\n\n\t\t\n\n\t\t<div class=\"section-content relative\">\n\t\t\t\r\n\r\n<div class=\"row\"  id=\"row-1266592804\">\r\n\r\n\n\t<div id=\"col-1997967447\" class=\"col small-12 large-12\"  >\n\t\t\t\t<div class=\"col-inner text-left\"  >\n\t\t\t\n\t\t\t\r\n\r\n\n<table id=\"tablepress-10\" class=\"tablepress tablepress-id-10\">\n<thead>\n<tr class=\"row-1 odd\">\n\t<th class=\"column-1\">Eklenti Ad\u0131<\/th><th class=\"column-2\">Versiyon<\/th><th class=\"column-3\">\u0130ndir<\/th><th class=\"column-4\">G\u00fcncelleme<\/th><th class=\"column-5\">Bilgi<\/th>\n<\/tr>\n<\/thead>\n<tbody class=\"row-hover\">\n<tr class=\"row-2 even\">\n\t<td class=\"column-1\">Yoast SEO Premium<\/td><td class=\"column-2\">27.3<\/td><td class=\"column-3\"><a class=\"download-link\" title=\"\u0130ndir &ldquo;Yoast SEO Premium&rdquo;&nbsp;Versiyon 27.3\" href=\"https:\/\/wpdepo.com\/tr\/\/download\/1188\/\" rel=\"nofollow\">\n\t\u0130ndir<\/a><\/td><td class=\"column-4\">31 Mart 2026<\/td><td class=\"column-5\"><a href=\"https:\/\/yoast.com\/wordpress\/plugins\/seo\/\" target=\"_blank\" rel=\"noopener\">Eklenti Sayfas\u0131<\/a><\/td>\n<\/tr>\n<tr class=\"row-3 odd\">\n\t<td class=\"column-1\">Yoast Local SEO Premium<\/td><td class=\"column-2\">15.8<\/td><td class=\"column-3\"><a class=\"download-link\" title=\"\u0130ndir &ldquo;Yoast Local SEO Premium&rdquo;&nbsp;Versiyon 15.8\" href=\"https:\/\/wpdepo.com\/tr\/\/download\/1826\/\" rel=\"nofollow\">\n\t\u0130ndir<\/a><\/td><td class=\"column-4\">31 Mart 2026<\/td><td class=\"column-5\"><a href=\"https:\/\/yoast.com\/wordpress\/plugins\/local-seo\/\" target=\"_blank\" rel=\"noopener\">Eklenti Sayfas\u0131<\/a><\/td>\n<\/tr>\n<tr class=\"row-4 even\">\n\t<td class=\"column-1\">Yoast News SEO Premium<\/td><td class=\"column-2\">13.3<\/td><td class=\"column-3\"><a class=\"download-link\" title=\"\u0130ndir &ldquo;Yoast News SEO Premium&rdquo;&nbsp;Versiyon 13.3\" href=\"https:\/\/wpdepo.com\/tr\/\/download\/1828\/\" rel=\"nofollow\">\n\t\u0130ndir<\/a><\/td><td class=\"column-4\">4 \u015eubat 2025<\/td><td class=\"column-5\"><a href=\"https:\/\/yoast.com\/wordpress\/plugins\/news-seo\/\" target=\"_blank\" rel=\"noopener\">Eklenti Sayfas\u0131<\/a><\/td>\n<\/tr>\n<tr class=\"row-5 odd\">\n\t<td class=\"column-1\">Yoast Video SEO Premium<\/td><td class=\"column-2\">15.1<\/td><td class=\"column-3\"><a class=\"download-link\" title=\"\u0130ndir &ldquo;Yoast Video SEO Premium&rdquo;&nbsp;Versiyon 15.1\" href=\"https:\/\/wpdepo.com\/tr\/\/download\/1830\/\" rel=\"nofollow\">\n\t\u0130ndir<\/a><\/td><td class=\"column-4\">19 Kas\u0131m 2025<\/td><td class=\"column-5\"><a href=\"https:\/\/yoast.com\/wordpress\/plugins\/video-seo\/\" target=\"_blank\" rel=\"noopener\">Eklenti Sayfas\u0131<\/a><\/td>\n<\/tr>\n<tr class=\"row-6 even\">\n\t<td class=\"column-1\">Yoast WooCommerce SEO Premium<\/td><td class=\"column-2\">16.8<\/td><td class=\"column-3\"><a class=\"download-link\" title=\"\u0130ndir &ldquo;Yoast WooCommerce SEO Premium&rdquo;&nbsp;Versiyon 16.8\" href=\"https:\/\/wpdepo.com\/tr\/\/download\/1190\/\" rel=\"nofollow\">\n\t\u0130ndir<\/a><\/td><td class=\"column-4\">31 Mart 2026<\/td><td class=\"column-5\"><a href=\"https:\/\/yoast.com\/wordpress\/plugins\/yoast-woocommerce-seo\/\" target=\"_blank\" rel=\"noopener\">Eklenti Sayfas\u0131<\/a><\/td>\n<\/tr>\n<\/tbody>\n<\/table>\n\r\n\r\n\t\t<\/div>\n\t\t\t\t\t<\/div>\n\n\t\r\n\r\n<\/div>\r\n\r\n\t\t<\/div>\n\n\t\t\n<style>\n#section_1827899034 {\n  padding-top: 30px;\n  padding-bottom: 30px;\n}\n<\/style>\n\t<\/section>\n\t","protected":false},"excerpt":{"rendered":"","protected":false},"author":1,"featured_media":0,"parent":0,"menu_order":0,"comment_status":"closed","ping_status":"closed","template":"page-blank.php","meta":{"footnotes":""},"class_list":["post-1193","page","type-page","status-publish","hentry"],"_links":{"self":[{"href":"https:\/\/wpdepo.com\/tr\/wp-json\/wp\/v2\/pages\/1193","targetHints":{"allow":["GET"]}}],"collection":[{"href":"https:\/\/wpdepo.com\/tr\/wp-json\/wp\/v2\/pages"}],"about":[{"href":"https:\/\/wpdepo.com\/tr\/wp-json\/wp\/v2\/types\/page"}],"author":[{"embeddable":true,"href":"https:\/\/wpdepo.com\/tr\/wp-json\/wp\/v2\/users\/1"}],"replies":[{"embeddable":true,"href":"https:\/\/wpdepo.com\/tr\/wp-json\/wp\/v2\/comments?post=1193"}],"version-history":[{"count":0,"href":"https:\/\/wpdepo.com\/tr\/wp-json\/wp\/v2\/pages\/1193\/revisions"}],"wp:attachment":[{"href":"https:\/\/wpdepo.com\/tr\/wp-json\/wp\/v2\/media?parent=1193"}],"curies":[{"name":"wp","href":"https:\/\/api.w.org\/{rel}","templated":true}]}}