{"id":107,"date":"2017-04-23T20:06:34","date_gmt":"2017-04-23T17:06:34","guid":{"rendered":"https:\/\/wpdepo.com\/?page_id=107"},"modified":"2018-09-03T20:46:20","modified_gmt":"2018-09-03T17:46:20","slug":"gizlilik-ve-guvenlik","status":"publish","type":"page","link":"https:\/\/wpdepo.com\/tr\/gizlilik-ve-guvenlik\/","title":{"rendered":"Gizlilik ve G\u00fcvenlik"},"content":{"rendered":"\n\t<section class=\"section\" id=\"section_1688384557\">\n\t\t<div class=\"section-bg fill\" >\n\t\t\t\t\t\t\t\t\t\n\t\t\t\n\n\t\t<\/div>\n\n\t\t\n\n\t\t<div class=\"section-content relative\">\n\t\t\t\n\n<div class=\"row align-center\"  id=\"row-921960623\">\n\n\n\t<div id=\"col-141348148\" class=\"col medium-10 small-12 large-10\"  >\n\t\t\t\t<div class=\"col-inner text-center\"  >\n\t\t\t\n\t\t\t\n\n<h2>Gizlilik \u0130lkesi ve G\u00fcvenlik Bildirimi<\/h2>\n<p>G\u00fcveninize de\u011fer veriyoruz ve kendimizi korudu\u011fumuz gibi bilgilerinizi koruyoruz.<\/p>\n\n\t\t<\/div>\n\t\t\t\t\t<\/div>\n\n\t\n\n<\/div>\n\n\t\t<\/div>\n\n\t\t\n<style>\n#section_1688384557 {\n  padding-top: 30px;\n  padding-bottom: 30px;\n  background-color: rgb(238, 238, 238);\n}\n<\/style>\n\t<\/section>\n\t\n\n\t<section class=\"section tos\" id=\"section_58561569\">\n\t\t<div class=\"section-bg fill\" >\n\t\t\t\t\t\t\t\t\t\n\t\t\t\n\n\t\t<\/div>\n\n\t\t\n\n\t\t<div class=\"section-content relative\">\n\t\t\t\n\n<div class=\"row\"  id=\"row-121669245\">\n\n\n\t<div id=\"col-1932626984\" class=\"col small-12 large-12\"  >\n\t\t\t\t<div class=\"col-inner\"  >\n\t\t\t\n\t\t\t\n\n<h4>\u00dcyelik Bilgilerinizin Gizlili\u011fi ve G\u00fcvenli\u011fi<\/h4>\n<p>WP Depo&#8217;ya\u00a0\u00fcye olmak ve abonelik ba\u015flatmak i\u00e7in girmi\u015f oldu\u011funuz t\u00fcm bilgiler di\u011fer firma veya ki\u015filerle payla\u015f\u0131lmayacakt\u0131r. WP Depo\u00a0baz\u0131 d\u00f6nemlerde abonelerine ve \u00fcyelerine kampanya bilgileri, yeni geli\u015fmeler\u00a0hakk\u0131nda bilgiler, promosyon bilgileri g\u00f6nderebilir. \u00dcyelerimiz bu gibi bilgileri al\u0131p almama konusunda \u00f6zg\u00fcrd\u00fcr.<\/p>\n<p>\u00dcye olurken verdi\u011finiz t\u00fcm bilgilere sadece siz ula\u015fabilir ve siz de\u011fi\u015ftirebilirsiniz. \u00dcye giri\u015f bilgilerinizi g\u00fcvenli korudu\u011funuz takdirde ba\u015fkalar\u0131n\u0131n sizinle ilgili bilgilere ula\u015fmas\u0131 ve bunlar\u0131 de\u011fi\u015ftirmesi m\u00fcmk\u00fcn de\u011fildir. Bu ama\u00e7la, \u00fcyelik i\u015flemleri s\u0131ras\u0131nda 128 bit SSL g\u00fcvenlik alan\u0131 i\u00e7inde hareket edilir. Bu sistem k\u0131r\u0131lmas\u0131 m\u00fcmk\u00fcn olmayan bir uluslararas\u0131 bir \u015fifreleme standard\u0131d\u0131r.<\/p>\n<h4>Kredi Kart\u0131 G\u00fcvenli\u011fi<\/h4>\n<p>WP Depo, sistemimizi kullanan ve abone olan\u00a0kredi kart\u0131 sahiplerinin g\u00fcvenli\u011fini ilk planda tutmaktad\u0131r. Kredi kart\u0131 bilgileriniz hi\u00e7bir \u015fekilde sistemimizde saklanmamaktad\u0131r. Kredi kart\u0131\u00a0\u00f6deme bilgilerini girdi\u011finizde bu bilgiler \u015fifrelenmi\u015f ba\u011flant\u0131 yoluyla \u00d6deme \u0130\u015flemcimiz olan Stripe&#8217;a iletilmektedir.\u00a0Stripe, \u00f6deme bilgilerinizi <a href=\"https:\/\/stripe.com\/privacy\/\" target=\"_blank\" rel=\"noopener noreferrer\">Stripe&#8217;\u0131n Gizlilik Politikas\u0131<\/a> uyar\u0131nca kullan\u0131r ve i\u015fler.<\/p>\n<p>Abonelik\u00a0s\u00fcrecine girdi\u011finizde g\u00fcvenli bir sitede oldu\u011funuzu anlamak i\u00e7in dikkat etmeniz gereken \u015feylerden biri taray\u0131c\u0131n\u0131z\u0131n adres sat\u0131r\u0131nda bulunan bir anahtar ya da kilit simgesidir. Bu g\u00fcvenli bir internet sayfas\u0131nda oldu\u011funuzu g\u00f6sterir ve her t\u00fcrl\u00fc bilgileriniz \u015fifrelenerek korunur. Bu bilgiler, ancak abonelik\u00a0i\u015flemleri s\u00fcrecine ba\u011fl\u0131 olarak ve verdi\u011finiz talimat istikametinde kullan\u0131l\u0131r. Abonelik s\u0131ras\u0131nda kullan\u0131lan kredi kart\u0131 ile ilgili bilgiler sitemiz\u00a0taraf\u0131ndan 128 bit SSL protokol\u00fc ile \u015fifrelenip sorgulanmak \u00fczere ilgili \u00f6deme \u015firketine\u00a0ula\u015ft\u0131r\u0131l\u0131r. Kart\u0131n kullan\u0131labilirli\u011fi onayland\u0131\u011f\u0131 takdirde i\u015flemlere\u00a0devam edilir. Kartla ilgili hi\u00e7bir bilgi taraf\u0131m\u0131zdan g\u00f6r\u00fcnt\u00fclenemedi\u011finden ve kaydedilmedi\u011finden, \u00fc\u00e7\u00fcnc\u00fc \u015fah\u0131slar\u0131n herhangi bir ko\u015fulda bu bilgileri ele ge\u00e7irmesi engellenmi\u015f olur.<\/p>\n<h4>E-Posta G\u00fcvenli\u011fi<\/h4>\n<p>Sitemiz ileti\u015fim formunu kullanarak bize g\u00f6nderece\u011finiz e-postalarda, asla kredi kart\u0131 numaran\u0131z\u0131 veya \u015fifrelerinizi yazmay\u0131n\u0131z. \u015eirketimiz e-postalar\u0131n\u0131zdan aktar\u0131lan bilgilerin g\u00fcvenli\u011fini hi\u00e7bir ko\u015fulda garanti edemez.<\/p>\n\n\t\t<\/div>\n\t\t\t\t\t<\/div>\n\n\t\n\n<\/div>\n\n\t\t<\/div>\n\n\t\t\n<style>\n#section_58561569 {\n  padding-top: 60px;\n  padding-bottom: 60px;\n}\n<\/style>\n\t<\/section>\n\t","protected":false},"excerpt":{"rendered":"","protected":false},"author":1,"featured_media":0,"parent":0,"menu_order":0,"comment_status":"closed","ping_status":"closed","template":"page-blank.php","meta":{"footnotes":""},"class_list":["post-107","page","type-page","status-publish","hentry"],"_links":{"self":[{"href":"https:\/\/wpdepo.com\/tr\/wp-json\/wp\/v2\/pages\/107","targetHints":{"allow":["GET"]}}],"collection":[{"href":"https:\/\/wpdepo.com\/tr\/wp-json\/wp\/v2\/pages"}],"about":[{"href":"https:\/\/wpdepo.com\/tr\/wp-json\/wp\/v2\/types\/page"}],"author":[{"embeddable":true,"href":"https:\/\/wpdepo.com\/tr\/wp-json\/wp\/v2\/users\/1"}],"replies":[{"embeddable":true,"href":"https:\/\/wpdepo.com\/tr\/wp-json\/wp\/v2\/comments?post=107"}],"version-history":[{"count":0,"href":"https:\/\/wpdepo.com\/tr\/wp-json\/wp\/v2\/pages\/107\/revisions"}],"wp:attachment":[{"href":"https:\/\/wpdepo.com\/tr\/wp-json\/wp\/v2\/media?parent=107"}],"curies":[{"name":"wp","href":"https:\/\/api.w.org\/{rel}","templated":true}]}}